{"id":26361,"date":"2022-04-07T14:15:30","date_gmt":"2022-04-07T12:15:30","guid":{"rendered":"https:\/\/melsbymelissa.com\/cbd-produktfuhrer"},"modified":"2024-04-02T13:28:11","modified_gmt":"2024-04-02T11:28:11","slug":"cbd-produktfuhrer","status":"publish","type":"page","link":"https:\/\/melseurope.com\/de\/cbd-produktfuhrer","title":{"rendered":"CBD-Produktf\u00fchrer"},"content":{"rendered":"<style>.kb-row-layout-id26361_73839d-9d > .kt-row-column-wrap{align-content:start;}:where(.kb-row-layout-id26361_73839d-9d > .kt-row-column-wrap) > .wp-block-kadence-column{justify-content:start;}.kb-row-layout-id26361_73839d-9d > .kt-row-column-wrap{column-gap:var(--global-kb-gap-md, 2rem);row-gap:var(--global-kb-gap-md, 2rem);padding-top:var(--global-kb-spacing-sm, 1.5rem);padding-bottom:var(--global-kb-spacing-sm, 1.5rem);grid-template-columns:minmax(0, calc(60% - ((var(--global-kb-gap-md, 2rem) * 1 )\/2)))minmax(0, calc(40% - ((var(--global-kb-gap-md, 2rem) * 1 )\/2)));}.kb-row-layout-id26361_73839d-9d > .kt-row-layout-overlay{opacity:0.30;}@media all and (max-width: 1024px){.kb-row-layout-id26361_73839d-9d > .kt-row-column-wrap{grid-template-columns:repeat(2, minmax(0, 1fr));}}@media all and (max-width: 767px){.kb-row-layout-id26361_73839d-9d > .kt-row-column-wrap{grid-template-columns:minmax(0, 1fr);}}<\/style><div class=\"kb-row-layout-wrap kb-row-layout-id26361_73839d-9d alignnone wp-block-kadence-rowlayout\"><div class=\"kt-row-column-wrap kt-has-2-columns kt-row-layout-equal kt-tab-layout-inherit kt-mobile-layout-row kt-row-valign-top\">\n<style>.kadence-column26361_3970d2-d0 > .kt-inside-inner-col,.kadence-column26361_3970d2-d0 > .kt-inside-inner-col:before{border-top-left-radius:0px;border-top-right-radius:0px;border-bottom-right-radius:0px;border-bottom-left-radius:0px;}.kadence-column26361_3970d2-d0 > .kt-inside-inner-col{column-gap:var(--global-kb-gap-sm, 1rem);}.kadence-column26361_3970d2-d0 > .kt-inside-inner-col{flex-direction:column;}.kadence-column26361_3970d2-d0 > .kt-inside-inner-col > .aligncenter{width:100%;}.kadence-column26361_3970d2-d0 > .kt-inside-inner-col:before{opacity:0.3;}.kadence-column26361_3970d2-d0{position:relative;}@media all and (max-width: 1024px){.kadence-column26361_3970d2-d0 > .kt-inside-inner-col{flex-direction:column;justify-content:center;}}@media all and (max-width: 767px){.kadence-column26361_3970d2-d0 > .kt-inside-inner-col{flex-direction:column;justify-content:center;}}<\/style>\n<div class=\"wp-block-kadence-column kadence-column26361_3970d2-d0 inner-column-1\"><div class=\"kt-inside-inner-col\">\n<p>Alle unsere \u00d6le sind von hoher Qualit\u00e4t und viele Menschen finden schlie\u00dflich ihren Favoriten. Wenn Sie zum ersten Mal Benutzer sind, empfehlen wir, mit <a href=\"https:\/\/melseurope.com\/de\/produkt-kategorie\/cbd-ol\/cbd-ol-mit-zwei-staemmen\">MELS TWO STRAIN<\/a> oder <a href=\"https:\/\/melseurope.com\/de\/produkt-kategorie\/cbd-ol\/cbd-ol-mit-fuenf-staemmen\">MELS FIVE STRAIN<\/a> zu beginnen. Der Unterschied zwischen diesen ist die Anzahl der Sorten, aus denen das Cannabis\u00f6l gewonnen wird.<\/p>\n\n\n\n<p>Um zu wissen, welcher Prozentsatz f\u00fcr Sie am besten geeignet ist, empfehlen wir Ihnen, unseren <a class=\"modal-trigger\" href=\"#guideform\">Anf\u00e4ngerleitfaden<\/a> zu lesen. <\/p>\n\n\n<style>#kt-modal26361_0067dc-05 .kt-blocks-modal-link{color:#555555;background:transparent;border-color:#555555;border-radius:4px;font-size:16px;line-height:24px;border-width:2px 2px 2px 2px;padding:4px 8px 4px 8px;margin:0px 0px 0px 0px;}#kt-modal26361_0067dc-05 .kt-blocks-modal-link:hover, #kt-modal26361_0067dc-05 .kt-blocks-modal-link:focus{color:#ffffff;background:#444444;border-color:#444444;}#kt-modal26361_0067dc-05 .kt-modal-overlay, #kt-target-modal26361_0067dc-05 .kt-modal-overlay, .kb-modal-content26361_0067dc-05 .kt-modal-overlay{background:var(--global-palette7, #EDF2F7);}#kt-modal26361_0067dc-05 .kt-modal-overlay, #kt-target-modal26361_0067dc-05 .kt-modal-overlay, .kb-modal-content26361_0067dc-05 .kt-modal-overlay{-ms-flex-pack:center;justify-content:center;-ms-flex-align:center;align-items:center;}#kt-modal26361_0067dc-05 .kt-modal-container, #kt-target-modal26361_0067dc-05 .kt-modal-container, .kb-modal-content26361_0067dc-05 .kt-modal-container{width:100%;max-width:700px;-ms-flex-pack:flex-start;justify-content:flex-start;text-align:left;-ms-flex-align:flex-start;align-items:flex-start;}#kt-modal26361_0067dc-05 .kt-modal-container, #kt-target-modal26361_0067dc-05 .kt-modal-container, .kb-modal-content26361_0067dc-05 .kt-modal-container{padding-top:30px;padding-right:30px;padding-bottom:30px;padding-left:30px;margin-top:20px;margin-right:20px;margin-bottom:20px;margin-left:20px;}#kt-modal26361_0067dc-05 .kt-modal-container, #kt-target-modal26361_0067dc-05 .kt-modal-container, .kb-modal-content26361_0067dc-05 .kt-modal-container{background:#ffffff;border-top:0px solid #ffffff;border-right:0px solid #ffffff;border-bottom:0px solid #ffffff;border-left:0px solid #ffffff;}#kt-modal26361_0067dc-05 .kt-modal-close svg, #kt-target-modal26361_0067dc-05 .kt-modal-close svg, .kb-modal-content26361_0067dc-05 .kt-modal-close svg{width:17px;height:17px;}@media all and (max-width: 1024px){#kt-modal26361_0067dc-05 .kt-modal-container, #kt-target-modal26361_0067dc-05 .kt-modal-container, .kb-modal-content26361_0067dc-05 .kt-modal-container{width:100%;border-top:0px solid #ffffff;border-right:0px solid #ffffff;border-bottom:0px solid #ffffff;border-left:0px solid #ffffff;}}@media all and (max-width: 1024px){#kt-modal26361_0067dc-05 .kt-modal-close svg, #kt-target-modal26361_0067dc-05 .kt-modal-close svg, .kb-modal-content26361_0067dc-05 .kt-modal-close svg{width:24px;height:24px;}}@media all and (max-width: 767px){#kt-modal26361_0067dc-05 .kt-modal-container, #kt-target-modal26361_0067dc-05 .kt-modal-container, .kb-modal-content26361_0067dc-05 .kt-modal-container{width:100%;border-top:0px solid #ffffff;border-right:0px solid #ffffff;border-bottom:0px solid #ffffff;border-left:0px solid #ffffff;}#kt-modal26361_0067dc-05 .kt-modal-close svg, #kt-target-modal26361_0067dc-05 .kt-modal-close svg, .kb-modal-content26361_0067dc-05 .kt-modal-close svg{width:24px;height:24px;}}<\/style>\n<div class=\"wp-block-kadence-modal alignnone kt-modal-linkalign-center\" id=\"kt-modal26361_0067dc-05\"><div id=\"guideform\" class=\"kb-modal-content26361_0067dc-05 kadence-block-pro-modal kt-m-animate-in-slidedown kt-m-animate-out-slideoutup\" aria-hidden=\"true\"><div class=\"kt-modal-overlay\" tabindex=\"-1\" data-modal-close=\"true\"><div class=\"kt-modal-container kt-modal-height-fittocontent kt-close-position-inside\" role=\"dialog\" aria-modal=\"true\"><button class=\"kt-modal-close\" aria-label=\"Close Modal\" data-modal-close=\"true\"><svg viewBox=\"0 0 24 24\" fill=\"none\" stroke=\"currentColor\" xmlns=\"https:\/\/www.w3.org\/2000\/svg\" stroke-width=\"2\" stroke-linecap=\"round\" stroke-linejoin=\"round\"><line x1=\"18\" y1=\"6\" x2=\"6\" y2=\"18\"><\/line><line x1=\"6\" y1=\"6\" x2=\"18\" y2=\"18\"><\/line><\/svg><\/button><div id=\"kt-modal26361_0067dc-05-content\" class=\"kt-modal-content\"><style>.wp-block-kadence-advancedheading.kt-adv-heading26361_24cf6e-fd, .wp-block-kadence-advancedheading.kt-adv-heading26361_24cf6e-fd[data-kb-block=\"kb-adv-heading26361_24cf6e-fd\"]{font-style:normal;}.wp-block-kadence-advancedheading.kt-adv-heading26361_24cf6e-fd mark.kt-highlight, .wp-block-kadence-advancedheading.kt-adv-heading26361_24cf6e-fd[data-kb-block=\"kb-adv-heading26361_24cf6e-fd\"] mark.kt-highlight{font-style:normal;color:#f76a0c;-webkit-box-decoration-break:clone;box-decoration-break:clone;padding-top:0px;padding-right:0px;padding-bottom:0px;padding-left:0px;}.wp-block-kadence-advancedheading.kt-adv-heading26361_24cf6e-fd img.kb-inline-image, .wp-block-kadence-advancedheading.kt-adv-heading26361_24cf6e-fd[data-kb-block=\"kb-adv-heading26361_24cf6e-fd\"] img.kb-inline-image{width:150px;vertical-align:baseline;}<\/style>\n<h5 class=\"kt-adv-heading26361_24cf6e-fd wp-block-kadence-advancedheading\" data-kb-block=\"kb-adv-heading26361_24cf6e-fd\">Lassen Sie sich Mels CBD-Anf\u00e4ngerleitfaden zusenden<\/h5>\n\n\n<p>[fluentform id=&#8220;19&#8243;]<\/p>\n<\/div><\/div><\/div><\/div><\/div>\n\n\n\n<p>Beginnen Sie in den ersten Wochen mit 1-4 Tropfen pro Dosis. Dies kann je nach Verwendungszweck 2-3 mal \u00fcber den Tag oder nur abends verteilt werden. Wir empfehlen eine schrittweise Eskalation, um den Cannabinoidrezeptoren des K\u00f6rpers Zeit zu geben, die Cannabinoide (CBD, CBG, CBC &amp; CBN) zu aktivieren und zu verwenden.<\/p>\n<\/div><\/div>\n\n\n<style>.kadence-column26361_b26caf-d4 > .kt-inside-inner-col,.kadence-column26361_b26caf-d4 > .kt-inside-inner-col:before{border-top-left-radius:0px;border-top-right-radius:0px;border-bottom-right-radius:0px;border-bottom-left-radius:0px;}.kadence-column26361_b26caf-d4 > .kt-inside-inner-col{column-gap:var(--global-kb-gap-sm, 1rem);}.kadence-column26361_b26caf-d4 > .kt-inside-inner-col{flex-direction:column;}.kadence-column26361_b26caf-d4 > .kt-inside-inner-col > .aligncenter{width:100%;}.kadence-column26361_b26caf-d4 > .kt-inside-inner-col:before{opacity:0.3;}.kadence-column26361_b26caf-d4{position:relative;}@media all and (max-width: 1024px){.kadence-column26361_b26caf-d4 > .kt-inside-inner-col{flex-direction:column;justify-content:center;}}@media all and (max-width: 767px){.kadence-column26361_b26caf-d4 > .kt-inside-inner-col{flex-direction:column;justify-content:center;}}<\/style>\n<div class=\"wp-block-kadence-column kadence-column26361_b26caf-d4 inner-column-2\"><div class=\"kt-inside-inner-col\">\n<figure class=\"wp-block-image aligncenter size-large is-resized\"><img fetchpriority=\"high\" decoding=\"async\" width=\"658\" height=\"1024\" src=\"https:\/\/melseurope.com\/wp-content\/uploads\/2023\/08\/MELS-FAMILY-2-658x1024.png\" alt=\"MELS CBD - TWO STRAIN and FIVE STRAIN \" class=\"wp-image-29037\" style=\"width:249px;height:386px\" srcset=\"https:\/\/melseurope.com\/wp-content\/uploads\/2023\/08\/MELS-FAMILY-2-658x1024.png 658w, https:\/\/melseurope.com\/wp-content\/uploads\/2023\/08\/MELS-FAMILY-2-193x300.png 193w, https:\/\/melseurope.com\/wp-content\/uploads\/2023\/08\/MELS-FAMILY-2-600x934.png 600w, https:\/\/melseurope.com\/wp-content\/uploads\/2023\/08\/MELS-FAMILY-2.png 694w\" sizes=\"(max-width: 658px) 100vw, 658px\" \/><\/figure>\n<\/div><\/div>\n\n<\/div><\/div>\n\n<style>.wp-block-kadence-spacer.kt-block-spacer-26361_811764-4d .kt-block-spacer{height:70px;}.wp-block-kadence-spacer.kt-block-spacer-26361_811764-4d .kt-divider{border-top-width:1px;height:1px;border-top-color:#eee;width:100%;border-top-style:solid;}<\/style>\n<div class=\"wp-block-kadence-spacer aligncenter kt-block-spacer-26361_811764-4d\"><div class=\"kt-block-spacer kt-block-spacer-halign-center\"><hr class=\"kt-divider\"\/><\/div><\/div>\n\n\n\n<p>Wir haben drei verschiedene Dosierungen als Richtschnur f\u00fcr Symptome identifiziert: <\/p>\n\n\n\n<p><strong>Mikrodosis:<\/strong> 5 &#8211; 30 mg CBD pro Tag. Kann bei Schlaf, Kopfschmerzen, Stimmungsschwankungen, \u00dcbelkeit, PTBS, Stress und metabolischem Syndrom wirksam sein. <\/p>\n\n\n\n<p><strong>Standarddosis:<\/strong> 40 &#8211; 100 mg CBD pro Tag. Es hat sich als wirksam bei chronischen Schmerzen, Entz\u00fcndungen, Autoimmunerkrankungen, Lyme-Borreliose, Angstzust\u00e4nden, Depressionen, Arthritis, einigen psychischen St\u00f6rungen, Fibromyalgie, Multipler Sklerose, entz\u00fcndlichen Darmerkrankungen und Autismus erwiesen. <\/p>\n\n\n\n<p><strong>Makrodosis:<\/strong> 50 &#8211; 800 mg CBD pro Tag. Dosen auf diesem Niveau werden h\u00e4ufig zur Behandlung von Krebs, Epilepsie, Lebererkrankungen und anderen schweren lebensbedrohlichen Erkrankungen eingesetzt.<\/p>\n","protected":false},"excerpt":{"rendered":"<p>Alle unsere \u00d6le sind von hoher Qualit\u00e4t und viele Menschen finden schlie\u00dflich ihren Favoriten. Wenn Sie zum ersten Mal Benutzer sind, empfehlen wir, mit MELS TWO STRAIN oder MELS FIVE STRAIN zu beginnen. Der Unterschied zwischen diesen ist die Anzahl der Sorten, aus denen das Cannabis\u00f6l gewonnen wird. Um zu wissen, welcher Prozentsatz f\u00fcr Sie&#8230;<\/p>\n","protected":false},"author":1,"featured_media":25828,"parent":0,"menu_order":0,"comment_status":"closed","ping_status":"closed","template":"","meta":{"_kad_blocks_custom_css":"","_kad_blocks_head_custom_js":"","_kad_blocks_body_custom_js":"","_kad_blocks_footer_custom_js":"","_kad_post_transparent":"","_kad_post_title":"","_kad_post_layout":"","_kad_post_sidebar_id":"","_kad_post_content_style":"","_kad_post_vertical_padding":"","_kad_post_feature":"","_kad_post_feature_position":"","_kad_post_header":false,"_kad_post_footer":false,"_kad_post_classname":"","footnotes":""},"class_list":["post-26361","page","type-page","status-publish","has-post-thumbnail","hentry"],"taxonomy_info":[],"featured_image_src_large":["https:\/\/melseurope.com\/wp-content\/uploads\/2022\/04\/man-holding-ts-bottle-1024x682.jpg",1024,682,true],"author_info":{"display_name":"igrafic","author_link":"https:\/\/melseurope.com\/de\/author\/igrafic"},"comment_info":0,"_links":{"self":[{"href":"https:\/\/melseurope.com\/de\/wp-json\/wp\/v2\/pages\/26361","targetHints":{"allow":["GET"]}}],"collection":[{"href":"https:\/\/melseurope.com\/de\/wp-json\/wp\/v2\/pages"}],"about":[{"href":"https:\/\/melseurope.com\/de\/wp-json\/wp\/v2\/types\/page"}],"author":[{"embeddable":true,"href":"https:\/\/melseurope.com\/de\/wp-json\/wp\/v2\/users\/1"}],"replies":[{"embeddable":true,"href":"https:\/\/melseurope.com\/de\/wp-json\/wp\/v2\/comments?post=26361"}],"version-history":[{"count":0,"href":"https:\/\/melseurope.com\/de\/wp-json\/wp\/v2\/pages\/26361\/revisions"}],"wp:featuredmedia":[{"embeddable":true,"href":"https:\/\/melseurope.com\/de\/wp-json\/wp\/v2\/media\/25828"}],"wp:attachment":[{"href":"https:\/\/melseurope.com\/de\/wp-json\/wp\/v2\/media?parent=26361"}],"curies":[{"name":"wp","href":"https:\/\/api.w.org\/{rel}","templated":true}]}}