{"id":26367,"date":"2022-04-12T12:28:25","date_gmt":"2022-04-12T10:28:25","guid":{"rendered":"https:\/\/melsbymelissa.com\/haftungsausschluss"},"modified":"2024-09-03T15:48:36","modified_gmt":"2024-09-03T13:48:36","slug":"haftungsausschluss","status":"publish","type":"page","link":"https:\/\/melseurope.com\/de\/haftungsausschluss","title":{"rendered":"Haftungsausschluss"},"content":{"rendered":"<style>.kb-row-layout-wrap.wp-block-kadence-rowlayout.kb-row-layout-id18115_2adce2-68{margin-bottom:25px;}.kb-row-layout-id18115_2adce2-68 > .kt-row-column-wrap{align-content:start;}:where(.kb-row-layout-id18115_2adce2-68 > .kt-row-column-wrap) > .wp-block-kadence-column{justify-content:start;}.kb-row-layout-id18115_2adce2-68 > .kt-row-column-wrap{column-gap:var(--global-kb-gap-md, 2rem);row-gap:var(--global-kb-gap-sm, 1rem);padding-top:20px;padding-right:20px;padding-bottom:20px;padding-left:30px;grid-template-columns:minmax(0, 1fr);}.kb-row-layout-id18115_2adce2-68{border-top-left-radius:3px;border-top-right-radius:3px;border-bottom-right-radius:3px;border-bottom-left-radius:3px;overflow:clip;isolation:isolate;}.kb-row-layout-id18115_2adce2-68 > .kt-row-layout-overlay{border-top-left-radius:3px;border-top-right-radius:3px;border-bottom-right-radius:3px;border-bottom-left-radius:3px;}.kb-row-layout-id18115_2adce2-68{border-top:2px solid var(--global-palette7, #EDF2F7);border-right:2px solid var(--global-palette7, #EDF2F7);border-bottom:2px solid var(--global-palette7, #EDF2F7);border-left:2px solid var(--global-palette7, #EDF2F7);}.kb-row-layout-id18115_2adce2-68 > .kt-row-layout-overlay{opacity:0.30;}@media all and (max-width: 1024px){.kb-row-layout-id18115_2adce2-68 > .kt-row-column-wrap{grid-template-columns:minmax(0, 1fr);}}@media all and (max-width: 1024px){.kb-row-layout-id18115_2adce2-68{border-top:2px solid var(--global-palette7, #EDF2F7);border-right:2px solid var(--global-palette7, #EDF2F7);border-bottom:2px solid var(--global-palette7, #EDF2F7);border-left:2px solid var(--global-palette7, #EDF2F7);}}@media all and (max-width: 767px){.kb-row-layout-id18115_2adce2-68 > .kt-row-column-wrap{grid-template-columns:minmax(0, 1fr);}.kb-row-layout-id18115_2adce2-68{border-top:2px solid var(--global-palette7, #EDF2F7);border-right:2px solid var(--global-palette7, #EDF2F7);border-bottom:2px solid var(--global-palette7, #EDF2F7);border-left:2px solid var(--global-palette7, #EDF2F7);}}.kb-row-layout-id18115_2adce2-68 {max-width: 800px;}<\/style><div class=\"kb-row-layout-wrap kb-row-layout-id18115_2adce2-68 alignnone wp-block-kadence-rowlayout\"><div class=\"kt-row-column-wrap kt-has-2-columns kt-row-layout-row kt-tab-layout-inherit kt-mobile-layout-row kt-row-valign-top\">\n<style>.kadence-column18115_351d97-81 > .kt-inside-inner-col,.kadence-column18115_351d97-81 > .kt-inside-inner-col:before{border-top-left-radius:0px;border-top-right-radius:0px;border-bottom-right-radius:0px;border-bottom-left-radius:0px;}.kadence-column18115_351d97-81 > .kt-inside-inner-col{column-gap:var(--global-kb-gap-sm, 1rem);}.kadence-column18115_351d97-81 > .kt-inside-inner-col{flex-direction:column;}.kadence-column18115_351d97-81 > .kt-inside-inner-col > .aligncenter{width:100%;}.kadence-column18115_351d97-81 > .kt-inside-inner-col:before{opacity:0.3;}.kadence-column18115_351d97-81{position:relative;}@media all and (max-width: 1024px){.kadence-column18115_351d97-81 > .kt-inside-inner-col{flex-direction:column;justify-content:center;}}@media all and (max-width: 767px){.kadence-column18115_351d97-81 > .kt-inside-inner-col{flex-direction:column;justify-content:center;}}<\/style>\n<div class=\"wp-block-kadence-column kadence-column18115_351d97-81\"><div class=\"kt-inside-inner-col\">\n<p class=\"has-small-font-size\" style=\"font-style:normal;font-weight:600\"><strong>WICHTIG! <\/strong>MELS ist unter keinen Umst\u00e4nden verantwortlich f\u00fcr den Kauf unserer Produkte im Hinblick auf die im Bestimmungsland geltenden Gesetze und Vorschriften. <a href=\"https:\/\/curia.europa.eu\/jcms\/upload\/docs\/application\/pdf\/2020-11\/cp200141en.pdf\" target=\"_blank\" rel=\"noreferrer noopener\">Die Vermarktung von CBD ist nach EU-Recht erlaubt.<\/a> Wir empfehlen Ihnen jedoch, sich vor der Bestellung von Produkten mit den f\u00fcr Ihr Land geltenden Vorschriften vertraut zu machen.\nWir danken Ihnen f\u00fcr Ihr Interesse. <\/p>\n<\/div><\/div>\n\n\n<style>.kadence-column18115_eb4c1c-4b > .kt-inside-inner-col,.kadence-column18115_eb4c1c-4b > .kt-inside-inner-col:before{border-top-left-radius:0px;border-top-right-radius:0px;border-bottom-right-radius:0px;border-bottom-left-radius:0px;}.kadence-column18115_eb4c1c-4b > .kt-inside-inner-col{column-gap:var(--global-kb-gap-sm, 1rem);}.kadence-column18115_eb4c1c-4b > .kt-inside-inner-col{flex-direction:column;}.kadence-column18115_eb4c1c-4b > .kt-inside-inner-col > .aligncenter{width:100%;}.kadence-column18115_eb4c1c-4b > .kt-inside-inner-col:before{opacity:0.3;}.kadence-column18115_eb4c1c-4b{position:relative;}@media all and (max-width: 1024px){.kadence-column18115_eb4c1c-4b > .kt-inside-inner-col{flex-direction:column;justify-content:center;}}@media all and (max-width: 767px){.kadence-column18115_eb4c1c-4b > .kt-inside-inner-col{flex-direction:column;justify-content:center;}}<\/style>\n<div class=\"wp-block-kadence-column kadence-column18115_eb4c1c-4b inner-column-1\"><div class=\"kt-inside-inner-col\">\n<p class=\"has-small-font-size\" style=\"font-style:normal;font-weight:600\">Die Informationen, die Sie auf dieser Website (melsbymelissa.com) finden, sind nur als Information gedacht und sollten nicht als medizinische Beratung oder Anleitung interpretiert werden. Die verkauften Produkte sind nicht dazu bestimmt, die Verwendung von verschreibungspflichtigen Medikamenten zu ersetzen. MELS behauptet NICHT, dass MELS-Produkte Krankheiten behandeln oder verhindern oder gesundheitliche Auswirkungen haben. Konsultieren Sie einen Arzt, wenn Sie sich unsicher sind, eine Diagnose haben und\/oder unter 18 Jahre alt sind oder schwanger sind\/stillen, bevor Sie CBD verwenden. MELS \u00fcbernimmt keine Verantwortung f\u00fcr die Verwendung von MELS-Produkten.<\/p>\n<\/div><\/div>\n\n<\/div><\/div>\n<!-- Legal document generated by Complianz | GDPR\/CCPA Cookie Consent https:\/\/wordpress.org\/plugins\/complianz-gdpr -->\n<div id=\"cmplz-document\" class=\"cmplz-document disclaimer cmplz-document-all\"><p>Mels by Melissa ist dazu verpflichtet, diese Website aktuell und akkurat zu halten. Solltest du dennoch auf irgendetwas sto\u00dfen, das veraltet oder inkorrekt ist, w\u00fcrden wir es sch\u00e4tzen, wenn du es uns wissen l\u00e4sst. Bitte weise darauf hin, wo du auf der Seite die Information gelesen hast. Wir werden uns dann so schnell wie m\u00f6glich darum k\u00fcmmern. Bitte sende deine R\u00fcckmeldung an: <span class=\"cmplz-obfuscate\">&#105;n&#102;o@<span class=\"cmplz-fmail-domain\">&#101;x&#046;&#099;om<\/span>&#109;e&#108;s&#098;ym&#101;li&#115;s&#097;&#046;&#099;o&#109;<\/span>.<\/p><p>Wir \u00fcbernehmen keine Haftung f\u00fcr aus Ungenauigkeit oder Unvollst\u00e4ndigkeit resultierenden Verluste, noch f\u00fcr entstehende Verluste oder Verbreitung von Informationen durch das Internet, wie St\u00f6rungen oder Unterbrechungen. Bei der Verwendung von Internetfomularen streben wir danach die Anzahl der ben\u00f6tigten Felder zu minimieren. F\u00fcr jegliche Verluste die aus der Verwendung von Mels by Melissa empfohlener oder stammender Daten, Hinweisen oder Ideen \u00fcbernimmt Mels by Melissa keine Haftung.<\/p><p>Die Verwendung der Website und all ihrer Teile (einschlie\u00dflich Foren) unterliegen den <a href=\"https:\/\/melseurope.com\/vilkar-og-betingelser\" target=\"_blank\">Nutzungsbedingungen<\/a>. Bereits die Verwendung der Website impliziert das Wissen und die Akzeptanz dieser Nutzungsbedingungen.<\/p><p>Jegliche pers\u00f6nliche Information welche du uns innerhalb des Kontexts deiner Antwort oder deinem Antrag zur Verf\u00fcgung stellst, wird ausschlie\u00dflich gem\u00e4\u00df unserer Datenschutzerkl\u00e4rung genutzt.<\/p><p>Mels by Melissa wird jede angemessene Ma\u00dfnahme ergreifen um sein System gegen jede Form unrechtm\u00e4\u00dfiger Nutzung zu sch\u00fctzen. Mels by Melissa wird geeignete Technologien und organisatorische Ma\u00dfnahmen zu diesem Zweck, unter Ber\u00fccksichtigung des aktuellen Standes der Technik, einf\u00fchren. Es ist jedoch nicht verantwortlich f\u00fcr direkte und\/oder indirekte Verluste jeglicher Art, welche bei einem Benutzer der Website auftreten, die der unrechtm\u00e4\u00dfigen Nutzung des Systems von Drittanbietern entspringt.<\/p><p>Mels by Melissa \u00fcbernimmt keine Verantwortung f\u00fcr den Inhalt von Websites, zu denen oder von denen ein Hyperlink oder eine anderer Verweis f\u00fchrt. Produkte oder Serviceleistungen, die von Drittanbieten angeboten werden, werden nach entsprechenden Bedingungen und Konditionen jener Drittanbieter behandelt werden.<\/p><p>Jegliches intellektuelle Eigentumsrecht an Inhalten auf dieser Website ist im Besitz von Mels by Melissa.<\/p><p>Das Kopieren, Verbreiten oder jegliche andere Nutzung dieses Materials ist ohne die schriftliche Erlaubnis von Mels by Melissa nicht gestattet, sofern in geltendem Gesetz nicht anders vereinbart oder ausgenommen (wie etwa das Recht zu zitieren), solang der spezifische Inhalt nichts anderes vorschreibt.<\/p><p>Wenn du Fragen oder Probleme mit der Verf\u00fcgbarkeit der Website hast, z\u00f6gere nicht uns zu kontaktieren.<\/p><\/div>\n","protected":false},"excerpt":{"rendered":"<p>WICHTIG! MELS ist unter keinen Umst\u00e4nden verantwortlich f\u00fcr den Kauf unserer Produkte im Hinblick auf die im Bestimmungsland geltenden Gesetze und Vorschriften. Die Vermarktung von CBD ist nach EU-Recht erlaubt. Wir empfehlen Ihnen jedoch, sich vor der Bestellung von Produkten mit den f\u00fcr Ihr Land geltenden Vorschriften vertraut zu machen. Wir danken Ihnen f\u00fcr Ihr&#8230;<\/p>\n","protected":false},"author":1,"featured_media":0,"parent":0,"menu_order":0,"comment_status":"closed","ping_status":"closed","template":"","meta":{"_kad_blocks_custom_css":"","_kad_blocks_head_custom_js":"","_kad_blocks_body_custom_js":"","_kad_blocks_footer_custom_js":"","_kad_post_transparent":"","_kad_post_title":"","_kad_post_layout":"","_kad_post_sidebar_id":"","_kad_post_content_style":"","_kad_post_vertical_padding":"","_kad_post_feature":"","_kad_post_feature_position":"","_kad_post_header":false,"_kad_post_footer":false,"_kad_post_classname":"","footnotes":""},"class_list":["post-26367","page","type-page","status-publish","hentry"],"taxonomy_info":[],"featured_image_src_large":false,"author_info":{"display_name":"igrafic","author_link":"https:\/\/melseurope.com\/de\/author\/igrafic"},"comment_info":0,"_links":{"self":[{"href":"https:\/\/melseurope.com\/de\/wp-json\/wp\/v2\/pages\/26367","targetHints":{"allow":["GET"]}}],"collection":[{"href":"https:\/\/melseurope.com\/de\/wp-json\/wp\/v2\/pages"}],"about":[{"href":"https:\/\/melseurope.com\/de\/wp-json\/wp\/v2\/types\/page"}],"author":[{"embeddable":true,"href":"https:\/\/melseurope.com\/de\/wp-json\/wp\/v2\/users\/1"}],"replies":[{"embeddable":true,"href":"https:\/\/melseurope.com\/de\/wp-json\/wp\/v2\/comments?post=26367"}],"version-history":[{"count":0,"href":"https:\/\/melseurope.com\/de\/wp-json\/wp\/v2\/pages\/26367\/revisions"}],"wp:attachment":[{"href":"https:\/\/melseurope.com\/de\/wp-json\/wp\/v2\/media?parent=26367"}],"curies":[{"name":"wp","href":"https:\/\/api.w.org\/{rel}","templated":true}]}}