{"id":26374,"date":"2022-04-10T15:04:58","date_gmt":"2022-04-10T13:04:58","guid":{"rendered":"https:\/\/melsbymelissa.com\/haufig-gestellte-fragen-zu-cbd-tropfen-fur-tiere"},"modified":"2023-03-02T19:28:33","modified_gmt":"2023-03-02T18:28:33","slug":"haufig-gestellte-fragen-zu-cbd-tropfen-fur-tiere","status":"publish","type":"page","link":"https:\/\/melseurope.com\/de\/haufig-gestellte-fragen-zu-cbd-tropfen-fur-tiere","title":{"rendered":"H\u00e4ufig gestellte Fragen zu CBD-Tropfen f\u00fcr Tiere"},"content":{"rendered":"\n<figure class=\"wp-block-embed is-type-video is-provider-vimeo wp-block-embed-vimeo wp-embed-aspect-16-9 wp-has-aspect-ratio\"><div class=\"wp-block-embed__wrapper\">\n<iframe title=\"MELS PETS CBD Drops for dogs\" src=\"https:\/\/player.vimeo.com\/video\/554814194?h=3fccbb6f1d&amp;dnt=1&amp;app_id=122963\" width=\"720\" height=\"405\" frameborder=\"0\" allow=\"autoplay; fullscreen; picture-in-picture\" allowfullscreen><\/iframe>\n<\/div><\/figure>\n\n<p><strong>Mels PETS CBD-Tropfen<\/strong> f\u00fcr Tiere werden mit Blick auf h\u00f6chste Qualit\u00e4t f\u00fcr unsere Haustiere hergestellt. Das \u00d6l ist vollkommen nat\u00fcrlich, biologisch und frei von Chemikalien. <\/p>\n\n<p>Nachfolgend finden Sie die am h\u00e4ufigsten gestellten Fragen zu CBD f\u00fcr Haustiere:<\/p>\n<style>.kt-accordion-id_855a71-28 .kt-accordion-inner-wrap{column-gap:var(--global-kb-gap-md, 2rem);row-gap:10px;}.kt-accordion-id_855a71-28 .kt-accordion-panel-inner{border-top-width:0px;border-right-width:0px;border-bottom-width:0px;border-left-width:0px;background:#ffffff;padding-top:var(--global-kb-spacing-sm, 1.5rem);padding-right:var(--global-kb-spacing-sm, 1.5rem);padding-bottom:var(--global-kb-spacing-sm, 1.5rem);padding-left:var(--global-kb-spacing-sm, 1.5rem);}.kt-accordion-id_855a71-28 > .kt-accordion-inner-wrap > .wp-block-kadence-pane > .kt-accordion-header-wrap > .kt-blocks-accordion-header{border-top-color:#555555;border-right-color:#555555;border-bottom-color:#555555;border-left-color:#555555;border-top-width:0px;border-right-width:0px;border-bottom-width:0px;border-left-width:0px;border-top-left-radius:6px;border-top-right-radius:6px;border-bottom-right-radius:6px;border-bottom-left-radius:6px;font-size:22px;line-height:25px;font-weight:400;padding-top:16px;padding-right:16px;padding-bottom:14px;padding-left:16px;}.kt-accordion-id_855a71-28 > .kt-accordion-inner-wrap > .wp-block-kadence-pane > .kt-accordion-header-wrap > .kt-blocks-accordion-header:hover, \n\t\t\t\tbody:not(.hide-focus-outline) .kt-accordion-id_855a71-28 .kt-blocks-accordion-header:focus-visible{color:var(--global-palette9, #ffffff);background:#86e2e2;border-top-color:#eeeeee;border-right-color:#eeeeee;border-bottom-color:#eeeeee;border-left-color:#eeeeee;}.kt-accordion-id_855a71-28:not( .kt-accodion-icon-style-basiccircle ):not( .kt-accodion-icon-style-xclosecircle ):not( .kt-accodion-icon-style-arrowcircle ) .kt-accordion-header-wrap .kt-blocks-accordion-header:hover .kt-blocks-accordion-icon-trigger:after, .kt-accordion-id_855a71-28:not( .kt-accodion-icon-style-basiccircle ):not( .kt-accodion-icon-style-xclosecircle ):not( .kt-accodion-icon-style-arrowcircle ) .kt-accordion-header-wrap .kt-blocks-accordion-header:hover .kt-blocks-accordion-icon-trigger:before, body:not(.hide-focus-outline) .kt-accordion-id_855a71-28:not( .kt-accodion-icon-style-basiccircle ):not( .kt-accodion-icon-style-xclosecircle ):not( .kt-accodion-icon-style-arrowcircle ) .kt-blocks-accordion--visible .kt-blocks-accordion-icon-trigger:after, body:not(.hide-focus-outline) .kt-accordion-id_855a71-28:not( .kt-accodion-icon-style-basiccircle ):not( .kt-accodion-icon-style-xclosecircle ):not( .kt-accodion-icon-style-arrowcircle ) .kt-blocks-accordion-header:focus-visible .kt-blocks-accordion-icon-trigger:before{background:var(--global-palette9, #ffffff);}.kt-accordion-id_855a71-28:not( .kt-accodion-icon-style-basic ):not( .kt-accodion-icon-style-xclose ):not( .kt-accodion-icon-style-arrow ) .kt-accordion-header-wrap .kt-blocks-accordion-header:hover .kt-blocks-accordion-icon-trigger, body:not(.hide-focus-outline) .kt-accordion-id_855a71-28:not( .kt-accodion-icon-style-basic ):not( .kt-accodion-icon-style-xclose ):not( .kt-accodion-icon-style-arrow ) .kt-accordion-header-wrap .kt-blocks-accordion-header:focus-visible .kt-blocks-accordion-icon-trigger{background:var(--global-palette9, #ffffff);}.kt-accordion-id_855a71-28:not( .kt-accodion-icon-style-basic ):not( .kt-accodion-icon-style-xclose ):not( .kt-accodion-icon-style-arrow ) .kt-accordion-header-wrap .kt-blocks-accordion-header:hover .kt-blocks-accordion-icon-trigger:after, .kt-accordion-id_855a71-28:not( .kt-accodion-icon-style-basic ):not( .kt-accodion-icon-style-xclose ):not( .kt-accodion-icon-style-arrow ) .kt-accordion-header-wrap .kt-blocks-accordion-header:hover .kt-blocks-accordion-icon-trigger:before, body:not(.hide-focus-outline) .kt-accordion-id_855a71-28:not( .kt-accodion-icon-style-basic ):not( .kt-accodion-icon-style-xclose ):not( .kt-accodion-icon-style-arrow ) .kt-accordion-header-wrap .kt-blocks-accordion-header:focus-visible .kt-blocks-accordion-icon-trigger:after, body:not(.hide-focus-outline) .kt-accordion-id_855a71-28:not( .kt-accodion-icon-style-basic ):not( .kt-accodion-icon-style-xclose ):not( .kt-accodion-icon-style-arrow ) .kt-accordion-header-wrap .kt-blocks-accordion-header:focus-visible .kt-blocks-accordion-icon-trigger:before{background:#86e2e2;}.kt-accordion-id_855a71-28 .kt-accordion-header-wrap .kt-blocks-accordion-header:focus-visible,\n\t\t\t\t.kt-accordion-id_855a71-28 > .kt-accordion-inner-wrap > .wp-block-kadence-pane > .kt-accordion-header-wrap > .kt-blocks-accordion-header.kt-accordion-panel-active{color:#ffffff;background:#86e2e2;border-top-color:#555555;border-right-color:#555555;border-bottom-color:#555555;border-left-color:#555555;}.kt-accordion-id_855a71-28:not( .kt-accodion-icon-style-basiccircle ):not( .kt-accodion-icon-style-xclosecircle ):not( .kt-accodion-icon-style-arrowcircle )  > .kt-accordion-inner-wrap > .wp-block-kadence-pane > .kt-accordion-header-wrap > .kt-blocks-accordion-header.kt-accordion-panel-active .kt-blocks-accordion-icon-trigger:after, .kt-accordion-id_855a71-28:not( .kt-accodion-icon-style-basiccircle ):not( .kt-accodion-icon-style-xclosecircle ):not( .kt-accodion-icon-style-arrowcircle )  > .kt-accordion-inner-wrap > .wp-block-kadence-pane > .kt-accordion-header-wrap > .kt-blocks-accordion-header.kt-accordion-panel-active .kt-blocks-accordion-icon-trigger:before{background:#ffffff;}.kt-accordion-id_855a71-28:not( .kt-accodion-icon-style-basic ):not( .kt-accodion-icon-style-xclose ):not( .kt-accodion-icon-style-arrow ) .kt-blocks-accordion-header.kt-accordion-panel-active .kt-blocks-accordion-icon-trigger{background:#ffffff;}.kt-accordion-id_855a71-28:not( .kt-accodion-icon-style-basic ):not( .kt-accodion-icon-style-xclose ):not( .kt-accodion-icon-style-arrow ) .kt-blocks-accordion-header.kt-accordion-panel-active .kt-blocks-accordion-icon-trigger:after, .kt-accordion-id_855a71-28:not( .kt-accodion-icon-style-basic ):not( .kt-accodion-icon-style-xclose ):not( .kt-accodion-icon-style-arrow ) .kt-blocks-accordion-header.kt-accordion-panel-active .kt-blocks-accordion-icon-trigger:before{background:#86e2e2;}@media all and (max-width: 767px){.kt-accordion-id_855a71-28 .kt-accordion-inner-wrap{display:block;}.kt-accordion-id_855a71-28 .kt-accordion-inner-wrap .kt-accordion-pane:not(:first-child){margin-top:10px;}}<\/style>\n<div class=\"wp-block-kadence-accordion alignnone\"><div class=\"kt-accordion-wrap kt-accordion-wrap kt-accordion-id_855a71-28 kt-accordion-has-11-panes kt-active-pane-0 kt-accordion-block kt-pane-header-alignment-left kt-accodion-icon-style-basic kt-accodion-icon-side-right\" style=\"max-width:none\"><div class=\"kt-accordion-inner-wrap\" data-allow-multiple-open=\"false\" data-start-open=\"0\">\n<div class=\"wp-block-kadence-pane kt-accordion-pane kt-accordion-pane-1 kt-pane_0d3448-04\"><div class=\"kt-accordion-header-wrap\"><button class=\"kt-blocks-accordion-header kt-acccordion-button-label-show\"><span class=\"kt-blocks-accordion-title-wrap\"><span class=\"kt-blocks-accordion-title\">Enth\u00e4lt das CBD-\u00d6l THC?<\/span><\/span><span class=\"kt-blocks-accordion-icon-trigger\"><\/span><\/button><\/div><div class=\"kt-accordion-panel kt-accordion-panel-hidden\"><div class=\"kt-accordion-panel-inner\">\n<p>Tiere reagieren schlecht auf den Konsum von THC, und wir haben dieses Cannabinoid daher vollst\u00e4ndig aus unserem \u00d6l entfernt. Wir haben dennoch einige andere Cannabinoide beibehalten, so dass das \u00d6l immer noch breit gef\u00e4chert ist.<\/p>\n<\/div><\/div><\/div>\n\n\n\n<div class=\"wp-block-kadence-pane kt-accordion-pane kt-accordion-pane-2 kt-pane_34ec76-f8\"><div class=\"kt-accordion-header-wrap\"><button class=\"kt-blocks-accordion-header kt-acccordion-button-label-show\"><span class=\"kt-blocks-accordion-title-wrap\"><span class=\"kt-blocks-accordion-title\">Kann CBD meinem Haustier helfen? <\/span><\/span><span class=\"kt-blocks-accordion-icon-trigger\"><\/span><\/button><\/div><div class=\"kt-accordion-panel kt-accordion-panel-hidden\"><div class=\"kt-accordion-panel-inner\">\n<p>Ja. CBD hat nachweislich eine positive und ausgleichende Wirkung auf alle S\u00e4ugetiere, wie Katzen, Hunde und Pferde. Mehrere Tierbesitzer berichten von besserer Laune, schnellerer Genesung nach Verletzungen, weniger Nervosit\u00e4t auf Reisen, Schmerzlinderung bei Arthrose, besserem Appetit und vielem mehr.<\/p>\n<\/div><\/div><\/div>\n\n\n\n<div class=\"wp-block-kadence-pane kt-accordion-pane kt-accordion-pane-3 kt-pane_9bfa7b-b9\"><div class=\"kt-accordion-header-wrap\"><button class=\"kt-blocks-accordion-header kt-acccordion-button-label-show\"><span class=\"kt-blocks-accordion-title-wrap\"><span class=\"kt-blocks-accordion-title\">Wie viel CBD sollte ich meinem Haustier geben?<\/span><\/span><span class=\"kt-blocks-accordion-icon-trigger\"><\/span><\/button><\/div><div class=\"kt-accordion-panel kt-accordion-panel-hidden\"><div class=\"kt-accordion-panel-inner\">\n<p>Wir empfehlen, je nach Gewicht Ihres Tieres mit 1-2 Tropfen zu beginnen und bei Bedarf schrittweise zu steigern. Oft sehen Sie schon nach kurzer Zeit (30-60 Minuten) einen Unterschied. Wenn nicht, erh\u00f6hen Sie jeweils einen Tropfen, bis Sie eine Wirkung sehen. <\/p>\n\n\n\n<figure class=\"wp-block-image size-full\"><img fetchpriority=\"high\" decoding=\"async\" width=\"1500\" height=\"1500\" src=\"https:\/\/melseurope.com\/wp-content\/uploads\/2020\/05\/Dosering-2.png\" alt=\"\" class=\"wp-image-12581\" srcset=\"https:\/\/melseurope.com\/wp-content\/uploads\/2020\/05\/Dosering-2.png 1500w, https:\/\/melseurope.com\/wp-content\/uploads\/2020\/05\/Dosering-2-300x300.png 300w, https:\/\/melseurope.com\/wp-content\/uploads\/2020\/05\/Dosering-2-100x100.png 100w, https:\/\/melseurope.com\/wp-content\/uploads\/2020\/05\/Dosering-2-600x600.png 600w, https:\/\/melseurope.com\/wp-content\/uploads\/2020\/05\/Dosering-2-1024x1024.png 1024w, https:\/\/melseurope.com\/wp-content\/uploads\/2020\/05\/Dosering-2-150x150.png 150w, https:\/\/melseurope.com\/wp-content\/uploads\/2020\/05\/Dosering-2-768x768.png 768w\" sizes=\"(max-width: 1500px) 100vw, 1500px\" \/><\/figure><\/div><\/div><\/div>\n\n\n\n<div class=\"wp-block-kadence-pane kt-accordion-pane kt-accordion-pane-4 kt-pane_2a39e2-eb\"><div class=\"kt-accordion-header-wrap\"><button class=\"kt-blocks-accordion-header kt-acccordion-button-label-show\"><span class=\"kt-blocks-accordion-title-wrap\"><span class=\"kt-blocks-accordion-title\">Wird CBD mein Haustier bet\u00e4uben?<\/span><\/span><span class=\"kt-blocks-accordion-icon-trigger\"><\/span><\/button><\/div><div class=\"kt-accordion-panel kt-accordion-panel-hidden\"><div class=\"kt-accordion-panel-inner\">\n<p>Die Antwort ist definitiv NEIN. <\/p>\n\n\n\n<p>MELS CBD f\u00fcr HAUSTIERE ist absolut sicher und hat keine Nebenwirkungen. <\/p>\n<\/div><\/div><\/div>\n\n\n\n<div class=\"wp-block-kadence-pane kt-accordion-pane kt-accordion-pane-5 kt-pane_f97b75-c0\"><div class=\"kt-accordion-header-wrap\"><button class=\"kt-blocks-accordion-header kt-acccordion-button-label-show\"><span class=\"kt-blocks-accordion-title-wrap\"><span class=\"kt-blocks-accordion-title\">Wie soll ich meinem Haustier die Tropfen geben?<\/span><\/span><span class=\"kt-blocks-accordion-icon-trigger\"><\/span><\/button><\/div><div class=\"kt-accordion-panel kt-accordion-panel-hidden\"><div class=\"kt-accordion-panel-inner\">\n<p>Das CBD-\u00d6l sollte f\u00fcr eine optimale Aufnahme direkt in den Mund getropft werden. Die Tropfen k\u00f6nnen auch dem Futter, einem Leckerli oder direkt auf der Haut, beispielsweise der Innenseite der Ohren, zugesetzt werden.<\/p>\n<\/div><\/div><\/div>\n\n\n\n<div class=\"wp-block-kadence-pane kt-accordion-pane kt-accordion-pane-6 kt-pane_43d15f-16\"><div class=\"kt-accordion-header-wrap\"><button class=\"kt-blocks-accordion-header kt-acccordion-button-label-show\"><span class=\"kt-blocks-accordion-title-wrap\"><span class=\"kt-blocks-accordion-title\">Wie wirkt CBD bei Tieren?<\/span><\/span><span class=\"kt-blocks-accordion-icon-trigger\"><\/span><\/button><\/div><div class=\"kt-accordion-panel kt-accordion-panel-hidden\"><div class=\"kt-accordion-panel-inner\">\n<p>CBD wirkt sofort auf das Endocannabinoid-System des Tieres, das eine wichtige Rolle bei der Schmerzregulation, Entz\u00fcndung, Appetit, Stimmung und Ged\u00e4chtnis spielt.<\/p>\n<\/div><\/div><\/div>\n\n\n\n<div class=\"wp-block-kadence-pane kt-accordion-pane kt-accordion-pane-7 kt-pane_13d273-f7\"><div class=\"kt-accordion-header-wrap\"><button class=\"kt-blocks-accordion-header kt-acccordion-button-label-show\"><span class=\"kt-blocks-accordion-title-wrap\"><span class=\"kt-blocks-accordion-title\">Wird das CBD-\u00d6l mein Haustier besser schlafen lassen?<\/span><\/span><span class=\"kt-blocks-accordion-icon-trigger\"><\/span><\/button><\/div><div class=\"kt-accordion-panel kt-accordion-panel-hidden\"><div class=\"kt-accordion-panel-inner\">\n<p>Wenn Ihr Haustier abends keine Ruhe findet oder nachts gut schl\u00e4ft, empfehlen wir die Gabe von CBD kurz vor dem Schlafengehen. CBD f\u00f6rdert den Schlaf, ohne das Tier lethargisch zu machen.<\/p>\n<\/div><\/div><\/div>\n\n\n\n<div class=\"wp-block-kadence-pane kt-accordion-pane kt-accordion-pane-8 kt-pane_a70d8d-75\"><div class=\"kt-accordion-header-wrap\"><button class=\"kt-blocks-accordion-header kt-acccordion-button-label-show\"><span class=\"kt-blocks-accordion-title-wrap\"><span class=\"kt-blocks-accordion-title\">Wie finde ich das beste CBD-\u00d6l f\u00fcr mein Haustier?<\/span><\/span><span class=\"kt-blocks-accordion-icon-trigger\"><\/span><\/button><\/div><div class=\"kt-accordion-panel kt-accordion-panel-hidden\"><div class=\"kt-accordion-panel-inner\">\n<p>Sagen wir mal so: Wenn Sie das \u00d6l nicht selbst einnehmen w\u00fcrden, geben Sie es auch nicht Ihrem Haustier. <\/p>\n\n\n\n<p>Mit anderen Worten, stellen Sie sicher, dass das CBD-\u00d6l nat\u00fcrlich, biologisch und vorzugsweise ohne Spuren von THC ist.<\/p>\n<\/div><\/div><\/div>\n\n\n\n<div class=\"wp-block-kadence-pane kt-accordion-pane kt-accordion-pane-9 kt-pane_d312f2-53\"><div class=\"kt-accordion-header-wrap\"><button class=\"kt-blocks-accordion-header kt-acccordion-button-label-show\"><span class=\"kt-blocks-accordion-title-wrap\"><span class=\"kt-blocks-accordion-title\">K\u00f6nnen Tiere CBD \u00fcberdosieren?<\/span><\/span><span class=\"kt-blocks-accordion-icon-trigger\"><\/span><\/button><\/div><div class=\"kt-accordion-panel kt-accordion-panel-hidden\"><div class=\"kt-accordion-panel-inner\">\n<p>Nein, es ist extrem schwierig, da CBD extrem sicher zu konsumieren ist. Wir empfehlen jedoch immer, am ersten Tag mit nur einem Tropfen zu beginnen und bei Bedarf zu steigern. Beachten Sie unsere Empfehlung zur Dosierung.<\/p>\n<\/div><\/div><\/div>\n\n\n\n<div class=\"wp-block-kadence-pane kt-accordion-pane kt-accordion-pane-10 kt-pane_fd4ac5-27\"><div class=\"kt-accordion-header-wrap\"><button class=\"kt-blocks-accordion-header kt-acccordion-button-label-show\"><span class=\"kt-blocks-accordion-title-wrap\"><span class=\"kt-blocks-accordion-title\">K\u00f6nnen wir Menschen CBD f\u00fcr Haustiere verwenden?<\/span><\/span><span class=\"kt-blocks-accordion-icon-trigger\"><\/span><\/button><\/div><div class=\"kt-accordion-panel kt-accordion-panel-hidden\"><div class=\"kt-accordion-panel-inner\">\n<p>Ja, alle unsere CBD-\u00d6le sind sicher zu konsumieren, sowohl f\u00fcr Tiere als auch f\u00fcr ihre Besitzer. Der Unterschied besteht darin, dass CBD f\u00fcr Haustiere kein THC enth\u00e4lt, sehr wenig Terpene und Flavonoide enth\u00e4lt und Fisch\u00f6l hinzugef\u00fcgt wurde.<\/p>\n<\/div><\/div><\/div>\n\n\n\n<div class=\"wp-block-kadence-pane kt-accordion-pane kt-accordion-pane-11 kt-pane_6aeca3-02\"><div class=\"kt-accordion-header-wrap\"><button class=\"kt-blocks-accordion-header kt-acccordion-button-label-show\"><span class=\"kt-blocks-accordion-title-wrap\"><span class=\"kt-blocks-accordion-title\">Ich habe meinem Tier das Original Mel&#8217;s CBD f\u00fcr Menschen gegeben, das Spuren von THC und Terpenen enth\u00e4lt. Spielt es eine Rolle?<\/span><\/span><span class=\"kt-blocks-accordion-icon-trigger\"><\/span><\/button><\/div><div class=\"kt-accordion-panel kt-accordion-panel-hidden\"><div class=\"kt-accordion-panel-inner\">\n<p>Nein, es wird h\u00f6chstwahrscheinlich keinen Schaden anrichten, aber beobachten und beobachten Sie, wie das Tier reagiert. <\/p>\n<\/div><\/div><\/div>\n<\/div><\/div><\/div>\n","protected":false},"excerpt":{"rendered":"<p>Mels PETS CBD-Tropfen f\u00fcr Tiere werden mit Blick auf h\u00f6chste Qualit\u00e4t f\u00fcr unsere Haustiere hergestellt. Das \u00d6l ist vollkommen nat\u00fcrlich, biologisch und frei von Chemikalien. Nachfolgend finden Sie die am h\u00e4ufigsten gestellten Fragen zu CBD f\u00fcr Haustiere:<\/p>\n","protected":false},"author":1,"featured_media":0,"parent":0,"menu_order":0,"comment_status":"closed","ping_status":"closed","template":"","meta":{"_kad_blocks_custom_css":"","_kad_blocks_head_custom_js":"","_kad_blocks_body_custom_js":"","_kad_blocks_footer_custom_js":"","_kad_post_transparent":"","_kad_post_title":"","_kad_post_layout":"","_kad_post_sidebar_id":"","_kad_post_content_style":"","_kad_post_vertical_padding":"","_kad_post_feature":"","_kad_post_feature_position":"","_kad_post_header":false,"_kad_post_footer":false,"_kad_post_classname":"","footnotes":""},"class_list":["post-26374","page","type-page","status-publish","hentry"],"taxonomy_info":[],"featured_image_src_large":false,"author_info":{"display_name":"igrafic","author_link":"https:\/\/melseurope.com\/de\/author\/igrafic"},"comment_info":0,"_links":{"self":[{"href":"https:\/\/melseurope.com\/de\/wp-json\/wp\/v2\/pages\/26374","targetHints":{"allow":["GET"]}}],"collection":[{"href":"https:\/\/melseurope.com\/de\/wp-json\/wp\/v2\/pages"}],"about":[{"href":"https:\/\/melseurope.com\/de\/wp-json\/wp\/v2\/types\/page"}],"author":[{"embeddable":true,"href":"https:\/\/melseurope.com\/de\/wp-json\/wp\/v2\/users\/1"}],"replies":[{"embeddable":true,"href":"https:\/\/melseurope.com\/de\/wp-json\/wp\/v2\/comments?post=26374"}],"version-history":[{"count":0,"href":"https:\/\/melseurope.com\/de\/wp-json\/wp\/v2\/pages\/26374\/revisions"}],"wp:attachment":[{"href":"https:\/\/melseurope.com\/de\/wp-json\/wp\/v2\/media?parent=26374"}],"curies":[{"name":"wp","href":"https:\/\/api.w.org\/{rel}","templated":true}]}}