{"id":26463,"date":"2022-04-04T15:58:26","date_gmt":"2022-04-04T13:58:26","guid":{"rendered":"https:\/\/melsbymelissa.com\/product\/vier-stamm-cbg-cbc-cbd-oel-15"},"modified":"2026-03-11T14:55:25","modified_gmt":"2026-03-11T13:55:25","slug":"vier-stamm-cbd-oel-15","status":"publish","type":"product","link":"https:\/\/melseurope.com\/de\/produkt\/vier-stamm-cbd-oel-15","title":{"rendered":"FOUR STRAIN CBG+CBC+CBD-\u00d6L 15%"},"content":{"rendered":"\t\t<div data-elementor-type=\"wp-post\" data-elementor-id=\"26463\" class=\"elementor elementor-26463 elementor-17171\" data-elementor-post-type=\"product\">\n\t\t\t\t\t\t<section class=\"elementor-section elementor-top-section elementor-element elementor-element-3b2d7cb elementor-section-full_width elementor-section-stretched elementor-section-height-default elementor-section-height-default\" data-id=\"3b2d7cb\" data-element_type=\"section\" data-e-type=\"section\" data-settings=\"{&quot;stretch_section&quot;:&quot;section-stretched&quot;,&quot;background_background&quot;:&quot;classic&quot;}\">\n\t\t\t\t\t\t<div class=\"elementor-container elementor-column-gap-default\">\n\t\t\t\t\t<div class=\"elementor-column elementor-col-100 elementor-top-column elementor-element elementor-element-ce8b516\" data-id=\"ce8b516\" data-element_type=\"column\" data-e-type=\"column\">\n\t\t\t<div class=\"elementor-widget-wrap elementor-element-populated\">\n\t\t\t\t\t\t<div class=\"elementor-element elementor-element-ece9eb6 elementor-icon-list--layout-inline elementor-align-center elementor-mobile-align-start elementor-list-item-link-full_width elementor-widget elementor-widget-icon-list\" data-id=\"ece9eb6\" data-element_type=\"widget\" data-e-type=\"widget\" data-widget_type=\"icon-list.default\">\n\t\t\t\t<div class=\"elementor-widget-container\">\n\t\t\t\t\t\t\t<ul class=\"elementor-icon-list-items elementor-inline-items\">\n\t\t\t\t\t\t\t<li class=\"elementor-icon-list-item elementor-inline-item\">\n\t\t\t\t\t\t\t\t\t\t\t<span class=\"elementor-icon-list-icon\">\n\t\t\t\t\t\t\t<i aria-hidden=\"true\" class=\"scie_icons scie_icons-dropper\"><\/i>\t\t\t\t\t\t<\/span>\n\t\t\t\t\t\t\t\t\t\t<span class=\"elementor-icon-list-text\">10 g \/ \u00b1200 Tropfen pro Flasche<\/span>\n\t\t\t\t\t\t\t\t\t<\/li>\n\t\t\t\t\t\t\t\t<li class=\"elementor-icon-list-item elementor-inline-item\">\n\t\t\t\t\t\t\t\t\t\t\t<span class=\"elementor-icon-list-icon\">\n\t\t\t\t\t\t\t<i aria-hidden=\"true\" class=\"science_solid science_solid-cbd-molecule-2\"><\/i>\t\t\t\t\t\t<\/span>\n\t\t\t\t\t\t\t\t\t\t<span class=\"elementor-icon-list-text\">1 Tropfen enth\u00e4lt:<br>4,5 mg CBG \/ 0,5 mg CBC \/ 2,5 mg CBD<\/span>\n\t\t\t\t\t\t\t\t\t<\/li>\n\t\t\t\t\t\t\t\t<li class=\"elementor-icon-list-item elementor-inline-item\">\n\t\t\t\t\t\t\t\t\t\t\t<span class=\"elementor-icon-list-icon\">\n\t\t\t\t\t\t\t<i aria-hidden=\"true\" class=\"spec_icons spec_icons-full-spectrum\"><\/i>\t\t\t\t\t\t<\/span>\n\t\t\t\t\t\t\t\t\t\t<span class=\"elementor-icon-list-text\">Vollspektrum<\/span>\n\t\t\t\t\t\t\t\t\t<\/li>\n\t\t\t\t\t\t\t\t<li class=\"elementor-icon-list-item elementor-inline-item\">\n\t\t\t\t\t\t\t\t\t\t\t<span class=\"elementor-icon-list-icon\">\n\t\t\t\t\t\t\t<i aria-hidden=\"true\" class=\"scie_icons scie_icons-drop-ripple\"><\/i>\t\t\t\t\t\t<\/span>\n\t\t\t\t\t\t\t\t\t\t<span class=\"elementor-icon-list-text\">Mit MCT-\u00d6l<br>Pfefferminz-Geschmack<\/span>\n\t\t\t\t\t\t\t\t\t<\/li>\n\t\t\t\t\t\t<\/ul>\n\t\t\t\t\t\t<\/div>\n\t\t\t\t<\/div>\n\t\t\t\t\t<\/div>\n\t\t<\/div>\n\t\t\t\t\t<\/div>\n\t\t<\/section>\n\t\t\t\t<section class=\"elementor-section elementor-top-section elementor-element elementor-element-722136b elementor-section-boxed elementor-section-height-default elementor-section-height-default\" data-id=\"722136b\" data-element_type=\"section\" data-e-type=\"section\">\n\t\t\t\t\t\t<div class=\"elementor-container elementor-column-gap-default\">\n\t\t\t\t\t<div class=\"elementor-column elementor-col-100 elementor-top-column elementor-element elementor-element-b01ad4b\" data-id=\"b01ad4b\" data-element_type=\"column\" data-e-type=\"column\">\n\t\t\t<div class=\"elementor-widget-wrap elementor-element-populated\">\n\t\t\t\t\t\t<div class=\"elementor-element elementor-element-480f9dc elementor-widget elementor-widget-spacer\" data-id=\"480f9dc\" data-element_type=\"widget\" data-e-type=\"widget\" data-widget_type=\"spacer.default\">\n\t\t\t\t<div class=\"elementor-widget-container\">\n\t\t\t\t\t\t\t<div class=\"elementor-spacer\">\n\t\t\t<div class=\"elementor-spacer-inner\"><\/div>\n\t\t<\/div>\n\t\t\t\t\t\t<\/div>\n\t\t\t\t<\/div>\n\t\t\t\t<div class=\"elementor-element elementor-element-ab68904 elementor-widget elementor-widget-text-editor\" data-id=\"ab68904\" data-element_type=\"widget\" data-e-type=\"widget\" data-widget_type=\"text-editor.default\">\n\t\t\t\t<div class=\"elementor-widget-container\">\n\t\t\t\t\t\t\t\t\t<h5>DAS WELTWEIT ERSTE NEURO PROTECTIVE CBG+CBC+CBD-\u00d6L<\/h5>\n<p><strong>Brauchen Sie Hilfe, um Angst und Stress abzubauen?<\/strong><br \/><strong>M\u00fcssen Sie scharf und konzentriert bleiben?<\/strong><br \/><strong>Ist die Erinnerung nicht mehr, was sie einmal war?<\/strong><\/p>\n<p>Lassen Sie MELS FOUR STRAIN dabei helfen, Ihre Gehirnfunktion zu erhalten und zu verbessern und Ihre Konzentration und Ihr Ged\u00e4chtnis zu regenerieren.<\/p>\n<p>MELS FOUR STRAIN wird aus VIER sorgf\u00e4ltig ausgew\u00e4hlten und einzigartigen St\u00e4mmen der Cannabispflanze entwickelt. Es bietet ein hohes Ma\u00df an CBG, CBC und CBD und vervierfacht die Menge an medizinischen Substanzen, die synergetisch zusammenwirken, um die Gesundheit Ihres Gehirns zu sch\u00fctzen und zu verbessern.<\/p>\n<p>Biologisch, frei von GVO, Pestiziden und giftigen Chemikalien.<br \/>Von einem unabh\u00e4ngigen Labor (Drittpartei) auf Reinheit, St\u00e4rke und Wirksamkeit getestet.<br \/>CO<sub>2<\/sub>-extrahiert, um alle Eigenschaften zu erhalten.<\/p>\n\t\t\t\t\t\t\t\t<\/div>\n\t\t\t\t<\/div>\n\t\t\t\t\t<\/div>\n\t\t<\/div>\n\t\t\t\t\t<\/div>\n\t\t<\/section>\n\t\t\t\t<section class=\"elementor-section elementor-top-section elementor-element elementor-element-bb5a35c elementor-section-boxed elementor-section-height-default elementor-section-height-default\" data-id=\"bb5a35c\" data-element_type=\"section\" data-e-type=\"section\">\n\t\t\t\t\t\t<div class=\"elementor-container elementor-column-gap-default\">\n\t\t\t\t\t<div class=\"elementor-column elementor-col-100 elementor-top-column elementor-element elementor-element-a831730\" data-id=\"a831730\" data-element_type=\"column\" data-e-type=\"column\">\n\t\t\t<div class=\"elementor-widget-wrap elementor-element-populated\">\n\t\t\t\t\t\t<div class=\"elementor-element elementor-element-1a9c4d9 elementor-widget-divider--view-line elementor-widget elementor-widget-divider\" data-id=\"1a9c4d9\" data-element_type=\"widget\" data-e-type=\"widget\" data-widget_type=\"divider.default\">\n\t\t\t\t<div class=\"elementor-widget-container\">\n\t\t\t\t\t\t\t<div class=\"elementor-divider\">\n\t\t\t<span class=\"elementor-divider-separator\">\n\t\t\t\t\t\t<\/span>\n\t\t<\/div>\n\t\t\t\t\t\t<\/div>\n\t\t\t\t<\/div>\n\t\t\t\t\t<\/div>\n\t\t<\/div>\n\t\t\t\t\t<\/div>\n\t\t<\/section>\n\t\t\t\t<section class=\"elementor-section elementor-top-section elementor-element elementor-element-3eb7b32 elementor-section-boxed elementor-section-height-default elementor-section-height-default\" data-id=\"3eb7b32\" data-element_type=\"section\" data-e-type=\"section\">\n\t\t\t\t\t\t<div class=\"elementor-container elementor-column-gap-default\">\n\t\t\t\t\t<div class=\"elementor-column elementor-col-33 elementor-top-column elementor-element elementor-element-9db7ca8\" data-id=\"9db7ca8\" data-element_type=\"column\" data-e-type=\"column\">\n\t\t\t<div class=\"elementor-widget-wrap elementor-element-populated\">\n\t\t\t\t\t\t<div class=\"elementor-element elementor-element-ec08020 elementor-widget elementor-widget-heading\" data-id=\"ec08020\" data-element_type=\"widget\" data-e-type=\"widget\" data-widget_type=\"heading.default\">\n\t\t\t\t<div class=\"elementor-widget-container\">\n\t\t\t\t\t<h5 class=\"elementor-heading-title elementor-size-medium\">Zutaten<\/h5>\t\t\t\t<\/div>\n\t\t\t\t<\/div>\n\t\t\t\t\t<\/div>\n\t\t<\/div>\n\t\t\t\t<div class=\"elementor-column elementor-col-66 elementor-top-column elementor-element elementor-element-ce9b48d\" data-id=\"ce9b48d\" data-element_type=\"column\" data-e-type=\"column\">\n\t\t\t<div class=\"elementor-widget-wrap elementor-element-populated\">\n\t\t\t\t\t\t<div class=\"elementor-element elementor-element-f78e41d elementor-widget elementor-widget-text-editor\" data-id=\"f78e41d\" data-element_type=\"widget\" data-e-type=\"widget\" data-widget_type=\"text-editor.default\">\n\t\t\t\t<div class=\"elementor-widget-container\">\n\t\t\t\t\t\t\t\t\t<p>CBG 900 mg (9 %), CBC 100 mg (1 %), CBD 500 mg (5 %) Vollspektrum-Cannabinoide<\/p>\n<p>Bio-Hanfextrakt 4g<\/p>\n<p>MKT 6g<\/p>\n<p>THC&lt; 0,2 % (Spuren)<\/p>\n<p>Pfefferminz-Geschmack<\/p>\n<p><a href=\"https:\/\/melseurope.com\/wp-content\/uploads\/2022\/08\/Four_Strain_15.pdf\" target=\"_blank\" rel=\"noopener\">Klicken Sie hier, um die Testergebnisse eines unabh\u00e4ngigen Labors herunterzuladen<\/a><\/p>\n\t\t\t\t\t\t\t\t<\/div>\n\t\t\t\t<\/div>\n\t\t\t\t\t<\/div>\n\t\t<\/div>\n\t\t\t\t\t<\/div>\n\t\t<\/section>\n\t\t\t\t<section class=\"elementor-section elementor-top-section elementor-element elementor-element-98add33 elementor-section-boxed elementor-section-height-default elementor-section-height-default\" data-id=\"98add33\" data-element_type=\"section\" data-e-type=\"section\">\n\t\t\t\t\t\t<div class=\"elementor-container elementor-column-gap-default\">\n\t\t\t\t\t<div class=\"elementor-column elementor-col-100 elementor-top-column elementor-element elementor-element-c7d046f\" data-id=\"c7d046f\" data-element_type=\"column\" data-e-type=\"column\">\n\t\t\t<div class=\"elementor-widget-wrap elementor-element-populated\">\n\t\t\t\t\t\t<div class=\"elementor-element elementor-element-a392d3f elementor-widget-divider--view-line elementor-widget elementor-widget-divider\" data-id=\"a392d3f\" data-element_type=\"widget\" data-e-type=\"widget\" data-widget_type=\"divider.default\">\n\t\t\t\t<div class=\"elementor-widget-container\">\n\t\t\t\t\t\t\t<div class=\"elementor-divider\">\n\t\t\t<span class=\"elementor-divider-separator\">\n\t\t\t\t\t\t<\/span>\n\t\t<\/div>\n\t\t\t\t\t\t<\/div>\n\t\t\t\t<\/div>\n\t\t\t\t\t<\/div>\n\t\t<\/div>\n\t\t\t\t\t<\/div>\n\t\t<\/section>\n\t\t\t\t<section class=\"elementor-section elementor-top-section elementor-element elementor-element-834f82e elementor-section-boxed elementor-section-height-default elementor-section-height-default\" data-id=\"834f82e\" data-element_type=\"section\" data-e-type=\"section\">\n\t\t\t\t\t\t<div class=\"elementor-container elementor-column-gap-default\">\n\t\t\t\t\t<div class=\"elementor-column elementor-col-33 elementor-top-column elementor-element elementor-element-a5570d3\" data-id=\"a5570d3\" data-element_type=\"column\" data-e-type=\"column\">\n\t\t\t<div class=\"elementor-widget-wrap elementor-element-populated\">\n\t\t\t\t\t\t<div class=\"elementor-element elementor-element-eaa0b19 elementor-widget elementor-widget-heading\" data-id=\"eaa0b19\" data-element_type=\"widget\" data-e-type=\"widget\" data-widget_type=\"heading.default\">\n\t\t\t\t<div class=\"elementor-widget-container\">\n\t\t\t\t\t<h5 class=\"elementor-heading-title elementor-size-medium\">Beschreibung<\/h5>\t\t\t\t<\/div>\n\t\t\t\t<\/div>\n\t\t\t\t\t<\/div>\n\t\t<\/div>\n\t\t\t\t<div class=\"elementor-column elementor-col-66 elementor-top-column elementor-element elementor-element-2004d6d\" data-id=\"2004d6d\" data-element_type=\"column\" data-e-type=\"column\">\n\t\t\t<div class=\"elementor-widget-wrap elementor-element-populated\">\n\t\t\t\t\t\t<div class=\"elementor-element elementor-element-56c2ff3 elementor-widget elementor-widget-text-editor\" data-id=\"56c2ff3\" data-element_type=\"widget\" data-e-type=\"widget\" data-widget_type=\"text-editor.default\">\n\t\t\t\t<div class=\"elementor-widget-container\">\n\t\t\t\t\t\t\t\t\t<p>MELS FOUR STRAIN 15% CBG\/CBC\/CBD-\u00d6l wird wissenschaftlich aus 4 verschiedenen Arten von Cannabispflanzen entwickelt, um ein hochwirksames und reines CBD-\u00d6l herzustellen. Die Cannabispflanzen haben jeweils ihre eigenen einzigartigen Eigenschaften, um unseren \u00d6len eine synergistische und multidimensionale Wirkung zu verleihen (Entourage-Effekt*).<\/p>\n<p>Kunden berichten, dass es ihnen geholfen hat, Angst und Stress abzubauen, konzentrierter und klarer zu bleiben.<\/p>\n<p>MELS FOUR STRAIN ist&nbsp;ein Bio-Roh\u00f6l. Es wird mit \u00fcberkritischem CO <sub>2<\/sub> (Kohlendioxidextraktion) extrahiert, zur besseren Absorption mit MCT-\u00d6l gemischt und enth\u00e4lt Wachse, Terpene, Flavonoide und das gesamte Spektrum an Cannabinoiden. Zum Schluss wird Pfefferminzextrakt hinzugef\u00fcgt, da insbesondere CBG einen sehr starken Geschmack hat.<\/p>\n<p>Der Extrakt wird keinem Entparaffinierungs- oder Erhitzungsprozess unterzogen und hat zus\u00e4tzlich zu CBD und CBDa einen hohen Gehalt an CBG und CBC. Der nat\u00fcrliche CO <sub>2<\/sub> -Extraktionsprozess entfernt den gr\u00f6\u00dften Teil des Chlorophylls, was zu einer dunklen Farbe, dickfl\u00fcssigen Konsistenz und einem intensiven und nat\u00fcrlichen Nachgeschmack von Hanf f\u00fchrt.<\/p>\n<p>Das \u00d6l wird aus Pflanzen hergestellt, die gem\u00e4\u00df traditionellen Kr\u00e4uteranbaupraktiken auf einem zertifizierten Bio-Bauernhof geerntet wurden, und wurde von unserem Forschungsteam aus Chemikern und Hanfbauern wissenschaftlich entwickelt, um ein kraftvolles, wirksames \u00d6l zu liefern, das Ihre Gesundheit und Energie verbessert und Ihnen hilft, damit fertig zu werden mit den k\u00f6rperlichen Belastungen des Alltags.<\/p>\n<p>MELS CBD-\u00d6le werden nur aus Bl\u00fcten bester Qualit\u00e4t hergestellt, die von bis zu f\u00fcnf verschiedenen Sorten der Cannabispflanze geerntet werden. Jede Sorte wird von unseren talentierten Z\u00fcchtern sorgf\u00e4ltig entwickelt, um ihre eigenen einzigartigen Eigenschaften zu erhalten. Unsere Pflanzen werden im Freien bei nat\u00fcrlichem Licht angebaut und ohne den Einsatz von Pestiziden, Herbiziden oder chemischen D\u00fcngemitteln auf unserer abgelegenen Farm in der wundersch\u00f6nen franz\u00f6sischen Landschaft nachhaltig gepflegt. Es ist ein Grundsatz unserer Grundphilosophie, die Umwelt zu schonen und nichts anderes hinzuzuf\u00fcgen als die nat\u00fcrliche Kraft, die in der Pflanze selbst steckt.<\/p>\n<p>Die Qualit\u00e4t der Produkte \u00fcberwachen wir mit der High Performance Liquid Chromatography, dem HPLC-Verfahren. Wir analysieren das Vorhandensein von Cannabinoiden, Schwermetallen, Pestiziden und Aflatoxinen.<\/p>\n<p>Unsere liebevoll gepflegte Ernte vollreifer Pflanzen wird nur einmal im Jahr geerntet, damit sich die volle Tiefe und Komplexit\u00e4t der wohltuenden medizinischen Verbindungen voll entfalten kann. Unter Verwendung der gleichen alten Prinzipien, die seit Jahrhunderten von traditionellen Kr\u00e4uterkennern verwendet werden, ernten wir unsere Pflanzen an den drei Tagen unmittelbar vor und w\u00e4hrend eines Vollmonds. Auf diese Weise erreichen wir die ideale Zusammensetzung der gesundheitsf\u00f6rdernden Komponenten in dieser wunderbaren Pflanze.<\/p>\n<p>Wir sind unserem Konzept der kontinuierlichen Verbesserung verpflichtet und \u00fcberpr\u00fcfen und verbessern st\u00e4ndig unsere Prozesse, Praktiken und Pflanzenauswahl, um sicherzustellen, dass nur das beste organische und nachhaltige CBD-\u00d6l unsere Fabrik verl\u00e4sst.<\/p>\n<p>Unsere Pflanzen verbringen l\u00e4nger in der Sonne, die Herstellung unserer \u00d6le dauert l\u00e4nger und wir verbringen viel mehr Stunden mit Forschung und Entwicklung als f\u00fcr die Herstellung einer Vielzahl anderer Mainstream-CBD-\u00d6le.<\/p>\n<p>Die Produktion von MELS CBD-\u00d6len kann nicht \u00fcberst\u00fcrzt werden. Unsere Produkte liegen weit \u00fcber gew\u00f6hnlichen Standard\u00f6len und sind jedes Gramm zus\u00e4tzlicher M\u00fche, Liebe und Sorgfalt wert, die wir ihnen geben.<\/p>\t\t\t\t\t\t\t\t<\/div>\n\t\t\t\t<\/div>\n\t\t\t\t\t<\/div>\n\t\t<\/div>\n\t\t\t\t\t<\/div>\n\t\t<\/section>\n\t\t\t\t<section class=\"elementor-section elementor-top-section elementor-element elementor-element-0d679a3 elementor-section-boxed elementor-section-height-default elementor-section-height-default\" data-id=\"0d679a3\" data-element_type=\"section\" data-e-type=\"section\">\n\t\t\t\t\t\t<div class=\"elementor-container elementor-column-gap-default\">\n\t\t\t\t\t<div class=\"elementor-column elementor-col-100 elementor-top-column elementor-element elementor-element-ffbb5a4\" data-id=\"ffbb5a4\" data-element_type=\"column\" data-e-type=\"column\">\n\t\t\t<div class=\"elementor-widget-wrap elementor-element-populated\">\n\t\t\t\t\t\t<div class=\"elementor-element elementor-element-d212124 elementor-widget-divider--view-line elementor-widget elementor-widget-divider\" data-id=\"d212124\" data-element_type=\"widget\" data-e-type=\"widget\" data-widget_type=\"divider.default\">\n\t\t\t\t<div class=\"elementor-widget-container\">\n\t\t\t\t\t\t\t<div class=\"elementor-divider\">\n\t\t\t<span class=\"elementor-divider-separator\">\n\t\t\t\t\t\t<\/span>\n\t\t<\/div>\n\t\t\t\t\t\t<\/div>\n\t\t\t\t<\/div>\n\t\t\t\t\t<\/div>\n\t\t<\/div>\n\t\t\t\t\t<\/div>\n\t\t<\/section>\n\t\t\t\t<section class=\"elementor-section elementor-top-section elementor-element elementor-element-8815d52 elementor-section-boxed elementor-section-height-default elementor-section-height-default\" data-id=\"8815d52\" data-element_type=\"section\" data-e-type=\"section\">\n\t\t\t\t\t\t<div class=\"elementor-container elementor-column-gap-default\">\n\t\t\t\t\t<div class=\"elementor-column elementor-col-33 elementor-top-column elementor-element elementor-element-af37f3d\" data-id=\"af37f3d\" data-element_type=\"column\" data-e-type=\"column\">\n\t\t\t<div class=\"elementor-widget-wrap elementor-element-populated\">\n\t\t\t\t\t\t<div class=\"elementor-element elementor-element-e07acd8 elementor-widget elementor-widget-heading\" data-id=\"e07acd8\" data-element_type=\"widget\" data-e-type=\"widget\" data-widget_type=\"heading.default\">\n\t\t\t\t<div class=\"elementor-widget-container\">\n\t\t\t\t\t<h5 class=\"elementor-heading-title elementor-size-medium\">Andere Informationen<\/h5>\t\t\t\t<\/div>\n\t\t\t\t<\/div>\n\t\t\t\t\t<\/div>\n\t\t<\/div>\n\t\t\t\t<div class=\"elementor-column elementor-col-66 elementor-top-column elementor-element elementor-element-e2aa455\" data-id=\"e2aa455\" data-element_type=\"column\" data-e-type=\"column\">\n\t\t\t<div class=\"elementor-widget-wrap elementor-element-populated\">\n\t\t\t\t\t\t<div class=\"elementor-element elementor-element-0edfc41 elementor-widget elementor-widget-text-editor\" data-id=\"0edfc41\" data-element_type=\"widget\" data-e-type=\"widget\" data-widget_type=\"text-editor.default\">\n\t\t\t\t<div class=\"elementor-widget-container\">\n\t\t\t\t\t\t\t\t\t<p>Biologisch, frei von GVO, Pestiziden und giftigen Chemikalien.<br \/>Von einem unabh\u00e4ngigen Labor (Drittpartei) auf Reinheit, St\u00e4rke und Wirksamkeit getestet.<br \/>CO<sub>2<\/sub>-extrahiert, um alle Eigenschaften zu erhalten.<\/p>\n<p>Eigenschaften: Dunkle Farbe mit nat\u00fcrlichem Hanfgeschmack, mit Pfefferminzzusatz.<\/p>\n<p>Kann von Veganern verwendet werden.<\/p>\n<p>Lagerung: Unter 25 Grad Celsius. Vermeide direktes Sonnenlicht.<\/p>\n<p>Anwendung: Bitte gehen Sie auf die Seite <a href=\"https:\/\/melseurope.com\/de\/so-nehmen-sie-unsere-cbd-oele-ein\">So nehmen Sie unsere \u00d6le ein<\/a>, um sich die Anleitungsvideos anzusehen.<\/p>\n\t\t\t\t\t\t\t\t<\/div>\n\t\t\t\t<\/div>\n\t\t\t\t\t<\/div>\n\t\t<\/div>\n\t\t\t\t\t<\/div>\n\t\t<\/section>\n\t\t\t\t<section class=\"elementor-section elementor-top-section elementor-element elementor-element-58aebdb elementor-section-boxed elementor-section-height-default elementor-section-height-default\" data-id=\"58aebdb\" data-element_type=\"section\" data-e-type=\"section\">\n\t\t\t\t\t\t<div class=\"elementor-container elementor-column-gap-default\">\n\t\t\t\t\t<div class=\"elementor-column elementor-col-100 elementor-top-column elementor-element elementor-element-7c44389\" data-id=\"7c44389\" data-element_type=\"column\" data-e-type=\"column\">\n\t\t\t<div class=\"elementor-widget-wrap elementor-element-populated\">\n\t\t\t\t\t\t<div class=\"elementor-element elementor-element-fcb12db elementor-widget-divider--view-line elementor-widget elementor-widget-divider\" data-id=\"fcb12db\" data-element_type=\"widget\" data-e-type=\"widget\" data-widget_type=\"divider.default\">\n\t\t\t\t<div class=\"elementor-widget-container\">\n\t\t\t\t\t\t\t<div class=\"elementor-divider\">\n\t\t\t<span class=\"elementor-divider-separator\">\n\t\t\t\t\t\t<\/span>\n\t\t<\/div>\n\t\t\t\t\t\t<\/div>\n\t\t\t\t<\/div>\n\t\t\t\t\t<\/div>\n\t\t<\/div>\n\t\t\t\t\t<\/div>\n\t\t<\/section>\n\t\t\t\t<section class=\"elementor-section elementor-top-section elementor-element elementor-element-d0b98b2 elementor-section-boxed elementor-section-height-default elementor-section-height-default\" data-id=\"d0b98b2\" data-element_type=\"section\" data-e-type=\"section\">\n\t\t\t\t\t\t<div class=\"elementor-container elementor-column-gap-default\">\n\t\t\t\t\t<div class=\"elementor-column elementor-col-33 elementor-top-column elementor-element elementor-element-986cbdc\" data-id=\"986cbdc\" data-element_type=\"column\" data-e-type=\"column\">\n\t\t\t<div class=\"elementor-widget-wrap elementor-element-populated\">\n\t\t\t\t\t\t<div class=\"elementor-element elementor-element-84f2a99 elementor-widget elementor-widget-heading\" data-id=\"84f2a99\" data-element_type=\"widget\" data-e-type=\"widget\" data-widget_type=\"heading.default\">\n\t\t\t\t<div class=\"elementor-widget-container\">\n\t\t\t\t\t<h5 class=\"elementor-heading-title elementor-size-medium\">Haftungsausschluss<\/h5>\t\t\t\t<\/div>\n\t\t\t\t<\/div>\n\t\t\t\t\t<\/div>\n\t\t<\/div>\n\t\t\t\t<div class=\"elementor-column elementor-col-66 elementor-top-column elementor-element elementor-element-e7b8c7f\" data-id=\"e7b8c7f\" data-element_type=\"column\" data-e-type=\"column\">\n\t\t\t<div class=\"elementor-widget-wrap elementor-element-populated\">\n\t\t\t\t\t\t<div class=\"elementor-element elementor-element-c2f89d4 elementor-widget elementor-widget-text-editor\" data-id=\"c2f89d4\" data-element_type=\"widget\" data-e-type=\"widget\" data-widget_type=\"text-editor.default\">\n\t\t\t\t<div class=\"elementor-widget-container\">\n\t\t\t\t\t\t\t\t\t<p>CBD kann nicht als Ersatz f\u00fcr eine abwechslungsreiche Ern\u00e4hrung verwendet werden. Um Ihre Gesundheit zu erhalten, sollten Sie sich abwechslungsreich ern\u00e4hren und einen gesunden Lebensstil f\u00fchren.<\/p>\n<p>Nicht an Kinder unter 12 Jahren, schwangere oder stillende M\u00fctter verabreichen. CBD sollte nicht gleichzeitig mit Antidepressiva [SSRIs, SNRIs, MAO-Hemmern], antiviralen Medikamenten gegen eine HIV\/AIDS-Infektion oder als Teil der Behandlung nach einer Organtransplantation angewendet werden.<\/p>\n\t\t\t\t\t\t\t\t<\/div>\n\t\t\t\t<\/div>\n\t\t\t\t\t<\/div>\n\t\t<\/div>\n\t\t\t\t\t<\/div>\n\t\t<\/section>\n\t\t\t\t<section class=\"elementor-section elementor-top-section elementor-element elementor-element-df554d8 elementor-section-boxed elementor-section-height-default elementor-section-height-default\" data-id=\"df554d8\" data-element_type=\"section\" data-e-type=\"section\">\n\t\t\t\t\t\t<div class=\"elementor-container elementor-column-gap-default\">\n\t\t\t\t\t<div class=\"elementor-column elementor-col-100 elementor-top-column elementor-element elementor-element-947cfd3\" data-id=\"947cfd3\" data-element_type=\"column\" data-e-type=\"column\">\n\t\t\t<div class=\"elementor-widget-wrap elementor-element-populated\">\n\t\t\t\t\t\t<div class=\"elementor-element elementor-element-7f46e66 elementor-widget-divider--view-line elementor-widget elementor-widget-divider\" data-id=\"7f46e66\" data-element_type=\"widget\" data-e-type=\"widget\" data-widget_type=\"divider.default\">\n\t\t\t\t<div class=\"elementor-widget-container\">\n\t\t\t\t\t\t\t<div class=\"elementor-divider\">\n\t\t\t<span class=\"elementor-divider-separator\">\n\t\t\t\t\t\t<\/span>\n\t\t<\/div>\n\t\t\t\t\t\t<\/div>\n\t\t\t\t<\/div>\n\t\t\t\t\t<\/div>\n\t\t<\/div>\n\t\t\t\t\t<\/div>\n\t\t<\/section>\n\t\t\t\t<\/div>\n\t\t","protected":false},"excerpt":{"rendered":"<p><strong>Vollspektrum 15 % CBG+CBC+CBD-\u00d6l<\/strong> <strong>mit Bio-MCT und Pfefferminze, hergestellt aus biologisch angebautem Hanf in Europa, CO<sub>2<\/sub>-extrahiert.<\/strong><\/p>\n<p><strong>1 Tropfen enth\u00e4lt 4,5 mg CBG, 0,5 mg CBC und 2,5 mg CBD.<\/strong><\/p>\n","protected":false},"featured_media":28806,"comment_status":"open","ping_status":"closed","template":"elementor_theme","meta":{"_kad_blocks_custom_css":"","_kad_blocks_head_custom_js":"","_kad_blocks_body_custom_js":"","_kad_blocks_footer_custom_js":"","_kad_post_transparent":"default","_kad_post_title":"","_kad_post_layout":"default","_kad_post_sidebar_id":"","_kad_post_content_style":"default","_kad_post_vertical_padding":"default","_kad_post_feature":"","_kad_post_feature_position":"","_kad_post_header":false,"_kad_post_footer":false,"_kad_post_classname":""},"product_brand":[],"product_cat":[249],"product_tag":[309,312,639,381,380],"class_list":{"0":"post-26463","1":"product","2":"type-product","3":"status-publish","4":"has-post-thumbnail","6":"product_cat-cbd-ol-mit-vier-staemmen","7":"product_tag-cbd-de","8":"product_tag-cbd-ol","9":"product_tag-deutch","10":"product_tag-furzt","11":"product_tag-haustier","12":"product_shipping_class-gewichtsklasse-1","14":"first","15":"instock","16":"shipping-taxable","17":"purchasable","18":"product-type-simple","19":"entry","20":"content-bg","21":"loop-entry"},"taxonomy_info":{"product_cat":[{"value":249,"label":"CBD-\u00d6l mit vier St\u00e4mmen"}],"product_tag":[{"value":309,"label":"cbd"},{"value":312,"label":"CBD \u00d6l"},{"value":639,"label":"deutch"},{"value":381,"label":"furzt"},{"value":380,"label":"Haustier"}]},"featured_image_src_large":["https:\/\/melseurope.com\/wp-content\/uploads\/2022\/04\/FOUR-STRAIN-box-and-Bottle-1024x1024.png",1024,1024,true],"author_info":[],"comment_info":13,"_links":{"self":[{"href":"https:\/\/melseurope.com\/de\/wp-json\/wp\/v2\/product\/26463","targetHints":{"allow":["GET"]}}],"collection":[{"href":"https:\/\/melseurope.com\/de\/wp-json\/wp\/v2\/product"}],"about":[{"href":"https:\/\/melseurope.com\/de\/wp-json\/wp\/v2\/types\/product"}],"replies":[{"embeddable":true,"href":"https:\/\/melseurope.com\/de\/wp-json\/wp\/v2\/comments?post=26463"}],"version-history":[{"count":0,"href":"https:\/\/melseurope.com\/de\/wp-json\/wp\/v2\/product\/26463\/revisions"}],"wp:featuredmedia":[{"embeddable":true,"href":"https:\/\/melseurope.com\/de\/wp-json\/wp\/v2\/media\/28806"}],"wp:attachment":[{"href":"https:\/\/melseurope.com\/de\/wp-json\/wp\/v2\/media?parent=26463"}],"wp:term":[{"taxonomy":"product_brand","embeddable":true,"href":"https:\/\/melseurope.com\/de\/wp-json\/wp\/v2\/product_brand?post=26463"},{"taxonomy":"product_cat","embeddable":true,"href":"https:\/\/melseurope.com\/de\/wp-json\/wp\/v2\/product_cat?post=26463"},{"taxonomy":"product_tag","embeddable":true,"href":"https:\/\/melseurope.com\/de\/wp-json\/wp\/v2\/product_tag?post=26463"}],"curies":[{"name":"wp","href":"https:\/\/api.w.org\/{rel}","templated":true}]}}