{"id":26467,"date":"2022-04-04T15:55:06","date_gmt":"2022-04-04T13:55:06","guid":{"rendered":"https:\/\/melsbymelissa.com\/product\/cbd-oel-mit-fuenf-sorten-40"},"modified":"2025-07-04T09:21:30","modified_gmt":"2025-07-04T07:21:30","slug":"fuenf-stamm-cbd-oel-40","status":"publish","type":"product","link":"https:\/\/melseurope.com\/de\/produkt\/fuenf-stamm-cbd-oel-40","title":{"rendered":"FIVE STRAIN CBD-\u00d6L 40%"},"content":{"rendered":"\t\t<div data-elementor-type=\"wp-post\" data-elementor-id=\"26467\" class=\"elementor elementor-26467 elementor-17169\" data-elementor-post-type=\"product\">\n\t\t\t\t\t\t<section class=\"elementor-section elementor-top-section elementor-element elementor-element-65c0beb elementor-section-full_width elementor-section-stretched elementor-section-height-default elementor-section-height-default\" data-id=\"65c0beb\" data-element_type=\"section\" data-e-type=\"section\" data-settings=\"{&quot;stretch_section&quot;:&quot;section-stretched&quot;,&quot;background_background&quot;:&quot;classic&quot;}\">\n\t\t\t\t\t\t<div class=\"elementor-container elementor-column-gap-default\">\n\t\t\t\t\t<div class=\"elementor-column elementor-col-100 elementor-top-column elementor-element elementor-element-114fa07\" data-id=\"114fa07\" data-element_type=\"column\" data-e-type=\"column\">\n\t\t\t<div class=\"elementor-widget-wrap elementor-element-populated\">\n\t\t\t\t\t\t<div class=\"elementor-element elementor-element-e553172 elementor-icon-list--layout-inline elementor-align-center elementor-mobile-align-start elementor-list-item-link-full_width elementor-widget elementor-widget-icon-list\" data-id=\"e553172\" data-element_type=\"widget\" data-e-type=\"widget\" data-widget_type=\"icon-list.default\">\n\t\t\t\t<div class=\"elementor-widget-container\">\n\t\t\t\t\t\t\t<ul class=\"elementor-icon-list-items elementor-inline-items\">\n\t\t\t\t\t\t\t<li class=\"elementor-icon-list-item elementor-inline-item\">\n\t\t\t\t\t\t\t\t\t\t\t<span class=\"elementor-icon-list-icon\">\n\t\t\t\t\t\t\t<i aria-hidden=\"true\" class=\"scie_icons scie_icons-dropper\"><\/i>\t\t\t\t\t\t<\/span>\n\t\t\t\t\t\t\t\t\t\t<span class=\"elementor-icon-list-text\">10 g \/ \u00b1200 Tropfen pro Flasche<\/span>\n\t\t\t\t\t\t\t\t\t<\/li>\n\t\t\t\t\t\t\t\t<li class=\"elementor-icon-list-item elementor-inline-item\">\n\t\t\t\t\t\t\t\t\t\t\t<span class=\"elementor-icon-list-icon\">\n\t\t\t\t\t\t\t<i aria-hidden=\"true\" class=\"science_solid science_solid-cbd-molecule-2\"><\/i>\t\t\t\t\t\t<\/span>\n\t\t\t\t\t\t\t\t\t\t<span class=\"elementor-icon-list-text\">20 mg CBD pro Tropfen<\/span>\n\t\t\t\t\t\t\t\t\t<\/li>\n\t\t\t\t\t\t\t\t<li class=\"elementor-icon-list-item elementor-inline-item\">\n\t\t\t\t\t\t\t\t\t\t\t<span class=\"elementor-icon-list-icon\">\n\t\t\t\t\t\t\t<i aria-hidden=\"true\" class=\"spec_icons spec_icons-full-spectrum\"><\/i>\t\t\t\t\t\t<\/span>\n\t\t\t\t\t\t\t\t\t\t<span class=\"elementor-icon-list-text\">Vollspektrum<\/span>\n\t\t\t\t\t\t\t\t\t<\/li>\n\t\t\t\t\t\t\t\t<li class=\"elementor-icon-list-item elementor-inline-item\">\n\t\t\t\t\t\t\t\t\t\t\t<span class=\"elementor-icon-list-icon\">\n\t\t\t\t\t\t\t<i aria-hidden=\"true\" class=\"scie_icons scie_icons-drop-ripple\"><\/i>\t\t\t\t\t\t<\/span>\n\t\t\t\t\t\t\t\t\t\t<span class=\"elementor-icon-list-text\">Mit MCT-\u00d6l<\/span>\n\t\t\t\t\t\t\t\t\t<\/li>\n\t\t\t\t\t\t<\/ul>\n\t\t\t\t\t\t<\/div>\n\t\t\t\t<\/div>\n\t\t\t\t\t<\/div>\n\t\t<\/div>\n\t\t\t\t\t<\/div>\n\t\t<\/section>\n\t\t\t\t<section class=\"elementor-section elementor-top-section elementor-element elementor-element-e2087f9 elementor-section-boxed elementor-section-height-default elementor-section-height-default\" data-id=\"e2087f9\" data-element_type=\"section\" data-e-type=\"section\">\n\t\t\t\t\t\t<div class=\"elementor-container elementor-column-gap-default\">\n\t\t\t\t\t<div class=\"elementor-column elementor-col-100 elementor-top-column elementor-element elementor-element-5d795df\" data-id=\"5d795df\" data-element_type=\"column\" data-e-type=\"column\">\n\t\t\t<div class=\"elementor-widget-wrap elementor-element-populated\">\n\t\t\t\t\t\t<div class=\"elementor-element elementor-element-4c38bfa elementor-widget elementor-widget-spacer\" data-id=\"4c38bfa\" data-element_type=\"widget\" data-e-type=\"widget\" data-widget_type=\"spacer.default\">\n\t\t\t\t<div class=\"elementor-widget-container\">\n\t\t\t\t\t\t\t<div class=\"elementor-spacer\">\n\t\t\t<div class=\"elementor-spacer-inner\"><\/div>\n\t\t<\/div>\n\t\t\t\t\t\t<\/div>\n\t\t\t\t<\/div>\n\t\t\t\t<div class=\"elementor-element elementor-element-ef1cf20 elementor-widget elementor-widget-text-editor\" data-id=\"ef1cf20\" data-element_type=\"widget\" data-e-type=\"widget\" data-widget_type=\"text-editor.default\">\n\t\t\t\t<div class=\"elementor-widget-container\">\n\t\t\t\t\t\t\t\t\tMELS FIVE STRAIN 40% CBD-\u00d6l wurde von unserem Forschungsteam entwickelt und wird aus f\u00fcnf einzigartigen Cannabisarten extrahiert, jede mit ihrer eigenen einzigartigen Palette an Pflanzensubstanzen. F\u00fcnfmal mehr Komplexit\u00e4t ergibt ein kraftvolles und potentes \u00d6l.\n\nMELS CBD-\u00d6l wird aus vollreifen Pflanzen in Europa biologisch angebaut und extrahiert. Das \u00d6l enth\u00e4lt ein breites Spektrum an Cannabinoiden (CBD, CBDa, CBG &amp; CBC) und anderen Phyton\u00e4hrstoffen wie Flavonoiden und Terpenen.\n\nOrganisch gewachsen. Frei von GVO, Pestiziden und giftigen Chemikalien.\nVon einem unabh\u00e4ngigen Labor (Drittanbieter) auf Reinheit und Wirksamkeit getestet.\nSchonende CO<sub>2<\/sub>-Extraktion, um so viel Essenz wie m\u00f6glich zu erhalten.\t\t\t\t\t\t\t\t<\/div>\n\t\t\t\t<\/div>\n\t\t\t\t\t<\/div>\n\t\t<\/div>\n\t\t\t\t\t<\/div>\n\t\t<\/section>\n\t\t\t\t<section class=\"elementor-section elementor-top-section elementor-element elementor-element-98add33 elementor-section-boxed elementor-section-height-default elementor-section-height-default\" data-id=\"98add33\" data-element_type=\"section\" data-e-type=\"section\">\n\t\t\t\t\t\t<div class=\"elementor-container elementor-column-gap-default\">\n\t\t\t\t\t<div class=\"elementor-column elementor-col-100 elementor-top-column elementor-element elementor-element-c7d046f\" data-id=\"c7d046f\" data-element_type=\"column\" data-e-type=\"column\">\n\t\t\t<div class=\"elementor-widget-wrap elementor-element-populated\">\n\t\t\t\t\t\t<div class=\"elementor-element elementor-element-a392d3f elementor-widget-divider--view-line elementor-widget elementor-widget-divider\" data-id=\"a392d3f\" data-element_type=\"widget\" data-e-type=\"widget\" data-widget_type=\"divider.default\">\n\t\t\t\t<div class=\"elementor-widget-container\">\n\t\t\t\t\t\t\t<div class=\"elementor-divider\">\n\t\t\t<span class=\"elementor-divider-separator\">\n\t\t\t\t\t\t<\/span>\n\t\t<\/div>\n\t\t\t\t\t\t<\/div>\n\t\t\t\t<\/div>\n\t\t\t\t\t<\/div>\n\t\t<\/div>\n\t\t\t\t\t<\/div>\n\t\t<\/section>\n\t\t\t\t<section class=\"elementor-section elementor-top-section elementor-element elementor-element-3eb7b32 elementor-section-boxed elementor-section-height-default elementor-section-height-default\" data-id=\"3eb7b32\" data-element_type=\"section\" data-e-type=\"section\">\n\t\t\t\t\t\t<div class=\"elementor-container elementor-column-gap-default\">\n\t\t\t\t\t<div class=\"elementor-column elementor-col-33 elementor-top-column elementor-element elementor-element-9db7ca8\" data-id=\"9db7ca8\" data-element_type=\"column\" data-e-type=\"column\">\n\t\t\t<div class=\"elementor-widget-wrap elementor-element-populated\">\n\t\t\t\t\t\t<div class=\"elementor-element elementor-element-ec08020 elementor-widget elementor-widget-heading\" data-id=\"ec08020\" data-element_type=\"widget\" data-e-type=\"widget\" data-widget_type=\"heading.default\">\n\t\t\t\t<div class=\"elementor-widget-container\">\n\t\t\t\t\t<h5 class=\"elementor-heading-title elementor-size-medium\">Zutaten<\/h5>\t\t\t\t<\/div>\n\t\t\t\t<\/div>\n\t\t\t\t\t<\/div>\n\t\t<\/div>\n\t\t\t\t<div class=\"elementor-column elementor-col-66 elementor-top-column elementor-element elementor-element-ce9b48d\" data-id=\"ce9b48d\" data-element_type=\"column\" data-e-type=\"column\">\n\t\t\t<div class=\"elementor-widget-wrap elementor-element-populated\">\n\t\t\t\t\t\t<div class=\"elementor-element elementor-element-f78e41d elementor-widget elementor-widget-text-editor\" data-id=\"f78e41d\" data-element_type=\"widget\" data-e-type=\"widget\" data-widget_type=\"text-editor.default\">\n\t\t\t\t<div class=\"elementor-widget-container\">\n\t\t\t\t\t\t\t\t\t<p>4000 mg CBD\/CBDA\/CBC\/CBG Vollspektrum-Cannabinoide<\/p>\n<p>Bio-Hanfextrakt 5g<\/p>\n<p>MKT 5g<\/p>\n<p>THC&lt; 0,2 % (Spuren)<\/p>\n<p><a href=\"https:\/\/melseurope.com\/wp-content\/uploads\/2022\/08\/Five_STrain_40.pdf\" target=\"_blank\" rel=\"noopener\">Klicken Sie hier, um die Testergebnisse eines unabh\u00e4ngigen Labors herunterzuladen<\/a><\/p>\n\t\t\t\t\t\t\t\t<\/div>\n\t\t\t\t<\/div>\n\t\t\t\t\t<\/div>\n\t\t<\/div>\n\t\t\t\t\t<\/div>\n\t\t<\/section>\n\t\t\t\t<section class=\"elementor-section elementor-top-section elementor-element elementor-element-25df19b elementor-section-boxed elementor-section-height-default elementor-section-height-default\" data-id=\"25df19b\" data-element_type=\"section\" data-e-type=\"section\">\n\t\t\t\t\t\t<div class=\"elementor-container elementor-column-gap-default\">\n\t\t\t\t\t<div class=\"elementor-column elementor-col-100 elementor-top-column elementor-element elementor-element-3cbc881\" data-id=\"3cbc881\" data-element_type=\"column\" data-e-type=\"column\">\n\t\t\t<div class=\"elementor-widget-wrap elementor-element-populated\">\n\t\t\t\t\t\t<div class=\"elementor-element elementor-element-7867ff3 elementor-widget-divider--view-line elementor-widget elementor-widget-divider\" data-id=\"7867ff3\" data-element_type=\"widget\" data-e-type=\"widget\" data-widget_type=\"divider.default\">\n\t\t\t\t<div class=\"elementor-widget-container\">\n\t\t\t\t\t\t\t<div class=\"elementor-divider\">\n\t\t\t<span class=\"elementor-divider-separator\">\n\t\t\t\t\t\t<\/span>\n\t\t<\/div>\n\t\t\t\t\t\t<\/div>\n\t\t\t\t<\/div>\n\t\t\t\t\t<\/div>\n\t\t<\/div>\n\t\t\t\t\t<\/div>\n\t\t<\/section>\n\t\t\t\t<section class=\"elementor-section elementor-top-section elementor-element elementor-element-834f82e elementor-section-boxed elementor-section-height-default elementor-section-height-default\" data-id=\"834f82e\" data-element_type=\"section\" data-e-type=\"section\">\n\t\t\t\t\t\t<div class=\"elementor-container elementor-column-gap-default\">\n\t\t\t\t\t<div class=\"elementor-column elementor-col-33 elementor-top-column elementor-element elementor-element-a5570d3\" data-id=\"a5570d3\" data-element_type=\"column\" data-e-type=\"column\">\n\t\t\t<div class=\"elementor-widget-wrap elementor-element-populated\">\n\t\t\t\t\t\t<div class=\"elementor-element elementor-element-eaa0b19 elementor-widget elementor-widget-heading\" data-id=\"eaa0b19\" data-element_type=\"widget\" data-e-type=\"widget\" data-widget_type=\"heading.default\">\n\t\t\t\t<div class=\"elementor-widget-container\">\n\t\t\t\t\t<h5 class=\"elementor-heading-title elementor-size-medium\">Beschreibung<\/h5>\t\t\t\t<\/div>\n\t\t\t\t<\/div>\n\t\t\t\t\t<\/div>\n\t\t<\/div>\n\t\t\t\t<div class=\"elementor-column elementor-col-66 elementor-top-column elementor-element elementor-element-2004d6d\" data-id=\"2004d6d\" data-element_type=\"column\" data-e-type=\"column\">\n\t\t\t<div class=\"elementor-widget-wrap elementor-element-populated\">\n\t\t\t\t\t\t<div class=\"elementor-element elementor-element-56c2ff3 elementor-widget elementor-widget-text-editor\" data-id=\"56c2ff3\" data-element_type=\"widget\" data-e-type=\"widget\" data-widget_type=\"text-editor.default\">\n\t\t\t\t<div class=\"elementor-widget-container\">\n\t\t\t\t\t\t\t\t\tMELS FIVE STRAIN 40% CBD-\u00d6l wird aus f\u00fcnf verschiedenen Arten von Cannabispflanzen entwickelt, um ein starkes CBD-\u00d6l herzustellen. Die verschiedenen Typen haben ihre einzigartigen Eigenschaften, die zusammen einen synergistischen und mehrdimensionalen Effekt erzeugen (Entourage-Effekt*).\n\nKunden haben berichtet, dass CBD bei Gelenk-, Muskel-, R\u00fccken- und Nackenschmerzen, Entz\u00fcndungen, Arthritis, Angstzust\u00e4nden, Stress, Schlaflosigkeit, Zittern, Verdauung, Schlaf, neurologischen Problemen, Akne und vielen weiteren Beschwerden positiv gewirkt hat. Dies sind Anekdoten und nicht wissenschaftlich fundiert.\n\nMELS FIVE STRAIN enth\u00e4lt ein Spektrum an Cannabinoiden (CBD (Cannabidiol), CBDa (Cannabidiols\u00e4ure), CBG (Cannabigerol) und CBC (Cannabichromen). Es wird mit \u00fcberkritischem CO<sub>2<\/sub> (Kohlendioxidextraktion) extrahiert, zur besseren Absorption mit MCT-\u00d6l gemischt und enth\u00e4lt Wachse, Terpene, Flavonoide und ein Spektrum an Cannabinoiden.\n\nAUFMERKSAMKEIT! Wir verwenden keine Isolate.\n\nDer Extrakt wird keinem Entparaffinierungs- oder Erhitzungsprozess unterzogen. Der nat\u00fcrliche CO<sub>2<\/sub> -Extraktionsprozess entfernt den gr\u00f6\u00dften Teil des Chlorophylls, was zu einer goldenen Farbe, dicken Konsistenz und einem intensiven und nat\u00fcrlichen Nachgeschmack von Hanf f\u00fchrt.\n\nDas \u00d6l wird aus Pflanzen gewonnen, die nach traditionellen Methoden des Kr\u00e4uteranbaus auf zertifizierten Bio-Bauernh\u00f6fen geerntet werden. In Kombination mit moderner Wissenschaft konnte unser Forschungsteam aus Chemikern und Landwirten ein kraftvolles und wirksames \u00d6l liefern. Unsere Pflanzen werden auf Farmen in Europa im Freien angebaut und auf nachhaltige Weise ohne den Einsatz von Pestiziden, Herbiziden oder chemischen D\u00fcngemitteln gepflegt. Es ist ein Grundsatz unserer Grundphilosophie, die Umwelt zu schonen und nichts hinzuzuf\u00fcgen au\u00dfer der nat\u00fcrlichen Kraft, die in der Pflanze selbst steckt.\n\nWir \u00fcberwachen die Qualit\u00e4t der Produkte mittels High Performance Liquid Chromatography, dem HPLC-Verfahren und messen den Gehalt an Cannabinoiden, Schwermetallen, Pestiziden und Aflatoxinen.\n\nMit dem Fokus auf kontinuierliche Verbesserung \u00fcberpr\u00fcfen und verbessern wir st\u00e4ndig unsere Prozesse, Praktiken und Pflanzenauswahl, um sicherzustellen, dass nur das beste organische und nachhaltige CBD-\u00d6l unsere Fabrik verl\u00e4sst.\t\t\t\t\t\t\t\t<\/div>\n\t\t\t\t<\/div>\n\t\t\t\t\t<\/div>\n\t\t<\/div>\n\t\t\t\t\t<\/div>\n\t\t<\/section>\n\t\t\t\t<section class=\"elementor-section elementor-top-section elementor-element elementor-element-0d679a3 elementor-section-boxed elementor-section-height-default elementor-section-height-default\" data-id=\"0d679a3\" data-element_type=\"section\" data-e-type=\"section\">\n\t\t\t\t\t\t<div class=\"elementor-container elementor-column-gap-default\">\n\t\t\t\t\t<div class=\"elementor-column elementor-col-100 elementor-top-column elementor-element elementor-element-ffbb5a4\" data-id=\"ffbb5a4\" data-element_type=\"column\" data-e-type=\"column\">\n\t\t\t<div class=\"elementor-widget-wrap elementor-element-populated\">\n\t\t\t\t\t\t<div class=\"elementor-element elementor-element-d212124 elementor-widget-divider--view-line elementor-widget elementor-widget-divider\" data-id=\"d212124\" data-element_type=\"widget\" data-e-type=\"widget\" data-widget_type=\"divider.default\">\n\t\t\t\t<div class=\"elementor-widget-container\">\n\t\t\t\t\t\t\t<div class=\"elementor-divider\">\n\t\t\t<span class=\"elementor-divider-separator\">\n\t\t\t\t\t\t<\/span>\n\t\t<\/div>\n\t\t\t\t\t\t<\/div>\n\t\t\t\t<\/div>\n\t\t\t\t\t<\/div>\n\t\t<\/div>\n\t\t\t\t\t<\/div>\n\t\t<\/section>\n\t\t\t\t<section class=\"elementor-section elementor-top-section elementor-element elementor-element-8815d52 elementor-section-boxed elementor-section-height-default elementor-section-height-default\" data-id=\"8815d52\" data-element_type=\"section\" data-e-type=\"section\">\n\t\t\t\t\t\t<div class=\"elementor-container elementor-column-gap-default\">\n\t\t\t\t\t<div class=\"elementor-column elementor-col-33 elementor-top-column elementor-element elementor-element-af37f3d\" data-id=\"af37f3d\" data-element_type=\"column\" data-e-type=\"column\">\n\t\t\t<div class=\"elementor-widget-wrap elementor-element-populated\">\n\t\t\t\t\t\t<div class=\"elementor-element elementor-element-e07acd8 elementor-widget elementor-widget-heading\" data-id=\"e07acd8\" data-element_type=\"widget\" data-e-type=\"widget\" data-widget_type=\"heading.default\">\n\t\t\t\t<div class=\"elementor-widget-container\">\n\t\t\t\t\t<h5 class=\"elementor-heading-title elementor-size-medium\">Andere Informationen<\/h5>\t\t\t\t<\/div>\n\t\t\t\t<\/div>\n\t\t\t\t\t<\/div>\n\t\t<\/div>\n\t\t\t\t<div class=\"elementor-column elementor-col-66 elementor-top-column elementor-element elementor-element-e2aa455\" data-id=\"e2aa455\" data-element_type=\"column\" data-e-type=\"column\">\n\t\t\t<div class=\"elementor-widget-wrap elementor-element-populated\">\n\t\t\t\t\t\t<div class=\"elementor-element elementor-element-0edfc41 elementor-widget elementor-widget-text-editor\" data-id=\"0edfc41\" data-element_type=\"widget\" data-e-type=\"widget\" data-widget_type=\"text-editor.default\">\n\t\t\t\t<div class=\"elementor-widget-container\">\n\t\t\t\t\t\t\t\t\t<p>Biologisch, frei von GVO, Pestiziden und giftigen Chemikalien.<br \/>Von einem unabh\u00e4ngigen Labor\/Drittanbieter auf Reinheit und Wirksamkeit getestet.<br \/>CO<sub>2<\/sub>-extrahiert, um alle Eigenschaften zu erhalten.<\/p>\n<p>Eigenschaften: Nat\u00fcrliche Konsistenz mit goldener Farbe und leichtem Nachgeschmack.<\/p>\n<p>Kann von Veganern verwendet werden.<\/p>\n<p>Lagerung: Unter 25 Grad Celsius. Vermeide direktes Sonnenlicht.<\/p>\n<p>Anwendung: Bitte gehen Sie auf die Seite <a href=\"https:\/\/melseurope.com\/de\/so-nehmen-sie-unsere-cbd-oele-ein\">So nehmen Sie unsere \u00d6le ein<\/a>, um sich die Anleitungsvideos anzusehen.<\/p>\n\t\t\t\t\t\t\t\t<\/div>\n\t\t\t\t<\/div>\n\t\t\t\t\t<\/div>\n\t\t<\/div>\n\t\t\t\t\t<\/div>\n\t\t<\/section>\n\t\t\t\t<section class=\"elementor-section elementor-top-section elementor-element elementor-element-58aebdb elementor-section-boxed elementor-section-height-default elementor-section-height-default\" data-id=\"58aebdb\" data-element_type=\"section\" data-e-type=\"section\">\n\t\t\t\t\t\t<div class=\"elementor-container elementor-column-gap-default\">\n\t\t\t\t\t<div class=\"elementor-column elementor-col-100 elementor-top-column elementor-element elementor-element-7c44389\" data-id=\"7c44389\" data-element_type=\"column\" data-e-type=\"column\">\n\t\t\t<div class=\"elementor-widget-wrap elementor-element-populated\">\n\t\t\t\t\t\t<div class=\"elementor-element elementor-element-fcb12db elementor-widget-divider--view-line elementor-widget elementor-widget-divider\" data-id=\"fcb12db\" data-element_type=\"widget\" data-e-type=\"widget\" data-widget_type=\"divider.default\">\n\t\t\t\t<div class=\"elementor-widget-container\">\n\t\t\t\t\t\t\t<div class=\"elementor-divider\">\n\t\t\t<span class=\"elementor-divider-separator\">\n\t\t\t\t\t\t<\/span>\n\t\t<\/div>\n\t\t\t\t\t\t<\/div>\n\t\t\t\t<\/div>\n\t\t\t\t\t<\/div>\n\t\t<\/div>\n\t\t\t\t\t<\/div>\n\t\t<\/section>\n\t\t\t\t<section class=\"elementor-section elementor-top-section elementor-element elementor-element-d0b98b2 elementor-section-boxed elementor-section-height-default elementor-section-height-default\" data-id=\"d0b98b2\" data-element_type=\"section\" data-e-type=\"section\">\n\t\t\t\t\t\t<div class=\"elementor-container elementor-column-gap-default\">\n\t\t\t\t\t<div class=\"elementor-column elementor-col-33 elementor-top-column elementor-element elementor-element-986cbdc\" data-id=\"986cbdc\" data-element_type=\"column\" data-e-type=\"column\">\n\t\t\t<div class=\"elementor-widget-wrap elementor-element-populated\">\n\t\t\t\t\t\t<div class=\"elementor-element elementor-element-84f2a99 elementor-widget elementor-widget-heading\" data-id=\"84f2a99\" data-element_type=\"widget\" data-e-type=\"widget\" data-widget_type=\"heading.default\">\n\t\t\t\t<div class=\"elementor-widget-container\">\n\t\t\t\t\t<h5 class=\"elementor-heading-title elementor-size-medium\">Haftungsausschluss<\/h5>\t\t\t\t<\/div>\n\t\t\t\t<\/div>\n\t\t\t\t\t<\/div>\n\t\t<\/div>\n\t\t\t\t<div class=\"elementor-column elementor-col-66 elementor-top-column elementor-element elementor-element-e7b8c7f\" data-id=\"e7b8c7f\" data-element_type=\"column\" data-e-type=\"column\">\n\t\t\t<div class=\"elementor-widget-wrap elementor-element-populated\">\n\t\t\t\t\t\t<div class=\"elementor-element elementor-element-c2f89d4 elementor-widget elementor-widget-text-editor\" data-id=\"c2f89d4\" data-element_type=\"widget\" data-e-type=\"widget\" data-widget_type=\"text-editor.default\">\n\t\t\t\t<div class=\"elementor-widget-container\">\n\t\t\t\t\t\t\t\t\t<p>CBD kann nicht als Ersatz f\u00fcr eine abwechslungsreiche Ern\u00e4hrung verwendet werden. Um Ihre Gesundheit zu erhalten, sollten Sie sich abwechslungsreich ern\u00e4hren und einen gesunden Lebensstil f\u00fchren.<\/p>\n<p>Nicht an Kinder unter 12 Jahren, schwangere oder stillende M\u00fctter verabreichen. CBD sollte nicht gleichzeitig mit Antidepressiva [SSRIs, SNRIs, MAO-Hemmern], antiviralen Medikamenten gegen eine HIV\/AIDS-Infektion oder als Teil der Behandlung nach einer Organtransplantation angewendet werden.<\/p>\n\t\t\t\t\t\t\t\t<\/div>\n\t\t\t\t<\/div>\n\t\t\t\t\t<\/div>\n\t\t<\/div>\n\t\t\t\t\t<\/div>\n\t\t<\/section>\n\t\t\t\t<section class=\"elementor-section elementor-top-section elementor-element elementor-element-b6aaf39 elementor-section-boxed elementor-section-height-default elementor-section-height-default\" data-id=\"b6aaf39\" data-element_type=\"section\" data-e-type=\"section\">\n\t\t\t\t\t\t<div class=\"elementor-container elementor-column-gap-default\">\n\t\t\t\t\t<div class=\"elementor-column elementor-col-100 elementor-top-column elementor-element elementor-element-3d70443\" data-id=\"3d70443\" data-element_type=\"column\" data-e-type=\"column\">\n\t\t\t<div class=\"elementor-widget-wrap elementor-element-populated\">\n\t\t\t\t\t\t<div class=\"elementor-element elementor-element-fd62bae elementor-widget-divider--view-line elementor-widget elementor-widget-divider\" data-id=\"fd62bae\" data-element_type=\"widget\" data-e-type=\"widget\" data-widget_type=\"divider.default\">\n\t\t\t\t<div class=\"elementor-widget-container\">\n\t\t\t\t\t\t\t<div class=\"elementor-divider\">\n\t\t\t<span class=\"elementor-divider-separator\">\n\t\t\t\t\t\t<\/span>\n\t\t<\/div>\n\t\t\t\t\t\t<\/div>\n\t\t\t\t<\/div>\n\t\t\t\t\t<\/div>\n\t\t<\/div>\n\t\t\t\t\t<\/div>\n\t\t<\/section>\n\t\t\t\t<\/div>\n\t\t","protected":false},"excerpt":{"rendered":"<p><strong>Vollspektrum-CBD-\u00d6l mit 40%, das aus f\u00fcnf verschiedenen Industriehanfarten in Europa hergestellt wird. Aus biologischem Anbau und mit schonender CO<sub>2<\/sub>-Extraktion.<\/strong><\/p>\n<p><strong>1 Tropfen enth\u00e4lt 20 mg CBD<\/strong><\/p>\n","protected":false},"featured_media":28996,"comment_status":"open","ping_status":"closed","template":"elementor_theme","meta":{"_kad_blocks_custom_css":"","_kad_blocks_head_custom_js":"","_kad_blocks_body_custom_js":"","_kad_blocks_footer_custom_js":"","_kad_post_transparent":"default","_kad_post_title":"","_kad_post_layout":"default","_kad_post_sidebar_id":"","_kad_post_content_style":"default","_kad_post_vertical_padding":"default","_kad_post_feature":"","_kad_post_feature_position":"","_kad_post_header":false,"_kad_post_footer":false,"_kad_post_classname":""},"product_brand":[],"product_cat":[250],"product_tag":[309,312,639,381,380],"class_list":{"0":"post-26467","1":"product","2":"type-product","3":"status-publish","4":"has-post-thumbnail","6":"product_cat-cbd-ol-mit-fuenf-staemmen","7":"product_tag-cbd-de","8":"product_tag-cbd-ol","9":"product_tag-deutch","10":"product_tag-furzt","11":"product_tag-haustier","12":"product_shipping_class-gewichtsklasse-1","14":"first","15":"instock","16":"shipping-taxable","17":"purchasable","18":"product-type-simple","19":"entry","20":"content-bg","21":"loop-entry"},"taxonomy_info":{"product_cat":[{"value":250,"label":"CBD-\u00d6l mit f\u00fcnf St\u00e4mmen"}],"product_tag":[{"value":309,"label":"cbd"},{"value":312,"label":"CBD \u00d6l"},{"value":639,"label":"deutch"},{"value":381,"label":"furzt"},{"value":380,"label":"Haustier"}]},"featured_image_src_large":["https:\/\/melseurope.com\/wp-content\/uploads\/2022\/04\/FIVESTRAIN-40-Box-and-Bottle-1-1024x1024.png",1024,1024,true],"author_info":[],"comment_info":6,"_links":{"self":[{"href":"https:\/\/melseurope.com\/de\/wp-json\/wp\/v2\/product\/26467","targetHints":{"allow":["GET"]}}],"collection":[{"href":"https:\/\/melseurope.com\/de\/wp-json\/wp\/v2\/product"}],"about":[{"href":"https:\/\/melseurope.com\/de\/wp-json\/wp\/v2\/types\/product"}],"replies":[{"embeddable":true,"href":"https:\/\/melseurope.com\/de\/wp-json\/wp\/v2\/comments?post=26467"}],"version-history":[{"count":0,"href":"https:\/\/melseurope.com\/de\/wp-json\/wp\/v2\/product\/26467\/revisions"}],"wp:featuredmedia":[{"embeddable":true,"href":"https:\/\/melseurope.com\/de\/wp-json\/wp\/v2\/media\/28996"}],"wp:attachment":[{"href":"https:\/\/melseurope.com\/de\/wp-json\/wp\/v2\/media?parent=26467"}],"wp:term":[{"taxonomy":"product_brand","embeddable":true,"href":"https:\/\/melseurope.com\/de\/wp-json\/wp\/v2\/product_brand?post=26467"},{"taxonomy":"product_cat","embeddable":true,"href":"https:\/\/melseurope.com\/de\/wp-json\/wp\/v2\/product_cat?post=26467"},{"taxonomy":"product_tag","embeddable":true,"href":"https:\/\/melseurope.com\/de\/wp-json\/wp\/v2\/product_tag?post=26467"}],"curies":[{"name":"wp","href":"https:\/\/api.w.org\/{rel}","templated":true}]}}