{"id":26511,"date":"2022-05-20T15:05:59","date_gmt":"2022-05-20T13:05:59","guid":{"rendered":"https:\/\/melsbymelissa.com\/product\/two-strain-cbd-oel-20-thc-frei"},"modified":"2024-05-22T13:04:01","modified_gmt":"2024-05-22T11:04:01","slug":"zwei-stamm-cbd-oel-20-thc-frei","status":"publish","type":"product","link":"https:\/\/melseurope.com\/de\/produkt\/zwei-stamm-cbd-oel-20-thc-frei","title":{"rendered":"TWO STRAIN CBD-\u00d6L 20% \u2013 THC-FREI"},"content":{"rendered":"\t\t<div data-elementor-type=\"wp-post\" data-elementor-id=\"26511\" class=\"elementor elementor-26511 elementor-21605\" data-elementor-post-type=\"product\">\n\t\t\t\t\t\t<section class=\"elementor-section elementor-top-section elementor-element elementor-element-56354da elementor-section-full_width elementor-section-stretched elementor-section-height-default elementor-section-height-default\" data-id=\"56354da\" data-element_type=\"section\" data-e-type=\"section\" data-settings=\"{&quot;stretch_section&quot;:&quot;section-stretched&quot;,&quot;background_background&quot;:&quot;classic&quot;}\">\n\t\t\t\t\t\t<div class=\"elementor-container elementor-column-gap-default\">\n\t\t\t\t\t<div class=\"elementor-column elementor-col-100 elementor-top-column elementor-element elementor-element-727674e\" data-id=\"727674e\" data-element_type=\"column\" data-e-type=\"column\">\n\t\t\t<div class=\"elementor-widget-wrap elementor-element-populated\">\n\t\t\t\t\t\t<div class=\"elementor-element elementor-element-5c6430f elementor-icon-list--layout-inline elementor-align-center elementor-mobile-align-start elementor-list-item-link-full_width elementor-widget elementor-widget-icon-list\" data-id=\"5c6430f\" data-element_type=\"widget\" data-e-type=\"widget\" data-widget_type=\"icon-list.default\">\n\t\t\t\t<div class=\"elementor-widget-container\">\n\t\t\t\t\t\t\t<ul class=\"elementor-icon-list-items elementor-inline-items\">\n\t\t\t\t\t\t\t<li class=\"elementor-icon-list-item elementor-inline-item\">\n\t\t\t\t\t\t\t\t\t\t\t<span class=\"elementor-icon-list-icon\">\n\t\t\t\t\t\t\t<i aria-hidden=\"true\" class=\"scie_icons scie_icons-dropper\"><\/i>\t\t\t\t\t\t<\/span>\n\t\t\t\t\t\t\t\t\t\t<span class=\"elementor-icon-list-text\">10 g \/ \u00b1200 Tropfen pro Flasche<\/span>\n\t\t\t\t\t\t\t\t\t<\/li>\n\t\t\t\t\t\t\t\t<li class=\"elementor-icon-list-item elementor-inline-item\">\n\t\t\t\t\t\t\t\t\t\t\t<span class=\"elementor-icon-list-icon\">\n\t\t\t\t\t\t\t<i aria-hidden=\"true\" class=\"science_solid science_solid-cbd-molecule-2\"><\/i>\t\t\t\t\t\t<\/span>\n\t\t\t\t\t\t\t\t\t\t<span class=\"elementor-icon-list-text\">10 mg CBD pro Tropfen<\/span>\n\t\t\t\t\t\t\t\t\t<\/li>\n\t\t\t\t\t\t\t\t<li class=\"elementor-icon-list-item elementor-inline-item\">\n\t\t\t\t\t\t\t\t\t\t\t<span class=\"elementor-icon-list-icon\">\n\t\t\t\t\t\t\t<i aria-hidden=\"true\" class=\"spec_icons spec_icons-full-spectrum\"><\/i>\t\t\t\t\t\t<\/span>\n\t\t\t\t\t\t\t\t\t\t<span class=\"elementor-icon-list-text\">Vollspektrum<\/span>\n\t\t\t\t\t\t\t\t\t<\/li>\n\t\t\t\t\t\t\t\t<li class=\"elementor-icon-list-item elementor-inline-item\">\n\t\t\t\t\t\t\t\t\t\t\t<span class=\"elementor-icon-list-icon\">\n\t\t\t\t\t\t\t<i aria-hidden=\"true\" class=\"scie_icons scie_icons-drop-ripple\"><\/i>\t\t\t\t\t\t<\/span>\n\t\t\t\t\t\t\t\t\t\t<span class=\"elementor-icon-list-text\">Mit MCT-\u00d6l<\/span>\n\t\t\t\t\t\t\t\t\t<\/li>\n\t\t\t\t\t\t<\/ul>\n\t\t\t\t\t\t<\/div>\n\t\t\t\t<\/div>\n\t\t\t\t\t<\/div>\n\t\t<\/div>\n\t\t\t\t\t<\/div>\n\t\t<\/section>\n\t\t\t\t<section class=\"elementor-section elementor-top-section elementor-element elementor-element-56a527b elementor-section-boxed elementor-section-height-default elementor-section-height-default\" data-id=\"56a527b\" data-element_type=\"section\" data-e-type=\"section\">\n\t\t\t\t\t\t<div class=\"elementor-container elementor-column-gap-default\">\n\t\t\t\t\t<div class=\"elementor-column elementor-col-100 elementor-top-column elementor-element elementor-element-782303a\" data-id=\"782303a\" data-element_type=\"column\" data-e-type=\"column\">\n\t\t\t<div class=\"elementor-widget-wrap elementor-element-populated\">\n\t\t\t\t\t\t<div class=\"elementor-element elementor-element-c7c33f2 elementor-widget elementor-widget-spacer\" data-id=\"c7c33f2\" data-element_type=\"widget\" data-e-type=\"widget\" data-widget_type=\"spacer.default\">\n\t\t\t\t<div class=\"elementor-widget-container\">\n\t\t\t\t\t\t\t<div class=\"elementor-spacer\">\n\t\t\t<div class=\"elementor-spacer-inner\"><\/div>\n\t\t<\/div>\n\t\t\t\t\t\t<\/div>\n\t\t\t\t<\/div>\n\t\t\t\t<div class=\"elementor-element elementor-element-0ca093b elementor-widget elementor-widget-text-editor\" data-id=\"0ca093b\" data-element_type=\"widget\" data-e-type=\"widget\" data-widget_type=\"text-editor.default\">\n\t\t\t\t<div class=\"elementor-widget-container\">\n\t\t\t\t\t\t\t\t\t<h5>Verdoppeln Sie die Wirkung des CBD-Erlebnisses mit dem weltweit ersten Breitband-CBD-\u00d6l MULTI STRAIN<\/h5>\n<p>MELS TWO STRAIN 20% wird aus zwei verschiedenen Arten von Industriehanf hergestellt und liefert doppelt so viel Komplexit\u00e4t und medizinische Substanzen wie andere CBD-\u00d6le, um Schmerzen, Entz\u00fcndungen und Stress zu lindern, den Schlaf und die allgemeine Gesundheit zu verbessern.<\/p>\n<p>MELS TWO STRAIN 20% &#8211; THC FREE CBD-\u00d6l ist ideal f\u00fcr Profisportler, Angestellte in der Dienstleistungsbranche und alle, die es vermeiden m\u00f6chten, auch nur Spuren von THC zu sich zu nehmen, aber dennoch die gesundheitlichen Vorteile eines hochwertigen CBD-\u00d6ls genie\u00dfen m\u00f6chten.<\/p>\n<p>Das CBD-\u00d6l vereint alle guten Bestandteile der Cannabispflanze, ist aber zu 100% THC-frei. Unser doppelter Destillationsprozess filtert die Spuren von THC heraus und stellt gleichzeitig sicher, dass wir die anderen n\u00fctzlichen Cannabinoide, Flavonoide und nat\u00fcrlichen Terpene erhalten.<\/p>\n<p>Biologisch, frei von GVO, Pestiziden und giftigen Chemikalien.<br \/>Von einem unabh\u00e4ngigen Labor (Drittpartei) auf Reinheit, St\u00e4rke und Wirksamkeit getestet.<br \/>CO<sub>2<\/sub>-extrahiert, um alle Eigenschaften zu erhalten.<\/p>\n\t\t\t\t\t\t\t\t<\/div>\n\t\t\t\t<\/div>\n\t\t\t\t\t<\/div>\n\t\t<\/div>\n\t\t\t\t\t<\/div>\n\t\t<\/section>\n\t\t\t\t<section class=\"elementor-section elementor-top-section elementor-element elementor-element-98add33 elementor-section-boxed elementor-section-height-default elementor-section-height-default\" data-id=\"98add33\" data-element_type=\"section\" data-e-type=\"section\">\n\t\t\t\t\t\t<div class=\"elementor-container elementor-column-gap-default\">\n\t\t\t\t\t<div class=\"elementor-column elementor-col-100 elementor-top-column elementor-element elementor-element-c7d046f\" data-id=\"c7d046f\" data-element_type=\"column\" data-e-type=\"column\">\n\t\t\t<div class=\"elementor-widget-wrap elementor-element-populated\">\n\t\t\t\t\t\t<div class=\"elementor-element elementor-element-a392d3f elementor-widget-divider--view-line elementor-widget elementor-widget-divider\" data-id=\"a392d3f\" data-element_type=\"widget\" data-e-type=\"widget\" data-widget_type=\"divider.default\">\n\t\t\t\t<div class=\"elementor-widget-container\">\n\t\t\t\t\t\t\t<div class=\"elementor-divider\">\n\t\t\t<span class=\"elementor-divider-separator\">\n\t\t\t\t\t\t<\/span>\n\t\t<\/div>\n\t\t\t\t\t\t<\/div>\n\t\t\t\t<\/div>\n\t\t\t\t\t<\/div>\n\t\t<\/div>\n\t\t\t\t\t<\/div>\n\t\t<\/section>\n\t\t\t\t<section class=\"elementor-section elementor-top-section elementor-element elementor-element-3eb7b32 elementor-section-boxed elementor-section-height-default elementor-section-height-default\" data-id=\"3eb7b32\" data-element_type=\"section\" data-e-type=\"section\">\n\t\t\t\t\t\t<div class=\"elementor-container elementor-column-gap-default\">\n\t\t\t\t\t<div class=\"elementor-column elementor-col-33 elementor-top-column elementor-element elementor-element-9db7ca8\" data-id=\"9db7ca8\" data-element_type=\"column\" data-e-type=\"column\">\n\t\t\t<div class=\"elementor-widget-wrap elementor-element-populated\">\n\t\t\t\t\t\t<div class=\"elementor-element elementor-element-ec08020 elementor-widget elementor-widget-heading\" data-id=\"ec08020\" data-element_type=\"widget\" data-e-type=\"widget\" data-widget_type=\"heading.default\">\n\t\t\t\t<div class=\"elementor-widget-container\">\n\t\t\t\t\t<h5 class=\"elementor-heading-title elementor-size-medium\">Zutaten<\/h5>\t\t\t\t<\/div>\n\t\t\t\t<\/div>\n\t\t\t\t\t<\/div>\n\t\t<\/div>\n\t\t\t\t<div class=\"elementor-column elementor-col-66 elementor-top-column elementor-element elementor-element-ce9b48d\" data-id=\"ce9b48d\" data-element_type=\"column\" data-e-type=\"column\">\n\t\t\t<div class=\"elementor-widget-wrap elementor-element-populated\">\n\t\t\t\t\t\t<div class=\"elementor-element elementor-element-f78e41d elementor-widget elementor-widget-text-editor\" data-id=\"f78e41d\" data-element_type=\"widget\" data-e-type=\"widget\" data-widget_type=\"text-editor.default\">\n\t\t\t\t<div class=\"elementor-widget-container\">\n\t\t\t\t\t\t\t\t\t<p>2000 mg CBD\/CBDA\/CBC\/CBG Vollspektrum-Cannabinoide<\/p>\n<p>Bio-Hanfextrakt 4g<\/p>\n<p>MKT 6g<\/p>\n<p>THC&lt; 0,2 % (Spuren)<\/p>\n\t\t\t\t\t\t\t\t<\/div>\n\t\t\t\t<\/div>\n\t\t\t\t\t<\/div>\n\t\t<\/div>\n\t\t\t\t\t<\/div>\n\t\t<\/section>\n\t\t\t\t<section class=\"elementor-section elementor-top-section elementor-element elementor-element-64be34f elementor-section-boxed elementor-section-height-default elementor-section-height-default\" data-id=\"64be34f\" data-element_type=\"section\" data-e-type=\"section\">\n\t\t\t\t\t\t<div class=\"elementor-container elementor-column-gap-default\">\n\t\t\t\t\t<div class=\"elementor-column elementor-col-100 elementor-top-column elementor-element elementor-element-c9300c6\" data-id=\"c9300c6\" data-element_type=\"column\" data-e-type=\"column\">\n\t\t\t<div class=\"elementor-widget-wrap elementor-element-populated\">\n\t\t\t\t\t\t<div class=\"elementor-element elementor-element-deebec2 elementor-widget-divider--view-line elementor-widget elementor-widget-divider\" data-id=\"deebec2\" data-element_type=\"widget\" data-e-type=\"widget\" data-widget_type=\"divider.default\">\n\t\t\t\t<div class=\"elementor-widget-container\">\n\t\t\t\t\t\t\t<div class=\"elementor-divider\">\n\t\t\t<span class=\"elementor-divider-separator\">\n\t\t\t\t\t\t<\/span>\n\t\t<\/div>\n\t\t\t\t\t\t<\/div>\n\t\t\t\t<\/div>\n\t\t\t\t\t<\/div>\n\t\t<\/div>\n\t\t\t\t\t<\/div>\n\t\t<\/section>\n\t\t\t\t<section class=\"elementor-section elementor-top-section elementor-element elementor-element-834f82e elementor-section-boxed elementor-section-height-default elementor-section-height-default\" data-id=\"834f82e\" data-element_type=\"section\" data-e-type=\"section\">\n\t\t\t\t\t\t<div class=\"elementor-container elementor-column-gap-default\">\n\t\t\t\t\t<div class=\"elementor-column elementor-col-33 elementor-top-column elementor-element elementor-element-a5570d3\" data-id=\"a5570d3\" data-element_type=\"column\" data-e-type=\"column\">\n\t\t\t<div class=\"elementor-widget-wrap elementor-element-populated\">\n\t\t\t\t\t\t<div class=\"elementor-element elementor-element-eaa0b19 elementor-widget elementor-widget-heading\" data-id=\"eaa0b19\" data-element_type=\"widget\" data-e-type=\"widget\" data-widget_type=\"heading.default\">\n\t\t\t\t<div class=\"elementor-widget-container\">\n\t\t\t\t\t<h5 class=\"elementor-heading-title elementor-size-medium\">Beschreibung<\/h5>\t\t\t\t<\/div>\n\t\t\t\t<\/div>\n\t\t\t\t\t<\/div>\n\t\t<\/div>\n\t\t\t\t<div class=\"elementor-column elementor-col-66 elementor-top-column elementor-element elementor-element-2004d6d\" data-id=\"2004d6d\" data-element_type=\"column\" data-e-type=\"column\">\n\t\t\t<div class=\"elementor-widget-wrap elementor-element-populated\">\n\t\t\t\t\t\t<div class=\"elementor-element elementor-element-56c2ff3 elementor-widget elementor-widget-text-editor\" data-id=\"56c2ff3\" data-element_type=\"widget\" data-e-type=\"widget\" data-widget_type=\"text-editor.default\">\n\t\t\t\t<div class=\"elementor-widget-container\">\n\t\t\t\t\t\t\t\t\t<p>MELS TWO STRAIN 20% &#8211; THC FREE CBD \u00d6l wurde wissenschaftlich aus 2 verschiedenen Arten von Cannabispflanzen entwickelt, um ein hochwirksames und reines CBD \u00d6l zu erzeugen. Die Cannabispflanzen haben jeweils ihre eigenen einzigartigen Eigenschaften, die unseren \u00d6len eine synergetische und multidimensionale Wirkung verleihen.<\/p>\n<p class=\"p1\">Kunden haben berichtet, dass unser Breitband-CBD gut bei Gelenk-, Muskel-, R\u00fccken- und Nackenschmerzen, Entz\u00fcndungen, Arthritis, Angstzust\u00e4nden, Stress, Schlaflosigkeit, Zittern, Verdauung, Schlaf, neurologischen Problemen, Akne und vielen weiteren Problemen wirkt.<\/p>\n<p class=\"p1\">MELS TWO STRAIN 20% &#8211; THC FRI wird mit superkritischem CO2 (Kohlendioxid-Extraktion) extrahiert und f\u00fcr eine bessere Absorption mit MCT-\u00d6l gemischt. Es wurde von unserem Forschungsteam und Z\u00fcchtern wissenschaftlich entwickelt, um ein einzigartiges, kraftvolles und wirksames \u00d6l zur Verbesserung Ihrer Gesundheit zu liefern. 100% nat\u00fcrlich.<\/p>\n<p class=\"p1\">Breitspektrum-\u00d6le sind v\u00f6llig frei von dem psychoaktiven Cannabinoid THC, behalten aber die meisten n\u00fctzlichen Inhaltsstoffe, einschlie\u00dflich Terpene, bei. <\/p>\n<p>Das \u00d6l wurde von unserem Forschungsteam aus Chemikern und Hanfbauern wissenschaftlich entwickelt, um ein starkes, wirksames \u00d6l zu liefern, das Ihre Gesundheit und Energie verbessert und Ihnen hilft, die k\u00f6rperlichen Belastungen des Alltags zu bew\u00e4ltigen.<\/p>\n<p>Unsere liebevoll gepflegte Ernte vollreifer Pflanzen wird nur einmal im Jahr geerntet, damit sich die volle Tiefe und Komplexit\u00e4t der wohltuenden medizinischen Verbindungen voll entfalten kann. Unter Verwendung der gleichen alten Prinzipien, die seit Jahrhunderten von traditionellen Kr\u00e4uterkennern verwendet werden, ernten wir unsere Pflanzen an den drei Tagen unmittelbar vor und w\u00e4hrend eines Vollmonds. Auf diese Weise erreichen wir die ideale Zusammensetzung der gesundheitsf\u00f6rdernden Komponenten in dieser wunderbaren Pflanze.<\/p>\n<p>Wir sind unserem Konzept der kontinuierlichen Verbesserung verpflichtet und \u00fcberpr\u00fcfen und verbessern st\u00e4ndig unsere Prozesse, Praktiken und Pflanzenauswahl, um sicherzustellen, dass nur das beste organische und nachhaltige CBD-\u00d6l unsere Fabrik verl\u00e4sst.<\/p>\n<p>Unsere Pflanzen verbringen l\u00e4nger in der Sonne, die Herstellung unserer \u00d6le dauert l\u00e4nger und wir verbringen viel mehr Stunden mit Forschung und Entwicklung als f\u00fcr die Herstellung einer Vielzahl anderer Mainstream-CBD-\u00d6le.<\/p>\n<p>Die Produktion von MELS CBD-\u00d6len kann nicht \u00fcberst\u00fcrzt werden. Unsere Produkte liegen weit \u00fcber gew\u00f6hnlichen Standard\u00f6len und sind jedes Gramm zus\u00e4tzlicher M\u00fche, Liebe und Sorgfalt wert, die wir ihnen geben.<\/p>\n\t\t\t\t\t\t\t\t<\/div>\n\t\t\t\t<\/div>\n\t\t\t\t\t<\/div>\n\t\t<\/div>\n\t\t\t\t\t<\/div>\n\t\t<\/section>\n\t\t\t\t<section class=\"elementor-section elementor-top-section elementor-element elementor-element-0d679a3 elementor-section-boxed elementor-section-height-default elementor-section-height-default\" data-id=\"0d679a3\" data-element_type=\"section\" data-e-type=\"section\">\n\t\t\t\t\t\t<div class=\"elementor-container elementor-column-gap-default\">\n\t\t\t\t\t<div class=\"elementor-column elementor-col-100 elementor-top-column elementor-element elementor-element-ffbb5a4\" data-id=\"ffbb5a4\" data-element_type=\"column\" data-e-type=\"column\">\n\t\t\t<div class=\"elementor-widget-wrap elementor-element-populated\">\n\t\t\t\t\t\t<div class=\"elementor-element elementor-element-d212124 elementor-widget-divider--view-line elementor-widget elementor-widget-divider\" data-id=\"d212124\" data-element_type=\"widget\" data-e-type=\"widget\" data-widget_type=\"divider.default\">\n\t\t\t\t<div class=\"elementor-widget-container\">\n\t\t\t\t\t\t\t<div class=\"elementor-divider\">\n\t\t\t<span class=\"elementor-divider-separator\">\n\t\t\t\t\t\t<\/span>\n\t\t<\/div>\n\t\t\t\t\t\t<\/div>\n\t\t\t\t<\/div>\n\t\t\t\t\t<\/div>\n\t\t<\/div>\n\t\t\t\t\t<\/div>\n\t\t<\/section>\n\t\t\t\t<section class=\"elementor-section elementor-top-section elementor-element elementor-element-8815d52 elementor-section-boxed elementor-section-height-default elementor-section-height-default\" data-id=\"8815d52\" data-element_type=\"section\" data-e-type=\"section\">\n\t\t\t\t\t\t<div class=\"elementor-container elementor-column-gap-default\">\n\t\t\t\t\t<div class=\"elementor-column elementor-col-33 elementor-top-column elementor-element elementor-element-af37f3d\" data-id=\"af37f3d\" data-element_type=\"column\" data-e-type=\"column\">\n\t\t\t<div class=\"elementor-widget-wrap elementor-element-populated\">\n\t\t\t\t\t\t<div class=\"elementor-element elementor-element-e07acd8 elementor-widget elementor-widget-heading\" data-id=\"e07acd8\" data-element_type=\"widget\" data-e-type=\"widget\" data-widget_type=\"heading.default\">\n\t\t\t\t<div class=\"elementor-widget-container\">\n\t\t\t\t\t<h5 class=\"elementor-heading-title elementor-size-medium\">Andere Informationen<\/h5>\t\t\t\t<\/div>\n\t\t\t\t<\/div>\n\t\t\t\t\t<\/div>\n\t\t<\/div>\n\t\t\t\t<div class=\"elementor-column elementor-col-66 elementor-top-column elementor-element elementor-element-e2aa455\" data-id=\"e2aa455\" data-element_type=\"column\" data-e-type=\"column\">\n\t\t\t<div class=\"elementor-widget-wrap elementor-element-populated\">\n\t\t\t\t\t\t<div class=\"elementor-element elementor-element-0edfc41 elementor-widget elementor-widget-text-editor\" data-id=\"0edfc41\" data-element_type=\"widget\" data-e-type=\"widget\" data-widget_type=\"text-editor.default\">\n\t\t\t\t<div class=\"elementor-widget-container\">\n\t\t\t\t\t\t\t\t\t<p>Biologisch, frei von GVO, Pestiziden und giftigen Chemikalien.<br \/>Von einem unabh\u00e4ngigen Labor (Drittpartei) auf Reinheit, St\u00e4rke und Wirksamkeit getestet.<br \/>CO<sub>2<\/sub>-extrahiert, um alle Eigenschaften zu erhalten.<\/p>\n<p>Ohne THC<\/p>\n<p>Eigenschaften: Goldgelbe Farbe mit nat\u00fcrlichem Pflanzenaroma.<\/p>\n<p>Kann von Veganern verwendet werden.<\/p>\n<p>Lagerung: Unter 25 Grad Celsius. Vermeide direktes Sonnenlicht.<\/p>\n<p><span style=\"white-space: pre-wrap;\">Anwendung: Bitte gehen Sie auf die<\/span> Seite <a style=\"box-sizing: inherit; background-color: #ffffff; outline: 0px; white-space: pre-wrap;\" href=\"https:\/\/melseurope.com\/de\/so-nehmen-sie-unsere-cbd-oele-ein\" data-rich-text-format-boundary=\"true\">So nehmen Sie unsere \u00d6le ein<\/a> <span style=\"white-space: pre-wrap;\">, um sich die Anleitungsvideos anzusehen.<\/span><\/p>\n\t\t\t\t\t\t\t\t<\/div>\n\t\t\t\t<\/div>\n\t\t\t\t\t<\/div>\n\t\t<\/div>\n\t\t\t\t\t<\/div>\n\t\t<\/section>\n\t\t\t\t<section class=\"elementor-section elementor-top-section elementor-element elementor-element-58aebdb elementor-section-boxed elementor-section-height-default elementor-section-height-default\" data-id=\"58aebdb\" data-element_type=\"section\" data-e-type=\"section\">\n\t\t\t\t\t\t<div class=\"elementor-container elementor-column-gap-default\">\n\t\t\t\t\t<div class=\"elementor-column elementor-col-100 elementor-top-column elementor-element elementor-element-7c44389\" data-id=\"7c44389\" data-element_type=\"column\" data-e-type=\"column\">\n\t\t\t<div class=\"elementor-widget-wrap elementor-element-populated\">\n\t\t\t\t\t\t<div class=\"elementor-element elementor-element-fcb12db elementor-widget-divider--view-line elementor-widget elementor-widget-divider\" data-id=\"fcb12db\" data-element_type=\"widget\" data-e-type=\"widget\" data-widget_type=\"divider.default\">\n\t\t\t\t<div class=\"elementor-widget-container\">\n\t\t\t\t\t\t\t<div class=\"elementor-divider\">\n\t\t\t<span class=\"elementor-divider-separator\">\n\t\t\t\t\t\t<\/span>\n\t\t<\/div>\n\t\t\t\t\t\t<\/div>\n\t\t\t\t<\/div>\n\t\t\t\t\t<\/div>\n\t\t<\/div>\n\t\t\t\t\t<\/div>\n\t\t<\/section>\n\t\t\t\t<section class=\"elementor-section elementor-top-section elementor-element elementor-element-d0b98b2 elementor-section-boxed elementor-section-height-default elementor-section-height-default\" data-id=\"d0b98b2\" data-element_type=\"section\" data-e-type=\"section\">\n\t\t\t\t\t\t<div class=\"elementor-container elementor-column-gap-default\">\n\t\t\t\t\t<div class=\"elementor-column elementor-col-33 elementor-top-column elementor-element elementor-element-986cbdc\" data-id=\"986cbdc\" data-element_type=\"column\" data-e-type=\"column\">\n\t\t\t<div class=\"elementor-widget-wrap elementor-element-populated\">\n\t\t\t\t\t\t<div class=\"elementor-element elementor-element-84f2a99 elementor-widget elementor-widget-heading\" data-id=\"84f2a99\" data-element_type=\"widget\" data-e-type=\"widget\" data-widget_type=\"heading.default\">\n\t\t\t\t<div class=\"elementor-widget-container\">\n\t\t\t\t\t<h5 class=\"elementor-heading-title elementor-size-medium\">Haftungsausschluss<\/h5>\t\t\t\t<\/div>\n\t\t\t\t<\/div>\n\t\t\t\t\t<\/div>\n\t\t<\/div>\n\t\t\t\t<div class=\"elementor-column elementor-col-66 elementor-top-column elementor-element elementor-element-e7b8c7f\" data-id=\"e7b8c7f\" data-element_type=\"column\" data-e-type=\"column\">\n\t\t\t<div class=\"elementor-widget-wrap elementor-element-populated\">\n\t\t\t\t\t\t<div class=\"elementor-element elementor-element-c2f89d4 elementor-widget elementor-widget-text-editor\" data-id=\"c2f89d4\" data-element_type=\"widget\" data-e-type=\"widget\" data-widget_type=\"text-editor.default\">\n\t\t\t\t<div class=\"elementor-widget-container\">\n\t\t\t\t\t\t\t\t\t<p>CBD kann nicht als Ersatz f\u00fcr eine abwechslungsreiche Ern\u00e4hrung verwendet werden. Um Ihre Gesundheit zu erhalten, sollten Sie sich abwechslungsreich ern\u00e4hren und einen gesunden Lebensstil f\u00fchren.<\/p>\n<p>Nicht an Kinder unter 12 Jahren, schwangere oder stillende M\u00fctter verabreichen. CBD sollte nicht gleichzeitig mit Antidepressiva [SSRIs, SNRIs, MAO-Hemmern], antiviralen Medikamenten gegen eine HIV\/AIDS-Infektion oder als Teil der Behandlung nach einer Organtransplantation angewendet werden.<\/p>\n\t\t\t\t\t\t\t\t<\/div>\n\t\t\t\t<\/div>\n\t\t\t\t\t<\/div>\n\t\t<\/div>\n\t\t\t\t\t<\/div>\n\t\t<\/section>\n\t\t\t\t<section class=\"elementor-section elementor-top-section elementor-element elementor-element-df554d8 elementor-section-boxed elementor-section-height-default elementor-section-height-default\" data-id=\"df554d8\" data-element_type=\"section\" data-e-type=\"section\">\n\t\t\t\t\t\t<div class=\"elementor-container elementor-column-gap-default\">\n\t\t\t\t\t<div class=\"elementor-column elementor-col-100 elementor-top-column elementor-element elementor-element-947cfd3\" data-id=\"947cfd3\" data-element_type=\"column\" data-e-type=\"column\">\n\t\t\t<div class=\"elementor-widget-wrap elementor-element-populated\">\n\t\t\t\t\t\t<div class=\"elementor-element elementor-element-7f46e66 elementor-widget-divider--view-line elementor-widget elementor-widget-divider\" data-id=\"7f46e66\" data-element_type=\"widget\" data-e-type=\"widget\" data-widget_type=\"divider.default\">\n\t\t\t\t<div class=\"elementor-widget-container\">\n\t\t\t\t\t\t\t<div class=\"elementor-divider\">\n\t\t\t<span class=\"elementor-divider-separator\">\n\t\t\t\t\t\t<\/span>\n\t\t<\/div>\n\t\t\t\t\t\t<\/div>\n\t\t\t\t<\/div>\n\t\t\t\t\t<\/div>\n\t\t<\/div>\n\t\t\t\t\t<\/div>\n\t\t<\/section>\n\t\t\t\t<\/div>\n\t\t","protected":false},"excerpt":{"rendered":"<p><strong>20% CBD-\u00d6l mit breitem Wirkungsspektrum <\/strong><strong>mit Bio-MCT aus biologisch angebautem Hanf in Europa, CO<sub>2<\/sub>-extrahiert. Ohne THC.<\/strong><\/p>\n<p><strong>1 Tropfen enth\u00e4lt 10 mg CBD<\/strong><\/p>\n","protected":false},"featured_media":28823,"comment_status":"open","ping_status":"closed","template":"elementor_theme","meta":{"_kad_blocks_custom_css":"","_kad_blocks_head_custom_js":"","_kad_blocks_body_custom_js":"","_kad_blocks_footer_custom_js":"","_kad_post_transparent":"default","_kad_post_title":"","_kad_post_layout":"default","_kad_post_sidebar_id":"","_kad_post_content_style":"default","_kad_post_vertical_padding":"default","_kad_post_feature":"","_kad_post_feature_position":"","_kad_post_header":false,"_kad_post_footer":false,"_kad_post_classname":""},"product_brand":[],"product_cat":[729,647],"product_tag":[516,515,309,639,392,514,382],"class_list":{"0":"post-26511","1":"product","2":"type-product","3":"status-publish","4":"has-post-thumbnail","6":"product_cat-ohne-thc","7":"product_cat-ole-de","8":"product_tag-bio","9":"product_tag-breites-spektrum","10":"product_tag-cbd-de","11":"product_tag-deutch","12":"product_tag-mels-de","13":"product_tag-ohne-thc","14":"product_tag-thc-frei","15":"product_shipping_class-gewichtsklasse-1","17":"first","18":"instock","19":"shipping-taxable","20":"purchasable","21":"product-type-simple","22":"entry","23":"content-bg","24":"loop-entry"},"taxonomy_info":{"product_cat":[{"value":729,"label":"OHNE THC"},{"value":647,"label":"\u00d6le"}],"product_tag":[{"value":516,"label":"Bio"},{"value":515,"label":"breites Spektrum"},{"value":309,"label":"cbd"},{"value":639,"label":"deutch"},{"value":392,"label":"mels"},{"value":514,"label":"ohne THC"},{"value":382,"label":"thc-frei"}]},"featured_image_src_large":["https:\/\/melseurope.com\/wp-content\/uploads\/2022\/05\/TWO-STRAIN-20-THC-FREE-Box-and-Bottle-1024x1024.png",1024,1024,true],"author_info":[],"comment_info":8,"_links":{"self":[{"href":"https:\/\/melseurope.com\/de\/wp-json\/wp\/v2\/product\/26511","targetHints":{"allow":["GET"]}}],"collection":[{"href":"https:\/\/melseurope.com\/de\/wp-json\/wp\/v2\/product"}],"about":[{"href":"https:\/\/melseurope.com\/de\/wp-json\/wp\/v2\/types\/product"}],"replies":[{"embeddable":true,"href":"https:\/\/melseurope.com\/de\/wp-json\/wp\/v2\/comments?post=26511"}],"version-history":[{"count":0,"href":"https:\/\/melseurope.com\/de\/wp-json\/wp\/v2\/product\/26511\/revisions"}],"wp:featuredmedia":[{"embeddable":true,"href":"https:\/\/melseurope.com\/de\/wp-json\/wp\/v2\/media\/28823"}],"wp:attachment":[{"href":"https:\/\/melseurope.com\/de\/wp-json\/wp\/v2\/media?parent=26511"}],"wp:term":[{"taxonomy":"product_brand","embeddable":true,"href":"https:\/\/melseurope.com\/de\/wp-json\/wp\/v2\/product_brand?post=26511"},{"taxonomy":"product_cat","embeddable":true,"href":"https:\/\/melseurope.com\/de\/wp-json\/wp\/v2\/product_cat?post=26511"},{"taxonomy":"product_tag","embeddable":true,"href":"https:\/\/melseurope.com\/de\/wp-json\/wp\/v2\/product_tag?post=26511"}],"curies":[{"name":"wp","href":"https:\/\/api.w.org\/{rel}","templated":true}]}}