{"id":32789,"date":"2024-08-01T15:56:13","date_gmt":"2024-08-01T13:56:13","guid":{"rendered":"https:\/\/melsbymelissa.com\/product\/mels-collagen"},"modified":"2025-10-25T14:07:19","modified_gmt":"2025-10-25T12:07:19","slug":"mels-collagen","status":"publish","type":"product","link":"https:\/\/melseurope.com\/de\/produkt\/mels-collagen","title":{"rendered":"MELS COLLAGEN"},"content":{"rendered":"\t\t<div data-elementor-type=\"product-post\" data-elementor-id=\"32789\" class=\"elementor elementor-32789 elementor-32473\" data-elementor-post-type=\"product\">\n\t\t\t\t<div class=\"elementor-element elementor-element-6b33f07 e-con-full full-width e-flex e-con e-parent\" data-id=\"6b33f07\" data-element_type=\"container\" data-e-type=\"container\" data-settings=\"{&quot;background_background&quot;:&quot;classic&quot;}\">\n\t\t\t\t<div class=\"elementor-element elementor-element-801bbea elementor-icon-list--layout-inline elementor-align-center elementor-list-item-link-full_width elementor-widget elementor-widget-icon-list\" data-id=\"801bbea\" data-element_type=\"widget\" data-e-type=\"widget\" data-widget_type=\"icon-list.default\">\n\t\t\t\t<div class=\"elementor-widget-container\">\n\t\t\t\t\t\t\t<ul class=\"elementor-icon-list-items elementor-inline-items\">\n\t\t\t\t\t\t\t<li class=\"elementor-icon-list-item elementor-inline-item\">\n\t\t\t\t\t\t\t\t\t\t\t<span class=\"elementor-icon-list-icon\">\n\t\t\t\t\t\t\t<i aria-hidden=\"true\" class=\"shop_icon shop_icon-bag-2\"><\/i>\t\t\t\t\t\t<\/span>\n\t\t\t\t\t\t\t\t\t\t<span class=\"elementor-icon-list-text\">30 g<\/span>\n\t\t\t\t\t\t\t\t\t<\/li>\n\t\t\t\t\t\t\t\t<li class=\"elementor-icon-list-item elementor-inline-item\">\n\t\t\t\t\t\t\t\t\t\t\t<span class=\"elementor-icon-list-icon\">\n\t\t\t\t\t\t\t<svg aria-hidden=\"true\" class=\"e-font-icon-svg e-far-calendar-alt\" viewBox=\"0 0 448 512\" xmlns=\"http:\/\/www.w3.org\/2000\/svg\"><path d=\"M148 288h-40c-6.6 0-12-5.4-12-12v-40c0-6.6 5.4-12 12-12h40c6.6 0 12 5.4 12 12v40c0 6.6-5.4 12-12 12zm108-12v-40c0-6.6-5.4-12-12-12h-40c-6.6 0-12 5.4-12 12v40c0 6.6 5.4 12 12 12h40c6.6 0 12-5.4 12-12zm96 0v-40c0-6.6-5.4-12-12-12h-40c-6.6 0-12 5.4-12 12v40c0 6.6 5.4 12 12 12h40c6.6 0 12-5.4 12-12zm-96 96v-40c0-6.6-5.4-12-12-12h-40c-6.6 0-12 5.4-12 12v40c0 6.6 5.4 12 12 12h40c6.6 0 12-5.4 12-12zm-96 0v-40c0-6.6-5.4-12-12-12h-40c-6.6 0-12 5.4-12 12v40c0 6.6 5.4 12 12 12h40c6.6 0 12-5.4 12-12zm192 0v-40c0-6.6-5.4-12-12-12h-40c-6.6 0-12 5.4-12 12v40c0 6.6 5.4 12 12 12h40c6.6 0 12-5.4 12-12zm96-260v352c0 26.5-21.5 48-48 48H48c-26.5 0-48-21.5-48-48V112c0-26.5 21.5-48 48-48h48V12c0-6.6 5.4-12 12-12h40c6.6 0 12 5.4 12 12v52h128V12c0-6.6 5.4-12 12-12h40c6.6 0 12 5.4 12 12v52h48c26.5 0 48 21.5 48 48zm-48 346V160H48v298c0 3.3 2.7 6 6 6h340c3.3 0 6-2.7 6-6z\"><\/path><\/svg>\t\t\t\t\t\t<\/span>\n\t\t\t\t\t\t\t\t\t\t<span class=\"elementor-icon-list-text\">30 Tagesdosen<\/span>\n\t\t\t\t\t\t\t\t\t<\/li>\n\t\t\t\t\t\t<\/ul>\n\t\t\t\t\t\t<\/div>\n\t\t\t\t<\/div>\n\t\t\t\t<\/div>\n\t\t<div class=\"elementor-element elementor-element-ca40b04 e-flex e-con-boxed e-con e-parent\" data-id=\"ca40b04\" data-element_type=\"container\" data-e-type=\"container\">\n\t\t\t\t\t<div class=\"e-con-inner\">\n\t\t<div class=\"elementor-element elementor-element-5152592 e-con-full e-flex e-con e-child\" data-id=\"5152592\" data-element_type=\"container\" data-e-type=\"container\">\n\t\t\t\t<div class=\"elementor-element elementor-element-a0a9187 elementor-widget elementor-widget-heading\" data-id=\"a0a9187\" data-element_type=\"widget\" data-e-type=\"widget\" data-widget_type=\"heading.default\">\n\t\t\t\t<div class=\"elementor-widget-container\">\n\t\t\t\t\t<h5 class=\"elementor-heading-title elementor-size-default\">Beschreibung<\/h5>\t\t\t\t<\/div>\n\t\t\t\t<\/div>\n\t\t\t\t<\/div>\n\t\t<div class=\"elementor-element elementor-element-e7c3562 e-con-full e-flex e-con e-child\" data-id=\"e7c3562\" data-element_type=\"container\" data-e-type=\"container\">\n\t\t\t\t<div class=\"elementor-element elementor-element-a494a1c elementor-widget elementor-widget-text-editor\" data-id=\"a494a1c\" data-element_type=\"widget\" data-e-type=\"widget\" data-widget_type=\"text-editor.default\">\n\t\t\t\t<div class=\"elementor-widget-container\">\n\t\t\t\t\t\t\t\t\t<p>MELS Collagen Peptides ist ein Nahrungserg\u00e4nzungsmittel mit Rinderkollagenprotein.<\/p>\n<p>Kollagen ist ein wichtiges Protein, das nat\u00fcrlich in unserem K\u00f6rper vorkommt und dazu beitr\u00e4gt, die Struktur und Elastizit\u00e4t von Haut, Haaren, N\u00e4geln, Gelenken und Bindegewebe zu erhalten.\nEs ist auch belegt, dass Kollagen bei langfristiger Anwendung einen minimierenden Effekt auf Falten und Cellulite haben kann. <\/p>\n<p>Als Nahrungserg\u00e4nzungsmittel kann Rinderkollagenpulver eine ausgezeichnete Quelle f\u00fcr zus\u00e4tzliches Protein sein.\nEs kann dazu beitragen, die Gesundheit von Haut, Haaren und N\u00e4geln zu unterst\u00fctzen, indem es dem K\u00f6rper die notwendigen Bausteine f\u00fcr Gewebewachstum und -reparatur liefert. <\/p>\n<p>Viele Menschen entscheiden sich daf\u00fcr, Kollagenpulver als t\u00e4gliche Erg\u00e4nzung in ihre Ern\u00e4hrung aufzunehmen, um die Elastizit\u00e4t der Haut zu st\u00e4rken, ein gesundes Haarwachstum zu f\u00f6rdern und die N\u00e4gel zu kr\u00e4ftigen.<\/p>\n<p>MELS Collagen Peptides ist ein 100%iges Rinderkollagenpulver, das in Europa hergestellt wird.<\/p>\t\t\t\t\t\t\t\t<\/div>\n\t\t\t\t<\/div>\n\t\t\t\t<\/div>\n\t\t\t\t\t<\/div>\n\t\t\t\t<\/div>\n\t\t<div class=\"elementor-element elementor-element-74a1d29 e-flex e-con-boxed e-con e-parent\" data-id=\"74a1d29\" data-element_type=\"container\" data-e-type=\"container\">\n\t\t\t\t\t<div class=\"e-con-inner\">\n\t\t\t\t<div class=\"elementor-element elementor-element-19343be elementor-widget-divider--view-line elementor-widget elementor-widget-divider\" data-id=\"19343be\" data-element_type=\"widget\" data-e-type=\"widget\" data-widget_type=\"divider.default\">\n\t\t\t\t<div class=\"elementor-widget-container\">\n\t\t\t\t\t\t\t<div class=\"elementor-divider\">\n\t\t\t<span class=\"elementor-divider-separator\">\n\t\t\t\t\t\t<\/span>\n\t\t<\/div>\n\t\t\t\t\t\t<\/div>\n\t\t\t\t<\/div>\n\t\t\t\t\t<\/div>\n\t\t\t\t<\/div>\n\t\t<div class=\"elementor-element elementor-element-5d08b76 e-flex e-con-boxed e-con e-parent\" data-id=\"5d08b76\" data-element_type=\"container\" data-e-type=\"container\">\n\t\t\t\t\t<div class=\"e-con-inner\">\n\t\t<div class=\"elementor-element elementor-element-4d6199c e-con-full e-flex e-con e-child\" data-id=\"4d6199c\" data-element_type=\"container\" data-e-type=\"container\">\n\t\t\t\t<div class=\"elementor-element elementor-element-2aaf367 elementor-widget elementor-widget-heading\" data-id=\"2aaf367\" data-element_type=\"widget\" data-e-type=\"widget\" data-widget_type=\"heading.default\">\n\t\t\t\t<div class=\"elementor-widget-container\">\n\t\t\t\t\t<h5 class=\"elementor-heading-title elementor-size-default\">Zutaten<\/h5>\t\t\t\t<\/div>\n\t\t\t\t<\/div>\n\t\t\t\t<\/div>\n\t\t<div class=\"elementor-element elementor-element-c682c34 e-con-full e-flex e-con e-child\" data-id=\"c682c34\" data-element_type=\"container\" data-e-type=\"container\">\n\t\t\t\t<div class=\"elementor-element elementor-element-af1ed08 elementor-widget elementor-widget-text-editor\" data-id=\"af1ed08\" data-element_type=\"widget\" data-e-type=\"widget\" data-widget_type=\"text-editor.default\">\n\t\t\t\t<div class=\"elementor-widget-container\">\n\t\t\t\t\t\t\t\t\t<p>300g Kollagenpulver<\/p>\n<p>\u00c4quivalent zu ca.<br \/>\n30 Tagen der Nutzung. <\/p>\n\t\t\t\t\t\t\t\t<\/div>\n\t\t\t\t<\/div>\n\t\t\t\t<\/div>\n\t\t\t\t\t<\/div>\n\t\t\t\t<\/div>\n\t\t<div class=\"elementor-element elementor-element-8c41c36 e-flex e-con-boxed e-con e-parent\" data-id=\"8c41c36\" data-element_type=\"container\" data-e-type=\"container\">\n\t\t\t\t\t<div class=\"e-con-inner\">\n\t\t\t\t<div class=\"elementor-element elementor-element-21cb3a7 elementor-widget-divider--view-line elementor-widget elementor-widget-divider\" data-id=\"21cb3a7\" data-element_type=\"widget\" data-e-type=\"widget\" data-widget_type=\"divider.default\">\n\t\t\t\t<div class=\"elementor-widget-container\">\n\t\t\t\t\t\t\t<div class=\"elementor-divider\">\n\t\t\t<span class=\"elementor-divider-separator\">\n\t\t\t\t\t\t<\/span>\n\t\t<\/div>\n\t\t\t\t\t\t<\/div>\n\t\t\t\t<\/div>\n\t\t\t\t\t<\/div>\n\t\t\t\t<\/div>\n\t\t<div class=\"elementor-element elementor-element-3cd86ba e-flex e-con-boxed e-con e-parent\" data-id=\"3cd86ba\" data-element_type=\"container\" data-e-type=\"container\">\n\t\t\t\t\t<div class=\"e-con-inner\">\n\t\t<div class=\"elementor-element elementor-element-440e80e e-con-full e-flex e-con e-child\" data-id=\"440e80e\" data-element_type=\"container\" data-e-type=\"container\">\n\t\t\t\t<div class=\"elementor-element elementor-element-515c5e5 elementor-widget elementor-widget-heading\" data-id=\"515c5e5\" data-element_type=\"widget\" data-e-type=\"widget\" data-widget_type=\"heading.default\">\n\t\t\t\t<div class=\"elementor-widget-container\">\n\t\t\t\t\t<h5 class=\"elementor-heading-title elementor-size-default\">Gebrauchsanweisung<\/h5>\t\t\t\t<\/div>\n\t\t\t\t<\/div>\n\t\t\t\t<\/div>\n\t\t<div class=\"elementor-element elementor-element-66bca6e e-con-full e-flex e-con e-child\" data-id=\"66bca6e\" data-element_type=\"container\" data-e-type=\"container\">\n\t\t\t\t<div class=\"elementor-element elementor-element-937d9b4 elementor-widget elementor-widget-text-editor\" data-id=\"937d9b4\" data-element_type=\"widget\" data-e-type=\"widget\" data-widget_type=\"text-editor.default\">\n\t\t\t\t<div class=\"elementor-widget-container\">\n\t\t\t\t\t\t\t\t\t<p>Nehmen Sie 1 Messl\u00f6ffel und geben Sie ihn z.B. in Ihren Kaffee oder Tee.<br \/>\nVerwenden Sie einen Stabmixer f\u00fcr einen cremigen Effekt. <\/p>\n<p>Kann auch in anderen Getr\u00e4nken verwendet oder in Smoothies und Joghurts etc. gemischt werden.<\/p>\n\t\t\t\t\t\t\t\t<\/div>\n\t\t\t\t<\/div>\n\t\t\t\t<\/div>\n\t\t\t\t\t<\/div>\n\t\t\t\t<\/div>\n\t\t<div class=\"elementor-element elementor-element-ed16414 e-flex e-con-boxed e-con e-parent\" data-id=\"ed16414\" data-element_type=\"container\" data-e-type=\"container\">\n\t\t\t\t\t<div class=\"e-con-inner\">\n\t\t\t\t<div class=\"elementor-element elementor-element-3055ac0 elementor-widget-divider--view-line elementor-widget elementor-widget-divider\" data-id=\"3055ac0\" data-element_type=\"widget\" data-e-type=\"widget\" data-widget_type=\"divider.default\">\n\t\t\t\t<div class=\"elementor-widget-container\">\n\t\t\t\t\t\t\t<div class=\"elementor-divider\">\n\t\t\t<span class=\"elementor-divider-separator\">\n\t\t\t\t\t\t<\/span>\n\t\t<\/div>\n\t\t\t\t\t\t<\/div>\n\t\t\t\t<\/div>\n\t\t\t\t\t<\/div>\n\t\t\t\t<\/div>\n\t\t<div class=\"elementor-element elementor-element-2ce9a57 e-flex e-con-boxed e-con e-parent\" data-id=\"2ce9a57\" data-element_type=\"container\" data-e-type=\"container\">\n\t\t\t\t\t<div class=\"e-con-inner\">\n\t\t<div class=\"elementor-element elementor-element-6abcc3c e-con-full e-flex e-con e-child\" data-id=\"6abcc3c\" data-element_type=\"container\" data-e-type=\"container\">\n\t\t\t\t<div class=\"elementor-element elementor-element-db211d3 elementor-widget elementor-widget-heading\" data-id=\"db211d3\" data-element_type=\"widget\" data-e-type=\"widget\" data-widget_type=\"heading.default\">\n\t\t\t\t<div class=\"elementor-widget-container\">\n\t\t\t\t\t<h5 class=\"elementor-heading-title elementor-size-default\">Andere Informationen<\/h5>\t\t\t\t<\/div>\n\t\t\t\t<\/div>\n\t\t\t\t<\/div>\n\t\t<div class=\"elementor-element elementor-element-ebf51ab e-con-full e-flex e-con e-child\" data-id=\"ebf51ab\" data-element_type=\"container\" data-e-type=\"container\">\n\t\t\t\t<div class=\"elementor-element elementor-element-ae270f3 elementor-widget elementor-widget-text-editor\" data-id=\"ae270f3\" data-element_type=\"widget\" data-e-type=\"widget\" data-widget_type=\"text-editor.default\">\n\t\t\t\t<div class=\"elementor-widget-container\">\n\t\t\t\t\t\t\t\t\t<p>Nat\u00fcrlich, frei von GVO, Pestiziden und giftigen Chemikalien.<br \/>Die Farbe ist wei\u00df, ohne Geschmack oder Zusatzstoffe.<br \/>\nKein Geruch. <\/p>\n<p>Lagerung: Kann im Originalbeh\u00e4lter aufbewahrt werden.<br \/>Unter 25 Grad Celsius.<br \/>\nVermeiden Sie direktes Sonnenlicht. <\/p>\n<p>Alle Futtermittel f\u00fcr Rinder in der EU entsprechen der Verordnung (EG) Nr. 999\/2001 in Bezug auf das Verbot bestimmter Inhaltsstoffe wie z.B. verarbeitete tierische Proteine, die Herkunft der Rohstoffe und das Herstellungsverfahren, einschlie\u00dflich Sterilisation und W\u00e4rmebehandlung.<br \/>\nDie Tiere werden in \u00dcbereinstimmung mit den amtlichen Veterin\u00e4rkontrollen vor und nach der Schlachtung behandelt. <\/p>\n<p>Wir stellen auch sicher, dass die Kollagenpeptide von Tieren stammen, die ethisch und nachhaltig behandelt wurden und keine Hormone verwenden.<br \/>\nWir legen Wert auf vollst\u00e4ndige Transparenz und Qualit\u00e4tssicherung w\u00e4hrend des gesamten Produktionsprozesses, damit Sie MELS f\u00fcr Ihren Kollagenbedarf vertrauen k\u00f6nnen. <\/p>\n\t\t\t\t\t\t\t\t<\/div>\n\t\t\t\t<\/div>\n\t\t\t\t<\/div>\n\t\t\t\t\t<\/div>\n\t\t\t\t<\/div>\n\t\t<div class=\"elementor-element elementor-element-7a35333 e-flex e-con-boxed e-con e-parent\" data-id=\"7a35333\" data-element_type=\"container\" data-e-type=\"container\">\n\t\t\t\t\t<div class=\"e-con-inner\">\n\t\t\t\t<div class=\"elementor-element elementor-element-fa146d9 elementor-widget-divider--view-line elementor-widget elementor-widget-divider\" data-id=\"fa146d9\" data-element_type=\"widget\" data-e-type=\"widget\" data-widget_type=\"divider.default\">\n\t\t\t\t<div class=\"elementor-widget-container\">\n\t\t\t\t\t\t\t<div class=\"elementor-divider\">\n\t\t\t<span class=\"elementor-divider-separator\">\n\t\t\t\t\t\t<\/span>\n\t\t<\/div>\n\t\t\t\t\t\t<\/div>\n\t\t\t\t<\/div>\n\t\t\t\t\t<\/div>\n\t\t\t\t<\/div>\n\t\t<div class=\"elementor-element elementor-element-dad4134 e-flex e-con-boxed e-con e-parent\" data-id=\"dad4134\" data-element_type=\"container\" data-e-type=\"container\">\n\t\t\t\t\t<div class=\"e-con-inner\">\n\t\t<div class=\"elementor-element elementor-element-fac4774 e-con-full e-flex e-con e-child\" data-id=\"fac4774\" data-element_type=\"container\" data-e-type=\"container\">\n\t\t\t\t<div class=\"elementor-element elementor-element-fa0efdb elementor-widget elementor-widget-heading\" data-id=\"fa0efdb\" data-element_type=\"widget\" data-e-type=\"widget\" data-widget_type=\"heading.default\">\n\t\t\t\t<div class=\"elementor-widget-container\">\n\t\t\t\t\t<h5 class=\"elementor-heading-title elementor-size-default\">Haftungsausschluss<\/h5>\t\t\t\t<\/div>\n\t\t\t\t<\/div>\n\t\t\t\t<\/div>\n\t\t<div class=\"elementor-element elementor-element-1826c43 e-con-full e-flex e-con e-child\" data-id=\"1826c43\" data-element_type=\"container\" data-e-type=\"container\">\n\t\t\t\t<div class=\"elementor-element elementor-element-9c0d32f elementor-widget elementor-widget-text-editor\" data-id=\"9c0d32f\" data-element_type=\"widget\" data-e-type=\"widget\" data-widget_type=\"text-editor.default\">\n\t\t\t\t<div class=\"elementor-widget-container\">\n\t\t\t\t\t\t\t\t\t<p>Die Informationen, die Sie auf dieser Seite finden, dienen nur zu Informationszwecken und sollten nicht als medizinischer Rat oder Anleitung verstanden werden.<br \/>\nDie verkauften Produkte sind nicht dazu gedacht, die Einnahme von verschreibungspflichtigen Medikamenten zu ersetzen. <\/p>\n<p>MELS behauptet NICHT, dass MELS Produkte Krankheiten behandeln oder verhindern oder irgendwelche gesundheitlichen Auswirkungen haben.<br \/>\nKonsultieren Sie einen Arzt, wenn Sie unsicher sind, eine Diagnose haben und\/oder unter 18 Jahre alt oder schwanger\/stillend sind, bevor Sie CBD verwenden. <\/p>\n<p>MELS \u00fcbernimmt keine Haftung f\u00fcr die Verwendung von MELS Produkten.<\/p>\n\t\t\t\t\t\t\t\t<\/div>\n\t\t\t\t<\/div>\n\t\t\t\t<\/div>\n\t\t\t\t\t<\/div>\n\t\t\t\t<\/div>\n\t\t\t\t<\/div>\n\t\t","protected":false},"excerpt":{"rendered":"<h5>Nat\u00fcrlich hergestelltes Rinderkollagen. Hergestellt in Europa. <\/h5>\n<p> 300g Kollagenpulver f\u00fcr ca. 30 Tage Gebrauch. <\/p>\n","protected":false},"featured_media":32477,"comment_status":"open","ping_status":"closed","template":"elementor_theme","meta":{"_kad_blocks_custom_css":"","_kad_blocks_head_custom_js":"","_kad_blocks_body_custom_js":"","_kad_blocks_footer_custom_js":"","_kad_post_transparent":"","_kad_post_title":"","_kad_post_layout":"","_kad_post_sidebar_id":"","_kad_post_content_style":"","_kad_post_vertical_padding":"","_kad_post_feature":"","_kad_post_feature_position":"","_kad_post_header":false,"_kad_post_footer":false,"_kad_post_classname":""},"product_brand":[],"product_cat":[844,543],"product_tag":[548,546,544,392,549,547,545],"class_list":{"0":"post-32789","1":"product","2":"type-product","3":"status-publish","4":"has-post-thumbnail","6":"product_cat-getrank-de","7":"product_cat-kollagen-de","8":"product_tag-gelenke","9":"product_tag-haare","10":"product_tag-kollagen-de","11":"product_tag-mels-de","12":"product_tag-muskel","13":"product_tag-nagel","14":"product_tag-peptide","15":"product_shipping_class-gewichtsklasse-2","17":"first","18":"instock","19":"shipping-taxable","20":"purchasable","21":"product-type-simple","22":"entry","23":"content-bg","24":"loop-entry"},"taxonomy_info":{"product_cat":[{"value":844,"label":"Getr\u00e4nk"},{"value":543,"label":"Kollagen"}],"product_tag":[{"value":548,"label":"Gelenke"},{"value":546,"label":"Haare"},{"value":544,"label":"Kollagen"},{"value":392,"label":"mels"},{"value":549,"label":"Muskel"},{"value":547,"label":"N\u00e4gel"},{"value":545,"label":"Peptide"}]},"featured_image_src_large":["https:\/\/melseurope.com\/wp-content\/uploads\/2024\/06\/collagen-product-front-1024x1024.png",1024,1024,true],"author_info":[],"comment_info":0,"_links":{"self":[{"href":"https:\/\/melseurope.com\/de\/wp-json\/wp\/v2\/product\/32789","targetHints":{"allow":["GET"]}}],"collection":[{"href":"https:\/\/melseurope.com\/de\/wp-json\/wp\/v2\/product"}],"about":[{"href":"https:\/\/melseurope.com\/de\/wp-json\/wp\/v2\/types\/product"}],"replies":[{"embeddable":true,"href":"https:\/\/melseurope.com\/de\/wp-json\/wp\/v2\/comments?post=32789"}],"version-history":[{"count":0,"href":"https:\/\/melseurope.com\/de\/wp-json\/wp\/v2\/product\/32789\/revisions"}],"wp:featuredmedia":[{"embeddable":true,"href":"https:\/\/melseurope.com\/de\/wp-json\/wp\/v2\/media\/32477"}],"wp:attachment":[{"href":"https:\/\/melseurope.com\/de\/wp-json\/wp\/v2\/media?parent=32789"}],"wp:term":[{"taxonomy":"product_brand","embeddable":true,"href":"https:\/\/melseurope.com\/de\/wp-json\/wp\/v2\/product_brand?post=32789"},{"taxonomy":"product_cat","embeddable":true,"href":"https:\/\/melseurope.com\/de\/wp-json\/wp\/v2\/product_cat?post=32789"},{"taxonomy":"product_tag","embeddable":true,"href":"https:\/\/melseurope.com\/de\/wp-json\/wp\/v2\/product_tag?post=32789"}],"curies":[{"name":"wp","href":"https:\/\/api.w.org\/{rel}","templated":true}]}}