{"id":33227,"date":"2025-02-11T14:10:02","date_gmt":"2025-02-11T13:10:02","guid":{"rendered":"https:\/\/melsbymelissa.com\/product\/mels-kakao"},"modified":"2025-12-04T20:09:00","modified_gmt":"2025-12-04T19:09:00","slug":"mels-kakao","status":"publish","type":"product","link":"https:\/\/melseurope.com\/de\/produkt\/mels-kakao","title":{"rendered":"MELS Kakao"},"content":{"rendered":"\t\t<div data-elementor-type=\"product-post\" data-elementor-id=\"33227\" class=\"elementor elementor-33227 elementor-33204\" data-elementor-post-type=\"product\">\n\t\t\t\t<div class=\"elementor-element elementor-element-a608417 full-width e-flex e-con-boxed e-con e-parent\" data-id=\"a608417\" data-element_type=\"container\" data-e-type=\"container\" data-settings=\"{&quot;background_background&quot;:&quot;classic&quot;}\">\n\t\t\t\t\t<div class=\"e-con-inner\">\n\t\t\t\t<div class=\"elementor-element elementor-element-dd06191 elementor-icon-list--layout-inline elementor-align-center elementor-list-item-link-full_width elementor-widget elementor-widget-icon-list\" data-id=\"dd06191\" data-element_type=\"widget\" data-e-type=\"widget\" data-widget_type=\"icon-list.default\">\n\t\t\t\t<div class=\"elementor-widget-container\">\n\t\t\t\t\t\t\t<ul class=\"elementor-icon-list-items elementor-inline-items\">\n\t\t\t\t\t\t\t<li class=\"elementor-icon-list-item elementor-inline-item\">\n\t\t\t\t\t\t\t\t\t\t\t<span class=\"elementor-icon-list-icon\">\n\t\t\t\t\t\t\t<i aria-hidden=\"true\" class=\"shop_icon shop_icon-bag-2\"><\/i>\t\t\t\t\t\t<\/span>\n\t\t\t\t\t\t\t\t\t\t<span class=\"elementor-icon-list-text\">300 g<\/span>\n\t\t\t\t\t\t\t\t\t<\/li>\n\t\t\t\t\t\t\t\t<li class=\"elementor-icon-list-item elementor-inline-item\">\n\t\t\t\t\t\t\t\t\t\t\t<span class=\"elementor-icon-list-icon\">\n\t\t\t\t\t\t\t<svg aria-hidden=\"true\" class=\"e-font-icon-svg e-far-calendar-alt\" viewBox=\"0 0 448 512\" xmlns=\"http:\/\/www.w3.org\/2000\/svg\"><path d=\"M148 288h-40c-6.6 0-12-5.4-12-12v-40c0-6.6 5.4-12 12-12h40c6.6 0 12 5.4 12 12v40c0 6.6-5.4 12-12 12zm108-12v-40c0-6.6-5.4-12-12-12h-40c-6.6 0-12 5.4-12 12v40c0 6.6 5.4 12 12 12h40c6.6 0 12-5.4 12-12zm96 0v-40c0-6.6-5.4-12-12-12h-40c-6.6 0-12 5.4-12 12v40c0 6.6 5.4 12 12 12h40c6.6 0 12-5.4 12-12zm-96 96v-40c0-6.6-5.4-12-12-12h-40c-6.6 0-12 5.4-12 12v40c0 6.6 5.4 12 12 12h40c6.6 0 12-5.4 12-12zm-96 0v-40c0-6.6-5.4-12-12-12h-40c-6.6 0-12 5.4-12 12v40c0 6.6 5.4 12 12 12h40c6.6 0 12-5.4 12-12zm192 0v-40c0-6.6-5.4-12-12-12h-40c-6.6 0-12 5.4-12 12v40c0 6.6 5.4 12 12 12h40c6.6 0 12-5.4 12-12zm96-260v352c0 26.5-21.5 48-48 48H48c-26.5 0-48-21.5-48-48V112c0-26.5 21.5-48 48-48h48V12c0-6.6 5.4-12 12-12h40c6.6 0 12 5.4 12 12v52h128V12c0-6.6 5.4-12 12-12h40c6.6 0 12 5.4 12 12v52h48c26.5 0 48 21.5 48 48zm-48 346V160H48v298c0 3.3 2.7 6 6 6h340c3.3 0 6-2.7 6-6z\"><\/path><\/svg>\t\t\t\t\t\t<\/span>\n\t\t\t\t\t\t\t\t\t\t<span class=\"elementor-icon-list-text\">30 Tage Nutzung<\/span>\n\t\t\t\t\t\t\t\t\t<\/li>\n\t\t\t\t\t\t<\/ul>\n\t\t\t\t\t\t<\/div>\n\t\t\t\t<\/div>\n\t\t\t\t\t<\/div>\n\t\t\t\t<\/div>\n\t\t<div class=\"elementor-element elementor-element-7ef823a e-flex e-con-boxed e-con e-parent\" data-id=\"7ef823a\" data-element_type=\"container\" data-e-type=\"container\">\n\t\t\t\t\t<div class=\"e-con-inner\">\n\t\t<div class=\"elementor-element elementor-element-a18d8f5 e-con-full e-flex e-con e-child\" data-id=\"a18d8f5\" data-element_type=\"container\" data-e-type=\"container\">\n\t\t<div class=\"elementor-element elementor-element-a5b67b0 e-con-full e-flex e-con e-child\" data-id=\"a5b67b0\" data-element_type=\"container\" data-e-type=\"container\">\n\t\t\t\t<div class=\"elementor-element elementor-element-508456a elementor-widget elementor-widget-heading\" data-id=\"508456a\" data-element_type=\"widget\" data-e-type=\"widget\" data-widget_type=\"heading.default\">\n\t\t\t\t<div class=\"elementor-widget-container\">\n\t\t\t\t\t<h5 class=\"elementor-heading-title elementor-size-default\">Beschreibung<\/h5>\t\t\t\t<\/div>\n\t\t\t\t<\/div>\n\t\t\t\t<\/div>\n\t\t<div class=\"elementor-element elementor-element-856818e e-con-full e-flex e-con e-child\" data-id=\"856818e\" data-element_type=\"container\" data-e-type=\"container\">\n\t\t\t\t<div class=\"elementor-element elementor-element-45fdaf2 elementor-widget elementor-widget-text-editor\" data-id=\"45fdaf2\" data-element_type=\"widget\" data-e-type=\"widget\" data-widget_type=\"text-editor.default\">\n\t\t\t\t<div class=\"elementor-widget-container\">\n\t\t\t\t\t\t\t\t\t<p><strong>MELS CACAO<\/strong> &#8211; ein zeremonielles Kakaoerlebnis aus 100% rohem Kakao, sorgf\u00e4ltig geerntet auf den reichen B\u00f6den Nicaraguas. Unser Kakao wird im Herzen S\u00fcdamerikas auf nat\u00fcrliche Weise nach traditionellen Prinzipien angebaut. <\/p><p>Nach sorgf\u00e4ltiger Handhabung und schonender Behandlung werden die Bohnen nach Europa verschifft, wo sie sorgf\u00e4ltig geteilt und gemahlen werden. Dieses Verfahren stellt sicher, dass MELS den allerbesten Kakao anbieten kann. <\/p><p>Mit MELS Cacao erhalten Sie Kakao direkt vom Bauern. Unsere Bohnen wurden in diesem Jahr fr\u00fcher geerntet und Sie werden keinen frischeren Kakao als diesen erhalten. Genie\u00dfen Sie ein authentisches Kakaoerlebnis, das nach Geschichte, Tradition und Reinheit schmeckt. Perfekt f\u00fcr feierliche Momente oder einen besonderen Genuss in Ihrem Alltag.   <\/p><p>Genie\u00dfen Sie eine harmonische Mischung aus MELS Ceremonial Raw Cacao mit L\u00f6wenm\u00e4hne, Chaga und Cordyceps Pilzen. Diese bezaubernde Kombination vereint die exquisiten Aromen des zeremoniellen Kakaos mit den au\u00dfergew\u00f6hnlichen Vorz\u00fcgen der Pilze und schafft so ein wahrhaft transformatives Elixier. <\/p><h4>Mehr \u00fcber MELS Cacao<\/h4><p>Unser zeremonieller Kakao stammt aus den feinsten Kakaobohnen Nicaraguas, die von einer kleinen lokalen Familie angebaut werden, die die Bohnen sorgf\u00e4ltig nach ihrer au\u00dfergew\u00f6hnlichen Qualit\u00e4t und ihrem Geschmack ausw\u00e4hlt. Wenn Sie den reichen, samtigen Geschmack des zeremoniellen Kakaos genie\u00dfen, werden Sie ein tiefes Gef\u00fchl der Freude und geistigen Klarheit erleben. <\/p><p>Kakao enth\u00e4lt mehr als 1.200 bioaktive Verbindungen, darunter mehrere psychoaktive Substanzen, Antioxidantien und eines der umfangreichsten Mineralienprofile, das in einer Pflanze zu finden ist. Wir bewahren diese N\u00e4hrstoffe durch einen schonenden und kurzen Prozess von den rohen Bohnen bis zum fertigen Produkt. <\/p><p><strong>Was den zeremoniellen Kakao von MELS einzigartig macht, ist die Infusion von drei Pilzen:<\/strong><\/p><ul><li><strong>L\u00f6wenm\u00e4hne (Hericium erinaceus):<\/strong> Dieser Pilz ist f\u00fcr seine kognitiven Vorteile bekannt und unterst\u00fctzt die Gehirnfunktion, das Ged\u00e4chtnis und die Konzentration. Er tr\u00e4gt zur Stimulierung des Nervenwachstumsfaktors (NGF) bei, der die Regeneration und den Schutz der Nervenzellen f\u00f6rdert, was ihn ideal f\u00fcr geistige Klarheit und Konzentration macht. <\/li><li><strong>Chaga (Inonotus obliquus):<\/strong> Der Chaga-Pilz ist reich an Antioxidantien, die das Immunsystem st\u00e4rken, Entz\u00fcndungen lindern und das allgemeine Wohlbefinden f\u00f6rdern. Chaga ist daf\u00fcr bekannt, dass er die nat\u00fcrlichen Abwehrkr\u00e4fte des K\u00f6rpers unterst\u00fctzt und die Gesundheit der Haut f\u00f6rdert. <\/li><li><strong>Cordyceps:<\/strong> Dieser Pilz ist daf\u00fcr bekannt, das Energieniveau und die Ausdauer zu steigern. Cordyceps verbessert die Sauerstoffaufnahme und unterst\u00fctzt eine gesunde Lungenfunktion, was ihn ideal f\u00fcr die k\u00f6rperliche Leistung und die Erholung macht. Er ist auch daf\u00fcr bekannt, die Vitalit\u00e4t zu f\u00f6rdern und das nat\u00fcrliche Energieniveau des K\u00f6rpers zu verbessern.  <\/li><\/ul>\t\t\t\t\t\t\t\t<\/div>\n\t\t\t\t<\/div>\n\t\t\t\t<\/div>\n\t\t\t\t<\/div>\n\t\t\t\t\t<\/div>\n\t\t\t\t<\/div>\n\t\t<div class=\"elementor-element elementor-element-0dfeec4 e-flex e-con-boxed e-con e-parent\" data-id=\"0dfeec4\" data-element_type=\"container\" data-e-type=\"container\">\n\t\t\t\t\t<div class=\"e-con-inner\">\n\t\t\t\t<div class=\"elementor-element elementor-element-9815e43 elementor-widget-divider--view-line elementor-widget elementor-widget-divider\" data-id=\"9815e43\" data-element_type=\"widget\" data-e-type=\"widget\" data-widget_type=\"divider.default\">\n\t\t\t\t<div class=\"elementor-widget-container\">\n\t\t\t\t\t\t\t<div class=\"elementor-divider\">\n\t\t\t<span class=\"elementor-divider-separator\">\n\t\t\t\t\t\t<\/span>\n\t\t<\/div>\n\t\t\t\t\t\t<\/div>\n\t\t\t\t<\/div>\n\t\t\t\t\t<\/div>\n\t\t\t\t<\/div>\n\t\t<div class=\"elementor-element elementor-element-458d8cc e-flex e-con-boxed e-con e-parent\" data-id=\"458d8cc\" data-element_type=\"container\" data-e-type=\"container\">\n\t\t\t\t\t<div class=\"e-con-inner\">\n\t\t<div class=\"elementor-element elementor-element-c0d0d9e e-con-full e-flex e-con e-child\" data-id=\"c0d0d9e\" data-element_type=\"container\" data-e-type=\"container\">\n\t\t<div class=\"elementor-element elementor-element-435b36a e-con-full e-flex e-con e-child\" data-id=\"435b36a\" data-element_type=\"container\" data-e-type=\"container\">\n\t\t\t\t<div class=\"elementor-element elementor-element-dc67d2b elementor-widget elementor-widget-heading\" data-id=\"dc67d2b\" data-element_type=\"widget\" data-e-type=\"widget\" data-widget_type=\"heading.default\">\n\t\t\t\t<div class=\"elementor-widget-container\">\n\t\t\t\t\t<h5 class=\"elementor-heading-title elementor-size-default\">Zutaten<\/h5>\t\t\t\t<\/div>\n\t\t\t\t<\/div>\n\t\t\t\t<\/div>\n\t\t<div class=\"elementor-element elementor-element-47b72db e-con-full e-flex e-con e-child\" data-id=\"47b72db\" data-element_type=\"container\" data-e-type=\"container\">\n\t\t\t\t<div class=\"elementor-element elementor-element-c7a250b elementor-widget elementor-widget-text-editor\" data-id=\"c7a250b\" data-element_type=\"widget\" data-e-type=\"widget\" data-widget_type=\"text-editor.default\">\n\t\t\t\t<div class=\"elementor-widget-container\">\n\t\t\t\t\t\t\t\t\t<p>Zeremonieller Kakao (Theobroma cacao) aus Nicaragua<\/p><p>Pilze: L\u00f6wenm\u00e4hnenextrakt (Hericium erinaceus), Chaga (Inonotus obliquus) und Cordyceps (Cordyceps sinensis).<\/p>\t\t\t\t\t\t\t\t<\/div>\n\t\t\t\t<\/div>\n\t\t\t\t<\/div>\n\t\t\t\t<\/div>\n\t\t\t\t\t<\/div>\n\t\t\t\t<\/div>\n\t\t<div class=\"elementor-element elementor-element-54ec197 e-flex e-con-boxed e-con e-parent\" data-id=\"54ec197\" data-element_type=\"container\" data-e-type=\"container\">\n\t\t\t\t\t<div class=\"e-con-inner\">\n\t\t\t\t<div class=\"elementor-element elementor-element-73eb432 elementor-widget-divider--view-line elementor-widget elementor-widget-divider\" data-id=\"73eb432\" data-element_type=\"widget\" data-e-type=\"widget\" data-widget_type=\"divider.default\">\n\t\t\t\t<div class=\"elementor-widget-container\">\n\t\t\t\t\t\t\t<div class=\"elementor-divider\">\n\t\t\t<span class=\"elementor-divider-separator\">\n\t\t\t\t\t\t<\/span>\n\t\t<\/div>\n\t\t\t\t\t\t<\/div>\n\t\t\t\t<\/div>\n\t\t\t\t\t<\/div>\n\t\t\t\t<\/div>\n\t\t<div class=\"elementor-element elementor-element-fba97c4 e-flex e-con-boxed e-con e-parent\" data-id=\"fba97c4\" data-element_type=\"container\" data-e-type=\"container\">\n\t\t\t\t\t<div class=\"e-con-inner\">\n\t\t<div class=\"elementor-element elementor-element-042e8d8 e-con-full e-flex e-con e-child\" data-id=\"042e8d8\" data-element_type=\"container\" data-e-type=\"container\">\n\t\t\t\t<div class=\"elementor-element elementor-element-0d32d9e elementor-widget elementor-widget-heading\" data-id=\"0d32d9e\" data-element_type=\"widget\" data-e-type=\"widget\" data-widget_type=\"heading.default\">\n\t\t\t\t<div class=\"elementor-widget-container\">\n\t\t\t\t\t<h5 class=\"elementor-heading-title elementor-size-default\">Gebrauchsanweisung<\/h5>\t\t\t\t<\/div>\n\t\t\t\t<\/div>\n\t\t\t\t<\/div>\n\t\t<div class=\"elementor-element elementor-element-b7cd637 e-con-full e-flex e-con e-child\" data-id=\"b7cd637\" data-element_type=\"container\" data-e-type=\"container\">\n\t\t\t\t<div class=\"elementor-element elementor-element-0d3e5d6 elementor-widget elementor-widget-text-editor\" data-id=\"0d3e5d6\" data-element_type=\"widget\" data-e-type=\"widget\" data-widget_type=\"text-editor.default\">\n\t\t\t\t<div class=\"elementor-widget-container\">\n\t\t\t\t\t\t\t\t\t<p>Mischen Sie einen Essl\u00f6ffel pro Tasse mit der gew\u00fcnschten Fl\u00fcssigkeit (Ihre bevorzugte Art von Milch oder Wasser), um Ihren zeremoniellen Kakao nach Ihren W\u00fcnschen herzustellen.<\/p>\n<p>MELS stellt den Kakao gerne auf diese Weise her:<\/p>\n<p>Verwenden Sie 1 gro\u00dfen Essl\u00f6ffel Kakao mit etwa 2 dl Kokosnussmilch und Kokosnusswasser. Verwenden Sie eine andere Art von Milch, wenn Sie dies bevorzugen. <\/p>\n<p>Leicht erhitzen, mit einem Schneebesen gut umr\u00fchren.<\/p>\n<p>F\u00fcr extra Knusprigkeit f\u00fcgen Sie eine kleine Prise Meersalz hinzu und s\u00fc\u00dfen mit Honig, falls gew\u00fcnscht.<\/p>\n<p><strong>Kakao im Kaffee:<\/strong> Nehmen Sie 1 Tasse Espresso, f\u00fcgen Sie 1 Teel\u00f6ffel Kakao hinzu, mischen Sie gut<\/p>\t\t\t\t\t\t\t\t<\/div>\n\t\t\t\t<\/div>\n\t\t\t\t<\/div>\n\t\t\t\t\t<\/div>\n\t\t\t\t<\/div>\n\t\t<div class=\"elementor-element elementor-element-7bd53a5 e-flex e-con-boxed e-con e-parent\" data-id=\"7bd53a5\" data-element_type=\"container\" data-e-type=\"container\">\n\t\t\t\t\t<div class=\"e-con-inner\">\n\t\t\t\t<div class=\"elementor-element elementor-element-7dbd670 elementor-widget-divider--view-line elementor-widget elementor-widget-divider\" data-id=\"7dbd670\" data-element_type=\"widget\" data-e-type=\"widget\" data-widget_type=\"divider.default\">\n\t\t\t\t<div class=\"elementor-widget-container\">\n\t\t\t\t\t\t\t<div class=\"elementor-divider\">\n\t\t\t<span class=\"elementor-divider-separator\">\n\t\t\t\t\t\t<\/span>\n\t\t<\/div>\n\t\t\t\t\t\t<\/div>\n\t\t\t\t<\/div>\n\t\t\t\t\t<\/div>\n\t\t\t\t<\/div>\n\t\t<div class=\"elementor-element elementor-element-adff2d9 e-flex e-con-boxed e-con e-parent\" data-id=\"adff2d9\" data-element_type=\"container\" data-e-type=\"container\">\n\t\t\t\t\t<div class=\"e-con-inner\">\n\t\t<div class=\"elementor-element elementor-element-8a37014 e-con-full e-flex e-con e-child\" data-id=\"8a37014\" data-element_type=\"container\" data-e-type=\"container\">\n\t\t\t\t<div class=\"elementor-element elementor-element-1724166 elementor-widget elementor-widget-heading\" data-id=\"1724166\" data-element_type=\"widget\" data-e-type=\"widget\" data-widget_type=\"heading.default\">\n\t\t\t\t<div class=\"elementor-widget-container\">\n\t\t\t\t\t<h5 class=\"elementor-heading-title elementor-size-default\">Andere Informationen<\/h5>\t\t\t\t<\/div>\n\t\t\t\t<\/div>\n\t\t\t\t<\/div>\n\t\t<div class=\"elementor-element elementor-element-3e62814 e-con-full e-flex e-con e-child\" data-id=\"3e62814\" data-element_type=\"container\" data-e-type=\"container\">\n\t\t\t\t<div class=\"elementor-element elementor-element-4ea7c0c elementor-widget elementor-widget-text-editor\" data-id=\"4ea7c0c\" data-element_type=\"widget\" data-e-type=\"widget\" data-widget_type=\"text-editor.default\">\n\t\t\t\t<div class=\"elementor-widget-container\">\n\t\t\t\t\t\t\t\t\t<p>Nat\u00fcrlich, frei von GVOs, Pestiziden und giftigen Chemikalien.<\/p><p>Roher Kakao hat einen schokoladigen Geruch und einen bitteren Geschmack.<\/p><p>Lagerung: Gemahlener Kakao gedeiht am besten bei k\u00fchlen Temperaturen, unter 25 Grad Celsius. Vermeiden Sie direktes Sonnenlicht. Im Sommer empfiehlt es sich, rohen Kakao im K\u00fchlschrank aufzubewahren.  <\/p>\t\t\t\t\t\t\t\t<\/div>\n\t\t\t\t<\/div>\n\t\t\t\t<\/div>\n\t\t\t\t\t<\/div>\n\t\t\t\t<\/div>\n\t\t<div class=\"elementor-element elementor-element-adc1026 e-flex e-con-boxed e-con e-parent\" data-id=\"adc1026\" data-element_type=\"container\" data-e-type=\"container\">\n\t\t\t\t\t<div class=\"e-con-inner\">\n\t\t\t\t<div class=\"elementor-element elementor-element-0a1b3dc elementor-widget-divider--view-line elementor-widget elementor-widget-divider\" data-id=\"0a1b3dc\" data-element_type=\"widget\" data-e-type=\"widget\" data-widget_type=\"divider.default\">\n\t\t\t\t<div class=\"elementor-widget-container\">\n\t\t\t\t\t\t\t<div class=\"elementor-divider\">\n\t\t\t<span class=\"elementor-divider-separator\">\n\t\t\t\t\t\t<\/span>\n\t\t<\/div>\n\t\t\t\t\t\t<\/div>\n\t\t\t\t<\/div>\n\t\t\t\t\t<\/div>\n\t\t\t\t<\/div>\n\t\t<div class=\"elementor-element elementor-element-64ca68b e-flex e-con-boxed e-con e-parent\" data-id=\"64ca68b\" data-element_type=\"container\" data-e-type=\"container\">\n\t\t\t\t\t<div class=\"e-con-inner\">\n\t\t<div class=\"elementor-element elementor-element-4e12583 e-con-full e-flex e-con e-child\" data-id=\"4e12583\" data-element_type=\"container\" data-e-type=\"container\">\n\t\t\t\t<div class=\"elementor-element elementor-element-4bc846c elementor-widget elementor-widget-heading\" data-id=\"4bc846c\" data-element_type=\"widget\" data-e-type=\"widget\" data-widget_type=\"heading.default\">\n\t\t\t\t<div class=\"elementor-widget-container\">\n\t\t\t\t\t<h5 class=\"elementor-heading-title elementor-size-default\">Haftungsausschluss<\/h5>\t\t\t\t<\/div>\n\t\t\t\t<\/div>\n\t\t\t\t<\/div>\n\t\t<div class=\"elementor-element elementor-element-c5f85d8 e-con-full e-flex e-con e-child\" data-id=\"c5f85d8\" data-element_type=\"container\" data-e-type=\"container\">\n\t\t\t\t<div class=\"elementor-element elementor-element-5a786fa elementor-widget elementor-widget-text-editor\" data-id=\"5a786fa\" data-element_type=\"widget\" data-e-type=\"widget\" data-widget_type=\"text-editor.default\">\n\t\t\t\t<div class=\"elementor-widget-container\">\n\t\t\t\t\t\t\t\t\t<p>Die Informationen, die Sie auf dieser Seite finden, dienen nur zu Informationszwecken und sollten nicht als medizinischer Rat oder Anleitung verstanden werden. Die verkauften Produkte sind nicht dazu gedacht, die Einnahme von verschreibungspflichtigen Medikamenten zu ersetzen. <\/p><p>MELS behauptet NICHT, dass MELS Produkte Krankheiten behandeln oder verhindern oder irgendwelche gesundheitlichen Auswirkungen haben. Konsultieren Sie einen Arzt, wenn Sie unsicher sind, eine Diagnose haben und\/oder unter 18 Jahre alt sind oder schwanger\/stillend sind, bevor Sie Pilze oder Kakao verwenden. <\/p><p>MELS \u00fcbernimmt keine Haftung f\u00fcr die Verwendung von MELS Produkten.<\/p>\t\t\t\t\t\t\t\t<\/div>\n\t\t\t\t<\/div>\n\t\t\t\t<\/div>\n\t\t\t\t\t<\/div>\n\t\t\t\t<\/div>\n\t\t\t\t<\/div>\n\t\t","protected":false},"excerpt":{"rendered":"<h5>Zeremonieller roher Kakao aus Nicaragua. Produziert f\u00fcr MELS. <\/h5>\n<p>300 Gramm roher Kakao mit Adaptogenen, f\u00fcr eine Tasse Kakao oder als Snack zwischendurch.<\/p>\n","protected":false},"featured_media":33215,"comment_status":"open","ping_status":"closed","template":"elementor_theme","meta":{"_kad_blocks_custom_css":"","_kad_blocks_head_custom_js":"","_kad_blocks_body_custom_js":"","_kad_blocks_footer_custom_js":"","_kad_post_transparent":"","_kad_post_title":"","_kad_post_layout":"","_kad_post_sidebar_id":"","_kad_post_content_style":"","_kad_post_vertical_padding":"","_kad_post_feature":"","_kad_post_feature_position":"","_kad_post_header":false,"_kad_post_footer":false,"_kad_post_classname":""},"product_brand":[],"product_cat":[844,592],"product_tag":[605,392,604,603,602],"class_list":{"0":"post-33227","1":"product","2":"type-product","3":"status-publish","4":"has-post-thumbnail","6":"product_cat-getrank-de","7":"product_cat-kakao-de","8":"product_tag-adaptogene","9":"product_tag-mels-de","10":"product_tag-naturlich","11":"product_tag-rohkakao","12":"product_tag-zeremonieller-kakao","14":"first","15":"instock","16":"shipping-taxable","17":"purchasable","18":"product-type-simple","19":"entry","20":"content-bg","21":"loop-entry"},"taxonomy_info":{"product_cat":[{"value":844,"label":"Getr\u00e4nk"},{"value":592,"label":"Kakao"}],"product_tag":[{"value":605,"label":"Adaptogene"},{"value":392,"label":"mels"},{"value":604,"label":"nat\u00fcrlich"},{"value":603,"label":"Rohkakao"},{"value":602,"label":"Zeremonieller Kakao"}]},"featured_image_src_large":["https:\/\/melseurope.com\/wp-content\/uploads\/2025\/02\/Cacao-product-1024x1024.png",1024,1024,true],"author_info":[],"comment_info":0,"_links":{"self":[{"href":"https:\/\/melseurope.com\/de\/wp-json\/wp\/v2\/product\/33227","targetHints":{"allow":["GET"]}}],"collection":[{"href":"https:\/\/melseurope.com\/de\/wp-json\/wp\/v2\/product"}],"about":[{"href":"https:\/\/melseurope.com\/de\/wp-json\/wp\/v2\/types\/product"}],"replies":[{"embeddable":true,"href":"https:\/\/melseurope.com\/de\/wp-json\/wp\/v2\/comments?post=33227"}],"version-history":[{"count":0,"href":"https:\/\/melseurope.com\/de\/wp-json\/wp\/v2\/product\/33227\/revisions"}],"wp:featuredmedia":[{"embeddable":true,"href":"https:\/\/melseurope.com\/de\/wp-json\/wp\/v2\/media\/33215"}],"wp:attachment":[{"href":"https:\/\/melseurope.com\/de\/wp-json\/wp\/v2\/media?parent=33227"}],"wp:term":[{"taxonomy":"product_brand","embeddable":true,"href":"https:\/\/melseurope.com\/de\/wp-json\/wp\/v2\/product_brand?post=33227"},{"taxonomy":"product_cat","embeddable":true,"href":"https:\/\/melseurope.com\/de\/wp-json\/wp\/v2\/product_cat?post=33227"},{"taxonomy":"product_tag","embeddable":true,"href":"https:\/\/melseurope.com\/de\/wp-json\/wp\/v2\/product_tag?post=33227"}],"curies":[{"name":"wp","href":"https:\/\/api.w.org\/{rel}","templated":true}]}}