{"id":22405,"date":"2022-04-12T12:28:25","date_gmt":"2022-04-12T10:28:25","guid":{"rendered":"https:\/\/melsbymelissa.com\/descargo-de-responsabilidad"},"modified":"2024-09-03T15:48:35","modified_gmt":"2024-09-03T13:48:35","slug":"descargo-de-responsabilidad","status":"publish","type":"page","link":"https:\/\/melseurope.com\/es\/descargo-de-responsabilidad","title":{"rendered":"Descargo de responsabilidad"},"content":{"rendered":"<style>.kb-row-layout-wrap.wp-block-kadence-rowlayout.kb-row-layout-id18115_2adce2-68{margin-bottom:25px;}.kb-row-layout-id18115_2adce2-68 > .kt-row-column-wrap{align-content:start;}:where(.kb-row-layout-id18115_2adce2-68 > .kt-row-column-wrap) > .wp-block-kadence-column{justify-content:start;}.kb-row-layout-id18115_2adce2-68 > .kt-row-column-wrap{column-gap:var(--global-kb-gap-md, 2rem);row-gap:var(--global-kb-gap-sm, 1rem);padding-top:20px;padding-right:20px;padding-bottom:20px;padding-left:30px;grid-template-columns:minmax(0, 1fr);}.kb-row-layout-id18115_2adce2-68{border-top-left-radius:3px;border-top-right-radius:3px;border-bottom-right-radius:3px;border-bottom-left-radius:3px;overflow:clip;isolation:isolate;}.kb-row-layout-id18115_2adce2-68 > .kt-row-layout-overlay{border-top-left-radius:3px;border-top-right-radius:3px;border-bottom-right-radius:3px;border-bottom-left-radius:3px;}.kb-row-layout-id18115_2adce2-68{border-top:2px solid var(--global-palette7, #EDF2F7);border-right:2px solid var(--global-palette7, #EDF2F7);border-bottom:2px solid var(--global-palette7, #EDF2F7);border-left:2px solid var(--global-palette7, #EDF2F7);}.kb-row-layout-id18115_2adce2-68 > .kt-row-layout-overlay{opacity:0.30;}@media all and (max-width: 1024px){.kb-row-layout-id18115_2adce2-68 > .kt-row-column-wrap{grid-template-columns:minmax(0, 1fr);}}@media all and (max-width: 1024px){.kb-row-layout-id18115_2adce2-68{border-top:2px solid var(--global-palette7, #EDF2F7);border-right:2px solid var(--global-palette7, #EDF2F7);border-bottom:2px solid var(--global-palette7, #EDF2F7);border-left:2px solid var(--global-palette7, #EDF2F7);}}@media all and (max-width: 767px){.kb-row-layout-id18115_2adce2-68 > .kt-row-column-wrap{grid-template-columns:minmax(0, 1fr);}.kb-row-layout-id18115_2adce2-68{border-top:2px solid var(--global-palette7, #EDF2F7);border-right:2px solid var(--global-palette7, #EDF2F7);border-bottom:2px solid var(--global-palette7, #EDF2F7);border-left:2px solid var(--global-palette7, #EDF2F7);}}.kb-row-layout-id18115_2adce2-68 {max-width: 800px;}<\/style><div class=\"kb-row-layout-wrap kb-row-layout-id18115_2adce2-68 alignnone wp-block-kadence-rowlayout\"><div class=\"kt-row-column-wrap kt-has-2-columns kt-row-layout-row kt-tab-layout-inherit kt-mobile-layout-row kt-row-valign-top\">\n<style>.kadence-column18115_351d97-81 > .kt-inside-inner-col,.kadence-column18115_351d97-81 > .kt-inside-inner-col:before{border-top-left-radius:0px;border-top-right-radius:0px;border-bottom-right-radius:0px;border-bottom-left-radius:0px;}.kadence-column18115_351d97-81 > .kt-inside-inner-col{column-gap:var(--global-kb-gap-sm, 1rem);}.kadence-column18115_351d97-81 > .kt-inside-inner-col{flex-direction:column;}.kadence-column18115_351d97-81 > .kt-inside-inner-col > .aligncenter{width:100%;}.kadence-column18115_351d97-81 > .kt-inside-inner-col:before{opacity:0.3;}.kadence-column18115_351d97-81{position:relative;}@media all and (max-width: 1024px){.kadence-column18115_351d97-81 > .kt-inside-inner-col{flex-direction:column;justify-content:center;}}@media all and (max-width: 767px){.kadence-column18115_351d97-81 > .kt-inside-inner-col{flex-direction:column;justify-content:center;}}<\/style>\n<div class=\"wp-block-kadence-column kadence-column18115_351d97-81\"><div class=\"kt-inside-inner-col\">\n<p class=\"has-small-font-size\" style=\"font-style:normal;font-weight:600\"><strong>IMPORTANTE: <\/strong>MELS no se responsabiliza en ning\u00fan caso de la compra de nuestros productos a la vista de las leyes y normativas aplicables en el pa\u00eds de destino. <a href=\"https:\/\/curia.europa.eu\/jcms\/upload\/docs\/application\/pdf\/2020-11\/cp200141en.pdf\" target=\"_blank\" rel=\"noreferrer noopener\">La comercializaci\u00f3n de CBD est\u00e1 permitida por la legislaci\u00f3n de la UE.<\/a> No obstante, te animamos a que te familiarices con la normativa aplicable en tu pa\u00eds antes de encargar los productos.\nGracias por tu inter\u00e9s. <\/p>\n<\/div><\/div>\n\n\n<style>.kadence-column18115_eb4c1c-4b > .kt-inside-inner-col,.kadence-column18115_eb4c1c-4b > .kt-inside-inner-col:before{border-top-left-radius:0px;border-top-right-radius:0px;border-bottom-right-radius:0px;border-bottom-left-radius:0px;}.kadence-column18115_eb4c1c-4b > .kt-inside-inner-col{column-gap:var(--global-kb-gap-sm, 1rem);}.kadence-column18115_eb4c1c-4b > .kt-inside-inner-col{flex-direction:column;}.kadence-column18115_eb4c1c-4b > .kt-inside-inner-col > .aligncenter{width:100%;}.kadence-column18115_eb4c1c-4b > .kt-inside-inner-col:before{opacity:0.3;}.kadence-column18115_eb4c1c-4b{position:relative;}@media all and (max-width: 1024px){.kadence-column18115_eb4c1c-4b > .kt-inside-inner-col{flex-direction:column;justify-content:center;}}@media all and (max-width: 767px){.kadence-column18115_eb4c1c-4b > .kt-inside-inner-col{flex-direction:column;justify-content:center;}}<\/style>\n<div class=\"wp-block-kadence-column kadence-column18115_eb4c1c-4b inner-column-1\"><div class=\"kt-inside-inner-col\">\n<p class=\"has-small-font-size\" style=\"font-style:normal;font-weight:600\">La informaci\u00f3n que encuentra en este sitio web (melsbymelissa.com) es solo para informaci\u00f3n y no debe interpretarse como un consejo o gu\u00eda m\u00e9dica. Los productos vendidos no pretenden reemplazar el uso de medicamentos recetados. MELS NO afirma que los productos MELS traten o prevengan enfermedades, o que tengan efectos sobre la salud. Consulte a un profesional m\u00e9dico si no est\u00e1 seguro, tiene un diagn\u00f3stico y\/o es menor de 18 a\u00f1os o est\u00e1 embarazada\/amamantando antes de usar CBD. MELS no asume ninguna responsabilidad por el uso de los productos MELS.<\/p>\n<\/div><\/div>\n\n<\/div><\/div>\n<!-- Legal document generated by Complianz | GDPR\/CCPA Cookie Consent https:\/\/wordpress.org\/plugins\/complianz-gdpr -->\n<div id=\"cmplz-document\" class=\"cmplz-document disclaimer cmplz-document-all\"><p>Mels by Melissa se compromete a mantener esta web actualizada y precisa. Si, a pesar de todo, encontrara algo incorrecto o desactualizado, le agradecer\u00edamos que nos lo hiciera saber. Por favor, indique en qu\u00e9 parte de la web ha le\u00eddo la informaci\u00f3n. La revisaremos lo antes posible. Por favor, env\u00ede su duda por correo electr\u00f3nico a: <span class=\"cmplz-obfuscate\">&#105;n&#102;&#111;@<span class=\"cmplz-fmail-domain\">&#101;&#120;&#046;c&#111;m<\/span>melsbyme&#108;&#105;s&#115;a.&#099;o&#109;<\/span>.<\/p><p>No nos responsabilizamos de las p\u00e9rdidas derivadas de inexactitudes o datos incompletos, ni de las p\u00e9rdidas resultantes de problemas causados o inherentes a la difusi\u00f3n de la informaci\u00f3n a trav\u00e9s de Internet, como interrupciones o fallos. Al utilizar formularios web, nos esforzamos por limitar al m\u00ednimo el n\u00famero de campos obligatorios. Por cualquier p\u00e9rdida sufrida como resultado del uso de datos, consejos o ideas proporcionadas por Mels by Melissa o en su nombre a trav\u00e9s de esta web, Mels by Melissa no acepta ninguna responsabilidad.<\/p><p>El uso de la web y todos sus componentes (incluidos los foros) est\u00e1 sujeto a las <a href=\"https:\/\/melseurope.com\/vilkar-og-betingelser\" target=\"_blank\">condiciones de uso<\/a>. El mero uso de esta web implica el conocimiento y la aceptaci\u00f3n de estas condiciones de uso.<\/p><p>Cualquier dato personal que nos proporcione en el contexto de su respuesta o solicitud de informaci\u00f3n s\u00f3lo se utilizar\u00e1 de acuerdo con nuestra declaraci\u00f3n de privacidad.<\/p><p>Mels by Melissa har\u00e1 todos los esfuerzos razonables para proteger sus sistemas contra cualquier forma de uso il\u00edcito. Mels by Melissa aplicar\u00e1 las medidas t\u00e9cnicas y organizativas adecuadas a tal fin, teniendo en cuenta, entre otras cosas, el estado de la t\u00e9cnica. No obstante, no ser\u00e1 responsable de ning\u00fan perjuicio, directo y\/o indirecto, sufrido por un usuario de la web, que se derive del uso il\u00edcito de sus sistemas por parte de un tercero.<\/p><p>Mels by Melissa no se hace responsable del contenido de las p\u00e1ginas web a las que se hace referencia mediante hiperv\u00ednculos u otras referencias. Los productos o servicios ofrecidos por terceros estar\u00e1n sujetos a los t\u00e9rminos y condiciones aplicables de dichos terceros.<\/p><p>Todos los derechos de propiedad intelectual sobre el contenido de esta web pertenecen a Mels by Melissa.<\/p><p>La copia, difusi\u00f3n y cualquier otro uso de estos materiales no est\u00e1 permitido sin el permiso escrito de Mels by Melissa, excepto y s\u00f3lo en la medida en que se estipule lo contrario en los reglamentos de la ley obligatoria (como el derecho de cita), a menos que el contenido espec\u00edfico dicte lo contrario.<\/p><p>Si tiene alguna pregunta o problema con la accesibilidad de la web, no dude en ponerse en contacto con nosotros.<\/p><\/div>\n","protected":false},"excerpt":{"rendered":"<p>IMPORTANTE: MELS no se responsabiliza en ning\u00fan caso de la compra de nuestros productos a la vista de las leyes y normativas aplicables en el pa\u00eds de destino. La comercializaci\u00f3n de CBD est\u00e1 permitida por la legislaci\u00f3n de la UE. No obstante, te animamos a que te familiarices con la normativa aplicable en tu pa\u00eds&#8230;<\/p>\n","protected":false},"author":1,"featured_media":0,"parent":0,"menu_order":0,"comment_status":"closed","ping_status":"closed","template":"","meta":{"_kad_blocks_custom_css":"","_kad_blocks_head_custom_js":"","_kad_blocks_body_custom_js":"","_kad_blocks_footer_custom_js":"","_kad_post_transparent":"","_kad_post_title":"","_kad_post_layout":"","_kad_post_sidebar_id":"","_kad_post_content_style":"","_kad_post_vertical_padding":"","_kad_post_feature":"","_kad_post_feature_position":"","_kad_post_header":false,"_kad_post_footer":false,"_kad_post_classname":"","footnotes":""},"class_list":["post-22405","page","type-page","status-publish","hentry"],"taxonomy_info":[],"featured_image_src_large":false,"author_info":{"display_name":"igrafic","author_link":"https:\/\/melseurope.com\/es\/author\/igrafic"},"comment_info":0,"_links":{"self":[{"href":"https:\/\/melseurope.com\/es\/wp-json\/wp\/v2\/pages\/22405","targetHints":{"allow":["GET"]}}],"collection":[{"href":"https:\/\/melseurope.com\/es\/wp-json\/wp\/v2\/pages"}],"about":[{"href":"https:\/\/melseurope.com\/es\/wp-json\/wp\/v2\/types\/page"}],"author":[{"embeddable":true,"href":"https:\/\/melseurope.com\/es\/wp-json\/wp\/v2\/users\/1"}],"replies":[{"embeddable":true,"href":"https:\/\/melseurope.com\/es\/wp-json\/wp\/v2\/comments?post=22405"}],"version-history":[{"count":0,"href":"https:\/\/melseurope.com\/es\/wp-json\/wp\/v2\/pages\/22405\/revisions"}],"wp:attachment":[{"href":"https:\/\/melseurope.com\/es\/wp-json\/wp\/v2\/media?parent=22405"}],"curies":[{"name":"wp","href":"https:\/\/api.w.org\/{rel}","templated":true}]}}