{"id":22410,"date":"2022-04-07T14:15:30","date_gmt":"2022-04-07T12:15:30","guid":{"rendered":"https:\/\/melsbymelissa.com\/guia-de-productos-de-cbd"},"modified":"2024-04-02T13:30:57","modified_gmt":"2024-04-02T11:30:57","slug":"guia-de-productos-de-cbd","status":"publish","type":"page","link":"https:\/\/melseurope.com\/es\/guia-de-productos-de-cbd","title":{"rendered":"Gu\u00eda de productos de CBD"},"content":{"rendered":"<style>.kb-row-layout-id22410_fdd7aa-a9 > .kt-row-column-wrap{align-content:start;}:where(.kb-row-layout-id22410_fdd7aa-a9 > .kt-row-column-wrap) > .wp-block-kadence-column{justify-content:start;}.kb-row-layout-id22410_fdd7aa-a9 > .kt-row-column-wrap{column-gap:var(--global-kb-gap-md, 2rem);row-gap:var(--global-kb-gap-md, 2rem);padding-top:var(--global-kb-spacing-sm, 1.5rem);padding-bottom:var(--global-kb-spacing-sm, 1.5rem);grid-template-columns:minmax(0, calc(60% - ((var(--global-kb-gap-md, 2rem) * 1 )\/2)))minmax(0, calc(40% - ((var(--global-kb-gap-md, 2rem) * 1 )\/2)));}.kb-row-layout-id22410_fdd7aa-a9 > .kt-row-layout-overlay{opacity:0.30;}@media all and (max-width: 1024px){.kb-row-layout-id22410_fdd7aa-a9 > .kt-row-column-wrap{grid-template-columns:repeat(2, minmax(0, 1fr));}}@media all and (max-width: 767px){.kb-row-layout-id22410_fdd7aa-a9 > .kt-row-column-wrap{grid-template-columns:minmax(0, 1fr);}}<\/style><div class=\"kb-row-layout-wrap kb-row-layout-id22410_fdd7aa-a9 alignnone wp-block-kadence-rowlayout\"><div class=\"kt-row-column-wrap kt-has-2-columns kt-row-layout-equal kt-tab-layout-inherit kt-mobile-layout-row kt-row-valign-top\">\n<style>.kadence-column22410_64b587-f8 > .kt-inside-inner-col,.kadence-column22410_64b587-f8 > .kt-inside-inner-col:before{border-top-left-radius:0px;border-top-right-radius:0px;border-bottom-right-radius:0px;border-bottom-left-radius:0px;}.kadence-column22410_64b587-f8 > .kt-inside-inner-col{column-gap:var(--global-kb-gap-sm, 1rem);}.kadence-column22410_64b587-f8 > .kt-inside-inner-col{flex-direction:column;}.kadence-column22410_64b587-f8 > .kt-inside-inner-col > .aligncenter{width:100%;}.kadence-column22410_64b587-f8 > .kt-inside-inner-col:before{opacity:0.3;}.kadence-column22410_64b587-f8{position:relative;}@media all and (max-width: 1024px){.kadence-column22410_64b587-f8 > .kt-inside-inner-col{flex-direction:column;justify-content:center;}}@media all and (max-width: 767px){.kadence-column22410_64b587-f8 > .kt-inside-inner-col{flex-direction:column;justify-content:center;}}<\/style>\n<div class=\"wp-block-kadence-column kadence-column22410_64b587-f8 inner-column-1\"><div class=\"kt-inside-inner-col\">\n<p>Todos nuestros aceites son de alta calidad y muchos finalmente encuentran su favorito. Si es la primera vez que lo usa, le recomendamos que comience con <a href=\"https:\/\/melseurope.com\/es\/categoria-producto\/aceite-de-cbd\/aceite-de-cbd-two-strain\">MELS TWO STRAIN<\/a> o <a href=\"https:\/\/melseurope.com\/es\/categoria-producto\/aceite-de-cbd\/five-strain-es\">MELS FIVE STRAIN<\/a> . La diferencia entre estos es el n\u00famero de variedades de las que se extrae el aceite de cannabis.<\/p>\n\n\n\n<p>Para saber qu\u00e9 porcentaje es mejor para ti, te recomendamos que leas nuestra <a class=\"modal-trigger\" href=\"#guideform\">Gu\u00eda para principiantes<\/a>. <\/p>\n\n\n<style>#kt-modal22410_7ed8fe-75 .kt-blocks-modal-link{color:#555555;background:transparent;border-color:#555555;border-radius:4px;font-size:16px;line-height:24px;border-width:2px 2px 2px 2px;padding:4px 8px 4px 8px;margin:0px 0px 0px 0px;}#kt-modal22410_7ed8fe-75 .kt-blocks-modal-link:hover, #kt-modal22410_7ed8fe-75 .kt-blocks-modal-link:focus{color:#ffffff;background:#444444;border-color:#444444;}#kt-modal22410_7ed8fe-75 .kt-modal-overlay, #kt-target-modal22410_7ed8fe-75 .kt-modal-overlay, .kb-modal-content22410_7ed8fe-75 .kt-modal-overlay{background:var(--global-palette7, #EDF2F7);}#kt-modal22410_7ed8fe-75 .kt-modal-overlay, #kt-target-modal22410_7ed8fe-75 .kt-modal-overlay, .kb-modal-content22410_7ed8fe-75 .kt-modal-overlay{-ms-flex-pack:center;justify-content:center;-ms-flex-align:center;align-items:center;}#kt-modal22410_7ed8fe-75 .kt-modal-container, #kt-target-modal22410_7ed8fe-75 .kt-modal-container, .kb-modal-content22410_7ed8fe-75 .kt-modal-container{width:100%;max-width:700px;-ms-flex-pack:flex-start;justify-content:flex-start;text-align:left;-ms-flex-align:flex-start;align-items:flex-start;}#kt-modal22410_7ed8fe-75 .kt-modal-container, #kt-target-modal22410_7ed8fe-75 .kt-modal-container, .kb-modal-content22410_7ed8fe-75 .kt-modal-container{padding-top:30px;padding-right:30px;padding-bottom:30px;padding-left:30px;margin-top:20px;margin-right:20px;margin-bottom:20px;margin-left:20px;}#kt-modal22410_7ed8fe-75 .kt-modal-container, #kt-target-modal22410_7ed8fe-75 .kt-modal-container, .kb-modal-content22410_7ed8fe-75 .kt-modal-container{background:#ffffff;border-top:0px solid #ffffff;border-right:0px solid #ffffff;border-bottom:0px solid #ffffff;border-left:0px solid #ffffff;}#kt-modal22410_7ed8fe-75 .kt-modal-close svg, #kt-target-modal22410_7ed8fe-75 .kt-modal-close svg, .kb-modal-content22410_7ed8fe-75 .kt-modal-close svg{width:17px;height:17px;}@media all and (max-width: 1024px){#kt-modal22410_7ed8fe-75 .kt-modal-container, #kt-target-modal22410_7ed8fe-75 .kt-modal-container, .kb-modal-content22410_7ed8fe-75 .kt-modal-container{width:100%;border-top:0px solid #ffffff;border-right:0px solid #ffffff;border-bottom:0px solid #ffffff;border-left:0px solid #ffffff;}}@media all and (max-width: 1024px){#kt-modal22410_7ed8fe-75 .kt-modal-close svg, #kt-target-modal22410_7ed8fe-75 .kt-modal-close svg, .kb-modal-content22410_7ed8fe-75 .kt-modal-close svg{width:24px;height:24px;}}@media all and (max-width: 767px){#kt-modal22410_7ed8fe-75 .kt-modal-container, #kt-target-modal22410_7ed8fe-75 .kt-modal-container, .kb-modal-content22410_7ed8fe-75 .kt-modal-container{width:100%;border-top:0px solid #ffffff;border-right:0px solid #ffffff;border-bottom:0px solid #ffffff;border-left:0px solid #ffffff;}#kt-modal22410_7ed8fe-75 .kt-modal-close svg, #kt-target-modal22410_7ed8fe-75 .kt-modal-close svg, .kb-modal-content22410_7ed8fe-75 .kt-modal-close svg{width:24px;height:24px;}}<\/style>\n<div class=\"wp-block-kadence-modal alignnone kt-modal-linkalign-center\" id=\"kt-modal22410_7ed8fe-75\"><div id=\"guideform\" class=\"kb-modal-content22410_7ed8fe-75 kadence-block-pro-modal kt-m-animate-in-slidedown kt-m-animate-out-slideoutup\" aria-hidden=\"true\"><div class=\"kt-modal-overlay\" tabindex=\"-1\" data-modal-close=\"true\"><div class=\"kt-modal-container kt-modal-height-fittocontent kt-close-position-inside\" role=\"dialog\" aria-modal=\"true\"><button class=\"kt-modal-close\" aria-label=\"Close Modal\" data-modal-close=\"true\"><svg viewBox=\"0 0 24 24\" fill=\"none\" stroke=\"currentColor\" xmlns=\"https:\/\/www.w3.org\/2000\/svg\" stroke-width=\"2\" stroke-linecap=\"round\" stroke-linejoin=\"round\"><line x1=\"18\" y1=\"6\" x2=\"6\" y2=\"18\"><\/line><line x1=\"6\" y1=\"6\" x2=\"18\" y2=\"18\"><\/line><\/svg><\/button><div id=\"kt-modal22410_7ed8fe-75-content\" class=\"kt-modal-content\"><style>.wp-block-kadence-advancedheading.kt-adv-heading22410_b5d62b-26, .wp-block-kadence-advancedheading.kt-adv-heading22410_b5d62b-26[data-kb-block=\"kb-adv-heading22410_b5d62b-26\"]{font-style:normal;}.wp-block-kadence-advancedheading.kt-adv-heading22410_b5d62b-26 mark.kt-highlight, .wp-block-kadence-advancedheading.kt-adv-heading22410_b5d62b-26[data-kb-block=\"kb-adv-heading22410_b5d62b-26\"] mark.kt-highlight{font-style:normal;color:#f76a0c;-webkit-box-decoration-break:clone;box-decoration-break:clone;padding-top:0px;padding-right:0px;padding-bottom:0px;padding-left:0px;}.wp-block-kadence-advancedheading.kt-adv-heading22410_b5d62b-26 img.kb-inline-image, .wp-block-kadence-advancedheading.kt-adv-heading22410_b5d62b-26[data-kb-block=\"kb-adv-heading22410_b5d62b-26\"] img.kb-inline-image{width:150px;vertical-align:baseline;}<\/style>\n<h5 class=\"kt-adv-heading22410_b5d62b-26 wp-block-kadence-advancedheading\" data-kb-block=\"kb-adv-heading22410_b5d62b-26\">Recibir la Gu\u00eda para principiantes de Mels CBD<\/h5>\n\n\n<p>[fluentform id=\u00bb6&#8243;]<\/p>\n<\/div><\/div><\/div><\/div><\/div>\n\n\n\n<p>Comience con 1-4 gotas por dosis durante las primeras semanas. Esto se puede distribuir 2-3 veces durante el d\u00eda, o solo por la noche, seg\u00fan el prop\u00f3sito. Recomendamos una escalada gradual para dar tiempo a los receptores de cannabinoides del cuerpo para activarse y usar los cannabinoides (CBD, CBG, CBC y CBN).<\/p>\n<\/div><\/div>\n\n\n<style>.kadence-column22410_6c5088-af > .kt-inside-inner-col,.kadence-column22410_6c5088-af > .kt-inside-inner-col:before{border-top-left-radius:0px;border-top-right-radius:0px;border-bottom-right-radius:0px;border-bottom-left-radius:0px;}.kadence-column22410_6c5088-af > .kt-inside-inner-col{column-gap:var(--global-kb-gap-sm, 1rem);}.kadence-column22410_6c5088-af > .kt-inside-inner-col{flex-direction:column;}.kadence-column22410_6c5088-af > .kt-inside-inner-col > .aligncenter{width:100%;}.kadence-column22410_6c5088-af > .kt-inside-inner-col:before{opacity:0.3;}.kadence-column22410_6c5088-af{position:relative;}@media all and (max-width: 1024px){.kadence-column22410_6c5088-af > .kt-inside-inner-col{flex-direction:column;justify-content:center;}}@media all and (max-width: 767px){.kadence-column22410_6c5088-af > .kt-inside-inner-col{flex-direction:column;justify-content:center;}}<\/style>\n<div class=\"wp-block-kadence-column kadence-column22410_6c5088-af inner-column-2\"><div class=\"kt-inside-inner-col\">\n<figure class=\"wp-block-image aligncenter size-large is-resized\"><img fetchpriority=\"high\" decoding=\"async\" width=\"658\" height=\"1024\" src=\"https:\/\/melseurope.com\/wp-content\/uploads\/2023\/08\/MELS-FAMILY-2-658x1024.png\" alt=\"MELS CBD - TWO STRAIN and FIVE STRAIN \" class=\"wp-image-29037\" style=\"width:249px;height:386px\" srcset=\"https:\/\/melseurope.com\/wp-content\/uploads\/2023\/08\/MELS-FAMILY-2-658x1024.png 658w, https:\/\/melseurope.com\/wp-content\/uploads\/2023\/08\/MELS-FAMILY-2-193x300.png 193w, https:\/\/melseurope.com\/wp-content\/uploads\/2023\/08\/MELS-FAMILY-2-600x934.png 600w, https:\/\/melseurope.com\/wp-content\/uploads\/2023\/08\/MELS-FAMILY-2.png 694w\" sizes=\"(max-width: 658px) 100vw, 658px\" \/><\/figure>\n<\/div><\/div>\n\n<\/div><\/div>\n\n<style>.wp-block-kadence-spacer.kt-block-spacer-22410_572d8b-f6 .kt-block-spacer{height:70px;}.wp-block-kadence-spacer.kt-block-spacer-22410_572d8b-f6 .kt-divider{border-top-width:1px;height:1px;border-top-color:#eee;width:100%;border-top-style:solid;}<\/style>\n<div class=\"wp-block-kadence-spacer aligncenter kt-block-spacer-22410_572d8b-f6\"><div class=\"kt-block-spacer kt-block-spacer-halign-center\"><hr class=\"kt-divider\"\/><\/div><\/div>\n\n\n\n<p>Hemos identificado tres dosis diferentes como gu\u00eda para los s\u00edntomas: <\/p>\n\n\n\n<p><strong>Microdosis:<\/strong> 5 &#8211; 30 mg de CBD al d\u00eda. Puede ser efectivo para dormir, dolores de cabeza, cambios de humor, n\u00e1useas, PTSD, estr\u00e9s y s\u00edndrome metab\u00f3lico. <\/p>\n\n\n\n<p><strong>Dosis est\u00e1ndar:<\/strong> 40 &#8211; 100 mg de CBD por d\u00eda. Se ha demostrado que es eficaz para el dolor cr\u00f3nico, la inflamaci\u00f3n, los trastornos autoinmunitarios, la borrelia, la ansiedad, la depresi\u00f3n, la artritis, algunos trastornos mentales, la fibromialgia, la esclerosis m\u00faltiple, la enfermedad inflamatoria intestinal y el autismo. <\/p>\n\n\n\n<p><strong>Macrodosis:<\/strong> 50 &#8211; 800 mg de CBD por d\u00eda. Las dosis a este nivel a menudo se usan para tratar el c\u00e1ncer, la epilepsia, la enfermedad hep\u00e1tica y otras afecciones graves que amenazan la vida.<\/p>\n","protected":false},"excerpt":{"rendered":"<p>Todos nuestros aceites son de alta calidad y muchos finalmente encuentran su favorito. Si es la primera vez que lo usa, le recomendamos que comience con MELS TWO STRAIN o MELS FIVE STRAIN . La diferencia entre estos es el n\u00famero de variedades de las que se extrae el aceite de cannabis. Para saber qu\u00e9&#8230;<\/p>\n","protected":false},"author":1,"featured_media":19456,"parent":0,"menu_order":0,"comment_status":"closed","ping_status":"closed","template":"","meta":{"_kad_blocks_custom_css":"","_kad_blocks_head_custom_js":"","_kad_blocks_body_custom_js":"","_kad_blocks_footer_custom_js":"","_kad_post_transparent":"","_kad_post_title":"","_kad_post_layout":"","_kad_post_sidebar_id":"","_kad_post_content_style":"","_kad_post_vertical_padding":"","_kad_post_feature":"","_kad_post_feature_position":"","_kad_post_header":false,"_kad_post_footer":false,"_kad_post_classname":"","footnotes":""},"class_list":["post-22410","page","type-page","status-publish","has-post-thumbnail","hentry"],"taxonomy_info":[],"featured_image_src_large":["https:\/\/melseurope.com\/wp-content\/uploads\/2022\/04\/man-holding-ts-bottle-1024x682.jpg",1024,682,true],"author_info":{"display_name":"igrafic","author_link":"https:\/\/melseurope.com\/es\/author\/igrafic"},"comment_info":0,"_links":{"self":[{"href":"https:\/\/melseurope.com\/es\/wp-json\/wp\/v2\/pages\/22410","targetHints":{"allow":["GET"]}}],"collection":[{"href":"https:\/\/melseurope.com\/es\/wp-json\/wp\/v2\/pages"}],"about":[{"href":"https:\/\/melseurope.com\/es\/wp-json\/wp\/v2\/types\/page"}],"author":[{"embeddable":true,"href":"https:\/\/melseurope.com\/es\/wp-json\/wp\/v2\/users\/1"}],"replies":[{"embeddable":true,"href":"https:\/\/melseurope.com\/es\/wp-json\/wp\/v2\/comments?post=22410"}],"version-history":[{"count":0,"href":"https:\/\/melseurope.com\/es\/wp-json\/wp\/v2\/pages\/22410\/revisions"}],"wp:featuredmedia":[{"embeddable":true,"href":"https:\/\/melseurope.com\/es\/wp-json\/wp\/v2\/media\/19456"}],"wp:attachment":[{"href":"https:\/\/melseurope.com\/es\/wp-json\/wp\/v2\/media?parent=22410"}],"curies":[{"name":"wp","href":"https:\/\/api.w.org\/{rel}","templated":true}]}}