{"id":22414,"date":"2022-04-24T18:28:55","date_gmt":"2022-04-24T16:28:55","guid":{"rendered":"https:\/\/melsbymelissa.com\/transporte"},"modified":"2023-03-13T19:03:29","modified_gmt":"2023-03-13T18:03:29","slug":"transporte","status":"publish","type":"page","link":"https:\/\/melseurope.com\/es\/transporte","title":{"rendered":"Transporte"},"content":{"rendered":"\n<h4 class=\"wp-block-heading\">Costo de env\u00edo<\/h4>\n\n<p>El env\u00edo dentro de Europa es gratuito para pedidos sin seguimiento hasta 0,5 Kg. Para pedidos superiores a 0,5 Kg y\/o donde el cliente haya elegido seguimiento, se aplican los siguientes precios:<\/p>\n\n<h5 class=\"wp-block-heading\">Correo sin seguimiento<\/h5>\n\n<figure class=\"wp-block-table\"><table><thead><tr><th>Peso<\/th><th>Precio<\/th><\/tr><\/thead><tbody><tr><\/tr><tr><td>Hasta 0,5 kg<\/td><td>0 \u20ac<\/td><\/tr><tr><td>0,5 kg &#8211; 1 kg<\/td><td>9\u20ac<\/td><\/tr><tr><td>M\u00e1s de 1 kilo<\/td><td>18\u20ac<\/td><\/tr><\/tbody><\/table><\/figure>\n<h5 class=\"wp-block-heading\">Correo con seguimiento<\/h5>\n\n<figure class=\"wp-block-table\"><table><thead><tr><th><strong>Peso<\/strong><\/th><th><strong>Precio<\/strong><\/th><\/tr><\/thead><tbody><tr><\/tr><tr><td>Hasta 0,5 kg<\/td><td>9\u20ac<\/td><\/tr><tr><td>0,5 kg &#8211; 1 kg<\/td><td>14\u20ac<\/td><\/tr><tr><td>M\u00e1s de 1 kilo<\/td><td>22\u20ac<\/td><\/tr><\/tbody><\/table><\/figure>\n<h4 class=\"wp-block-heading\">El tiempo de entrega<\/h4>\n\n<p>De fleste varer vil ankomme innen 2-6 uker. Bestiller du til Norge kan det ta lengre tid om pakken blir stoppet i tollen\/posten. Du vil motta beskjed om fortolling, hvor du m\u00e5 vise til ordrebekreftelsen din f\u00f8r de belaster deg moms + gebyr. Dette er opp til post og toll i Norge og har ingenting med MELS \u00e5 gj\u00f8re.<\/p>\n\n<h4 class=\"wp-block-heading\">Cambio de direcci\u00f3n de entrega<\/h4>\n\n<p>Sus compras procesadas se enviar\u00e1n a la direcci\u00f3n de env\u00edo que proporcion\u00f3 al finalizar la compra. Los cambios en la direcci\u00f3n de env\u00edo deben realizarse dentro de las 12 horas posteriores a la realizaci\u00f3n del pedido.<\/p>\n\n<h4 class=\"wp-block-heading\">Si no recibe los detalles del pedido<\/h4>\n\n<p>Det hender at kundene v\u00e5re ved et uhell har skrevet inn en feil e-postadresse. Gjennom hele prosessen sender vi 2-3 eposter, inkludert en ordrebekreftelse, en fullf\u00f8ringsmelding og en fraktmelding hvis sporing er tilgjengelig. Hvis du tror at du kanskje har skrevet inn din epost feil, vennligst kontakt oss p\u00e5 info@melsbymelissa.com, s\u00e5 ordner vi det for deg.<\/p>\n\n<h4 class=\"wp-block-heading\">Cancelar orden<\/h4>\n\n<p>\u00bfCometi\u00f3 un error y desea cancelar su pedido? Comun\u00edquese con info@melsbymelissa.com dentro de las 12 horas para evitar que el pedido sea procesado y enviado.<\/p>\n\n<h4 class=\"wp-block-heading\">Reclamaciones y devoluciones<\/h4>\n\n<p>N\u00e5r du mottar bestillingen til angitt adresse, m\u00e5 du g\u00e5 gjennom innholdet av pakken. Hvis ett eller flere produkter skulle mangle, vil kunden bare ha en periode p\u00e5 24 timer fra mottakelse til \u00e5 melde om dette via e-post: info@melsbymelissa.com. Etter 24 timer vil det forst\u00e5s at bestillingen ble mottatt riktig og fullstendig. Ethvert krav relatert til manglende varer etter denne perioden vil bli avvist.<\/p>\n\n<p>I tilfeller der produktet ikke er i god stand og \u00e5rsaken ikke kan tilskrives kunden, m\u00e5 kunden da informere Mels by Melissa innen 48 timer etter mottakelse av bestillingen via e-post til info@melsbymelissa.com. Kunden blir bedt om \u00e5 sende bilder av det gjeldende produktet\/eventuell skade.\u00a0Mels by Melissa forplikter seg til \u00e5 b\u00e6re kostnadene for retur og \u00e5 sende et nytt produkt i samsvar med vilk\u00e5rene akseptert p\u00e5 salgstidspunktet, unntatt om det bestilles til et land hvor det ikke tillates CBD-produkter. Dessverre har det v\u00e6rt tilfeller hvor pakker som sendes til Norge blir knust med vilje. Vi pr\u00f8ver \u00e5 finne ut hvor dette skjer for \u00e5 unng\u00e5 flere tilfeller. Pakkene pakkes inn i beskyttende emballasje for \u00e5 unng\u00e5 dette.<\/p>\n\n<p>Si le enviamos un art\u00edculo incorrecto, puede solicitar un reembolso y devolver el art\u00edculo, o reemplazarlo con el art\u00edculo correcto.<\/p>\n\n<p>El franqueo de devoluci\u00f3n y el manejo son b\u00e1sicamente responsabilidad del comprador, pero dependiendo del tipo de art\u00edculo (s), podemos reembolsar parte del costo de env\u00edo original.<\/p>\n\n<p>En ning\u00fan caso Mels by Melissa podr\u00e1 ser considerada responsable del mal uso o mal uso de los productos distribuidos por nosotros.<\/p>\n\n<h4 class=\"wp-block-heading\">Env\u00edos perdidos<\/h4>\n\n<p>Mels by Melissa er ikke ansvarlig for tapte forsendelser. Hvis du har valgt frakt med sporing, kan vi hjelpe deg \u00e5 lokalisere pakken. Send e-post til info@melsbymelissa.com med ordrenummer og sporingsnummer.<\/p>\n","protected":false},"excerpt":{"rendered":"<p>Costo de env\u00edo El env\u00edo dentro de Europa es gratuito para pedidos sin seguimiento hasta 0,5 Kg. Para pedidos superiores a 0,5 Kg y\/o donde el cliente haya elegido seguimiento, se aplican los siguientes precios: Correo sin seguimiento Peso Precio Hasta 0,5 kg 0 \u20ac 0,5 kg &#8211; 1 kg 9\u20ac M\u00e1s de 1 kilo&#8230;<\/p>\n","protected":false},"author":1,"featured_media":0,"parent":0,"menu_order":0,"comment_status":"closed","ping_status":"closed","template":"","meta":{"_kad_blocks_custom_css":"","_kad_blocks_head_custom_js":"","_kad_blocks_body_custom_js":"","_kad_blocks_footer_custom_js":"","_kad_post_transparent":"","_kad_post_title":"","_kad_post_layout":"","_kad_post_sidebar_id":"","_kad_post_content_style":"","_kad_post_vertical_padding":"","_kad_post_feature":"","_kad_post_feature_position":"","_kad_post_header":false,"_kad_post_footer":false,"_kad_post_classname":"","footnotes":""},"class_list":["post-22414","page","type-page","status-publish","hentry"],"taxonomy_info":[],"featured_image_src_large":false,"author_info":{"display_name":"igrafic","author_link":"https:\/\/melseurope.com\/es\/author\/igrafic"},"comment_info":0,"_links":{"self":[{"href":"https:\/\/melseurope.com\/es\/wp-json\/wp\/v2\/pages\/22414","targetHints":{"allow":["GET"]}}],"collection":[{"href":"https:\/\/melseurope.com\/es\/wp-json\/wp\/v2\/pages"}],"about":[{"href":"https:\/\/melseurope.com\/es\/wp-json\/wp\/v2\/types\/page"}],"author":[{"embeddable":true,"href":"https:\/\/melseurope.com\/es\/wp-json\/wp\/v2\/users\/1"}],"replies":[{"embeddable":true,"href":"https:\/\/melseurope.com\/es\/wp-json\/wp\/v2\/comments?post=22414"}],"version-history":[{"count":0,"href":"https:\/\/melseurope.com\/es\/wp-json\/wp\/v2\/pages\/22414\/revisions"}],"wp:attachment":[{"href":"https:\/\/melseurope.com\/es\/wp-json\/wp\/v2\/media?parent=22414"}],"curies":[{"name":"wp","href":"https:\/\/api.w.org\/{rel}","templated":true}]}}