{"id":22416,"date":"2022-05-11T20:37:58","date_gmt":"2022-05-11T18:37:58","guid":{"rendered":"https:\/\/melsbymelissa.com\/legal"},"modified":"2022-07-05T16:20:07","modified_gmt":"2022-07-05T14:20:07","slug":"legal","status":"publish","type":"page","link":"https:\/\/melseurope.com\/es\/legal","title":{"rendered":"Legal"},"content":{"rendered":"\n<!-- Legal document generated by Complianz | GDPR\/CCPA Cookie Consent https:\/\/wordpress.org\/plugins\/complianz-gdpr -->\n<div id=\"cmplz-document\" class=\"cmplz-document impressum cmplz-document-all\"><p><i>Este aviso legal \/ imprint fue actualizado por \u00faltima vez el 12 de marzo de 2026.<\/i><\/p><p class=\"cmplz-subtitle\">El propietario de esta web es:<\/p><p>Mels by Melissa O\u00dc<br>Viru v\u00e4ljak 2<br \/>\r\nTallinn 10111<br>Estonia<br>Correo electr\u00f3nico:&nbsp;<span class=\"cmplz-obfuscate\">&#105;nfo@<span class=\"cmplz-fmail-domain\">&#101;&#120;&#046;c&#111;m<\/span>&#109;el&#115;b&#121;&#109;e&#108;issa.co&#109;<\/span><br>N\u00famero de tel\u00e9fono: +34681655715<br>CIF (N\u00famero de IVA):&nbsp;EE102490592<\/p><p class=\"cmplz-subtitle\">El\/Los representante\/s legal\/es de Mels by Melissa O\u00dc:<\/p><p>Melissa Thelwall<\/p><h2>1. General<\/h2><p class=\"cmplz-subtitle\">1.1 Estamos registrados en Registration Department of Tartu County Court bajo el n\u00famero de licencia o registro:<\/p><p>16490681<\/p><p>No estamos dispuestos ni obligados a participar en procedimientos de resoluci\u00f3n de conflictos ante una junta de arbitraje de consumo.<\/p><\/div>\n","protected":false},"excerpt":{"rendered":"","protected":false},"author":1,"featured_media":0,"parent":0,"menu_order":0,"comment_status":"closed","ping_status":"closed","template":"","meta":{"_kad_blocks_custom_css":"","_kad_blocks_head_custom_js":"","_kad_blocks_body_custom_js":"","_kad_blocks_footer_custom_js":"","_kad_post_transparent":"","_kad_post_title":"","_kad_post_layout":"","_kad_post_sidebar_id":"","_kad_post_content_style":"","_kad_post_vertical_padding":"","_kad_post_feature":"","_kad_post_feature_position":"","_kad_post_header":false,"_kad_post_footer":false,"_kad_post_classname":"","footnotes":""},"class_list":["post-22416","page","type-page","status-publish","hentry"],"taxonomy_info":[],"featured_image_src_large":false,"author_info":{"display_name":"igrafic","author_link":"https:\/\/melseurope.com\/es\/author\/igrafic"},"comment_info":0,"_links":{"self":[{"href":"https:\/\/melseurope.com\/es\/wp-json\/wp\/v2\/pages\/22416","targetHints":{"allow":["GET"]}}],"collection":[{"href":"https:\/\/melseurope.com\/es\/wp-json\/wp\/v2\/pages"}],"about":[{"href":"https:\/\/melseurope.com\/es\/wp-json\/wp\/v2\/types\/page"}],"author":[{"embeddable":true,"href":"https:\/\/melseurope.com\/es\/wp-json\/wp\/v2\/users\/1"}],"replies":[{"embeddable":true,"href":"https:\/\/melseurope.com\/es\/wp-json\/wp\/v2\/comments?post=22416"}],"version-history":[{"count":0,"href":"https:\/\/melseurope.com\/es\/wp-json\/wp\/v2\/pages\/22416\/revisions"}],"wp:attachment":[{"href":"https:\/\/melseurope.com\/es\/wp-json\/wp\/v2\/media?parent=22416"}],"curies":[{"name":"wp","href":"https:\/\/api.w.org\/{rel}","templated":true}]}}