{"id":22373,"date":"2022-04-04T15:58:26","date_gmt":"2022-04-04T13:58:26","guid":{"rendered":"https:\/\/melsbymelissa.com\/product\/cuatro-cepas-cbg-cbc-cbd-aceite-15"},"modified":"2026-03-11T14:55:25","modified_gmt":"2026-03-11T13:55:25","slug":"cuatro-cepas-cbg-cbc-cbd-aceite-15","status":"publish","type":"product","link":"https:\/\/melseurope.com\/es\/producto\/cuatro-cepas-cbg-cbc-cbd-aceite-15","title":{"rendered":"FOUR STRAIN CBG-CBC-CBD OIL 15%"},"content":{"rendered":"\t\t<div data-elementor-type=\"wp-post\" data-elementor-id=\"22373\" class=\"elementor elementor-22373 elementor-17171\" data-elementor-post-type=\"product\">\n\t\t\t\t\t\t<section class=\"elementor-section elementor-top-section elementor-element elementor-element-3b2d7cb elementor-section-full_width elementor-section-stretched elementor-section-height-default elementor-section-height-default\" data-id=\"3b2d7cb\" data-element_type=\"section\" data-e-type=\"section\" data-settings=\"{&quot;stretch_section&quot;:&quot;section-stretched&quot;,&quot;background_background&quot;:&quot;classic&quot;}\">\n\t\t\t\t\t\t<div class=\"elementor-container elementor-column-gap-default\">\n\t\t\t\t\t<div class=\"elementor-column elementor-col-100 elementor-top-column elementor-element elementor-element-ce8b516\" data-id=\"ce8b516\" data-element_type=\"column\" data-e-type=\"column\">\n\t\t\t<div class=\"elementor-widget-wrap elementor-element-populated\">\n\t\t\t\t\t\t<div class=\"elementor-element elementor-element-ece9eb6 elementor-icon-list--layout-inline elementor-align-center elementor-mobile-align-start elementor-list-item-link-full_width elementor-widget elementor-widget-icon-list\" data-id=\"ece9eb6\" data-element_type=\"widget\" data-e-type=\"widget\" data-widget_type=\"icon-list.default\">\n\t\t\t\t<div class=\"elementor-widget-container\">\n\t\t\t\t\t\t\t<ul class=\"elementor-icon-list-items elementor-inline-items\">\n\t\t\t\t\t\t\t<li class=\"elementor-icon-list-item elementor-inline-item\">\n\t\t\t\t\t\t\t\t\t\t\t<span class=\"elementor-icon-list-icon\">\n\t\t\t\t\t\t\t<i aria-hidden=\"true\" class=\"scie_icons scie_icons-dropper\"><\/i>\t\t\t\t\t\t<\/span>\n\t\t\t\t\t\t\t\t\t\t<span class=\"elementor-icon-list-text\">10g \/ \u00b1 200 gotas por botella<\/span>\n\t\t\t\t\t\t\t\t\t<\/li>\n\t\t\t\t\t\t\t\t<li class=\"elementor-icon-list-item elementor-inline-item\">\n\t\t\t\t\t\t\t\t\t\t\t<span class=\"elementor-icon-list-icon\">\n\t\t\t\t\t\t\t<i aria-hidden=\"true\" class=\"science_solid science_solid-cbd-molecule-2\"><\/i>\t\t\t\t\t\t<\/span>\n\t\t\t\t\t\t\t\t\t\t<span class=\"elementor-icon-list-text\">1 gota contiene:<br>4,5mg de CBG \/ 0,5mg de CBC \/ 2,5mg de CBD<\/span>\n\t\t\t\t\t\t\t\t\t<\/li>\n\t\t\t\t\t\t\t\t<li class=\"elementor-icon-list-item elementor-inline-item\">\n\t\t\t\t\t\t\t\t\t\t\t<span class=\"elementor-icon-list-icon\">\n\t\t\t\t\t\t\t<i aria-hidden=\"true\" class=\"spec_icons spec_icons-full-spectrum\"><\/i>\t\t\t\t\t\t<\/span>\n\t\t\t\t\t\t\t\t\t\t<span class=\"elementor-icon-list-text\">Espectro completo<\/span>\n\t\t\t\t\t\t\t\t\t<\/li>\n\t\t\t\t\t\t\t\t<li class=\"elementor-icon-list-item elementor-inline-item\">\n\t\t\t\t\t\t\t\t\t\t\t<span class=\"elementor-icon-list-icon\">\n\t\t\t\t\t\t\t<i aria-hidden=\"true\" class=\"scie_icons scie_icons-drop-ripple\"><\/i>\t\t\t\t\t\t<\/span>\n\t\t\t\t\t\t\t\t\t\t<span class=\"elementor-icon-list-text\">Con aceite MCT<br>Sabor a menta<\/span>\n\t\t\t\t\t\t\t\t\t<\/li>\n\t\t\t\t\t\t<\/ul>\n\t\t\t\t\t\t<\/div>\n\t\t\t\t<\/div>\n\t\t\t\t\t<\/div>\n\t\t<\/div>\n\t\t\t\t\t<\/div>\n\t\t<\/section>\n\t\t\t\t<section class=\"elementor-section elementor-top-section elementor-element elementor-element-722136b elementor-section-boxed elementor-section-height-default elementor-section-height-default\" data-id=\"722136b\" data-element_type=\"section\" data-e-type=\"section\">\n\t\t\t\t\t\t<div class=\"elementor-container elementor-column-gap-default\">\n\t\t\t\t\t<div class=\"elementor-column elementor-col-100 elementor-top-column elementor-element elementor-element-b01ad4b\" data-id=\"b01ad4b\" data-element_type=\"column\" data-e-type=\"column\">\n\t\t\t<div class=\"elementor-widget-wrap elementor-element-populated\">\n\t\t\t\t\t\t<div class=\"elementor-element elementor-element-480f9dc elementor-widget elementor-widget-spacer\" data-id=\"480f9dc\" data-element_type=\"widget\" data-e-type=\"widget\" data-widget_type=\"spacer.default\">\n\t\t\t\t<div class=\"elementor-widget-container\">\n\t\t\t\t\t\t\t<div class=\"elementor-spacer\">\n\t\t\t<div class=\"elementor-spacer-inner\"><\/div>\n\t\t<\/div>\n\t\t\t\t\t\t<\/div>\n\t\t\t\t<\/div>\n\t\t\t\t<div class=\"elementor-element elementor-element-ab68904 elementor-widget elementor-widget-text-editor\" data-id=\"ab68904\" data-element_type=\"widget\" data-e-type=\"widget\" data-widget_type=\"text-editor.default\">\n\t\t\t\t<div class=\"elementor-widget-container\">\n\t\t\t\t\t\t\t\t\t<h5>El primer aceite de CBG+CBC+CBD neuroprotector de m\u00faltiples cepas del mundo.<\/h5>\n<p><strong>\u00bfNecesitas ayuda para reducir la ansiedad y el estr\u00e9s?<\/strong><br \/><strong>\u00bfNecesitas mantenerte n\u00edtido y concentrado?<\/strong><br \/><strong>\u00bfNo es la memoria lo que una vez fue?<\/strong><\/p>\n<p>Deja que MELS FOUR STRAIN ayude a mantener y mejorar tu funci\u00f3n cerebral y regenere tu concentraci\u00f3n y memoria.<\/p>\n<p>MELS FOUR STRAIN se desarrolla a partir de CUATRO cepas \u00fanicas y cuidadosamente seleccionadas de la planta de cannabis. Proporciona altos niveles de CBG, CBC y CBD y cuadruplica la cantidad de sustancias medicinales que trabajan juntas sin problemas para ayudar a proteger y potenciar tu salud neuronal.<\/p>\n<p>Org\u00e1nico, libre de transg\u00e9nicos, pesticidas y qu\u00edmicos t\u00f3xicos.<br \/>Probado por un laboratorio externo para comprobar su pureza y potencia.<br \/>Extra\u00eddo con CO<sub>2<\/sub> para conservar todas sus propiedades.<\/p>\n\t\t\t\t\t\t\t\t<\/div>\n\t\t\t\t<\/div>\n\t\t\t\t\t<\/div>\n\t\t<\/div>\n\t\t\t\t\t<\/div>\n\t\t<\/section>\n\t\t\t\t<section class=\"elementor-section elementor-top-section elementor-element elementor-element-bb5a35c elementor-section-boxed elementor-section-height-default elementor-section-height-default\" data-id=\"bb5a35c\" data-element_type=\"section\" data-e-type=\"section\">\n\t\t\t\t\t\t<div class=\"elementor-container elementor-column-gap-default\">\n\t\t\t\t\t<div class=\"elementor-column elementor-col-100 elementor-top-column elementor-element elementor-element-a831730\" data-id=\"a831730\" data-element_type=\"column\" data-e-type=\"column\">\n\t\t\t<div class=\"elementor-widget-wrap elementor-element-populated\">\n\t\t\t\t\t\t<div class=\"elementor-element elementor-element-1a9c4d9 elementor-widget-divider--view-line elementor-widget elementor-widget-divider\" data-id=\"1a9c4d9\" data-element_type=\"widget\" data-e-type=\"widget\" data-widget_type=\"divider.default\">\n\t\t\t\t<div class=\"elementor-widget-container\">\n\t\t\t\t\t\t\t<div class=\"elementor-divider\">\n\t\t\t<span class=\"elementor-divider-separator\">\n\t\t\t\t\t\t<\/span>\n\t\t<\/div>\n\t\t\t\t\t\t<\/div>\n\t\t\t\t<\/div>\n\t\t\t\t\t<\/div>\n\t\t<\/div>\n\t\t\t\t\t<\/div>\n\t\t<\/section>\n\t\t\t\t<section class=\"elementor-section elementor-top-section elementor-element elementor-element-3eb7b32 elementor-section-boxed elementor-section-height-default elementor-section-height-default\" data-id=\"3eb7b32\" data-element_type=\"section\" data-e-type=\"section\">\n\t\t\t\t\t\t<div class=\"elementor-container elementor-column-gap-default\">\n\t\t\t\t\t<div class=\"elementor-column elementor-col-33 elementor-top-column elementor-element elementor-element-9db7ca8\" data-id=\"9db7ca8\" data-element_type=\"column\" data-e-type=\"column\">\n\t\t\t<div class=\"elementor-widget-wrap elementor-element-populated\">\n\t\t\t\t\t\t<div class=\"elementor-element elementor-element-ec08020 elementor-widget elementor-widget-heading\" data-id=\"ec08020\" data-element_type=\"widget\" data-e-type=\"widget\" data-widget_type=\"heading.default\">\n\t\t\t\t<div class=\"elementor-widget-container\">\n\t\t\t\t\t<h5 class=\"elementor-heading-title elementor-size-medium\">Ingredientes<\/h5>\t\t\t\t<\/div>\n\t\t\t\t<\/div>\n\t\t\t\t\t<\/div>\n\t\t<\/div>\n\t\t\t\t<div class=\"elementor-column elementor-col-66 elementor-top-column elementor-element elementor-element-ce9b48d\" data-id=\"ce9b48d\" data-element_type=\"column\" data-e-type=\"column\">\n\t\t\t<div class=\"elementor-widget-wrap elementor-element-populated\">\n\t\t\t\t\t\t<div class=\"elementor-element elementor-element-f78e41d elementor-widget elementor-widget-text-editor\" data-id=\"f78e41d\" data-element_type=\"widget\" data-e-type=\"widget\" data-widget_type=\"text-editor.default\">\n\t\t\t\t<div class=\"elementor-widget-container\">\n\t\t\t\t\t\t\t\t\t<p>CBG 900mg (9 %), CBC 100mg (1 %), CBD 500mg (5 %) cannabinoides de espectro completo<\/p>\n<p>Extracto de c\u00e1\u00f1amo org\u00e1nico 4g<\/p>\n<p>MCT 6g<\/p>\n<p>THC &lt; 0,2% (sustancias traza)<\/p>\n<p>Sabor a menta<\/p>\n<p><a href=\"https:\/\/melseurope.com\/wp-content\/uploads\/2022\/08\/Four_Strain_15.pdf\" target=\"_blank\" rel=\"noopener\">Descarga aqu\u00ed los resultados de an\u00e1lisis de un laboratorio independiente<\/a><\/p>\n\t\t\t\t\t\t\t\t<\/div>\n\t\t\t\t<\/div>\n\t\t\t\t\t<\/div>\n\t\t<\/div>\n\t\t\t\t\t<\/div>\n\t\t<\/section>\n\t\t\t\t<section class=\"elementor-section elementor-top-section elementor-element elementor-element-98add33 elementor-section-boxed elementor-section-height-default elementor-section-height-default\" data-id=\"98add33\" data-element_type=\"section\" data-e-type=\"section\">\n\t\t\t\t\t\t<div class=\"elementor-container elementor-column-gap-default\">\n\t\t\t\t\t<div class=\"elementor-column elementor-col-100 elementor-top-column elementor-element elementor-element-c7d046f\" data-id=\"c7d046f\" data-element_type=\"column\" data-e-type=\"column\">\n\t\t\t<div class=\"elementor-widget-wrap elementor-element-populated\">\n\t\t\t\t\t\t<div class=\"elementor-element elementor-element-a392d3f elementor-widget-divider--view-line elementor-widget elementor-widget-divider\" data-id=\"a392d3f\" data-element_type=\"widget\" data-e-type=\"widget\" data-widget_type=\"divider.default\">\n\t\t\t\t<div class=\"elementor-widget-container\">\n\t\t\t\t\t\t\t<div class=\"elementor-divider\">\n\t\t\t<span class=\"elementor-divider-separator\">\n\t\t\t\t\t\t<\/span>\n\t\t<\/div>\n\t\t\t\t\t\t<\/div>\n\t\t\t\t<\/div>\n\t\t\t\t\t<\/div>\n\t\t<\/div>\n\t\t\t\t\t<\/div>\n\t\t<\/section>\n\t\t\t\t<section class=\"elementor-section elementor-top-section elementor-element elementor-element-834f82e elementor-section-boxed elementor-section-height-default elementor-section-height-default\" data-id=\"834f82e\" data-element_type=\"section\" data-e-type=\"section\">\n\t\t\t\t\t\t<div class=\"elementor-container elementor-column-gap-default\">\n\t\t\t\t\t<div class=\"elementor-column elementor-col-33 elementor-top-column elementor-element elementor-element-a5570d3\" data-id=\"a5570d3\" data-element_type=\"column\" data-e-type=\"column\">\n\t\t\t<div class=\"elementor-widget-wrap elementor-element-populated\">\n\t\t\t\t\t\t<div class=\"elementor-element elementor-element-eaa0b19 elementor-widget elementor-widget-heading\" data-id=\"eaa0b19\" data-element_type=\"widget\" data-e-type=\"widget\" data-widget_type=\"heading.default\">\n\t\t\t\t<div class=\"elementor-widget-container\">\n\t\t\t\t\t<h5 class=\"elementor-heading-title elementor-size-medium\">Descripci\u00f3n<\/h5>\t\t\t\t<\/div>\n\t\t\t\t<\/div>\n\t\t\t\t\t<\/div>\n\t\t<\/div>\n\t\t\t\t<div class=\"elementor-column elementor-col-66 elementor-top-column elementor-element elementor-element-2004d6d\" data-id=\"2004d6d\" data-element_type=\"column\" data-e-type=\"column\">\n\t\t\t<div class=\"elementor-widget-wrap elementor-element-populated\">\n\t\t\t\t\t\t<div class=\"elementor-element elementor-element-56c2ff3 elementor-widget elementor-widget-text-editor\" data-id=\"56c2ff3\" data-element_type=\"widget\" data-e-type=\"widget\" data-widget_type=\"text-editor.default\">\n\t\t\t\t<div class=\"elementor-widget-container\">\n\t\t\t\t\t\t\t\t\t<p>El aceite MELS FOUR STRAIN 15% CBG\/CBC\/CBD se desarrolla cient\u00edficamente a partir de 4 tipos diferentes de plantas de cannabis, para crear un aceite de CBD puro y altamente efectivo. Cada una de las plantas de cannabis tiene sus propias propiedades \u00fanicas para dar a nuestros aceites un efecto sin\u00e9rgico y multidimensional (Efecto Entourage*).<\/p>\n<p>Los clientes informan que les ha ayudado a reducir la ansiedad y el estr\u00e9s, a mantenerse m\u00e1s concentrados y con la mente despejada.<\/p>\n<p>MELS FOUR STRAIN es&nbsp;un aceite crudo org\u00e1nico. Se extrae mediante CO <sub>2<\/sub> supercr\u00edtico (recuperaci\u00f3n de di\u00f3xido de carbono), se mezcla con aceite MCT para una mejor absorci\u00f3n y contiene ceras, terpenos, flavonoides y toda la gama de cannabinoides. Por \u00faltimo, se a\u00f1ade extracto de menta, ya que el CBG en particular tiene un sabor muy fuerte.<\/p>\n<p>El extracto no se somete a ning\u00fan proceso de desparafinado ni calentamiento y, adem\u00e1s de CBD y CBDa, tiene un alto nivel de CBG y CBC. El proceso de extracci\u00f3n natural con CO<sub>2<\/sub> elimina la mayor parte de la clorofila, dando como resultado un color oscuro, una consistencia espesa y un regusto intenso y natural a c\u00e1\u00f1amo.<\/p>\n<p>Se produce a partir de cultivos cosechados de acuerdo con las pr\u00e1cticas tradicionales de herborister\u00eda en una granja org\u00e1nica certificada y se ha desarrollado cient\u00edficamente con nuestro qu\u00edmico investigador y los agricultores para ofrecer un aceite potente y eficaz para ayudar a mejorar su salud, su energ\u00eda y ayudarle a hacer frente al estr\u00e9s f\u00edsico de la vida cotidiana.<\/p>\n<p>Los aceites MELS CBD est\u00e1n hechos solo de flores de la mejor calidad cosechadas de hasta cinco variedades diferentes de la planta de Cannabis. Cada cepa ha sido cuidadosamente desarrollada por nuestros talentosos cultivadores por sus propias propiedades \u00fanicas. Cultivadas al aire libre, con luz natural, nuestras plantas se cultivan y nutren de forma sostenible, sin el uso de pesticidas, herbicidas o fertilizantes qu\u00edmicos en nuestra granja aislada situada en la hermosa campi\u00f1a francesa. Es un principio de nuestra filosof\u00eda b\u00e1sica proteger el medio ambiente y no a\u00f1adir nada m\u00e1s que el poder natural que reside en la propia planta.<\/p>\n<p>Controlamos la calidad de los productos con la ayuda de la cromatograf\u00eda l\u00edquida de alto rendimiento, el m\u00e9todo HPLC. Analizamos la presencia de cannabinoides, metales pesados, pesticidas y aflatoxina.<\/p>\n<p>Nuestro cultivo, cuidado con esmero, de plantas completamente maduras, se cosecha s\u00f3lo una vez al a\u00f1o para permitir que toda la profundidad y la complejidad de los compuestos medicinales beneficiosos se desarrollen completamente. Empleamos los mismos principios ancestrales utilizados por los herbolarios tradicionales a lo largo de los siglos y recogemos nuestras plantas durante los tres d\u00edas inmediatamente anteriores y durante la luna llena. De este modo, capturamos la m\u00e1xima variedad de elementos que mejoran la vida de esta incre\u00edble planta.<\/p>\n<p>Estamos comprometidos con el concepto de mejora continua y revisamos y actualizamos constantemente nuestros procesos, pr\u00e1cticas y selecci\u00f3n de plantas para garantizar que s\u00f3lo salga de nuestras instalaciones el mejor aceite de CBD org\u00e1nico y producido de forma sostenible.<\/p>\n<p>Nuestras plantas pasan m\u00e1s tiempo al sol, nuestros aceites tardan m\u00e1s en producirse y los frutos de nuestro trabajo pasan muchas m\u00e1s horas en investigaci\u00f3n y desarrollo de las que se necesitar\u00edan para producir una gama de aceite de CBD de grado est\u00e1ndar.<\/p>\n<p>La producci\u00f3n de aceites MELS CBD no se puede apresurar. Nuestros productos est\u00e1n muy por encima de los aceites est\u00e1ndar ordinarios y merecen cada gramo de esfuerzo, amor y atenci\u00f3n extra que les producimos.<\/p>\t\t\t\t\t\t\t\t<\/div>\n\t\t\t\t<\/div>\n\t\t\t\t\t<\/div>\n\t\t<\/div>\n\t\t\t\t\t<\/div>\n\t\t<\/section>\n\t\t\t\t<section class=\"elementor-section elementor-top-section elementor-element elementor-element-0d679a3 elementor-section-boxed elementor-section-height-default elementor-section-height-default\" data-id=\"0d679a3\" data-element_type=\"section\" data-e-type=\"section\">\n\t\t\t\t\t\t<div class=\"elementor-container elementor-column-gap-default\">\n\t\t\t\t\t<div class=\"elementor-column elementor-col-100 elementor-top-column elementor-element elementor-element-ffbb5a4\" data-id=\"ffbb5a4\" data-element_type=\"column\" data-e-type=\"column\">\n\t\t\t<div class=\"elementor-widget-wrap elementor-element-populated\">\n\t\t\t\t\t\t<div class=\"elementor-element elementor-element-d212124 elementor-widget-divider--view-line elementor-widget elementor-widget-divider\" data-id=\"d212124\" data-element_type=\"widget\" data-e-type=\"widget\" data-widget_type=\"divider.default\">\n\t\t\t\t<div class=\"elementor-widget-container\">\n\t\t\t\t\t\t\t<div class=\"elementor-divider\">\n\t\t\t<span class=\"elementor-divider-separator\">\n\t\t\t\t\t\t<\/span>\n\t\t<\/div>\n\t\t\t\t\t\t<\/div>\n\t\t\t\t<\/div>\n\t\t\t\t\t<\/div>\n\t\t<\/div>\n\t\t\t\t\t<\/div>\n\t\t<\/section>\n\t\t\t\t<section class=\"elementor-section elementor-top-section elementor-element elementor-element-8815d52 elementor-section-boxed elementor-section-height-default elementor-section-height-default\" data-id=\"8815d52\" data-element_type=\"section\" data-e-type=\"section\">\n\t\t\t\t\t\t<div class=\"elementor-container elementor-column-gap-default\">\n\t\t\t\t\t<div class=\"elementor-column elementor-col-33 elementor-top-column elementor-element elementor-element-af37f3d\" data-id=\"af37f3d\" data-element_type=\"column\" data-e-type=\"column\">\n\t\t\t<div class=\"elementor-widget-wrap elementor-element-populated\">\n\t\t\t\t\t\t<div class=\"elementor-element elementor-element-e07acd8 elementor-widget elementor-widget-heading\" data-id=\"e07acd8\" data-element_type=\"widget\" data-e-type=\"widget\" data-widget_type=\"heading.default\">\n\t\t\t\t<div class=\"elementor-widget-container\">\n\t\t\t\t\t<h5 class=\"elementor-heading-title elementor-size-medium\">Otra informaci\u00f3n<\/h5>\t\t\t\t<\/div>\n\t\t\t\t<\/div>\n\t\t\t\t\t<\/div>\n\t\t<\/div>\n\t\t\t\t<div class=\"elementor-column elementor-col-66 elementor-top-column elementor-element elementor-element-e2aa455\" data-id=\"e2aa455\" data-element_type=\"column\" data-e-type=\"column\">\n\t\t\t<div class=\"elementor-widget-wrap elementor-element-populated\">\n\t\t\t\t\t\t<div class=\"elementor-element elementor-element-0edfc41 elementor-widget elementor-widget-text-editor\" data-id=\"0edfc41\" data-element_type=\"widget\" data-e-type=\"widget\" data-widget_type=\"text-editor.default\">\n\t\t\t\t<div class=\"elementor-widget-container\">\n\t\t\t\t\t\t\t\t\t<p>Org\u00e1nico, libre de transg\u00e9nicos, pesticidas y qu\u00edmicos t\u00f3xicos.<br \/>Probado por un laboratorio externo para comprobar su pureza y potencia.<br \/>Extra\u00eddo con CO<sub>2<\/sub> para conservar todas sus propiedades.<\/p>\n<p>Caracter\u00edsticas: Color oscuro con sabor natural a c\u00e1\u00f1amo, con menta piperita a\u00f1adida.<\/p>\n<p>Puede ser utilizado por veganos.<\/p>\n<p>Almacenamiento: Por debajo de 25 grados cent\u00edgrados. Evite la luz solar directa.<\/p>\n<p>Uso: Vaya a la p\u00e1gina <a href=\"https:\/\/melseurope.com\/es\/como-tomar-nuestros-aceites\">C\u00f3mo tomar nuestros aceites<\/a> para ver los videos instructivos.<\/p>\n\t\t\t\t\t\t\t\t<\/div>\n\t\t\t\t<\/div>\n\t\t\t\t\t<\/div>\n\t\t<\/div>\n\t\t\t\t\t<\/div>\n\t\t<\/section>\n\t\t\t\t<section class=\"elementor-section elementor-top-section elementor-element elementor-element-58aebdb elementor-section-boxed elementor-section-height-default elementor-section-height-default\" data-id=\"58aebdb\" data-element_type=\"section\" data-e-type=\"section\">\n\t\t\t\t\t\t<div class=\"elementor-container elementor-column-gap-default\">\n\t\t\t\t\t<div class=\"elementor-column elementor-col-100 elementor-top-column elementor-element elementor-element-7c44389\" data-id=\"7c44389\" data-element_type=\"column\" data-e-type=\"column\">\n\t\t\t<div class=\"elementor-widget-wrap elementor-element-populated\">\n\t\t\t\t\t\t<div class=\"elementor-element elementor-element-fcb12db elementor-widget-divider--view-line elementor-widget elementor-widget-divider\" data-id=\"fcb12db\" data-element_type=\"widget\" data-e-type=\"widget\" data-widget_type=\"divider.default\">\n\t\t\t\t<div class=\"elementor-widget-container\">\n\t\t\t\t\t\t\t<div class=\"elementor-divider\">\n\t\t\t<span class=\"elementor-divider-separator\">\n\t\t\t\t\t\t<\/span>\n\t\t<\/div>\n\t\t\t\t\t\t<\/div>\n\t\t\t\t<\/div>\n\t\t\t\t\t<\/div>\n\t\t<\/div>\n\t\t\t\t\t<\/div>\n\t\t<\/section>\n\t\t\t\t<section class=\"elementor-section elementor-top-section elementor-element elementor-element-d0b98b2 elementor-section-boxed elementor-section-height-default elementor-section-height-default\" data-id=\"d0b98b2\" data-element_type=\"section\" data-e-type=\"section\">\n\t\t\t\t\t\t<div class=\"elementor-container elementor-column-gap-default\">\n\t\t\t\t\t<div class=\"elementor-column elementor-col-33 elementor-top-column elementor-element elementor-element-986cbdc\" data-id=\"986cbdc\" data-element_type=\"column\" data-e-type=\"column\">\n\t\t\t<div class=\"elementor-widget-wrap elementor-element-populated\">\n\t\t\t\t\t\t<div class=\"elementor-element elementor-element-84f2a99 elementor-widget elementor-widget-heading\" data-id=\"84f2a99\" data-element_type=\"widget\" data-e-type=\"widget\" data-widget_type=\"heading.default\">\n\t\t\t\t<div class=\"elementor-widget-container\">\n\t\t\t\t\t<h5 class=\"elementor-heading-title elementor-size-medium\">Descargo de responsabilidad<\/h5>\t\t\t\t<\/div>\n\t\t\t\t<\/div>\n\t\t\t\t\t<\/div>\n\t\t<\/div>\n\t\t\t\t<div class=\"elementor-column elementor-col-66 elementor-top-column elementor-element elementor-element-e7b8c7f\" data-id=\"e7b8c7f\" data-element_type=\"column\" data-e-type=\"column\">\n\t\t\t<div class=\"elementor-widget-wrap elementor-element-populated\">\n\t\t\t\t\t\t<div class=\"elementor-element elementor-element-c2f89d4 elementor-widget elementor-widget-text-editor\" data-id=\"c2f89d4\" data-element_type=\"widget\" data-e-type=\"widget\" data-widget_type=\"text-editor.default\">\n\t\t\t\t<div class=\"elementor-widget-container\">\n\t\t\t\t\t\t\t\t\t<p>El CBD no puede utilizarse como sustituto de una dieta variada. Para mantener una buena salud, debe seguir una dieta variada y llevar un estilo de vida saludable.<\/p>\n<p>No utilizar en ni\u00f1os menores de 12 a\u00f1os, en mujeres embarazadas y en madres lactantes. El CBD no debe usarse concomitantemente con antidepresivos [ISRS, IRSN, IMAO], medicamentos antivirales para la infecci\u00f3n por VIH \/ SIDA o como parte del tratamiento posterior al trasplante de \u00f3rganos.<\/p>\n\t\t\t\t\t\t\t\t<\/div>\n\t\t\t\t<\/div>\n\t\t\t\t\t<\/div>\n\t\t<\/div>\n\t\t\t\t\t<\/div>\n\t\t<\/section>\n\t\t\t\t<section class=\"elementor-section elementor-top-section elementor-element elementor-element-df554d8 elementor-section-boxed elementor-section-height-default elementor-section-height-default\" data-id=\"df554d8\" data-element_type=\"section\" data-e-type=\"section\">\n\t\t\t\t\t\t<div class=\"elementor-container elementor-column-gap-default\">\n\t\t\t\t\t<div class=\"elementor-column elementor-col-100 elementor-top-column elementor-element elementor-element-947cfd3\" data-id=\"947cfd3\" data-element_type=\"column\" data-e-type=\"column\">\n\t\t\t<div class=\"elementor-widget-wrap elementor-element-populated\">\n\t\t\t\t\t\t<div class=\"elementor-element elementor-element-7f46e66 elementor-widget-divider--view-line elementor-widget elementor-widget-divider\" data-id=\"7f46e66\" data-element_type=\"widget\" data-e-type=\"widget\" data-widget_type=\"divider.default\">\n\t\t\t\t<div class=\"elementor-widget-container\">\n\t\t\t\t\t\t\t<div class=\"elementor-divider\">\n\t\t\t<span class=\"elementor-divider-separator\">\n\t\t\t\t\t\t<\/span>\n\t\t<\/div>\n\t\t\t\t\t\t<\/div>\n\t\t\t\t<\/div>\n\t\t\t\t\t<\/div>\n\t\t<\/div>\n\t\t\t\t\t<\/div>\n\t\t<\/section>\n\t\t\t\t<\/div>\n\t\t","protected":false},"excerpt":{"rendered":"<p><strong>Aceite de espectro completo 15% CBG + CBC + CBD<\/strong> <strong>con MCT org\u00e1nico y menta hecha de c\u00e1\u00f1amo cultivado org\u00e1nicamente en Europa, extra\u00eddo con CO<sub>2<\/sub>.<\/strong><\/p>\n<p><strong>1 gota contiene 4,5mg de CBG, 0,5mg de CBC y 2,5mg de CBD.<\/strong><\/p>\n","protected":false},"featured_media":28807,"comment_status":"open","ping_status":"closed","template":"elementor_theme","meta":{"_kad_blocks_custom_css":"","_kad_blocks_head_custom_js":"","_kad_blocks_body_custom_js":"","_kad_blocks_footer_custom_js":"","_kad_post_transparent":"default","_kad_post_title":"","_kad_post_layout":"default","_kad_post_sidebar_id":"","_kad_post_content_style":"default","_kad_post_vertical_padding":"default","_kad_post_feature":"","_kad_post_feature_position":"","_kad_post_header":false,"_kad_post_footer":false,"_kad_post_classname":""},"product_brand":[],"product_cat":[149],"product_tag":[313,310,643,386,387],"class_list":{"0":"post-22373","1":"product","2":"type-product","3":"status-publish","4":"has-post-thumbnail","6":"product_cat-four-strain-es","7":"product_tag-aceite-de-cbd","8":"product_tag-cbd-es","9":"product_tag-espanol","10":"product_tag-mascota","11":"product_tag-pedos","12":"product_shipping_class-clase-de-peso-1","14":"first","15":"instock","16":"shipping-taxable","17":"purchasable","18":"product-type-simple","19":"entry","20":"content-bg","21":"loop-entry"},"taxonomy_info":{"product_cat":[{"value":149,"label":"Aceite de CBD FOUR STRAIN"}],"product_tag":[{"value":313,"label":"Aceite de CBD"},{"value":310,"label":"cbd"},{"value":643,"label":"espa\u00f1ol"},{"value":386,"label":"mascota"},{"value":387,"label":"pedos"}]},"featured_image_src_large":["https:\/\/melseurope.com\/wp-content\/uploads\/2022\/04\/FOUR-STRAIN-box-and-Bottle-1024x1024.png",1024,1024,true],"author_info":[],"comment_info":9,"_links":{"self":[{"href":"https:\/\/melseurope.com\/es\/wp-json\/wp\/v2\/product\/22373","targetHints":{"allow":["GET"]}}],"collection":[{"href":"https:\/\/melseurope.com\/es\/wp-json\/wp\/v2\/product"}],"about":[{"href":"https:\/\/melseurope.com\/es\/wp-json\/wp\/v2\/types\/product"}],"replies":[{"embeddable":true,"href":"https:\/\/melseurope.com\/es\/wp-json\/wp\/v2\/comments?post=22373"}],"version-history":[{"count":0,"href":"https:\/\/melseurope.com\/es\/wp-json\/wp\/v2\/product\/22373\/revisions"}],"wp:featuredmedia":[{"embeddable":true,"href":"https:\/\/melseurope.com\/es\/wp-json\/wp\/v2\/media\/28807"}],"wp:attachment":[{"href":"https:\/\/melseurope.com\/es\/wp-json\/wp\/v2\/media?parent=22373"}],"wp:term":[{"taxonomy":"product_brand","embeddable":true,"href":"https:\/\/melseurope.com\/es\/wp-json\/wp\/v2\/product_brand?post=22373"},{"taxonomy":"product_cat","embeddable":true,"href":"https:\/\/melseurope.com\/es\/wp-json\/wp\/v2\/product_cat?post=22373"},{"taxonomy":"product_tag","embeddable":true,"href":"https:\/\/melseurope.com\/es\/wp-json\/wp\/v2\/product_tag?post=22373"}],"curies":[{"name":"wp","href":"https:\/\/api.w.org\/{rel}","templated":true}]}}