{"id":30070,"date":"2024-02-15T14:44:30","date_gmt":"2024-02-15T13:44:30","guid":{"rendered":"https:\/\/melsbymelissa.com\/?post_type=product&#038;p=30070"},"modified":"2024-04-22T17:31:49","modified_gmt":"2024-04-22T15:31:49","slug":"mels-shilajit-ashwagandha","status":"publish","type":"product","link":"https:\/\/melseurope.com\/es\/producto\/mels-shilajit-ashwagandha","title":{"rendered":"MELS SHILAJIT + Ashwagandha"},"content":{"rendered":"\t\t<div data-elementor-type=\"wp-post\" data-elementor-id=\"30070\" class=\"elementor elementor-30070 elementor-30068\" data-elementor-post-type=\"product\">\n\t\t\t\t\t\t<section class=\"elementor-section elementor-top-section elementor-element elementor-element-1c0906a elementor-section-full_width elementor-section-stretched elementor-section-height-default elementor-section-height-default\" data-id=\"1c0906a\" data-element_type=\"section\" data-e-type=\"section\" data-settings=\"{&quot;stretch_section&quot;:&quot;section-stretched&quot;,&quot;background_background&quot;:&quot;classic&quot;}\">\n\t\t\t\t\t\t<div class=\"elementor-container elementor-column-gap-default\">\n\t\t\t\t\t<div class=\"elementor-column elementor-col-100 elementor-top-column elementor-element elementor-element-85754c6\" data-id=\"85754c6\" data-element_type=\"column\" data-e-type=\"column\">\n\t\t\t<div class=\"elementor-widget-wrap elementor-element-populated\">\n\t\t\t\t\t\t<div class=\"elementor-element elementor-element-629dc9f elementor-icon-list--layout-inline elementor-align-center elementor-mobile-align-start elementor-list-item-link-full_width elementor-widget elementor-widget-icon-list\" data-id=\"629dc9f\" data-element_type=\"widget\" data-e-type=\"widget\" data-widget_type=\"icon-list.default\">\n\t\t\t\t<div class=\"elementor-widget-container\">\n\t\t\t\t\t\t\t<ul class=\"elementor-icon-list-items elementor-inline-items\">\n\t\t\t\t\t\t\t<li class=\"elementor-icon-list-item elementor-inline-item\">\n\t\t\t\t\t\t\t\t\t\t\t<span class=\"elementor-icon-list-icon\">\n\t\t\t\t\t\t\t<i aria-hidden=\"true\" class=\"cosmetic_solid cosmetic_solid-cosmetics-powder\"><\/i>\t\t\t\t\t\t<\/span>\n\t\t\t\t\t\t\t\t\t\t<span class=\"elementor-icon-list-text\">25g<\/span>\n\t\t\t\t\t\t\t\t\t<\/li>\n\t\t\t\t\t\t\t\t<li class=\"elementor-icon-list-item elementor-inline-item\">\n\t\t\t\t\t\t\t\t\t\t\t<span class=\"elementor-icon-list-icon\">\n\t\t\t\t\t\t\t<svg aria-hidden=\"true\" class=\"e-font-icon-svg e-fas-leaf\" viewBox=\"0 0 576 512\" xmlns=\"http:\/\/www.w3.org\/2000\/svg\"><path d=\"M546.2 9.7c-5.6-12.5-21.6-13-28.3-1.2C486.9 62.4 431.4 96 368 96h-80C182 96 96 182 96 288c0 7 .8 13.7 1.5 20.5C161.3 262.8 253.4 224 384 224c8.8 0 16 7.2 16 16s-7.2 16-16 16C132.6 256 26 410.1 2.4 468c-6.6 16.3 1.2 34.9 17.5 41.6 16.4 6.8 35-1.1 41.8-17.3 1.5-3.6 20.9-47.9 71.9-90.6 32.4 43.9 94 85.8 174.9 77.2C465.5 467.5 576 326.7 576 154.3c0-50.2-10.8-102.2-29.8-144.6z\"><\/path><\/svg>\t\t\t\t\t\t<\/span>\n\t\t\t\t\t\t\t\t\t\t<span class=\"elementor-icon-list-text\">Con Ashwagandha<\/span>\n\t\t\t\t\t\t\t\t\t<\/li>\n\t\t\t\t\t\t<\/ul>\n\t\t\t\t\t\t<\/div>\n\t\t\t\t<\/div>\n\t\t\t\t\t<\/div>\n\t\t<\/div>\n\t\t\t\t\t<\/div>\n\t\t<\/section>\n\t\t\t\t<section class=\"elementor-section elementor-top-section elementor-element elementor-element-97d4b9e elementor-section-boxed elementor-section-height-default elementor-section-height-default\" data-id=\"97d4b9e\" data-element_type=\"section\" data-e-type=\"section\">\n\t\t\t\t\t\t<div class=\"elementor-container elementor-column-gap-default\">\n\t\t\t\t\t<div class=\"elementor-column elementor-col-100 elementor-top-column elementor-element elementor-element-e3deea7\" data-id=\"e3deea7\" data-element_type=\"column\" data-e-type=\"column\">\n\t\t\t<div class=\"elementor-widget-wrap elementor-element-populated\">\n\t\t\t\t\t\t<div class=\"elementor-element elementor-element-dddc235 elementor-widget elementor-widget-spacer\" data-id=\"dddc235\" data-element_type=\"widget\" data-e-type=\"widget\" data-widget_type=\"spacer.default\">\n\t\t\t\t<div class=\"elementor-widget-container\">\n\t\t\t\t\t\t\t<div class=\"elementor-spacer\">\n\t\t\t<div class=\"elementor-spacer-inner\"><\/div>\n\t\t<\/div>\n\t\t\t\t\t\t<\/div>\n\t\t\t\t<\/div>\n\t\t\t\t\t<\/div>\n\t\t<\/div>\n\t\t\t\t\t<\/div>\n\t\t<\/section>\n\t\t\t\t<section class=\"elementor-section elementor-top-section elementor-element elementor-element-3eb7b32 elementor-section-boxed elementor-section-height-default elementor-section-height-default\" data-id=\"3eb7b32\" data-element_type=\"section\" data-e-type=\"section\">\n\t\t\t\t\t\t<div class=\"elementor-container elementor-column-gap-default\">\n\t\t\t\t\t<div class=\"elementor-column elementor-col-33 elementor-top-column elementor-element elementor-element-9db7ca8\" data-id=\"9db7ca8\" data-element_type=\"column\" data-e-type=\"column\">\n\t\t\t<div class=\"elementor-widget-wrap elementor-element-populated\">\n\t\t\t\t\t\t<div class=\"elementor-element elementor-element-ec08020 elementor-widget elementor-widget-heading\" data-id=\"ec08020\" data-element_type=\"widget\" data-e-type=\"widget\" data-widget_type=\"heading.default\">\n\t\t\t\t<div class=\"elementor-widget-container\">\n\t\t\t\t\t<h5 class=\"elementor-heading-title elementor-size-medium\">Ingredientes<\/h5>\t\t\t\t<\/div>\n\t\t\t\t<\/div>\n\t\t\t\t\t<\/div>\n\t\t<\/div>\n\t\t\t\t<div class=\"elementor-column elementor-col-66 elementor-top-column elementor-element elementor-element-ce9b48d\" data-id=\"ce9b48d\" data-element_type=\"column\" data-e-type=\"column\">\n\t\t\t<div class=\"elementor-widget-wrap elementor-element-populated\">\n\t\t\t\t\t\t<div class=\"elementor-element elementor-element-f78e41d elementor-widget elementor-widget-text-editor\" data-id=\"f78e41d\" data-element_type=\"widget\" data-e-type=\"widget\" data-widget_type=\"text-editor.default\">\n\t\t\t\t<div class=\"elementor-widget-container\">\n\t\t\t\t\t\t\t\t\t<p>Shilajit 25g<\/p>\n<p>Ashwaganda 5g<\/p>\n<p><a href=\"https:\/\/melscbd.no\/wp-content\/uploads\/2024\/02\/MELS_Shilajit_-lab-rapport.pdf\" target=\"_blank\" rel=\"noopener\"><b>Descargar informe de laboratorio independiente<\/b><\/a><\/p>\n\t\t\t\t\t\t\t\t<\/div>\n\t\t\t\t<\/div>\n\t\t\t\t\t<\/div>\n\t\t<\/div>\n\t\t\t\t\t<\/div>\n\t\t<\/section>\n\t\t\t\t<section class=\"elementor-section elementor-top-section elementor-element elementor-element-98add33 elementor-section-boxed elementor-section-height-default elementor-section-height-default\" data-id=\"98add33\" data-element_type=\"section\" data-e-type=\"section\">\n\t\t\t\t\t\t<div class=\"elementor-container elementor-column-gap-default\">\n\t\t\t\t\t<div class=\"elementor-column elementor-col-100 elementor-top-column elementor-element elementor-element-c7d046f\" data-id=\"c7d046f\" data-element_type=\"column\" data-e-type=\"column\">\n\t\t\t<div class=\"elementor-widget-wrap elementor-element-populated\">\n\t\t\t\t\t\t<div class=\"elementor-element elementor-element-a392d3f elementor-widget-divider--view-line elementor-widget elementor-widget-divider\" data-id=\"a392d3f\" data-element_type=\"widget\" data-e-type=\"widget\" data-widget_type=\"divider.default\">\n\t\t\t\t<div class=\"elementor-widget-container\">\n\t\t\t\t\t\t\t<div class=\"elementor-divider\">\n\t\t\t<span class=\"elementor-divider-separator\">\n\t\t\t\t\t\t<\/span>\n\t\t<\/div>\n\t\t\t\t\t\t<\/div>\n\t\t\t\t<\/div>\n\t\t\t\t\t<\/div>\n\t\t<\/div>\n\t\t\t\t\t<\/div>\n\t\t<\/section>\n\t\t\t\t<section class=\"elementor-section elementor-top-section elementor-element elementor-element-834f82e elementor-section-boxed elementor-section-height-default elementor-section-height-default\" data-id=\"834f82e\" data-element_type=\"section\" data-e-type=\"section\">\n\t\t\t\t\t\t<div class=\"elementor-container elementor-column-gap-default\">\n\t\t\t\t\t<div class=\"elementor-column elementor-col-33 elementor-top-column elementor-element elementor-element-a5570d3\" data-id=\"a5570d3\" data-element_type=\"column\" data-e-type=\"column\">\n\t\t\t<div class=\"elementor-widget-wrap elementor-element-populated\">\n\t\t\t\t\t\t<div class=\"elementor-element elementor-element-eaa0b19 elementor-widget elementor-widget-heading\" data-id=\"eaa0b19\" data-element_type=\"widget\" data-e-type=\"widget\" data-widget_type=\"heading.default\">\n\t\t\t\t<div class=\"elementor-widget-container\">\n\t\t\t\t\t<h5 class=\"elementor-heading-title elementor-size-medium\">Descripci\u00f3n<\/h5>\t\t\t\t<\/div>\n\t\t\t\t<\/div>\n\t\t\t\t\t<\/div>\n\t\t<\/div>\n\t\t\t\t<div class=\"elementor-column elementor-col-66 elementor-top-column elementor-element elementor-element-2004d6d\" data-id=\"2004d6d\" data-element_type=\"column\" data-e-type=\"column\">\n\t\t\t<div class=\"elementor-widget-wrap elementor-element-populated\">\n\t\t\t\t\t\t<div class=\"elementor-element elementor-element-56c2ff3 elementor-widget elementor-widget-text-editor\" data-id=\"56c2ff3\" data-element_type=\"widget\" data-e-type=\"widget\" data-widget_type=\"text-editor.default\">\n\t\t\t\t<div class=\"elementor-widget-container\">\n\t\t\t\t\t\t\t\t\t<p>El shilajit es un antiguo compuesto org\u00e1nico que se encuentra conservado en grietas y rocas originariamente en el Himalaya, Altai y el C\u00e1ucaso, pero que tambi\u00e9n se encuentra en altas monta\u00f1as como las Monta\u00f1as Rocosas, los Andes y los Alpes. Es una biomasa concentrada formada por material vegetal acumulado, microorganismos y masa rocosa en forma de minerales y metales.<\/p>\n<p>Esta materia org\u00e1nica se somete a una especie de proceso de fermentaci\u00f3n, en el que la biomasa se descompone durante miles de a\u00f1os con la ayuda de microorganismos como hongos, bacterias y la ausencia de ox\u00edgeno. A trav\u00e9s de este proceso, la pulpa tambi\u00e9n absorber\u00e1 minerales de la roca, dando a Shilajit una composici\u00f3n tan \u00fanica y potente de minerales y oligoelementos.<\/p>\n<p>Esta biomasa reci\u00e9n formada queda prensada entre las capas de roca de la monta\u00f1a y madura a lo largo de miles de a\u00f1os. Esta presi\u00f3n, combinada con reacciones qu\u00edmicas naturales, condensa la masa en una resina gelatinosa que literalmente rezuma de la roca cuando sube la temperatura en verano.<\/p>\n<p>MELS Shilajit es de la m\u00e1s alta calidad, con una composici\u00f3n equilibrada y \u00fanica.<\/p>\n<p>M\u00e1s informaci\u00f3n sobre el shilajit <strong><br \/>\n  <a href=\"https:\/\/melseurope.com\/es\/mels-shilajit\">aqu\u00ed<\/a><br \/>\n<\/strong>.<\/p>\n\t\t\t\t\t\t\t\t<\/div>\n\t\t\t\t<\/div>\n\t\t\t\t\t<\/div>\n\t\t<\/div>\n\t\t\t\t\t<\/div>\n\t\t<\/section>\n\t\t\t\t<section class=\"elementor-section elementor-top-section elementor-element elementor-element-0d679a3 elementor-section-boxed elementor-section-height-default elementor-section-height-default\" data-id=\"0d679a3\" data-element_type=\"section\" data-e-type=\"section\">\n\t\t\t\t\t\t<div class=\"elementor-container elementor-column-gap-default\">\n\t\t\t\t\t<div class=\"elementor-column elementor-col-100 elementor-top-column elementor-element elementor-element-ffbb5a4\" data-id=\"ffbb5a4\" data-element_type=\"column\" data-e-type=\"column\">\n\t\t\t<div class=\"elementor-widget-wrap elementor-element-populated\">\n\t\t\t\t\t\t<div class=\"elementor-element elementor-element-d212124 elementor-widget-divider--view-line elementor-widget elementor-widget-divider\" data-id=\"d212124\" data-element_type=\"widget\" data-e-type=\"widget\" data-widget_type=\"divider.default\">\n\t\t\t\t<div class=\"elementor-widget-container\">\n\t\t\t\t\t\t\t<div class=\"elementor-divider\">\n\t\t\t<span class=\"elementor-divider-separator\">\n\t\t\t\t\t\t<\/span>\n\t\t<\/div>\n\t\t\t\t\t\t<\/div>\n\t\t\t\t<\/div>\n\t\t\t\t\t<\/div>\n\t\t<\/div>\n\t\t\t\t\t<\/div>\n\t\t<\/section>\n\t\t\t\t<section class=\"elementor-section elementor-top-section elementor-element elementor-element-8815d52 elementor-section-boxed elementor-section-height-default elementor-section-height-default\" data-id=\"8815d52\" data-element_type=\"section\" data-e-type=\"section\">\n\t\t\t\t\t\t<div class=\"elementor-container elementor-column-gap-default\">\n\t\t\t\t\t<div class=\"elementor-column elementor-col-33 elementor-top-column elementor-element elementor-element-af37f3d\" data-id=\"af37f3d\" data-element_type=\"column\" data-e-type=\"column\">\n\t\t\t<div class=\"elementor-widget-wrap elementor-element-populated\">\n\t\t\t\t\t\t<div class=\"elementor-element elementor-element-e07acd8 elementor-widget elementor-widget-heading\" data-id=\"e07acd8\" data-element_type=\"widget\" data-e-type=\"widget\" data-widget_type=\"heading.default\">\n\t\t\t\t<div class=\"elementor-widget-container\">\n\t\t\t\t\t<h5 class=\"elementor-heading-title elementor-size-medium\">Otra informaci\u00f3n<\/h5>\t\t\t\t<\/div>\n\t\t\t\t<\/div>\n\t\t\t\t\t<\/div>\n\t\t<\/div>\n\t\t\t\t<div class=\"elementor-column elementor-col-66 elementor-top-column elementor-element elementor-element-e2aa455\" data-id=\"e2aa455\" data-element_type=\"column\" data-e-type=\"column\">\n\t\t\t<div class=\"elementor-widget-wrap elementor-element-populated\">\n\t\t\t\t\t\t<div class=\"elementor-element elementor-element-0edfc41 elementor-widget__width-initial elementor-widget elementor-widget-text-editor\" data-id=\"0edfc41\" data-element_type=\"widget\" data-e-type=\"widget\" data-widget_type=\"text-editor.default\">\n\t\t\t\t<div class=\"elementor-widget-container\">\n\t\t\t\t\t\t\t\t\t<p>100% natural, sin OMG, pesticidas ni productos qu\u00edmicos t\u00f3xicos.<\/p>\n<p>El color es negro y la consistencia es espesa, como el caol\u00edn o la resina.<\/p>\n<p>El sabor es picante y amargo.<\/p>\n<p>Puede ser utilizado por veganos.<\/p>\n<p>El uso de shilajit es legal en Noruega.<\/p>\n<p>Almacenamiento: Por debajo de 25 grados cent\u00edgrados. Evite la luz solar directa. Se puede almacenar a temperatura ambiente.<\/p>\n<p>No utilizar en menores de 18 a\u00f1os, mujeres embarazadas o en per\u00edodo de lactancia.<\/p>\n<p>Consulte a su m\u00e9dico si est\u00e1 tomando medicaci\u00f3n.<\/p>\n<p>Shilajit se puede utilizar en combinaci\u00f3n con MELS CBD, pero en MELS no recomendamos tomarlos al mismo tiempo ya que el efecto del CBD puede ser calmante para el sistema nervioso y Shilajit puede ser edificante.<\/p>\n<p><strong><em>Es importante tener en cuenta que, como ocurre con todos los medicamentos, suplementos y tratamientos, el organismo responde de forma diferente y pueden producirse diferencias individuales.<\/em><\/strong><\/p>\n\t\t\t\t\t\t\t\t<\/div>\n\t\t\t\t<\/div>\n\t\t\t\t\t<\/div>\n\t\t<\/div>\n\t\t\t\t\t<\/div>\n\t\t<\/section>\n\t\t\t\t<section class=\"elementor-section elementor-top-section elementor-element elementor-element-b5ab32e elementor-section-boxed elementor-section-height-default elementor-section-height-default\" data-id=\"b5ab32e\" data-element_type=\"section\" data-e-type=\"section\">\n\t\t\t\t\t\t<div class=\"elementor-container elementor-column-gap-default\">\n\t\t\t\t\t<div class=\"elementor-column elementor-col-100 elementor-top-column elementor-element elementor-element-54be5d3\" data-id=\"54be5d3\" data-element_type=\"column\" data-e-type=\"column\">\n\t\t\t<div class=\"elementor-widget-wrap elementor-element-populated\">\n\t\t\t\t\t\t<div class=\"elementor-element elementor-element-297e5ab elementor-widget-divider--view-line elementor-widget elementor-widget-divider\" data-id=\"297e5ab\" data-element_type=\"widget\" data-e-type=\"widget\" data-widget_type=\"divider.default\">\n\t\t\t\t<div class=\"elementor-widget-container\">\n\t\t\t\t\t\t\t<div class=\"elementor-divider\">\n\t\t\t<span class=\"elementor-divider-separator\">\n\t\t\t\t\t\t<\/span>\n\t\t<\/div>\n\t\t\t\t\t\t<\/div>\n\t\t\t\t<\/div>\n\t\t\t\t\t<\/div>\n\t\t<\/div>\n\t\t\t\t\t<\/div>\n\t\t<\/section>\n\t\t\t\t<section class=\"elementor-section elementor-top-section elementor-element elementor-element-8f42202 elementor-section-boxed elementor-section-height-default elementor-section-height-default\" data-id=\"8f42202\" data-element_type=\"section\" data-e-type=\"section\">\n\t\t\t\t\t\t<div class=\"elementor-container elementor-column-gap-default\">\n\t\t\t\t\t<div class=\"elementor-column elementor-col-33 elementor-top-column elementor-element elementor-element-ac28e5c\" data-id=\"ac28e5c\" data-element_type=\"column\" data-e-type=\"column\">\n\t\t\t<div class=\"elementor-widget-wrap elementor-element-populated\">\n\t\t\t\t\t\t<div class=\"elementor-element elementor-element-5b02967 elementor-widget elementor-widget-heading\" data-id=\"5b02967\" data-element_type=\"widget\" data-e-type=\"widget\" data-widget_type=\"heading.default\">\n\t\t\t\t<div class=\"elementor-widget-container\">\n\t\t\t\t\t<h5 class=\"elementor-heading-title elementor-size-medium\">Descargo de responsabilidad<\/h5>\t\t\t\t<\/div>\n\t\t\t\t<\/div>\n\t\t\t\t\t<\/div>\n\t\t<\/div>\n\t\t\t\t<div class=\"elementor-column elementor-col-66 elementor-top-column elementor-element elementor-element-c68deef\" data-id=\"c68deef\" data-element_type=\"column\" data-e-type=\"column\">\n\t\t\t<div class=\"elementor-widget-wrap elementor-element-populated\">\n\t\t\t\t\t\t<div class=\"elementor-element elementor-element-a9d1baf elementor-widget__width-initial elementor-widget elementor-widget-text-editor\" data-id=\"a9d1baf\" data-element_type=\"widget\" data-e-type=\"widget\" data-widget_type=\"text-editor.default\">\n\t\t\t\t<div class=\"elementor-widget-container\">\n\t\t\t\t\t\t\t\t\t<p>La informaci\u00f3n que encontrar\u00e1 en esta p\u00e1gina tiene \u00fanicamente fines informativos y no debe interpretarse como consejo u orientaci\u00f3n m\u00e9dica. Los productos vendidos no pretenden reemplazar el uso de medicamentos recetados.<\/p>\n<p>MELS NO afirma que los productos MELS traten o prevengan enfermedades, o que tengan efectos sobre la salud. Consulte a un profesional m\u00e9dico si no est\u00e1 seguro, tiene un diagn\u00f3stico y\/o es menor de 18 a\u00f1os o est\u00e1 embarazada\/lactando antes de usar CBD.  <\/p>\n<p>MELS no asume ninguna responsabilidad cuando se utilizan productos MELS.<\/p>\n\t\t\t\t\t\t\t\t<\/div>\n\t\t\t\t<\/div>\n\t\t\t\t\t<\/div>\n\t\t<\/div>\n\t\t\t\t\t<\/div>\n\t\t<\/section>\n\t\t\t\t<section class=\"elementor-section elementor-top-section elementor-element elementor-element-1cf80cf elementor-section-boxed elementor-section-height-default elementor-section-height-default\" data-id=\"1cf80cf\" data-element_type=\"section\" data-e-type=\"section\">\n\t\t\t\t\t\t<div class=\"elementor-container elementor-column-gap-default\">\n\t\t\t\t\t<div class=\"elementor-column elementor-col-100 elementor-top-column elementor-element elementor-element-837af08\" data-id=\"837af08\" data-element_type=\"column\" data-e-type=\"column\">\n\t\t\t<div class=\"elementor-widget-wrap elementor-element-populated\">\n\t\t\t\t\t\t<div class=\"elementor-element elementor-element-efc412e elementor-widget-divider--view-line elementor-widget elementor-widget-divider\" data-id=\"efc412e\" data-element_type=\"widget\" data-e-type=\"widget\" data-widget_type=\"divider.default\">\n\t\t\t\t<div class=\"elementor-widget-container\">\n\t\t\t\t\t\t\t<div class=\"elementor-divider\">\n\t\t\t<span class=\"elementor-divider-separator\">\n\t\t\t\t\t\t<\/span>\n\t\t<\/div>\n\t\t\t\t\t\t<\/div>\n\t\t\t\t<\/div>\n\t\t\t\t\t<\/div>\n\t\t<\/div>\n\t\t\t\t\t<\/div>\n\t\t<\/section>\n\t\t\t\t<\/div>\n\t\t","protected":false},"excerpt":{"rendered":"<h5><strong>Shilajit 100% natural de las monta\u00f1as del Himalaya enriquecido con Ashwagandha.<\/strong><\/h5>\n","protected":false},"featured_media":30260,"comment_status":"open","ping_status":"closed","template":"elementor_theme","meta":{"_kad_blocks_custom_css":"","_kad_blocks_head_custom_js":"","_kad_blocks_body_custom_js":"","_kad_blocks_footer_custom_js":"","_kad_post_transparent":"default","_kad_post_title":"","_kad_post_layout":"default","_kad_post_sidebar_id":"","_kad_post_content_style":"default","_kad_post_vertical_padding":"default","_kad_post_feature":"","_kad_post_feature_position":"","_kad_post_header":false,"_kad_post_footer":false,"_kad_post_classname":""},"product_brand":[],"product_cat":[416],"product_tag":[418,438,437,440,643,393,441,439,417],"class_list":{"0":"post-30070","1":"product","2":"type-product","3":"status-publish","4":"has-post-thumbnail","6":"product_cat-shilajit-es","7":"product_tag-ashwagandha-es","8":"product_tag-digestion-es","9":"product_tag-el-sistema-inmunitario","10":"product_tag-equilibrio-hormonal","11":"product_tag-espanol","12":"product_tag-mels-es","13":"product_tag-salud-cardiovascular","14":"product_tag-salud-cerebral","15":"product_tag-shilajit-es","16":"product_shipping_class-clase-de-peso-1","18":"first","19":"instock","20":"shipping-taxable","21":"purchasable","22":"product-type-simple","23":"entry","24":"content-bg","25":"loop-entry"},"taxonomy_info":{"product_cat":[{"value":416,"label":"Shilajit"}],"product_tag":[{"value":418,"label":"ashwagandha"},{"value":438,"label":"digesti\u00f3n"},{"value":437,"label":"el sistema inmunitario"},{"value":440,"label":"equilibrio hormonal"},{"value":643,"label":"espa\u00f1ol"},{"value":393,"label":"mels"},{"value":441,"label":"salud cardiovascular"},{"value":439,"label":"salud cerebral"},{"value":417,"label":"shilajit"}]},"featured_image_src_large":["https:\/\/melseurope.com\/wp-content\/uploads\/2024\/02\/mels-shilajit-product-b-1024x1024.png",1024,1024,true],"author_info":[],"comment_info":0,"_links":{"self":[{"href":"https:\/\/melseurope.com\/es\/wp-json\/wp\/v2\/product\/30070","targetHints":{"allow":["GET"]}}],"collection":[{"href":"https:\/\/melseurope.com\/es\/wp-json\/wp\/v2\/product"}],"about":[{"href":"https:\/\/melseurope.com\/es\/wp-json\/wp\/v2\/types\/product"}],"replies":[{"embeddable":true,"href":"https:\/\/melseurope.com\/es\/wp-json\/wp\/v2\/comments?post=30070"}],"version-history":[{"count":0,"href":"https:\/\/melseurope.com\/es\/wp-json\/wp\/v2\/product\/30070\/revisions"}],"wp:featuredmedia":[{"embeddable":true,"href":"https:\/\/melseurope.com\/es\/wp-json\/wp\/v2\/media\/30260"}],"wp:attachment":[{"href":"https:\/\/melseurope.com\/es\/wp-json\/wp\/v2\/media?parent=30070"}],"wp:term":[{"taxonomy":"product_brand","embeddable":true,"href":"https:\/\/melseurope.com\/es\/wp-json\/wp\/v2\/product_brand?post=30070"},{"taxonomy":"product_cat","embeddable":true,"href":"https:\/\/melseurope.com\/es\/wp-json\/wp\/v2\/product_cat?post=30070"},{"taxonomy":"product_tag","embeddable":true,"href":"https:\/\/melseurope.com\/es\/wp-json\/wp\/v2\/product_tag?post=30070"}],"curies":[{"name":"wp","href":"https:\/\/api.w.org\/{rel}","templated":true}]}}