{"id":32791,"date":"2024-08-01T15:56:13","date_gmt":"2024-08-01T13:56:13","guid":{"rendered":"https:\/\/melsbymelissa.com\/product\/mels-colageno"},"modified":"2024-08-01T18:04:25","modified_gmt":"2024-08-01T16:04:25","slug":"mels-colageno","status":"publish","type":"product","link":"https:\/\/melseurope.com\/es\/producto\/mels-colageno","title":{"rendered":"MELS COL\u00c1GENO"},"content":{"rendered":"\t\t<div data-elementor-type=\"product-post\" data-elementor-id=\"32791\" class=\"elementor elementor-32791 elementor-32473\" data-elementor-post-type=\"product\">\n\t\t\t\t<div class=\"elementor-element elementor-element-6b33f07 e-con-full full-width e-flex e-con e-parent\" data-id=\"6b33f07\" data-element_type=\"container\" data-e-type=\"container\" data-settings=\"{&quot;background_background&quot;:&quot;classic&quot;}\">\n\t\t\t\t<div class=\"elementor-element elementor-element-801bbea elementor-icon-list--layout-inline elementor-align-center elementor-list-item-link-full_width elementor-widget elementor-widget-icon-list\" data-id=\"801bbea\" data-element_type=\"widget\" data-e-type=\"widget\" data-widget_type=\"icon-list.default\">\n\t\t\t\t<div class=\"elementor-widget-container\">\n\t\t\t\t\t\t\t<ul class=\"elementor-icon-list-items elementor-inline-items\">\n\t\t\t\t\t\t\t<li class=\"elementor-icon-list-item elementor-inline-item\">\n\t\t\t\t\t\t\t\t\t\t\t<span class=\"elementor-icon-list-icon\">\n\t\t\t\t\t\t\t<i aria-hidden=\"true\" class=\"shop_icon shop_icon-bag-2\"><\/i>\t\t\t\t\t\t<\/span>\n\t\t\t\t\t\t\t\t\t\t<span class=\"elementor-icon-list-text\">30 g<\/span>\n\t\t\t\t\t\t\t\t\t<\/li>\n\t\t\t\t\t\t\t\t<li class=\"elementor-icon-list-item elementor-inline-item\">\n\t\t\t\t\t\t\t\t\t\t\t<span class=\"elementor-icon-list-icon\">\n\t\t\t\t\t\t\t<svg aria-hidden=\"true\" class=\"e-font-icon-svg e-far-calendar-alt\" viewBox=\"0 0 448 512\" xmlns=\"http:\/\/www.w3.org\/2000\/svg\"><path d=\"M148 288h-40c-6.6 0-12-5.4-12-12v-40c0-6.6 5.4-12 12-12h40c6.6 0 12 5.4 12 12v40c0 6.6-5.4 12-12 12zm108-12v-40c0-6.6-5.4-12-12-12h-40c-6.6 0-12 5.4-12 12v40c0 6.6 5.4 12 12 12h40c6.6 0 12-5.4 12-12zm96 0v-40c0-6.6-5.4-12-12-12h-40c-6.6 0-12 5.4-12 12v40c0 6.6 5.4 12 12 12h40c6.6 0 12-5.4 12-12zm-96 96v-40c0-6.6-5.4-12-12-12h-40c-6.6 0-12 5.4-12 12v40c0 6.6 5.4 12 12 12h40c6.6 0 12-5.4 12-12zm-96 0v-40c0-6.6-5.4-12-12-12h-40c-6.6 0-12 5.4-12 12v40c0 6.6 5.4 12 12 12h40c6.6 0 12-5.4 12-12zm192 0v-40c0-6.6-5.4-12-12-12h-40c-6.6 0-12 5.4-12 12v40c0 6.6 5.4 12 12 12h40c6.6 0 12-5.4 12-12zm96-260v352c0 26.5-21.5 48-48 48H48c-26.5 0-48-21.5-48-48V112c0-26.5 21.5-48 48-48h48V12c0-6.6 5.4-12 12-12h40c6.6 0 12 5.4 12 12v52h128V12c0-6.6 5.4-12 12-12h40c6.6 0 12 5.4 12 12v52h48c26.5 0 48 21.5 48 48zm-48 346V160H48v298c0 3.3 2.7 6 6 6h340c3.3 0 6-2.7 6-6z\"><\/path><\/svg>\t\t\t\t\t\t<\/span>\n\t\t\t\t\t\t\t\t\t\t<span class=\"elementor-icon-list-text\">30 dosis diarias<\/span>\n\t\t\t\t\t\t\t\t\t<\/li>\n\t\t\t\t\t\t<\/ul>\n\t\t\t\t\t\t<\/div>\n\t\t\t\t<\/div>\n\t\t\t\t<\/div>\n\t\t<div class=\"elementor-element elementor-element-ca40b04 e-flex e-con-boxed e-con e-parent\" data-id=\"ca40b04\" data-element_type=\"container\" data-e-type=\"container\">\n\t\t\t\t\t<div class=\"e-con-inner\">\n\t\t<div class=\"elementor-element elementor-element-5152592 e-con-full e-flex e-con e-child\" data-id=\"5152592\" data-element_type=\"container\" data-e-type=\"container\">\n\t\t\t\t<div class=\"elementor-element elementor-element-a0a9187 elementor-widget elementor-widget-heading\" data-id=\"a0a9187\" data-element_type=\"widget\" data-e-type=\"widget\" data-widget_type=\"heading.default\">\n\t\t\t\t<div class=\"elementor-widget-container\">\n\t\t\t\t\t<h5 class=\"elementor-heading-title elementor-size-default\">Descripci\u00f3n<\/h5>\t\t\t\t<\/div>\n\t\t\t\t<\/div>\n\t\t\t\t<\/div>\n\t\t<div class=\"elementor-element elementor-element-e7c3562 e-con-full e-flex e-con e-child\" data-id=\"e7c3562\" data-element_type=\"container\" data-e-type=\"container\">\n\t\t\t\t<div class=\"elementor-element elementor-element-a494a1c elementor-widget elementor-widget-text-editor\" data-id=\"a494a1c\" data-element_type=\"widget\" data-e-type=\"widget\" data-widget_type=\"text-editor.default\">\n\t\t\t\t<div class=\"elementor-widget-container\">\n\t\t\t\t\t\t\t\t\t<p>Los P\u00e9ptidos de Col\u00e1geno MELS son un suplemento diet\u00e9tico que contiene prote\u00edna de col\u00e1geno bovino.<\/p>\n<p>El col\u00e1geno es una prote\u00edna importante que se encuentra de forma natural en nuestro cuerpo y ayuda a mantener la estructura y elasticidad de la piel, el pelo, las u\u00f1as, las articulaciones y el tejido conjuntivo.\nTambi\u00e9n se ha documentado que el col\u00e1geno puede tener un efecto minimizador de las arrugas y la celulitis cuando se utiliza durante un largo periodo de tiempo. <\/p>\n<p>Como suplemento, el col\u00e1geno bovino en polvo puede ser una fuente excelente de prote\u00ednas adicionales.\nPuede ayudar a mantener la piel, el pelo y las u\u00f1as sanos, proporcionando al cuerpo los bloques de construcci\u00f3n necesarios para el crecimiento y la reparaci\u00f3n de los tejidos. <\/p>\n<p>Muchas personas optan por incluir col\u00e1geno en polvo en su dieta como suplemento diario para reforzar la elasticidad de la piel, favorecer el crecimiento sano del cabello y fortalecer las u\u00f1as.<\/p>\n<p>Los P\u00e9ptidos de Col\u00e1geno MELS son polvo de col\u00e1geno 100% bovino fabricado en Europa.<\/p>\t\t\t\t\t\t\t\t<\/div>\n\t\t\t\t<\/div>\n\t\t\t\t<\/div>\n\t\t\t\t\t<\/div>\n\t\t\t\t<\/div>\n\t\t<div class=\"elementor-element elementor-element-74a1d29 e-flex e-con-boxed e-con e-parent\" data-id=\"74a1d29\" data-element_type=\"container\" data-e-type=\"container\">\n\t\t\t\t\t<div class=\"e-con-inner\">\n\t\t\t\t<div class=\"elementor-element elementor-element-19343be elementor-widget-divider--view-line elementor-widget elementor-widget-divider\" data-id=\"19343be\" data-element_type=\"widget\" data-e-type=\"widget\" data-widget_type=\"divider.default\">\n\t\t\t\t<div class=\"elementor-widget-container\">\n\t\t\t\t\t\t\t<div class=\"elementor-divider\">\n\t\t\t<span class=\"elementor-divider-separator\">\n\t\t\t\t\t\t<\/span>\n\t\t<\/div>\n\t\t\t\t\t\t<\/div>\n\t\t\t\t<\/div>\n\t\t\t\t\t<\/div>\n\t\t\t\t<\/div>\n\t\t<div class=\"elementor-element elementor-element-5d08b76 e-flex e-con-boxed e-con e-parent\" data-id=\"5d08b76\" data-element_type=\"container\" data-e-type=\"container\">\n\t\t\t\t\t<div class=\"e-con-inner\">\n\t\t<div class=\"elementor-element elementor-element-4d6199c e-con-full e-flex e-con e-child\" data-id=\"4d6199c\" data-element_type=\"container\" data-e-type=\"container\">\n\t\t\t\t<div class=\"elementor-element elementor-element-2aaf367 elementor-widget elementor-widget-heading\" data-id=\"2aaf367\" data-element_type=\"widget\" data-e-type=\"widget\" data-widget_type=\"heading.default\">\n\t\t\t\t<div class=\"elementor-widget-container\">\n\t\t\t\t\t<h5 class=\"elementor-heading-title elementor-size-default\">Ingredientes<\/h5>\t\t\t\t<\/div>\n\t\t\t\t<\/div>\n\t\t\t\t<\/div>\n\t\t<div class=\"elementor-element elementor-element-c682c34 e-con-full e-flex e-con e-child\" data-id=\"c682c34\" data-element_type=\"container\" data-e-type=\"container\">\n\t\t\t\t<div class=\"elementor-element elementor-element-af1ed08 elementor-widget elementor-widget-text-editor\" data-id=\"af1ed08\" data-element_type=\"widget\" data-e-type=\"widget\" data-widget_type=\"text-editor.default\">\n\t\t\t\t<div class=\"elementor-widget-container\">\n\t\t\t\t\t\t\t\t\t<p>300 g de col\u00e1geno en polvo<\/p>\n<p>Equivalente a aprox.<br \/>\n30 d\u00edas de uso. <\/p>\n\t\t\t\t\t\t\t\t<\/div>\n\t\t\t\t<\/div>\n\t\t\t\t<\/div>\n\t\t\t\t\t<\/div>\n\t\t\t\t<\/div>\n\t\t<div class=\"elementor-element elementor-element-8c41c36 e-flex e-con-boxed e-con e-parent\" data-id=\"8c41c36\" data-element_type=\"container\" data-e-type=\"container\">\n\t\t\t\t\t<div class=\"e-con-inner\">\n\t\t\t\t<div class=\"elementor-element elementor-element-21cb3a7 elementor-widget-divider--view-line elementor-widget elementor-widget-divider\" data-id=\"21cb3a7\" data-element_type=\"widget\" data-e-type=\"widget\" data-widget_type=\"divider.default\">\n\t\t\t\t<div class=\"elementor-widget-container\">\n\t\t\t\t\t\t\t<div class=\"elementor-divider\">\n\t\t\t<span class=\"elementor-divider-separator\">\n\t\t\t\t\t\t<\/span>\n\t\t<\/div>\n\t\t\t\t\t\t<\/div>\n\t\t\t\t<\/div>\n\t\t\t\t\t<\/div>\n\t\t\t\t<\/div>\n\t\t<div class=\"elementor-element elementor-element-3cd86ba e-flex e-con-boxed e-con e-parent\" data-id=\"3cd86ba\" data-element_type=\"container\" data-e-type=\"container\">\n\t\t\t\t\t<div class=\"e-con-inner\">\n\t\t<div class=\"elementor-element elementor-element-440e80e e-con-full e-flex e-con e-child\" data-id=\"440e80e\" data-element_type=\"container\" data-e-type=\"container\">\n\t\t\t\t<div class=\"elementor-element elementor-element-515c5e5 elementor-widget elementor-widget-heading\" data-id=\"515c5e5\" data-element_type=\"widget\" data-e-type=\"widget\" data-widget_type=\"heading.default\">\n\t\t\t\t<div class=\"elementor-widget-container\">\n\t\t\t\t\t<h5 class=\"elementor-heading-title elementor-size-default\">Instrucciones de uso<\/h5>\t\t\t\t<\/div>\n\t\t\t\t<\/div>\n\t\t\t\t<\/div>\n\t\t<div class=\"elementor-element elementor-element-66bca6e e-con-full e-flex e-con e-child\" data-id=\"66bca6e\" data-element_type=\"container\" data-e-type=\"container\">\n\t\t\t\t<div class=\"elementor-element elementor-element-937d9b4 elementor-widget elementor-widget-text-editor\" data-id=\"937d9b4\" data-element_type=\"widget\" data-e-type=\"widget\" data-widget_type=\"text-editor.default\">\n\t\t\t\t<div class=\"elementor-widget-container\">\n\t\t\t\t\t\t\t\t\t<p>Toma 1 cuchara dosificadora y a\u00f1\u00e1dela, por ejemplo, a tu caf\u00e9 o t\u00e9.<br \/>\nUtiliza una batidora de mano para conseguir un efecto cremoso. <\/p>\n<p>Tambi\u00e9n se puede utilizar en otros tipos de bebidas o mezclado en batidos y yogures, etc.<\/p>\n\t\t\t\t\t\t\t\t<\/div>\n\t\t\t\t<\/div>\n\t\t\t\t<\/div>\n\t\t\t\t\t<\/div>\n\t\t\t\t<\/div>\n\t\t<div class=\"elementor-element elementor-element-ed16414 e-flex e-con-boxed e-con e-parent\" data-id=\"ed16414\" data-element_type=\"container\" data-e-type=\"container\">\n\t\t\t\t\t<div class=\"e-con-inner\">\n\t\t\t\t<div class=\"elementor-element elementor-element-3055ac0 elementor-widget-divider--view-line elementor-widget elementor-widget-divider\" data-id=\"3055ac0\" data-element_type=\"widget\" data-e-type=\"widget\" data-widget_type=\"divider.default\">\n\t\t\t\t<div class=\"elementor-widget-container\">\n\t\t\t\t\t\t\t<div class=\"elementor-divider\">\n\t\t\t<span class=\"elementor-divider-separator\">\n\t\t\t\t\t\t<\/span>\n\t\t<\/div>\n\t\t\t\t\t\t<\/div>\n\t\t\t\t<\/div>\n\t\t\t\t\t<\/div>\n\t\t\t\t<\/div>\n\t\t<div class=\"elementor-element elementor-element-2ce9a57 e-flex e-con-boxed e-con e-parent\" data-id=\"2ce9a57\" data-element_type=\"container\" data-e-type=\"container\">\n\t\t\t\t\t<div class=\"e-con-inner\">\n\t\t<div class=\"elementor-element elementor-element-6abcc3c e-con-full e-flex e-con e-child\" data-id=\"6abcc3c\" data-element_type=\"container\" data-e-type=\"container\">\n\t\t\t\t<div class=\"elementor-element elementor-element-db211d3 elementor-widget elementor-widget-heading\" data-id=\"db211d3\" data-element_type=\"widget\" data-e-type=\"widget\" data-widget_type=\"heading.default\">\n\t\t\t\t<div class=\"elementor-widget-container\">\n\t\t\t\t\t<h5 class=\"elementor-heading-title elementor-size-default\">Otros datos<\/h5>\t\t\t\t<\/div>\n\t\t\t\t<\/div>\n\t\t\t\t<\/div>\n\t\t<div class=\"elementor-element elementor-element-ebf51ab e-con-full e-flex e-con e-child\" data-id=\"ebf51ab\" data-element_type=\"container\" data-e-type=\"container\">\n\t\t\t\t<div class=\"elementor-element elementor-element-ae270f3 elementor-widget elementor-widget-text-editor\" data-id=\"ae270f3\" data-element_type=\"widget\" data-e-type=\"widget\" data-widget_type=\"text-editor.default\">\n\t\t\t\t<div class=\"elementor-widget-container\">\n\t\t\t\t\t\t\t\t\t<p>Natural, sin OMG, pesticidas ni productos qu\u00edmicos t\u00f3xicos.<br \/>El color es blanco, sin sabor ni aditivos.<br \/>\nNo tiene olor. <\/p>\n<p>Almacenamiento: Puede almacenarse en el envase original.<br \/>Por debajo de 25 grados Celsius.<br \/>\nEvita la luz solar directa. <\/p>\n<p>Todos los piensos para ganado de la UE cumplen el Reglamento (CE) n\u00ba 999\/2001 en lo que respecta a la prohibici\u00f3n de determinados ingredientes, como las prote\u00ednas animales procesadas, el origen de las materias primas y el proceso de producci\u00f3n, incluidos la esterilizaci\u00f3n y el tratamiento t\u00e9rmico.<br \/>\nLos animales son tratados de acuerdo con las inspecciones veterinarias oficiales ante y post mortem. <\/p>\n<p>Tambi\u00e9n nos aseguramos de que los p\u00e9ptidos de col\u00e1geno procedan de animales tratados de forma \u00e9tica y sostenible, sin utilizar hormonas.<br \/>\nValoramos la total transparencia y la garant\u00eda de calidad en todo el proceso de producci\u00f3n, para que puedas confiar en MELS para tus necesidades de col\u00e1geno. <\/p>\n\t\t\t\t\t\t\t\t<\/div>\n\t\t\t\t<\/div>\n\t\t\t\t<\/div>\n\t\t\t\t\t<\/div>\n\t\t\t\t<\/div>\n\t\t<div class=\"elementor-element elementor-element-7a35333 e-flex e-con-boxed e-con e-parent\" data-id=\"7a35333\" data-element_type=\"container\" data-e-type=\"container\">\n\t\t\t\t\t<div class=\"e-con-inner\">\n\t\t\t\t<div class=\"elementor-element elementor-element-fa146d9 elementor-widget-divider--view-line elementor-widget elementor-widget-divider\" data-id=\"fa146d9\" data-element_type=\"widget\" data-e-type=\"widget\" data-widget_type=\"divider.default\">\n\t\t\t\t<div class=\"elementor-widget-container\">\n\t\t\t\t\t\t\t<div class=\"elementor-divider\">\n\t\t\t<span class=\"elementor-divider-separator\">\n\t\t\t\t\t\t<\/span>\n\t\t<\/div>\n\t\t\t\t\t\t<\/div>\n\t\t\t\t<\/div>\n\t\t\t\t\t<\/div>\n\t\t\t\t<\/div>\n\t\t<div class=\"elementor-element elementor-element-dad4134 e-flex e-con-boxed e-con e-parent\" data-id=\"dad4134\" data-element_type=\"container\" data-e-type=\"container\">\n\t\t\t\t\t<div class=\"e-con-inner\">\n\t\t<div class=\"elementor-element elementor-element-fac4774 e-con-full e-flex e-con e-child\" data-id=\"fac4774\" data-element_type=\"container\" data-e-type=\"container\">\n\t\t\t\t<div class=\"elementor-element elementor-element-fa0efdb elementor-widget elementor-widget-heading\" data-id=\"fa0efdb\" data-element_type=\"widget\" data-e-type=\"widget\" data-widget_type=\"heading.default\">\n\t\t\t\t<div class=\"elementor-widget-container\">\n\t\t\t\t\t<h5 class=\"elementor-heading-title elementor-size-default\">Descargo de responsabilidad<\/h5>\t\t\t\t<\/div>\n\t\t\t\t<\/div>\n\t\t\t\t<\/div>\n\t\t<div class=\"elementor-element elementor-element-1826c43 e-con-full e-flex e-con e-child\" data-id=\"1826c43\" data-element_type=\"container\" data-e-type=\"container\">\n\t\t\t\t<div class=\"elementor-element elementor-element-9c0d32f elementor-widget elementor-widget-text-editor\" data-id=\"9c0d32f\" data-element_type=\"widget\" data-e-type=\"widget\" data-widget_type=\"text-editor.default\">\n\t\t\t\t<div class=\"elementor-widget-container\">\n\t\t\t\t\t\t\t\t\t<p>La informaci\u00f3n que encontrar\u00e1s en esta p\u00e1gina s\u00f3lo tiene fines informativos y no debe interpretarse como consejo u orientaci\u00f3n m\u00e9dica.<br \/>\nLos productos vendidos no pretenden sustituir el uso de medicamentos con receta. <\/p>\n<p>MELS NO afirma que sus productos traten o prevengan enfermedades, ni que tengan efectos sobre la salud.<br \/>\nConsulta a un profesional m\u00e9dico si no est\u00e1s seguro, tienes un diagn\u00f3stico y\/o eres menor de 18 a\u00f1os o est\u00e1s embarazada\/lactando antes de utilizar CBD. <\/p>\n<p>MELS no acepta ninguna responsabilidad por el uso de los productos MELS.<\/p>\n\t\t\t\t\t\t\t\t<\/div>\n\t\t\t\t<\/div>\n\t\t\t\t<\/div>\n\t\t\t\t\t<\/div>\n\t\t\t\t<\/div>\n\t\t\t\t<\/div>\n\t\t","protected":false},"excerpt":{"rendered":"<h5>Col\u00e1geno bovino producido naturalmente.<br \/>\nFabricado en Europa. <\/h5>\n<p> 300 g de col\u00e1geno en polvo para aprox. 30 d\u00edas de uso. <\/p>\n","protected":false},"featured_media":32479,"comment_status":"open","ping_status":"closed","template":"elementor_theme","meta":{"_kad_blocks_custom_css":"","_kad_blocks_head_custom_js":"","_kad_blocks_body_custom_js":"","_kad_blocks_footer_custom_js":"","_kad_post_transparent":"","_kad_post_title":"","_kad_post_layout":"","_kad_post_sidebar_id":"","_kad_post_content_style":"","_kad_post_vertical_padding":"","_kad_post_feature":"","_kad_post_feature_position":"","_kad_post_header":false,"_kad_post_footer":false,"_kad_post_classname":""},"product_brand":[],"product_cat":[846,550],"product_tag":[551,555,393,556,553,552,554],"class_list":{"0":"post-32791","1":"product","2":"type-product","3":"status-publish","4":"has-post-thumbnail","6":"product_cat-bebida-es","7":"product_cat-colageno","8":"product_tag-colageno","9":"product_tag-juntas","10":"product_tag-mels-es","11":"product_tag-musculo","12":"product_tag-pelo","13":"product_tag-peptidos","14":"product_tag-unas","15":"product_shipping_class-clase-de-peso-2","17":"first","18":"instock","19":"shipping-taxable","20":"purchasable","21":"product-type-simple","22":"entry","23":"content-bg","24":"loop-entry"},"taxonomy_info":{"product_cat":[{"value":846,"label":"Bebida"},{"value":550,"label":"Col\u00e1geno"}],"product_tag":[{"value":551,"label":"col\u00e1geno"},{"value":555,"label":"juntas"},{"value":393,"label":"mels"},{"value":556,"label":"m\u00fasculo"},{"value":553,"label":"pelo"},{"value":552,"label":"p\u00e9ptidos"},{"value":554,"label":"u\u00f1as"}]},"featured_image_src_large":["https:\/\/melseurope.com\/wp-content\/uploads\/2024\/06\/collagen-product-front-1024x1024.png",1024,1024,true],"author_info":[],"comment_info":0,"_links":{"self":[{"href":"https:\/\/melseurope.com\/es\/wp-json\/wp\/v2\/product\/32791","targetHints":{"allow":["GET"]}}],"collection":[{"href":"https:\/\/melseurope.com\/es\/wp-json\/wp\/v2\/product"}],"about":[{"href":"https:\/\/melseurope.com\/es\/wp-json\/wp\/v2\/types\/product"}],"replies":[{"embeddable":true,"href":"https:\/\/melseurope.com\/es\/wp-json\/wp\/v2\/comments?post=32791"}],"version-history":[{"count":0,"href":"https:\/\/melseurope.com\/es\/wp-json\/wp\/v2\/product\/32791\/revisions"}],"wp:featuredmedia":[{"embeddable":true,"href":"https:\/\/melseurope.com\/es\/wp-json\/wp\/v2\/media\/32479"}],"wp:attachment":[{"href":"https:\/\/melseurope.com\/es\/wp-json\/wp\/v2\/media?parent=32791"}],"wp:term":[{"taxonomy":"product_brand","embeddable":true,"href":"https:\/\/melseurope.com\/es\/wp-json\/wp\/v2\/product_brand?post=32791"},{"taxonomy":"product_cat","embeddable":true,"href":"https:\/\/melseurope.com\/es\/wp-json\/wp\/v2\/product_cat?post=32791"},{"taxonomy":"product_tag","embeddable":true,"href":"https:\/\/melseurope.com\/es\/wp-json\/wp\/v2\/product_tag?post=32791"}],"curies":[{"name":"wp","href":"https:\/\/api.w.org\/{rel}","templated":true}]}}