{"id":33225,"date":"2025-02-11T14:10:02","date_gmt":"2025-02-11T13:10:02","guid":{"rendered":"https:\/\/melsbymelissa.com\/product\/mels-cacao"},"modified":"2026-02-02T07:23:52","modified_gmt":"2026-02-02T06:23:52","slug":"mels-cacao","status":"publish","type":"product","link":"https:\/\/melseurope.com\/es\/producto\/mels-cacao","title":{"rendered":"MELS Cacao"},"content":{"rendered":"\t\t<div data-elementor-type=\"product-post\" data-elementor-id=\"33225\" class=\"elementor elementor-33225 elementor-33204\" data-elementor-post-type=\"product\">\n\t\t\t\t<div class=\"elementor-element elementor-element-a608417 full-width e-flex e-con-boxed e-con e-parent\" data-id=\"a608417\" data-element_type=\"container\" data-e-type=\"container\" data-settings=\"{&quot;background_background&quot;:&quot;classic&quot;}\">\n\t\t\t\t\t<div class=\"e-con-inner\">\n\t\t\t\t<div class=\"elementor-element elementor-element-dd06191 elementor-icon-list--layout-inline elementor-align-center elementor-list-item-link-full_width elementor-widget elementor-widget-icon-list\" data-id=\"dd06191\" data-element_type=\"widget\" data-e-type=\"widget\" data-widget_type=\"icon-list.default\">\n\t\t\t\t<div class=\"elementor-widget-container\">\n\t\t\t\t\t\t\t<ul class=\"elementor-icon-list-items elementor-inline-items\">\n\t\t\t\t\t\t\t<li class=\"elementor-icon-list-item elementor-inline-item\">\n\t\t\t\t\t\t\t\t\t\t\t<span class=\"elementor-icon-list-icon\">\n\t\t\t\t\t\t\t<i aria-hidden=\"true\" class=\"shop_icon shop_icon-bag-2\"><\/i>\t\t\t\t\t\t<\/span>\n\t\t\t\t\t\t\t\t\t\t<span class=\"elementor-icon-list-text\">300 g<\/span>\n\t\t\t\t\t\t\t\t\t<\/li>\n\t\t\t\t\t\t\t\t<li class=\"elementor-icon-list-item elementor-inline-item\">\n\t\t\t\t\t\t\t\t\t\t\t<span class=\"elementor-icon-list-icon\">\n\t\t\t\t\t\t\t<svg aria-hidden=\"true\" class=\"e-font-icon-svg e-far-calendar-alt\" viewBox=\"0 0 448 512\" xmlns=\"http:\/\/www.w3.org\/2000\/svg\"><path d=\"M148 288h-40c-6.6 0-12-5.4-12-12v-40c0-6.6 5.4-12 12-12h40c6.6 0 12 5.4 12 12v40c0 6.6-5.4 12-12 12zm108-12v-40c0-6.6-5.4-12-12-12h-40c-6.6 0-12 5.4-12 12v40c0 6.6 5.4 12 12 12h40c6.6 0 12-5.4 12-12zm96 0v-40c0-6.6-5.4-12-12-12h-40c-6.6 0-12 5.4-12 12v40c0 6.6 5.4 12 12 12h40c6.6 0 12-5.4 12-12zm-96 96v-40c0-6.6-5.4-12-12-12h-40c-6.6 0-12 5.4-12 12v40c0 6.6 5.4 12 12 12h40c6.6 0 12-5.4 12-12zm-96 0v-40c0-6.6-5.4-12-12-12h-40c-6.6 0-12 5.4-12 12v40c0 6.6 5.4 12 12 12h40c6.6 0 12-5.4 12-12zm192 0v-40c0-6.6-5.4-12-12-12h-40c-6.6 0-12 5.4-12 12v40c0 6.6 5.4 12 12 12h40c6.6 0 12-5.4 12-12zm96-260v352c0 26.5-21.5 48-48 48H48c-26.5 0-48-21.5-48-48V112c0-26.5 21.5-48 48-48h48V12c0-6.6 5.4-12 12-12h40c6.6 0 12 5.4 12 12v52h128V12c0-6.6 5.4-12 12-12h40c6.6 0 12 5.4 12 12v52h48c26.5 0 48 21.5 48 48zm-48 346V160H48v298c0 3.3 2.7 6 6 6h340c3.3 0 6-2.7 6-6z\"><\/path><\/svg>\t\t\t\t\t\t<\/span>\n\t\t\t\t\t\t\t\t\t\t<span class=\"elementor-icon-list-text\">30 d\u00edas de uso<\/span>\n\t\t\t\t\t\t\t\t\t<\/li>\n\t\t\t\t\t\t<\/ul>\n\t\t\t\t\t\t<\/div>\n\t\t\t\t<\/div>\n\t\t\t\t\t<\/div>\n\t\t\t\t<\/div>\n\t\t<div class=\"elementor-element elementor-element-7ef823a e-flex e-con-boxed e-con e-parent\" data-id=\"7ef823a\" data-element_type=\"container\" data-e-type=\"container\">\n\t\t\t\t\t<div class=\"e-con-inner\">\n\t\t<div class=\"elementor-element elementor-element-a18d8f5 e-con-full e-flex e-con e-child\" data-id=\"a18d8f5\" data-element_type=\"container\" data-e-type=\"container\">\n\t\t<div class=\"elementor-element elementor-element-a5b67b0 e-con-full e-flex e-con e-child\" data-id=\"a5b67b0\" data-element_type=\"container\" data-e-type=\"container\">\n\t\t\t\t<div class=\"elementor-element elementor-element-508456a elementor-widget elementor-widget-heading\" data-id=\"508456a\" data-element_type=\"widget\" data-e-type=\"widget\" data-widget_type=\"heading.default\">\n\t\t\t\t<div class=\"elementor-widget-container\">\n\t\t\t\t\t<h5 class=\"elementor-heading-title elementor-size-default\">Descripci\u00f3n<\/h5>\t\t\t\t<\/div>\n\t\t\t\t<\/div>\n\t\t\t\t<\/div>\n\t\t<div class=\"elementor-element elementor-element-856818e e-con-full e-flex e-con e-child\" data-id=\"856818e\" data-element_type=\"container\" data-e-type=\"container\">\n\t\t\t\t<div class=\"elementor-element elementor-element-45fdaf2 elementor-widget elementor-widget-text-editor\" data-id=\"45fdaf2\" data-element_type=\"widget\" data-e-type=\"widget\" data-widget_type=\"text-editor.default\">\n\t\t\t\t<div class=\"elementor-widget-container\">\n\t\t\t\t\t\t\t\t\t<p><strong>MELS CACAO<\/strong> &#8211; una experiencia ceremonial de cacao elaborada con un 100% de cacao crudo, cosechado cuidadosamente en las ricas tierras de Nicaragua. Nuestro cacao se cultiva de forma natural seg\u00fan los principios tradicionales, en el coraz\u00f3n de Sudam\u00e9rica. <\/p><p>Tras una cuidadosa manipulaci\u00f3n y un tratamiento suave, las habas se env\u00edan a Europa, donde se dividen y muelen cuidadosamente. Este proceso garantiza que MELS pueda ofrecer el mejor cacao disponible. <\/p><p>Con MELS Cacao, obtienes cacao directamente del agricultor. Nuestras habas se cosecharon a principios de a\u00f1o, y no obtendr\u00e1s cacao m\u00e1s fresco que \u00e9ste. Disfruta de una aut\u00e9ntica experiencia de cacao con sabor a historia, tradici\u00f3n y pureza. Perfecto para momentos ceremoniales o un capricho especial en tu d\u00eda a d\u00eda.   <\/p><p>Del\u00e9itate con una armoniosa mezcla de Cacao Crudo Ceremonial MELS infusionado con hongos Melena de Le\u00f3n, Chaga y Cordyceps. Esta cautivadora combinaci\u00f3n une los exquisitos sabores del cacao ceremonial con los extraordinarios beneficios de las setas, creando un elixir verdaderamente transformador. <\/p><h4>M\u00e1s sobre MELS Cacao<\/h4><p>Nuestro cacao ceremonial procede de los mejores granos de cacao de Nicaragua, cultivados por una peque\u00f1a familia local que selecciona cuidadosamente los granos por su excepcional calidad y sabor. Mientras disfrutas del rico y aterciopelado sabor del cacao ceremonial, experimentar\u00e1s una profunda sensaci\u00f3n de alegr\u00eda y claridad mental. <\/p><p>El cacao contiene m\u00e1s de 1.200 compuestos bioactivos, entre ellos varias sustancias psicoactivas, antioxidantes y uno de los perfiles minerales m\u00e1s completos que se encuentran en cualquier planta. Conservamos estos nutrientes mediante un proceso suave y breve desde las habas crudas hasta el producto acabado. <\/p><p><strong>Lo que hace \u00fanico al cacao ceremonial MELS es la infusi\u00f3n de tres hongos:<\/strong><\/p><ul><li><strong>Melena de Le\u00f3n (Hericium erinaceus):<\/strong> Esta seta es conocida por sus beneficios cognitivos, ya que favorece la funci\u00f3n cerebral, la memoria y la concentraci\u00f3n. Ayuda a estimular el factor de crecimiento nervioso (NGF), que favorece la regeneraci\u00f3n y protecci\u00f3n de las c\u00e9lulas nerviosas, por lo que es ideal para la claridad mental y la concentraci\u00f3n. <\/li><li><strong>Chaga (Inonotus obliquus):<\/strong> El hongo chaga est\u00e1 lleno de antioxidantes que refuerzan el sistema inmunitario, reducen la inflamaci\u00f3n y favorecen el bienestar general. Se sabe que el chaga ayuda a mantener las defensas naturales del organismo y favorece la salud de la piel. <\/li><li><strong>Cordyceps:<\/strong> Este hongo es famoso por aumentar los niveles de energ\u00eda y resistencia. El Cordyceps mejora la captaci\u00f3n de ox\u00edgeno y favorece una funci\u00f3n pulmonar sana, por lo que es ideal para el rendimiento f\u00edsico y la recuperaci\u00f3n. Tambi\u00e9n se sabe que fomenta la vitalidad y mejora los niveles naturales de energ\u00eda del organismo.  <\/li><\/ul>\t\t\t\t\t\t\t\t<\/div>\n\t\t\t\t<\/div>\n\t\t\t\t<\/div>\n\t\t\t\t<\/div>\n\t\t\t\t\t<\/div>\n\t\t\t\t<\/div>\n\t\t<div class=\"elementor-element elementor-element-0dfeec4 e-flex e-con-boxed e-con e-parent\" data-id=\"0dfeec4\" data-element_type=\"container\" data-e-type=\"container\">\n\t\t\t\t\t<div class=\"e-con-inner\">\n\t\t\t\t<div class=\"elementor-element elementor-element-9815e43 elementor-widget-divider--view-line elementor-widget elementor-widget-divider\" data-id=\"9815e43\" data-element_type=\"widget\" data-e-type=\"widget\" data-widget_type=\"divider.default\">\n\t\t\t\t<div class=\"elementor-widget-container\">\n\t\t\t\t\t\t\t<div class=\"elementor-divider\">\n\t\t\t<span class=\"elementor-divider-separator\">\n\t\t\t\t\t\t<\/span>\n\t\t<\/div>\n\t\t\t\t\t\t<\/div>\n\t\t\t\t<\/div>\n\t\t\t\t\t<\/div>\n\t\t\t\t<\/div>\n\t\t<div class=\"elementor-element elementor-element-458d8cc e-flex e-con-boxed e-con e-parent\" data-id=\"458d8cc\" data-element_type=\"container\" data-e-type=\"container\">\n\t\t\t\t\t<div class=\"e-con-inner\">\n\t\t<div class=\"elementor-element elementor-element-c0d0d9e e-con-full e-flex e-con e-child\" data-id=\"c0d0d9e\" data-element_type=\"container\" data-e-type=\"container\">\n\t\t<div class=\"elementor-element elementor-element-435b36a e-con-full e-flex e-con e-child\" data-id=\"435b36a\" data-element_type=\"container\" data-e-type=\"container\">\n\t\t\t\t<div class=\"elementor-element elementor-element-dc67d2b elementor-widget elementor-widget-heading\" data-id=\"dc67d2b\" data-element_type=\"widget\" data-e-type=\"widget\" data-widget_type=\"heading.default\">\n\t\t\t\t<div class=\"elementor-widget-container\">\n\t\t\t\t\t<h5 class=\"elementor-heading-title elementor-size-default\">Ingredientes<\/h5>\t\t\t\t<\/div>\n\t\t\t\t<\/div>\n\t\t\t\t<\/div>\n\t\t<div class=\"elementor-element elementor-element-47b72db e-con-full e-flex e-con e-child\" data-id=\"47b72db\" data-element_type=\"container\" data-e-type=\"container\">\n\t\t\t\t<div class=\"elementor-element elementor-element-c7a250b elementor-widget elementor-widget-text-editor\" data-id=\"c7a250b\" data-element_type=\"widget\" data-e-type=\"widget\" data-widget_type=\"text-editor.default\">\n\t\t\t\t<div class=\"elementor-widget-container\">\n\t\t\t\t\t\t\t\t\t<p>Cacao ceremonial (Theobroma cacao) de Nicaragua<\/p><p>Hongos: Extracto de Melena de Le\u00f3n (Hericium erinaceus), Chaga (Inonotus obliquus) y Cordyceps (Cordyceps sinensis).<\/p>\t\t\t\t\t\t\t\t<\/div>\n\t\t\t\t<\/div>\n\t\t\t\t<\/div>\n\t\t\t\t<\/div>\n\t\t\t\t\t<\/div>\n\t\t\t\t<\/div>\n\t\t<div class=\"elementor-element elementor-element-54ec197 e-flex e-con-boxed e-con e-parent\" data-id=\"54ec197\" data-element_type=\"container\" data-e-type=\"container\">\n\t\t\t\t\t<div class=\"e-con-inner\">\n\t\t\t\t<div class=\"elementor-element elementor-element-73eb432 elementor-widget-divider--view-line elementor-widget elementor-widget-divider\" data-id=\"73eb432\" data-element_type=\"widget\" data-e-type=\"widget\" data-widget_type=\"divider.default\">\n\t\t\t\t<div class=\"elementor-widget-container\">\n\t\t\t\t\t\t\t<div class=\"elementor-divider\">\n\t\t\t<span class=\"elementor-divider-separator\">\n\t\t\t\t\t\t<\/span>\n\t\t<\/div>\n\t\t\t\t\t\t<\/div>\n\t\t\t\t<\/div>\n\t\t\t\t\t<\/div>\n\t\t\t\t<\/div>\n\t\t<div class=\"elementor-element elementor-element-fba97c4 e-flex e-con-boxed e-con e-parent\" data-id=\"fba97c4\" data-element_type=\"container\" data-e-type=\"container\">\n\t\t\t\t\t<div class=\"e-con-inner\">\n\t\t<div class=\"elementor-element elementor-element-042e8d8 e-con-full e-flex e-con e-child\" data-id=\"042e8d8\" data-element_type=\"container\" data-e-type=\"container\">\n\t\t\t\t<div class=\"elementor-element elementor-element-0d32d9e elementor-widget elementor-widget-heading\" data-id=\"0d32d9e\" data-element_type=\"widget\" data-e-type=\"widget\" data-widget_type=\"heading.default\">\n\t\t\t\t<div class=\"elementor-widget-container\">\n\t\t\t\t\t<h5 class=\"elementor-heading-title elementor-size-default\">Instrucciones de uso<\/h5>\t\t\t\t<\/div>\n\t\t\t\t<\/div>\n\t\t\t\t<\/div>\n\t\t<div class=\"elementor-element elementor-element-b7cd637 e-con-full e-flex e-con e-child\" data-id=\"b7cd637\" data-element_type=\"container\" data-e-type=\"container\">\n\t\t\t\t<div class=\"elementor-element elementor-element-0d3e5d6 elementor-widget elementor-widget-text-editor\" data-id=\"0d3e5d6\" data-element_type=\"widget\" data-e-type=\"widget\" data-widget_type=\"text-editor.default\">\n\t\t\t\t<div class=\"elementor-widget-container\">\n\t\t\t\t\t\t\t\t\t<p>Mezcla una cucharada por taza con el l\u00edquido que desees (el tipo de leche o agua que prefieras) para preparar tu cacao ceremonial seg\u00fan tus deseos.<\/p>\n<p>A MELS le gusta preparar el cacao de esta manera:<\/p>\n<p>Utiliza 1 cucharada grande de cacao con unos 2 dl de leche de coco y agua de coco. Utiliza otro tipo de leche si lo prefieres. <\/p>\n<p>Calentar suavemente, remover bien con un batidor.<\/p>\n<p>Para que quede m\u00e1s crujiente, a\u00f1ade una pizca de sal marina y endulza con miel si lo deseas.<\/p>\n<p><strong>Cacao en el caf\u00e9:<\/strong> Toma 1 taza de caf\u00e9 expreso, a\u00f1ade 1 cucharadita de cacao, mezcla bien<\/p>\t\t\t\t\t\t\t\t<\/div>\n\t\t\t\t<\/div>\n\t\t\t\t<\/div>\n\t\t\t\t\t<\/div>\n\t\t\t\t<\/div>\n\t\t<div class=\"elementor-element elementor-element-7bd53a5 e-flex e-con-boxed e-con e-parent\" data-id=\"7bd53a5\" data-element_type=\"container\" data-e-type=\"container\">\n\t\t\t\t\t<div class=\"e-con-inner\">\n\t\t\t\t<div class=\"elementor-element elementor-element-7dbd670 elementor-widget-divider--view-line elementor-widget elementor-widget-divider\" data-id=\"7dbd670\" data-element_type=\"widget\" data-e-type=\"widget\" data-widget_type=\"divider.default\">\n\t\t\t\t<div class=\"elementor-widget-container\">\n\t\t\t\t\t\t\t<div class=\"elementor-divider\">\n\t\t\t<span class=\"elementor-divider-separator\">\n\t\t\t\t\t\t<\/span>\n\t\t<\/div>\n\t\t\t\t\t\t<\/div>\n\t\t\t\t<\/div>\n\t\t\t\t\t<\/div>\n\t\t\t\t<\/div>\n\t\t<div class=\"elementor-element elementor-element-adff2d9 e-flex e-con-boxed e-con e-parent\" data-id=\"adff2d9\" data-element_type=\"container\" data-e-type=\"container\">\n\t\t\t\t\t<div class=\"e-con-inner\">\n\t\t<div class=\"elementor-element elementor-element-8a37014 e-con-full e-flex e-con e-child\" data-id=\"8a37014\" data-element_type=\"container\" data-e-type=\"container\">\n\t\t\t\t<div class=\"elementor-element elementor-element-1724166 elementor-widget elementor-widget-heading\" data-id=\"1724166\" data-element_type=\"widget\" data-e-type=\"widget\" data-widget_type=\"heading.default\">\n\t\t\t\t<div class=\"elementor-widget-container\">\n\t\t\t\t\t<h5 class=\"elementor-heading-title elementor-size-default\">Otros datos<\/h5>\t\t\t\t<\/div>\n\t\t\t\t<\/div>\n\t\t\t\t<\/div>\n\t\t<div class=\"elementor-element elementor-element-3e62814 e-con-full e-flex e-con e-child\" data-id=\"3e62814\" data-element_type=\"container\" data-e-type=\"container\">\n\t\t\t\t<div class=\"elementor-element elementor-element-4ea7c0c elementor-widget elementor-widget-text-editor\" data-id=\"4ea7c0c\" data-element_type=\"widget\" data-e-type=\"widget\" data-widget_type=\"text-editor.default\">\n\t\t\t\t<div class=\"elementor-widget-container\">\n\t\t\t\t\t\t\t\t\t<p>Natural, sin OMG, pesticidas ni productos qu\u00edmicos t\u00f3xicos.<\/p><p>El cacao crudo tiene olor a chocolate y sabor amargo.<\/p><p>Almacenamiento: El cacao molido crece mejor a temperaturas frescas, por debajo de 25 grados Celsius. Evita la luz solar directa. En verano, se recomienda conservar el cacao crudo en el frigor\u00edfico.  <\/p>\t\t\t\t\t\t\t\t<\/div>\n\t\t\t\t<\/div>\n\t\t\t\t<\/div>\n\t\t\t\t\t<\/div>\n\t\t\t\t<\/div>\n\t\t<div class=\"elementor-element elementor-element-adc1026 e-flex e-con-boxed e-con e-parent\" data-id=\"adc1026\" data-element_type=\"container\" data-e-type=\"container\">\n\t\t\t\t\t<div class=\"e-con-inner\">\n\t\t\t\t<div class=\"elementor-element elementor-element-0a1b3dc elementor-widget-divider--view-line elementor-widget elementor-widget-divider\" data-id=\"0a1b3dc\" data-element_type=\"widget\" data-e-type=\"widget\" data-widget_type=\"divider.default\">\n\t\t\t\t<div class=\"elementor-widget-container\">\n\t\t\t\t\t\t\t<div class=\"elementor-divider\">\n\t\t\t<span class=\"elementor-divider-separator\">\n\t\t\t\t\t\t<\/span>\n\t\t<\/div>\n\t\t\t\t\t\t<\/div>\n\t\t\t\t<\/div>\n\t\t\t\t\t<\/div>\n\t\t\t\t<\/div>\n\t\t<div class=\"elementor-element elementor-element-64ca68b e-flex e-con-boxed e-con e-parent\" data-id=\"64ca68b\" data-element_type=\"container\" data-e-type=\"container\">\n\t\t\t\t\t<div class=\"e-con-inner\">\n\t\t<div class=\"elementor-element elementor-element-4e12583 e-con-full e-flex e-con e-child\" data-id=\"4e12583\" data-element_type=\"container\" data-e-type=\"container\">\n\t\t\t\t<div class=\"elementor-element elementor-element-4bc846c elementor-widget elementor-widget-heading\" data-id=\"4bc846c\" data-element_type=\"widget\" data-e-type=\"widget\" data-widget_type=\"heading.default\">\n\t\t\t\t<div class=\"elementor-widget-container\">\n\t\t\t\t\t<h5 class=\"elementor-heading-title elementor-size-default\">Descargo de responsabilidad<\/h5>\t\t\t\t<\/div>\n\t\t\t\t<\/div>\n\t\t\t\t<\/div>\n\t\t<div class=\"elementor-element elementor-element-c5f85d8 e-con-full e-flex e-con e-child\" data-id=\"c5f85d8\" data-element_type=\"container\" data-e-type=\"container\">\n\t\t\t\t<div class=\"elementor-element elementor-element-5a786fa elementor-widget elementor-widget-text-editor\" data-id=\"5a786fa\" data-element_type=\"widget\" data-e-type=\"widget\" data-widget_type=\"text-editor.default\">\n\t\t\t\t<div class=\"elementor-widget-container\">\n\t\t\t\t\t\t\t\t\t<p>La informaci\u00f3n que encontrar\u00e1s en esta p\u00e1gina s\u00f3lo tiene fines informativos y no debe interpretarse como consejo u orientaci\u00f3n m\u00e9dica. Los productos vendidos no pretenden sustituir el uso de medicamentos con receta. <\/p><p>MELS NO afirma que sus productos traten o prevengan enfermedades, ni que tengan efectos sobre la salud. Consulta a un profesional m\u00e9dico si no est\u00e1s seguro, tienes un diagn\u00f3stico y\/o eres menor de 18 a\u00f1os o est\u00e1s embarazada\/lactando antes de utilizar setas o cacao. <\/p><p>MELS no acepta ninguna responsabilidad por el uso de los productos MELS.<\/p>\t\t\t\t\t\t\t\t<\/div>\n\t\t\t\t<\/div>\n\t\t\t\t<\/div>\n\t\t\t\t\t<\/div>\n\t\t\t\t<\/div>\n\t\t\t\t<\/div>\n\t\t","protected":false},"excerpt":{"rendered":"<h5>Cacao crudo ceremonial de Nicaragua. Producido para MELS. <\/h5>\n<p>300 gramos de cacao crudo con adapt\u00f3genos, para hacer una taza de cacao o para tomar en un tentempi\u00e9.<\/p>\n","protected":false},"featured_media":33217,"comment_status":"open","ping_status":"closed","template":"elementor_theme","meta":{"_kad_blocks_custom_css":"","_kad_blocks_head_custom_js":"","_kad_blocks_body_custom_js":"","_kad_blocks_footer_custom_js":"","_kad_post_transparent":"","_kad_post_title":"","_kad_post_layout":"","_kad_post_sidebar_id":"","_kad_post_content_style":"","_kad_post_vertical_padding":"","_kad_post_feature":"","_kad_post_feature_position":"","_kad_post_header":false,"_kad_post_footer":false,"_kad_post_classname":""},"product_brand":[],"product_cat":[846,593],"product_tag":[601,598,599,393,600],"class_list":{"0":"post-33225","1":"product","2":"type-product","3":"status-publish","4":"has-post-thumbnail","6":"product_cat-bebida-es","7":"product_cat-cacao-es","8":"product_tag-adaptogenos","9":"product_tag-cacao-ceremonial","10":"product_tag-cacao-crudo","11":"product_tag-mels-es","12":"product_tag-natural-es","14":"first","15":"instock","16":"shipping-taxable","17":"purchasable","18":"product-type-simple","19":"entry","20":"content-bg","21":"loop-entry"},"taxonomy_info":{"product_cat":[{"value":846,"label":"Bebida"},{"value":593,"label":"Cacao"}],"product_tag":[{"value":601,"label":"adapt\u00f3genos"},{"value":598,"label":"cacao ceremonial"},{"value":599,"label":"cacao crudo"},{"value":393,"label":"mels"},{"value":600,"label":"natural"}]},"featured_image_src_large":["https:\/\/melseurope.com\/wp-content\/uploads\/2025\/02\/Cacao-product-1024x1024.png",1024,1024,true],"author_info":[],"comment_info":0,"_links":{"self":[{"href":"https:\/\/melseurope.com\/es\/wp-json\/wp\/v2\/product\/33225","targetHints":{"allow":["GET"]}}],"collection":[{"href":"https:\/\/melseurope.com\/es\/wp-json\/wp\/v2\/product"}],"about":[{"href":"https:\/\/melseurope.com\/es\/wp-json\/wp\/v2\/types\/product"}],"replies":[{"embeddable":true,"href":"https:\/\/melseurope.com\/es\/wp-json\/wp\/v2\/comments?post=33225"}],"version-history":[{"count":0,"href":"https:\/\/melseurope.com\/es\/wp-json\/wp\/v2\/product\/33225\/revisions"}],"wp:featuredmedia":[{"embeddable":true,"href":"https:\/\/melseurope.com\/es\/wp-json\/wp\/v2\/media\/33217"}],"wp:attachment":[{"href":"https:\/\/melseurope.com\/es\/wp-json\/wp\/v2\/media?parent=33225"}],"wp:term":[{"taxonomy":"product_brand","embeddable":true,"href":"https:\/\/melseurope.com\/es\/wp-json\/wp\/v2\/product_brand?post=33225"},{"taxonomy":"product_cat","embeddable":true,"href":"https:\/\/melseurope.com\/es\/wp-json\/wp\/v2\/product_cat?post=33225"},{"taxonomy":"product_tag","embeddable":true,"href":"https:\/\/melseurope.com\/es\/wp-json\/wp\/v2\/product_tag?post=33225"}],"curies":[{"name":"wp","href":"https:\/\/api.w.org\/{rel}","templated":true}]}}