{"id":17335,"date":"2022-04-07T14:15:30","date_gmt":"2022-04-07T14:15:30","guid":{"rendered":"http:\/\/melsbymelissa.com\/?page_id=17335"},"modified":"2023-08-01T15:29:40","modified_gmt":"2023-08-01T13:29:40","slug":"cbd-produktguide","status":"publish","type":"page","link":"https:\/\/melseurope.com\/no\/cbd-produktguide","title":{"rendered":"CBD Produktguide"},"content":{"rendered":"<style>.kb-row-layout-id_d8b13d-7a > .kt-row-column-wrap{align-content:start;}:where(.kb-row-layout-id_d8b13d-7a > .kt-row-column-wrap) > .wp-block-kadence-column{justify-content:start;}.kb-row-layout-id_d8b13d-7a > .kt-row-column-wrap{column-gap:var(--global-kb-gap-md, 2rem);row-gap:var(--global-kb-gap-md, 2rem);padding-top:var(--global-kb-spacing-sm, 1.5rem);padding-bottom:var(--global-kb-spacing-sm, 1.5rem);grid-template-columns:minmax(0, calc(60% - ((var(--global-kb-gap-md, 2rem) * 1 )\/2)))minmax(0, calc(40% - ((var(--global-kb-gap-md, 2rem) * 1 )\/2)));}.kb-row-layout-id_d8b13d-7a > .kt-row-layout-overlay{opacity:0.30;}@media all and (max-width: 1024px){.kb-row-layout-id_d8b13d-7a > .kt-row-column-wrap{grid-template-columns:repeat(2, minmax(0, 1fr));}}@media all and (max-width: 767px){.kb-row-layout-id_d8b13d-7a > .kt-row-column-wrap{grid-template-columns:minmax(0, 1fr);}}<\/style><div class=\"kb-row-layout-wrap kb-row-layout-id_d8b13d-7a alignnone wp-block-kadence-rowlayout\"><div class=\"kt-row-column-wrap kt-has-2-columns kt-row-layout-equal kt-tab-layout-inherit kt-mobile-layout-row kt-row-valign-top\">\n<style>.kadence-column_938e98-5a > .kt-inside-inner-col,.kadence-column_938e98-5a > .kt-inside-inner-col:before{border-top-left-radius:0px;border-top-right-radius:0px;border-bottom-right-radius:0px;border-bottom-left-radius:0px;}.kadence-column_938e98-5a > .kt-inside-inner-col{column-gap:var(--global-kb-gap-sm, 1rem);}.kadence-column_938e98-5a > .kt-inside-inner-col{flex-direction:column;}.kadence-column_938e98-5a > .kt-inside-inner-col > .aligncenter{width:100%;}.kadence-column_938e98-5a > .kt-inside-inner-col:before{opacity:0.3;}.kadence-column_938e98-5a{position:relative;}@media all and (max-width: 1024px){.kadence-column_938e98-5a > .kt-inside-inner-col{flex-direction:column;justify-content:center;}}@media all and (max-width: 767px){.kadence-column_938e98-5a > .kt-inside-inner-col{flex-direction:column;justify-content:center;}}<\/style>\n<div class=\"wp-block-kadence-column kadence-column_938e98-5a inner-column-1\"><div class=\"kt-inside-inner-col\">\n<p>Alle v\u00e5re oljer er av h\u00f8y kvalitet og mange finner sin favoritt etterhvert. Er du f\u00f8rstegangsbruker anbefaler vi \u00e5 begynne med <a href=\"https:\/\/melseurope.com\/no\/produktkategori\/cbd-olje\/two-strain\">MELS TWO STRAIN<\/a> eller <a href=\"https:\/\/melseurope.com\/no\/produktkategori\/cbd-olje\/five-strain\">MELS FIVE STRAIN<\/a>. Forskjellen mellom disse er antall varianter cannabis oljen er utvunnet fra.<\/p>\n\n\n\n<p>For \u00e5 vite hvilken prosent som er best egnet for deg, anbefaler vi at du leser v\u00e5r <a class=\"modal-trigger\" href=\"#guideform\">Nybegynnerguide<\/a>. <\/p>\n\n\n<style>#kt-modal_ddcf5f-e5 .kt-blocks-modal-link{color:#555555;background:transparent;border-color:#555555;border-radius:4px;font-size:16px;line-height:24px;border-width:2px 2px 2px 2px;padding:4px 8px 4px 8px;margin:0px 0px 0px 0px;}#kt-modal_ddcf5f-e5 .kt-blocks-modal-link:hover, #kt-modal_ddcf5f-e5 .kt-blocks-modal-link:focus{color:#ffffff;background:#444444;border-color:#444444;}#kt-modal_ddcf5f-e5 .kt-modal-overlay, #kt-target-modal_ddcf5f-e5 .kt-modal-overlay, .kb-modal-content_ddcf5f-e5 .kt-modal-overlay{background:var(--global-palette7, #EDF2F7);}#kt-modal_ddcf5f-e5 .kt-modal-overlay, #kt-target-modal_ddcf5f-e5 .kt-modal-overlay, .kb-modal-content_ddcf5f-e5 .kt-modal-overlay{-ms-flex-pack:center;justify-content:center;-ms-flex-align:center;align-items:center;}#kt-modal_ddcf5f-e5 .kt-modal-container, #kt-target-modal_ddcf5f-e5 .kt-modal-container, .kb-modal-content_ddcf5f-e5 .kt-modal-container{width:100%;max-width:700px;-ms-flex-pack:flex-start;justify-content:flex-start;text-align:left;-ms-flex-align:flex-start;align-items:flex-start;}#kt-modal_ddcf5f-e5 .kt-modal-container, #kt-target-modal_ddcf5f-e5 .kt-modal-container, .kb-modal-content_ddcf5f-e5 .kt-modal-container{padding-top:30px;padding-right:30px;padding-bottom:30px;padding-left:30px;margin-top:20px;margin-right:20px;margin-bottom:20px;margin-left:20px;}#kt-modal_ddcf5f-e5 .kt-modal-container, #kt-target-modal_ddcf5f-e5 .kt-modal-container, .kb-modal-content_ddcf5f-e5 .kt-modal-container{background:#ffffff;border-top:0px solid #ffffff;border-right:0px solid #ffffff;border-bottom:0px solid #ffffff;border-left:0px solid #ffffff;}#kt-modal_ddcf5f-e5 .kt-modal-close svg, #kt-target-modal_ddcf5f-e5 .kt-modal-close svg, .kb-modal-content_ddcf5f-e5 .kt-modal-close svg{width:17px;height:17px;}@media all and (max-width: 1024px){#kt-modal_ddcf5f-e5 .kt-modal-container, #kt-target-modal_ddcf5f-e5 .kt-modal-container, .kb-modal-content_ddcf5f-e5 .kt-modal-container{width:100%;border-top:0px solid #ffffff;border-right:0px solid #ffffff;border-bottom:0px solid #ffffff;border-left:0px solid #ffffff;}}@media all and (max-width: 1024px){#kt-modal_ddcf5f-e5 .kt-modal-close svg, #kt-target-modal_ddcf5f-e5 .kt-modal-close svg, .kb-modal-content_ddcf5f-e5 .kt-modal-close svg{width:24px;height:24px;}}@media all and (max-width: 767px){#kt-modal_ddcf5f-e5 .kt-modal-container, #kt-target-modal_ddcf5f-e5 .kt-modal-container, .kb-modal-content_ddcf5f-e5 .kt-modal-container{width:100%;border-top:0px solid #ffffff;border-right:0px solid #ffffff;border-bottom:0px solid #ffffff;border-left:0px solid #ffffff;}#kt-modal_ddcf5f-e5 .kt-modal-close svg, #kt-target-modal_ddcf5f-e5 .kt-modal-close svg, .kb-modal-content_ddcf5f-e5 .kt-modal-close svg{width:24px;height:24px;}}<\/style>\n<div id=\"kt-modal_ddcf5f-e5\" class=\"wp-block-kadence-modal alignnone kt-modal-linkalign-center\"><div id=\"guideform\" class=\"kb-modal-content_ddcf5f-e5 kadence-block-pro-modal kt-m-animate-in-slidedown kt-m-animate-out-slideoutup\" aria-hidden=\"true\"><div class=\"kt-modal-overlay\" tabindex=\"-1\" data-modal-close=\"true\"><div class=\"kt-modal-container kt-modal-height-fittocontent kt-close-position-inside\" role=\"dialog\" aria-modal=\"true\"><button class=\"kt-modal-close\" aria-label=\"Close Modal\" data-modal-close=\"true\"><svg viewBox=\"0 0 24 24\" fill=\"none\" stroke=\"currentColor\" xmlns=\"https:\/\/www.w3.org\/2000\/svg\" stroke-width=\"2\" stroke-linecap=\"round\" stroke-linejoin=\"round\"><line x1=\"18\" y1=\"6\" x2=\"6\" y2=\"18\"><\/line><line x1=\"6\" y1=\"6\" x2=\"18\" y2=\"18\"><\/line><\/svg><\/button><div id=\"kt-modal_ddcf5f-e5-content\" class=\"kt-modal-content\"><style>.wp-block-kadence-advancedheading.kt-adv-heading_c78d83-e3, .wp-block-kadence-advancedheading.kt-adv-heading_c78d83-e3[data-kb-block=\"kb-adv-heading_c78d83-e3\"]{font-style:normal;}.wp-block-kadence-advancedheading.kt-adv-heading_c78d83-e3 mark.kt-highlight, .wp-block-kadence-advancedheading.kt-adv-heading_c78d83-e3[data-kb-block=\"kb-adv-heading_c78d83-e3\"] mark.kt-highlight{font-style:normal;color:#f76a0c;-webkit-box-decoration-break:clone;box-decoration-break:clone;padding-top:0px;padding-right:0px;padding-bottom:0px;padding-left:0px;}.wp-block-kadence-advancedheading.kt-adv-heading_c78d83-e3 img.kb-inline-image, .wp-block-kadence-advancedheading.kt-adv-heading_c78d83-e3[data-kb-block=\"kb-adv-heading_c78d83-e3\"] img.kb-inline-image{width:150px;vertical-align:baseline;}<\/style>\n<h5 class=\"kt-adv-heading_c78d83-e3 wp-block-kadence-advancedheading\" data-kb-block=\"kb-adv-heading_c78d83-e3\">F\u00e5 tilsendt Mels CBD Nybegynnerguide<\/h5>\n\n\n<p>[fluentform id=&raquo;3&#8243;]<\/p>\n<\/div><\/div><\/div><\/div><\/div>\n\n\n\n<p>Begynn med 1-4 dr\u00e5per per dosering de f\u00f8rste par ukene. Dette kan fordeles 2-3 ganger i l\u00f8pet av dagen, eller kun om kvelden, avhengig av form\u00e5let. Vi anbefaler gradvis opptrapping for \u00e5 gi kroppens cannabinoidreseptorer tid til \u00e5 aktiveres og ta i bruk cannabinoidene (CBD, CBG, CBC &amp; CBN).<\/p>\n<\/div><\/div>\n\n\n<style>.kadence-column_62bb71-c9 > .kt-inside-inner-col,.kadence-column_62bb71-c9 > .kt-inside-inner-col:before{border-top-left-radius:0px;border-top-right-radius:0px;border-bottom-right-radius:0px;border-bottom-left-radius:0px;}.kadence-column_62bb71-c9 > .kt-inside-inner-col{column-gap:var(--global-kb-gap-sm, 1rem);}.kadence-column_62bb71-c9 > .kt-inside-inner-col{flex-direction:column;}.kadence-column_62bb71-c9 > .kt-inside-inner-col > .aligncenter{width:100%;}.kadence-column_62bb71-c9 > .kt-inside-inner-col:before{opacity:0.3;}.kadence-column_62bb71-c9{position:relative;}@media all and (max-width: 1024px){.kadence-column_62bb71-c9 > .kt-inside-inner-col{flex-direction:column;justify-content:center;}}@media all and (max-width: 767px){.kadence-column_62bb71-c9 > .kt-inside-inner-col{flex-direction:column;justify-content:center;}}<\/style>\n<div class=\"wp-block-kadence-column kadence-column_62bb71-c9 inner-column-2\"><div class=\"kt-inside-inner-col\">\n<figure class=\"wp-block-image aligncenter size-large is-resized\"><img fetchpriority=\"high\" decoding=\"async\" src=\"https:\/\/melseurope.com\/wp-content\/uploads\/2023\/08\/MELS-FAMILY-2-658x1024.png\" alt=\"MELS CBD - TWO STRAIN and FIVE STRAIN \" class=\"wp-image-29037\" width=\"249\" height=\"386\" srcset=\"https:\/\/melseurope.com\/wp-content\/uploads\/2023\/08\/MELS-FAMILY-2-193x300.png 193w, https:\/\/melseurope.com\/wp-content\/uploads\/2023\/08\/MELS-FAMILY-2.png 694w\" sizes=\"(max-width: 249px) 100vw, 249px\" \/><\/figure>\n<\/div><\/div>\n\n<\/div><\/div>\n\n<style>.wp-block-kadence-spacer.kt-block-spacer-_d16b21-99 .kt-block-spacer{height:70px;}.wp-block-kadence-spacer.kt-block-spacer-_d16b21-99 .kt-divider{border-top-width:1px;height:1px;border-top-color:#eee;width:100%;border-top-style:solid;}<\/style>\n<div class=\"wp-block-kadence-spacer aligncenter kt-block-spacer-_d16b21-99\"><div class=\"kt-block-spacer kt-block-spacer-halign-center\"><hr class=\"kt-divider\"\/><\/div><\/div>\n\n\n\n<p>Vi har identifisert tre forskjellige doseringer som veiledning for symptomer: <\/p>\n\n\n\n<p><strong>Mikrodose:<\/strong> 5 &#8211; 30 mg CBD per dag. Kan v\u00e6re effektiv for s\u00f8vn, hodepine, hum\u00f8rsvingninger, kvalme, PTSD, stress og metabolsk syndrom. <\/p>\n\n\n\n<p><strong>Standarddose:<\/strong> 40 &#8211; 100 mg CBD per dag. Det er vist \u00e5 v\u00e6re effektivt for kroniske smerter, betennelse, autoimmune lidelser, Borrelia, angst, depresjon, leddgikt, noen psykiske lidelser, fibromyalgi, multippel sklerose, inflammatorisk tarmsykdom og autisme. <\/p>\n\n\n\n<p><strong>Makrodose:<\/strong> 50 &#8211; 800 mg CBD per dag. Doser p\u00e5 dette niv\u00e5et brukes ofte til \u00e5 behandle kreft, epilepsi, leversykdom og andre alvorlige livstruende tilstander.<\/p>\n","protected":false},"excerpt":{"rendered":"<p>Alle v\u00e5re oljer er av h\u00f8y kvalitet og mange finner sin favoritt etterhvert. Er du f\u00f8rstegangsbruker anbefaler vi \u00e5 begynne med MELS TWO STRAIN eller MELS FIVE STRAIN. Forskjellen mellom disse er antall varianter cannabis oljen er utvunnet fra. For \u00e5 vite hvilken prosent som er best egnet for deg, anbefaler vi at du leser&#8230;<\/p>\n","protected":false},"author":1,"featured_media":17315,"parent":0,"menu_order":0,"comment_status":"closed","ping_status":"closed","template":"","meta":{"_kad_blocks_custom_css":"","_kad_blocks_head_custom_js":"","_kad_blocks_body_custom_js":"","_kad_blocks_footer_custom_js":"","_kad_post_transparent":"","_kad_post_title":"","_kad_post_layout":"default","_kad_post_sidebar_id":"","_kad_post_content_style":"","_kad_post_vertical_padding":"","_kad_post_feature":"","_kad_post_feature_position":"","_kad_post_header":false,"_kad_post_footer":false,"_kad_post_classname":"","footnotes":""},"class_list":["post-17335","page","type-page","status-publish","has-post-thumbnail","hentry"],"taxonomy_info":[],"featured_image_src_large":["https:\/\/melseurope.com\/wp-content\/uploads\/2022\/04\/man-holding-ts-bottle-1024x682.jpg",1024,682,true],"author_info":{"display_name":"igrafic","author_link":"https:\/\/melseurope.com\/no\/author\/igrafic"},"comment_info":0,"_links":{"self":[{"href":"https:\/\/melseurope.com\/no\/wp-json\/wp\/v2\/pages\/17335","targetHints":{"allow":["GET"]}}],"collection":[{"href":"https:\/\/melseurope.com\/no\/wp-json\/wp\/v2\/pages"}],"about":[{"href":"https:\/\/melseurope.com\/no\/wp-json\/wp\/v2\/types\/page"}],"author":[{"embeddable":true,"href":"https:\/\/melseurope.com\/no\/wp-json\/wp\/v2\/users\/1"}],"replies":[{"embeddable":true,"href":"https:\/\/melseurope.com\/no\/wp-json\/wp\/v2\/comments?post=17335"}],"version-history":[{"count":0,"href":"https:\/\/melseurope.com\/no\/wp-json\/wp\/v2\/pages\/17335\/revisions"}],"wp:featuredmedia":[{"embeddable":true,"href":"https:\/\/melseurope.com\/no\/wp-json\/wp\/v2\/media\/17315"}],"wp:attachment":[{"href":"https:\/\/melseurope.com\/no\/wp-json\/wp\/v2\/media?parent=17335"}],"curies":[{"name":"wp","href":"https:\/\/api.w.org\/{rel}","templated":true}]}}