{"id":18115,"date":"2022-04-12T12:28:25","date_gmt":"2022-04-12T12:28:25","guid":{"rendered":"https:\/\/melsbymelissa.com\/disclaimer"},"modified":"2025-10-03T10:30:47","modified_gmt":"2025-10-03T08:30:47","slug":"disclaimer","status":"publish","type":"page","link":"https:\/\/melseurope.com\/no\/disclaimer","title":{"rendered":"Ansvarsfraskrivelse"},"content":{"rendered":"<style>.kb-row-layout-wrap.wp-block-kadence-rowlayout.kb-row-layout-id18115_2adce2-68{margin-bottom:25px;}.kb-row-layout-id18115_2adce2-68 > .kt-row-column-wrap{align-content:start;}:where(.kb-row-layout-id18115_2adce2-68 > .kt-row-column-wrap) > .wp-block-kadence-column{justify-content:start;}.kb-row-layout-id18115_2adce2-68 > .kt-row-column-wrap{column-gap:var(--global-kb-gap-md, 2rem);row-gap:var(--global-kb-gap-sm, 1rem);padding-top:20px;padding-right:20px;padding-bottom:20px;padding-left:30px;grid-template-columns:minmax(0, 1fr);}.kb-row-layout-id18115_2adce2-68{border-top-left-radius:3px;border-top-right-radius:3px;border-bottom-right-radius:3px;border-bottom-left-radius:3px;overflow:clip;isolation:isolate;}.kb-row-layout-id18115_2adce2-68 > .kt-row-layout-overlay{border-top-left-radius:3px;border-top-right-radius:3px;border-bottom-right-radius:3px;border-bottom-left-radius:3px;}.kb-row-layout-id18115_2adce2-68{border-top:2px solid var(--global-palette7, #EDF2F7);border-right:2px solid var(--global-palette7, #EDF2F7);border-bottom:2px solid var(--global-palette7, #EDF2F7);border-left:2px solid var(--global-palette7, #EDF2F7);}.kb-row-layout-id18115_2adce2-68 > .kt-row-layout-overlay{opacity:0.30;}@media all and (max-width: 1024px){.kb-row-layout-id18115_2adce2-68 > .kt-row-column-wrap{grid-template-columns:minmax(0, 1fr);}}@media all and (max-width: 1024px){.kb-row-layout-id18115_2adce2-68{border-top:2px solid var(--global-palette7, #EDF2F7);border-right:2px solid var(--global-palette7, #EDF2F7);border-bottom:2px solid var(--global-palette7, #EDF2F7);border-left:2px solid var(--global-palette7, #EDF2F7);}}@media all and (max-width: 767px){.kb-row-layout-id18115_2adce2-68 > .kt-row-column-wrap{grid-template-columns:minmax(0, 1fr);}.kb-row-layout-id18115_2adce2-68{border-top:2px solid var(--global-palette7, #EDF2F7);border-right:2px solid var(--global-palette7, #EDF2F7);border-bottom:2px solid var(--global-palette7, #EDF2F7);border-left:2px solid var(--global-palette7, #EDF2F7);}}.kb-row-layout-id18115_2adce2-68 {max-width: 800px;}<\/style><div class=\"kb-row-layout-wrap kb-row-layout-id18115_2adce2-68 alignnone wp-block-kadence-rowlayout\"><div class=\"kt-row-column-wrap kt-has-2-columns kt-row-layout-row kt-tab-layout-inherit kt-mobile-layout-row kt-row-valign-top\">\n<style>.kadence-column18115_351d97-81 > .kt-inside-inner-col,.kadence-column18115_351d97-81 > .kt-inside-inner-col:before{border-top-left-radius:0px;border-top-right-radius:0px;border-bottom-right-radius:0px;border-bottom-left-radius:0px;}.kadence-column18115_351d97-81 > .kt-inside-inner-col{column-gap:var(--global-kb-gap-sm, 1rem);}.kadence-column18115_351d97-81 > .kt-inside-inner-col{flex-direction:column;}.kadence-column18115_351d97-81 > .kt-inside-inner-col > .aligncenter{width:100%;}.kadence-column18115_351d97-81 > .kt-inside-inner-col:before{opacity:0.3;}.kadence-column18115_351d97-81{position:relative;}@media all and (max-width: 1024px){.kadence-column18115_351d97-81 > .kt-inside-inner-col{flex-direction:column;justify-content:center;}}@media all and (max-width: 767px){.kadence-column18115_351d97-81 > .kt-inside-inner-col{flex-direction:column;justify-content:center;}}<\/style>\n<div class=\"wp-block-kadence-column kadence-column18115_351d97-81\"><div class=\"kt-inside-inner-col\">\n<p class=\"has-small-font-size\" style=\"font-style:normal;font-weight:600\"><strong>VIKTIG: <\/strong>MELS er ikke under noen omstendighet ansvarlig for kj\u00f8p av v\u00e5re produkter i forhold til lovene og forskriftene som gjelder i destinasjonslandet. <a href=\"https:\/\/curia.europa.eu\/jcms\/upload\/docs\/application\/pdf\/2020-11\/cp200141en.pdf\" target=\"_blank\" rel=\"noreferrer noopener\">Markedsf\u00f8ring av CBD er tillatt i henhold til EU-lovgivningen.<\/a> Vi oppfordrer deg imidlertid til \u00e5 sette deg inn i gjeldende regelverk for ditt land f\u00f8r du bestiller produkter. Takk.<\/p>\n<\/div><\/div>\n\n\n<style>.kadence-column18115_eb4c1c-4b > .kt-inside-inner-col,.kadence-column18115_eb4c1c-4b > .kt-inside-inner-col:before{border-top-left-radius:0px;border-top-right-radius:0px;border-bottom-right-radius:0px;border-bottom-left-radius:0px;}.kadence-column18115_eb4c1c-4b > .kt-inside-inner-col{column-gap:var(--global-kb-gap-sm, 1rem);}.kadence-column18115_eb4c1c-4b > .kt-inside-inner-col{flex-direction:column;}.kadence-column18115_eb4c1c-4b > .kt-inside-inner-col > .aligncenter{width:100%;}.kadence-column18115_eb4c1c-4b > .kt-inside-inner-col:before{opacity:0.3;}.kadence-column18115_eb4c1c-4b{position:relative;}@media all and (max-width: 1024px){.kadence-column18115_eb4c1c-4b > .kt-inside-inner-col{flex-direction:column;justify-content:center;}}@media all and (max-width: 767px){.kadence-column18115_eb4c1c-4b > .kt-inside-inner-col{flex-direction:column;justify-content:center;}}<\/style>\n<div class=\"wp-block-kadence-column kadence-column18115_eb4c1c-4b inner-column-1\"><div class=\"kt-inside-inner-col\">\n<p class=\"has-small-font-size\" style=\"font-style:normal;font-weight:600\">Informasjonen du finner p\u00e5 denne nettsiden (melsbymelissa.com) er kun ment som informasjon og skal ikke tolkes som medisinsk r\u00e5d eller veiledning. Produktene som selges er ikke ment \u00e5 erstatte bruk av reseptbelagte medisiner. MELS p\u00e5st\u00e5r IKKE at MELS-produkter hverken behandler eller forhindrer sykdom, eller har helsemessige effekter. Forh\u00f8r deg med medisinsk fagperson om du usikker, har en diagnose og\/eller er under 18 \u00e5r eller gravid\/ammer f\u00f8r du bruker CBD. MELS p\u00e5tar seg inget ansvar ved bruk av MELS-produkter. MELS er registrert i Estland, og i henhold til estisk lov (V\u00f5la\u00f5igusseadus \/ Law of Obligations) gjelder at forseglede produkter, som flasker for hygiene- eller kosmetikkform\u00e5l,\u00a0<strong>ikke kan returneres<\/strong>\u00a0n\u00e5r forseglingen er brutt, av helsemessige og hygieniske \u00e5rsaker og kunden kan da ikke kreve refusjon bare fordi produktet ikke hadde \u00f8nsket effekt eller kunden er misforn\u00f8yd.<\/p>\n<\/div><\/div>\n\n<\/div><\/div>\n\n\n<!-- Legal document generated by Complianz | GDPR\/CCPA Cookie Consent https:\/\/wordpress.org\/plugins\/complianz-gdpr -->\n<div id=\"cmplz-document\" class=\"cmplz-document disclaimer cmplz-document-all\"><p>Mels by Melissa er forpliktet til \u00e5 holde dette nettstedet oppdatert og med korrekt informasjon. Skulle du likevel oppleve noe som ikke er korrekt eller utdatert, vil vi bli takknemlige dersom du varsler oss om dette. Vennligt oppgi hvor p\u00e5 nettstedet du fant dette. Vi vil da tak tak i dette snarest. Vennligst send din respons via e-post til: <span class=\"cmplz-obfuscate\">&#105;nf&#111;@<span class=\"cmplz-fmail-domain\">&#101;x&#046;&#099;om<\/span>m&#101;ls&#098;&#121;m&#101;l&#105;s&#115;&#097;.&#099;&#111;&#109;<\/span>.<\/p><p>Vi er ikke ansvarlige for tap som f\u00f8lge av un\u00f8yaktigheter eller ufullstendighet, og heller ikke for tap som f\u00f8lge av problemer for\u00e5rsaket av eller forbundet med spredning av informasjon over Internett, for eksempel forstyrrelser eller avbrudd. Ved bruk av nettskjemaer tilstreber vi \u00e5 begrense antall obligatoriske felt til et minimum. For tap som f\u00f8lge av bruk av data, r\u00e5d eller ideer levert av eller p\u00e5 vegne av Mels by Melissa via denne nettsiden,  Mels by Melissa aksepteres intet ansvar.<\/p><p>Bruk av dette nettstedet og alle komponentene (inkludert fora) er gjenstand for f\u00f8lgende <a href=\"https:\/\/melseurope.com\/vilkar-og-betingelser\" target=\"_blank\">betingelser for bruk<\/a>. Selv beskjeden bruk av nettstedet inneb\u00e6rer at du har kunnskap om og aksepterer disse betingelsene.<\/p><p>Eventuelle personlige data som du gir oss i sammenheng med din tilbakemelding eller foresp\u00f8rsel vil kun bli brukt i henhold til v\u00e5r personvernerkl\u00e6ring.<\/p><p>Mels by Melissa skal gj\u00f8re alt for \u00e5 beskytte systemene mot enhver form for ulovlig bruk. Mels by Melissa skal iverksette egnede tekniske og organisatoriske tiltak for dette form\u00e5l, idet det blant annet tas hensyn til den nyeste teknikken. Det skal imidlertid ikke holdes ansvarlig for noe tap, direkte og \/ eller indirekte, p\u00e5f\u00f8rt en bruker av nettstedet, som oppst\u00e5r som et resultat av ulovlig bruk av systemene fra en tredjepart.<\/p><p>Mels by Melissa tar ikke ansvar for innhold fra nettsteder der en hyperlink eller annen referanse er gjort. Betingelser og forhold rundt Produkter og tjenester tilbudt av tredjeparts-akt\u00f8rer er utelukkende den aktuelle tredjeparts-akt\u00f8rens ansvar.<\/p><p>Alle immaterielle rettigheter til innhold p\u00e5 dette nettstedet er innhentet Mels by Melissa.<\/p><p>Kopiering, spredning eller en hvilken som helst annen bruk av materiale er ikke tillatt uten skriftlig tillatelse fra Mels by Melissa, unntatt, og bare i det omfang som ellers er fastsatt ved bestemmelser i lov og forskrifter (slik som retten til \u00e5 sitere), med mindre det aktuelle innholdet har bestemmelser om noe annet.<\/p><p>Dersom du har sp\u00f8rsm\u00e5l eller problemer med tilgjengeligheten p\u00e5 dette nettstedet, vennligst kontakt oss.<\/p><\/div>\n","protected":false},"excerpt":{"rendered":"<p>VIKTIG: MELS er ikke under noen omstendighet ansvarlig for kj\u00f8p av v\u00e5re produkter i forhold til lovene og forskriftene som gjelder i destinasjonslandet. Markedsf\u00f8ring av CBD er tillatt i henhold til EU-lovgivningen. Vi oppfordrer deg imidlertid til \u00e5 sette deg inn i gjeldende regelverk for ditt land f\u00f8r du bestiller produkter. Takk. Informasjonen du finner&#8230;<\/p>\n","protected":false},"author":1,"featured_media":0,"parent":0,"menu_order":0,"comment_status":"closed","ping_status":"closed","template":"","meta":{"_kad_blocks_custom_css":"","_kad_blocks_head_custom_js":"","_kad_blocks_body_custom_js":"","_kad_blocks_footer_custom_js":"","_kad_post_transparent":"","_kad_post_title":"","_kad_post_layout":"","_kad_post_sidebar_id":"","_kad_post_content_style":"","_kad_post_vertical_padding":"","_kad_post_feature":"","_kad_post_feature_position":"","_kad_post_header":false,"_kad_post_footer":false,"_kad_post_classname":"","footnotes":""},"class_list":["post-18115","page","type-page","status-publish","hentry"],"taxonomy_info":[],"featured_image_src_large":false,"author_info":{"display_name":"igrafic","author_link":"https:\/\/melseurope.com\/no\/author\/igrafic"},"comment_info":0,"_links":{"self":[{"href":"https:\/\/melseurope.com\/no\/wp-json\/wp\/v2\/pages\/18115","targetHints":{"allow":["GET"]}}],"collection":[{"href":"https:\/\/melseurope.com\/no\/wp-json\/wp\/v2\/pages"}],"about":[{"href":"https:\/\/melseurope.com\/no\/wp-json\/wp\/v2\/types\/page"}],"author":[{"embeddable":true,"href":"https:\/\/melseurope.com\/no\/wp-json\/wp\/v2\/users\/1"}],"replies":[{"embeddable":true,"href":"https:\/\/melseurope.com\/no\/wp-json\/wp\/v2\/comments?post=18115"}],"version-history":[{"count":0,"href":"https:\/\/melseurope.com\/no\/wp-json\/wp\/v2\/pages\/18115\/revisions"}],"wp:attachment":[{"href":"https:\/\/melseurope.com\/no\/wp-json\/wp\/v2\/media?parent=18115"}],"curies":[{"name":"wp","href":"https:\/\/api.w.org\/{rel}","templated":true}]}}