{"id":27463,"date":"2023-06-05T16:53:59","date_gmt":"2023-06-05T14:53:59","guid":{"rendered":"https:\/\/melsbymelissa.com\/?page_id=27463"},"modified":"2025-03-22T13:05:44","modified_gmt":"2025-03-22T12:05:44","slug":"nyhetsbrev","status":"publish","type":"page","link":"https:\/\/melseurope.com\/no\/nyhetsbrev","title":{"rendered":"Meld deg p\u00e5 nyhetsbrevet"},"content":{"rendered":"<style>.kb-row-layout-id27463_de1603-123 > .kt-row-column-wrap{align-content:start;}:where(.kb-row-layout-id27463_de1603-123 > .kt-row-column-wrap) > .wp-block-kadence-column{justify-content:start;}.kb-row-layout-id27463_de1603-123 > .kt-row-column-wrap{column-gap:var(--global-kb-gap-md, 2rem);row-gap:var(--global-kb-gap-md, 2rem);max-width:650px;margin-left:auto;margin-right:auto;padding-top:0px;padding-bottom:var(--global-kb-spacing-sm, 1.5rem);grid-template-columns:minmax(0, 1fr);}.kb-row-layout-id27463_de1603-123 > .kt-row-layout-overlay{opacity:0.30;}@media all and (max-width: 1024px){.kb-row-layout-id27463_de1603-123 > .kt-row-column-wrap{grid-template-columns:minmax(0, 1fr);}}@media all and (max-width: 767px){.kb-row-layout-id27463_de1603-123 > .kt-row-column-wrap{grid-template-columns:minmax(0, 1fr);}}<\/style><div class=\"kb-row-layout-wrap kb-row-layout-id27463_de1603-123 alignnone wp-block-kadence-rowlayout\"><div class=\"kt-row-column-wrap kt-has-2-columns kt-row-layout-row kt-tab-layout-inherit kt-mobile-layout-row kt-row-valign-top\">\n<style>.kadence-column27463_1f8569-bb1 > .kt-inside-inner-col,.kadence-column27463_1f8569-bb1 > .kt-inside-inner-col:before{border-top-left-radius:0px;border-top-right-radius:0px;border-bottom-right-radius:0px;border-bottom-left-radius:0px;}.kadence-column27463_1f8569-bb1 > .kt-inside-inner-col{column-gap:var(--global-kb-gap-sm, 1rem);}.kadence-column27463_1f8569-bb1 > .kt-inside-inner-col{flex-direction:column;}.kadence-column27463_1f8569-bb1 > .kt-inside-inner-col > .aligncenter{width:100%;}.kadence-column27463_1f8569-bb1 > .kt-inside-inner-col:before{opacity:0.3;}.kadence-column27463_1f8569-bb1{position:relative;}@media all and (max-width: 1024px){.kadence-column27463_1f8569-bb1 > .kt-inside-inner-col{flex-direction:column;justify-content:center;}}@media all and (max-width: 767px){.kadence-column27463_1f8569-bb1 > .kt-inside-inner-col{flex-direction:column;justify-content:center;}}<\/style>\n<div class=\"wp-block-kadence-column kadence-column27463_1f8569-bb1\"><div class=\"kt-inside-inner-col\">\n<p><strong>Meld deg p\u00e5 nyhetsbrevet for \u00e5 motta nyttig informasjon, og bli opplyst om p\u00e5g\u00e5ende kampanjer og rabatter.<\/strong><\/p>\n<\/div><\/div>\n\n\n<style>.kadence-column27463_498ef1-422 > .kt-inside-inner-col{padding-top:0px;}.kadence-column27463_498ef1-422 > .kt-inside-inner-col,.kadence-column27463_498ef1-422 > .kt-inside-inner-col:before{border-top-left-radius:0px;border-top-right-radius:0px;border-bottom-right-radius:0px;border-bottom-left-radius:0px;}.kadence-column27463_498ef1-422 > .kt-inside-inner-col{column-gap:var(--global-kb-gap-sm, 1rem);}.kadence-column27463_498ef1-422 > .kt-inside-inner-col{flex-direction:column;}.kadence-column27463_498ef1-422 > .kt-inside-inner-col > .aligncenter{width:100%;}.kadence-column27463_498ef1-422 > .kt-inside-inner-col:before{opacity:0.3;}.kadence-column27463_498ef1-422{position:relative;}@media all and (max-width: 1024px){.kadence-column27463_498ef1-422 > .kt-inside-inner-col{flex-direction:column;justify-content:center;}}@media all and (max-width: 767px){.kadence-column27463_498ef1-422 > .kt-inside-inner-col{flex-direction:column;justify-content:center;}}<\/style>\n<div class=\"wp-block-kadence-column kadence-column27463_498ef1-422\"><div class=\"kt-inside-inner-col\"><\/div><\/div>\n\n<\/div><\/div>","protected":false},"excerpt":{"rendered":"<p>Meld deg p\u00e5 nyhetsbrevet for \u00e5 motta nyttig informasjon, og bli opplyst om p\u00e5g\u00e5ende kampanjer og rabatter.<\/p>\n","protected":false},"author":1,"featured_media":0,"parent":0,"menu_order":0,"comment_status":"closed","ping_status":"closed","template":"","meta":{"_kad_blocks_custom_css":"","_kad_blocks_head_custom_js":"","_kad_blocks_body_custom_js":"","_kad_blocks_footer_custom_js":"","_kad_post_transparent":"","_kad_post_title":"","_kad_post_layout":"narrow","_kad_post_sidebar_id":"","_kad_post_content_style":"","_kad_post_vertical_padding":"","_kad_post_feature":"","_kad_post_feature_position":"","_kad_post_header":false,"_kad_post_footer":false,"_kad_post_classname":"","footnotes":""},"class_list":["post-27463","page","type-page","status-publish","hentry"],"taxonomy_info":[],"featured_image_src_large":false,"author_info":{"display_name":"igrafic","author_link":"https:\/\/melseurope.com\/no\/author\/igrafic"},"comment_info":0,"_links":{"self":[{"href":"https:\/\/melseurope.com\/no\/wp-json\/wp\/v2\/pages\/27463","targetHints":{"allow":["GET"]}}],"collection":[{"href":"https:\/\/melseurope.com\/no\/wp-json\/wp\/v2\/pages"}],"about":[{"href":"https:\/\/melseurope.com\/no\/wp-json\/wp\/v2\/types\/page"}],"author":[{"embeddable":true,"href":"https:\/\/melseurope.com\/no\/wp-json\/wp\/v2\/users\/1"}],"replies":[{"embeddable":true,"href":"https:\/\/melseurope.com\/no\/wp-json\/wp\/v2\/comments?post=27463"}],"version-history":[{"count":0,"href":"https:\/\/melseurope.com\/no\/wp-json\/wp\/v2\/pages\/27463\/revisions"}],"wp:attachment":[{"href":"https:\/\/melseurope.com\/no\/wp-json\/wp\/v2\/media?parent=27463"}],"curies":[{"name":"wp","href":"https:\/\/api.w.org\/{rel}","templated":true}]}}