{"id":17171,"date":"2022-04-04T15:58:26","date_gmt":"2022-04-04T13:58:26","guid":{"rendered":"http:\/\/melsbymelissa.com\/?post_type=product&#038;p=17171"},"modified":"2026-03-12T10:41:50","modified_gmt":"2026-03-12T09:41:50","slug":"four-strain-cbd-oil-15","status":"publish","type":"product","link":"https:\/\/melseurope.com\/no\/produkt\/four-strain-cbd-oil-15","title":{"rendered":"FOUR STRAIN CBG-CBC-CBD OIL 15%"},"content":{"rendered":"\t\t<div data-elementor-type=\"wp-post\" data-elementor-id=\"17171\" class=\"elementor elementor-17171\" data-elementor-post-type=\"product\">\n\t\t\t\t\t\t<section class=\"elementor-section elementor-top-section elementor-element elementor-element-3b2d7cb elementor-section-full_width elementor-section-stretched elementor-section-height-default elementor-section-height-default\" data-id=\"3b2d7cb\" data-element_type=\"section\" data-e-type=\"section\" data-settings=\"{&quot;stretch_section&quot;:&quot;section-stretched&quot;,&quot;background_background&quot;:&quot;classic&quot;}\">\n\t\t\t\t\t\t<div class=\"elementor-container elementor-column-gap-default\">\n\t\t\t\t\t<div class=\"elementor-column elementor-col-100 elementor-top-column elementor-element elementor-element-ce8b516\" data-id=\"ce8b516\" data-element_type=\"column\" data-e-type=\"column\">\n\t\t\t<div class=\"elementor-widget-wrap elementor-element-populated\">\n\t\t\t\t\t\t<div class=\"elementor-element elementor-element-ece9eb6 elementor-icon-list--layout-inline elementor-align-center elementor-mobile-align-start elementor-list-item-link-full_width elementor-widget elementor-widget-icon-list\" data-id=\"ece9eb6\" data-element_type=\"widget\" data-e-type=\"widget\" data-widget_type=\"icon-list.default\">\n\t\t\t\t<div class=\"elementor-widget-container\">\n\t\t\t\t\t\t\t<ul class=\"elementor-icon-list-items elementor-inline-items\">\n\t\t\t\t\t\t\t<li class=\"elementor-icon-list-item elementor-inline-item\">\n\t\t\t\t\t\t\t\t\t\t\t<span class=\"elementor-icon-list-icon\">\n\t\t\t\t\t\t\t<i aria-hidden=\"true\" class=\"scie_icons scie_icons-dropper\"><\/i>\t\t\t\t\t\t<\/span>\n\t\t\t\t\t\t\t\t\t\t<span class=\"elementor-icon-list-text\">10g \/ \u00b1200 dr\u00e5per per flaske<\/span>\n\t\t\t\t\t\t\t\t\t<\/li>\n\t\t\t\t\t\t\t\t<li class=\"elementor-icon-list-item elementor-inline-item\">\n\t\t\t\t\t\t\t\t\t\t\t<span class=\"elementor-icon-list-icon\">\n\t\t\t\t\t\t\t<i aria-hidden=\"true\" class=\"science_solid science_solid-cbd-molecule-2\"><\/i>\t\t\t\t\t\t<\/span>\n\t\t\t\t\t\t\t\t\t\t<span class=\"elementor-icon-list-text\">1 dr\u00e5pe inneholder:<br>4,5mg CBG \/ 0,5mg CBC \/ 2,5mg CBD<\/span>\n\t\t\t\t\t\t\t\t\t<\/li>\n\t\t\t\t\t\t\t\t<li class=\"elementor-icon-list-item elementor-inline-item\">\n\t\t\t\t\t\t\t\t\t\t\t<span class=\"elementor-icon-list-icon\">\n\t\t\t\t\t\t\t<i aria-hidden=\"true\" class=\"spec_icons spec_icons-full-spectrum\"><\/i>\t\t\t\t\t\t<\/span>\n\t\t\t\t\t\t\t\t\t\t<span class=\"elementor-icon-list-text\">Fullspektret<\/span>\n\t\t\t\t\t\t\t\t\t<\/li>\n\t\t\t\t\t\t\t\t<li class=\"elementor-icon-list-item elementor-inline-item\">\n\t\t\t\t\t\t\t\t\t\t\t<span class=\"elementor-icon-list-icon\">\n\t\t\t\t\t\t\t<i aria-hidden=\"true\" class=\"scie_icons scie_icons-drop-ripple\"><\/i>\t\t\t\t\t\t<\/span>\n\t\t\t\t\t\t\t\t\t\t<span class=\"elementor-icon-list-text\">Med MCT-olje<br>Peppermyntesmak<\/span>\n\t\t\t\t\t\t\t\t\t<\/li>\n\t\t\t\t\t\t<\/ul>\n\t\t\t\t\t\t<\/div>\n\t\t\t\t<\/div>\n\t\t\t\t\t<\/div>\n\t\t<\/div>\n\t\t\t\t\t<\/div>\n\t\t<\/section>\n\t\t\t\t<section class=\"elementor-section elementor-top-section elementor-element elementor-element-722136b elementor-section-boxed elementor-section-height-default elementor-section-height-default\" data-id=\"722136b\" data-element_type=\"section\" data-e-type=\"section\">\n\t\t\t\t\t\t<div class=\"elementor-container elementor-column-gap-default\">\n\t\t\t\t\t<div class=\"elementor-column elementor-col-100 elementor-top-column elementor-element elementor-element-b01ad4b\" data-id=\"b01ad4b\" data-element_type=\"column\" data-e-type=\"column\">\n\t\t\t<div class=\"elementor-widget-wrap elementor-element-populated\">\n\t\t\t\t\t\t<div class=\"elementor-element elementor-element-480f9dc elementor-widget elementor-widget-spacer\" data-id=\"480f9dc\" data-element_type=\"widget\" data-e-type=\"widget\" data-widget_type=\"spacer.default\">\n\t\t\t\t<div class=\"elementor-widget-container\">\n\t\t\t\t\t\t\t<div class=\"elementor-spacer\">\n\t\t\t<div class=\"elementor-spacer-inner\"><\/div>\n\t\t<\/div>\n\t\t\t\t\t\t<\/div>\n\t\t\t\t<\/div>\n\t\t\t\t<div class=\"elementor-element elementor-element-ab68904 elementor-widget elementor-widget-text-editor\" data-id=\"ab68904\" data-element_type=\"widget\" data-e-type=\"widget\" data-widget_type=\"text-editor.default\">\n\t\t\t\t<div class=\"elementor-widget-container\">\n\t\t\t\t\t\t\t\t\t<h5>VERDEN F\u00d8RSTE NEVROBESKYTTENDE CBG+CBC+CBD-OLJE<\/h5><p><strong>Trenger du hjelp til \u00e5 redusere angst og stress?<\/strong><br \/><strong>Har du behov for \u00e5 holde deg skarp og fokusert?<\/strong><br \/><strong>Er ikke hukommelsen hva den en gang var?<\/strong><\/p><p>La MELS FOUR STRAIN bidra til \u00e5 opprettholde og forbedre hjernefunksjonen din og regenerere konsentrasjonen og hukommelsen.<\/p><p>MELS FOUR STRAIN\u00a0er utviklet fra FIRE n\u00f8ye utvalgte og unike sorter av cannabisplanten. Den gir et h\u00f8yt niv\u00e5 av CBG, CBC og CBD og firedobler mengden medisinske stoffer som fungerer synergisk sammen for \u00e5 beskytte og forbedre helsen til hjernen din.<\/p><p>\u00d8kologisk, fri for GMO, plantevernmidler og giftige kjemikalier.<br \/>Testet av et uavhengig laboratorium (tredjepart) for renhet, styrke og effekt.<br \/>CO<sub>2<\/sub>-ekstrahert for \u00e5 bevare alle egenskapene.<\/p>\t\t\t\t\t\t\t\t<\/div>\n\t\t\t\t<\/div>\n\t\t\t\t\t<\/div>\n\t\t<\/div>\n\t\t\t\t\t<\/div>\n\t\t<\/section>\n\t\t\t\t<section class=\"elementor-section elementor-top-section elementor-element elementor-element-bb5a35c elementor-section-boxed elementor-section-height-default elementor-section-height-default\" data-id=\"bb5a35c\" data-element_type=\"section\" data-e-type=\"section\">\n\t\t\t\t\t\t<div class=\"elementor-container elementor-column-gap-default\">\n\t\t\t\t\t<div class=\"elementor-column elementor-col-100 elementor-top-column elementor-element elementor-element-a831730\" data-id=\"a831730\" data-element_type=\"column\" data-e-type=\"column\">\n\t\t\t<div class=\"elementor-widget-wrap elementor-element-populated\">\n\t\t\t\t\t\t<div class=\"elementor-element elementor-element-1a9c4d9 elementor-widget-divider--view-line elementor-widget elementor-widget-divider\" data-id=\"1a9c4d9\" data-element_type=\"widget\" data-e-type=\"widget\" data-widget_type=\"divider.default\">\n\t\t\t\t<div class=\"elementor-widget-container\">\n\t\t\t\t\t\t\t<div class=\"elementor-divider\">\n\t\t\t<span class=\"elementor-divider-separator\">\n\t\t\t\t\t\t<\/span>\n\t\t<\/div>\n\t\t\t\t\t\t<\/div>\n\t\t\t\t<\/div>\n\t\t\t\t\t<\/div>\n\t\t<\/div>\n\t\t\t\t\t<\/div>\n\t\t<\/section>\n\t\t\t\t<section class=\"elementor-section elementor-top-section elementor-element elementor-element-3eb7b32 elementor-section-boxed elementor-section-height-default elementor-section-height-default\" data-id=\"3eb7b32\" data-element_type=\"section\" data-e-type=\"section\">\n\t\t\t\t\t\t<div class=\"elementor-container elementor-column-gap-default\">\n\t\t\t\t\t<div class=\"elementor-column elementor-col-33 elementor-top-column elementor-element elementor-element-9db7ca8\" data-id=\"9db7ca8\" data-element_type=\"column\" data-e-type=\"column\">\n\t\t\t<div class=\"elementor-widget-wrap elementor-element-populated\">\n\t\t\t\t\t\t<div class=\"elementor-element elementor-element-ec08020 elementor-widget elementor-widget-heading\" data-id=\"ec08020\" data-element_type=\"widget\" data-e-type=\"widget\" data-widget_type=\"heading.default\">\n\t\t\t\t<div class=\"elementor-widget-container\">\n\t\t\t\t\t<h5 class=\"elementor-heading-title elementor-size-medium\">Ingredienser<\/h5>\t\t\t\t<\/div>\n\t\t\t\t<\/div>\n\t\t\t\t\t<\/div>\n\t\t<\/div>\n\t\t\t\t<div class=\"elementor-column elementor-col-66 elementor-top-column elementor-element elementor-element-ce9b48d\" data-id=\"ce9b48d\" data-element_type=\"column\" data-e-type=\"column\">\n\t\t\t<div class=\"elementor-widget-wrap elementor-element-populated\">\n\t\t\t\t\t\t<div class=\"elementor-element elementor-element-f78e41d elementor-widget elementor-widget-text-editor\" data-id=\"f78e41d\" data-element_type=\"widget\" data-e-type=\"widget\" data-widget_type=\"text-editor.default\">\n\t\t\t\t<div class=\"elementor-widget-container\">\n\t\t\t\t\t\t\t\t\t<p>CBG 900mg (9%), CBC 100mg (1%), CBD 500mg (5%) fullspektrede cannabinoider<\/p><p>\u00d8kologisk hampekstrakt 4g<\/p><p>MCT 6g<\/p><p>THC &lt; 0,2% \u00a0(sporstoffer)<\/p><p>Peppermyntesmak<\/p><p><a href=\"https:\/\/melseurope.com\/wp-content\/uploads\/2022\/08\/Four_Strain_15.pdf\" target=\"_blank\" rel=\"noopener\">Klikk for \u00e5 laste ned testresultater fra uavhengig laboratorium<\/a><\/p>\t\t\t\t\t\t\t\t<\/div>\n\t\t\t\t<\/div>\n\t\t\t\t\t<\/div>\n\t\t<\/div>\n\t\t\t\t\t<\/div>\n\t\t<\/section>\n\t\t\t\t<section class=\"elementor-section elementor-top-section elementor-element elementor-element-98add33 elementor-section-boxed elementor-section-height-default elementor-section-height-default\" data-id=\"98add33\" data-element_type=\"section\" data-e-type=\"section\">\n\t\t\t\t\t\t<div class=\"elementor-container elementor-column-gap-default\">\n\t\t\t\t\t<div class=\"elementor-column elementor-col-100 elementor-top-column elementor-element elementor-element-c7d046f\" data-id=\"c7d046f\" data-element_type=\"column\" data-e-type=\"column\">\n\t\t\t<div class=\"elementor-widget-wrap elementor-element-populated\">\n\t\t\t\t\t\t<div class=\"elementor-element elementor-element-a392d3f elementor-widget-divider--view-line elementor-widget elementor-widget-divider\" data-id=\"a392d3f\" data-element_type=\"widget\" data-e-type=\"widget\" data-widget_type=\"divider.default\">\n\t\t\t\t<div class=\"elementor-widget-container\">\n\t\t\t\t\t\t\t<div class=\"elementor-divider\">\n\t\t\t<span class=\"elementor-divider-separator\">\n\t\t\t\t\t\t<\/span>\n\t\t<\/div>\n\t\t\t\t\t\t<\/div>\n\t\t\t\t<\/div>\n\t\t\t\t\t<\/div>\n\t\t<\/div>\n\t\t\t\t\t<\/div>\n\t\t<\/section>\n\t\t\t\t<section class=\"elementor-section elementor-top-section elementor-element elementor-element-834f82e elementor-section-boxed elementor-section-height-default elementor-section-height-default\" data-id=\"834f82e\" data-element_type=\"section\" data-e-type=\"section\">\n\t\t\t\t\t\t<div class=\"elementor-container elementor-column-gap-default\">\n\t\t\t\t\t<div class=\"elementor-column elementor-col-33 elementor-top-column elementor-element elementor-element-a5570d3\" data-id=\"a5570d3\" data-element_type=\"column\" data-e-type=\"column\">\n\t\t\t<div class=\"elementor-widget-wrap elementor-element-populated\">\n\t\t\t\t\t\t<div class=\"elementor-element elementor-element-eaa0b19 elementor-widget elementor-widget-heading\" data-id=\"eaa0b19\" data-element_type=\"widget\" data-e-type=\"widget\" data-widget_type=\"heading.default\">\n\t\t\t\t<div class=\"elementor-widget-container\">\n\t\t\t\t\t<h5 class=\"elementor-heading-title elementor-size-medium\">Beskrivelse<\/h5>\t\t\t\t<\/div>\n\t\t\t\t<\/div>\n\t\t\t\t\t<\/div>\n\t\t<\/div>\n\t\t\t\t<div class=\"elementor-column elementor-col-66 elementor-top-column elementor-element elementor-element-2004d6d\" data-id=\"2004d6d\" data-element_type=\"column\" data-e-type=\"column\">\n\t\t\t<div class=\"elementor-widget-wrap elementor-element-populated\">\n\t\t\t\t\t\t<div class=\"elementor-element elementor-element-56c2ff3 elementor-widget elementor-widget-text-editor\" data-id=\"56c2ff3\" data-element_type=\"widget\" data-e-type=\"widget\" data-widget_type=\"text-editor.default\">\n\t\t\t\t<div class=\"elementor-widget-container\">\n\t\t\t\t\t\t\t\t\t<p>MELS FOUR STRAIN 15% CBG\/CBC\/CBD-olje er vitenskapelig utviklet fra 4 forskjellige typer cannabisplanter, for \u00e5 skape en sv\u00e6rt effektiv og ren CBD-olje. Cannabisplantene har hver sine unike egenskaper for \u00e5 gi v\u00e5re oljer en synergistisk og flerdimensjonal effekt (Entourage Effect*).<\/p>\n<p>Kunder rapporterer at det har hjulpet dem med \u00e5 redusere angst og stress, holder seg mer fokusert og mer klartenkt.<\/p>\n<p>MELS FOUR STRAIN er&nbsp;en organisk r\u00e5olje. Den ekstraheres ved hjelp av superkritisk CO<sub>2 <\/sub>(karbondioksidutvinning), blandet med MCT-olje for bedre absorpsjon og inneholder voks, terpener, flavonoider og hele spekteret av cannabinoider. Til sist er den tilsatt peppermyngeekstrakt da CBG spesielt har en veldig sterk smak.<\/p>\n<p>Ekstraktet gjennomg\u00e5r ingen avvoksings- eller oppvarmingsprosess, og i tillegg til CBD og CBDa har den et h\u00f8yt niv\u00e5 av CBG og CBC. Den naturlige CO<sub>2<\/sub>-ekstraksjonsprosessen fjerner det meste av klorofyllet, noe som resulterer i en m\u00f8rk farge, tykk konsistens og en intens og naturlig ettersmak av hamp.<\/p>\n<p>Oljen produseres fra avlinger h\u00f8stet i samsvar med tradisjonell praksis for dyrking av urter p\u00e5 en sertifisert \u00f8kologisk g\u00e5rd, og har blitt vitenskapelig utviklet av v\u00e5rt forskningsteam med kjemikere og hampb\u00f8nder for \u00e5 levere en kraftig, effektiv olje for \u00e5 forbedre helsen din, energien din og hjelpe deg med \u00e5 takle hverdagens fysiske stress.<\/p>\n<p>MELS CBD-oljer framstilles bare fra blomster av beste kvalitet h\u00f8stet fra opptil fem forskjellige sorter av Cannabis-planten. Hver sort er n\u00f8ye utviklet av v\u00e5re talentfulle kultivat\u00f8rer for sine egne unike egenskaper. Plantene v\u00e5re blir dyrket utend\u00f8rs i naturlig lys og pleiet p\u00e5 en b\u00e6rekraftig m\u00e5te uten bruk av plantevernmidler, ugressmidler eller kjemisk gj\u00f8dsel p\u00e5 v\u00e5r bortgjemte g\u00e5rd i det vakre franske landskapet. Det er et prinsipp i v\u00e5r grunnleggende filosofi \u00e5 beskytte milj\u00f8et og ikke tilf\u00f8re noe annet enn den naturlige kraften som ligger i selve planten.<\/p>\n<p>Vi overv\u00e5ker kvaliteten p\u00e5 produktene ved hjelp av High Performance Liquid Chromatography, HPLC-metoden. Vi analyserer tilstedev\u00e6relsen av cannabinoider, tungmetaller, plantevernmidler og aflatoksin.<\/p>\n<p>V\u00e5r kj\u00e6rlig pleiede avling av fullt modne planter h\u00f8stes bare en gang i \u00e5ret for \u00e5 tillate at hele dybden og kompleksiteten til de gunstige medisinske forbindelsene f\u00e5r utviklet seg fullstendig. Vi benytter de samme gamle prinsippene som har blitt brukt av tradisjonelle urtemedisinere gjennom \u00e5rhundrer, og h\u00f8ster v\u00e5re planter de tre dagene umiddelbart f\u00f8r og under en fullm\u00e5ne. P\u00e5 denne m\u00e5ten oppn\u00e5r vi den idelle sammensetningen av de helsebringende bestanddelene i denne fantastiske planten.<\/p>\n<p>Vi er forpliktet til v\u00e5rt konsept med kontinuerlig forbedring, og vi gjennomg\u00e5r og oppgraderer stadig v\u00e5re prosesser, praksis og plantevalg for \u00e5 sikre at ingenting annet enn den fineste \u00f8kologiske og b\u00e6rekraftige CBD-olje forlater fabrikken v\u00e5r.<\/p>\n<p>Plantene v\u00e5re tilbringer lengre tid i solen, oljene v\u00e5re tar lengre tid \u00e5 produsere og vi bruker mange flere timer p\u00e5 forskning og utvikling enn det som kreves for \u00e5 produsere en rekke andre vanlige CBD-oljer.<\/p>\n<p>Framstillingen av MELS CBD-oljer kan ikke forhastes. V\u00e5re produkter er godt hevet over alminnelige standardoljer og er vel verdt hvert eneste gram ekstra innsats, kj\u00e6rlighet og omtanke vi gir dem.<\/p>\t\t\t\t\t\t\t\t<\/div>\n\t\t\t\t<\/div>\n\t\t\t\t\t<\/div>\n\t\t<\/div>\n\t\t\t\t\t<\/div>\n\t\t<\/section>\n\t\t\t\t<section class=\"elementor-section elementor-top-section elementor-element elementor-element-0d679a3 elementor-section-boxed elementor-section-height-default elementor-section-height-default\" data-id=\"0d679a3\" data-element_type=\"section\" data-e-type=\"section\">\n\t\t\t\t\t\t<div class=\"elementor-container elementor-column-gap-default\">\n\t\t\t\t\t<div class=\"elementor-column elementor-col-100 elementor-top-column elementor-element elementor-element-ffbb5a4\" data-id=\"ffbb5a4\" data-element_type=\"column\" data-e-type=\"column\">\n\t\t\t<div class=\"elementor-widget-wrap elementor-element-populated\">\n\t\t\t\t\t\t<div class=\"elementor-element elementor-element-d212124 elementor-widget-divider--view-line elementor-widget elementor-widget-divider\" data-id=\"d212124\" data-element_type=\"widget\" data-e-type=\"widget\" data-widget_type=\"divider.default\">\n\t\t\t\t<div class=\"elementor-widget-container\">\n\t\t\t\t\t\t\t<div class=\"elementor-divider\">\n\t\t\t<span class=\"elementor-divider-separator\">\n\t\t\t\t\t\t<\/span>\n\t\t<\/div>\n\t\t\t\t\t\t<\/div>\n\t\t\t\t<\/div>\n\t\t\t\t\t<\/div>\n\t\t<\/div>\n\t\t\t\t\t<\/div>\n\t\t<\/section>\n\t\t\t\t<section class=\"elementor-section elementor-top-section elementor-element elementor-element-8815d52 elementor-section-boxed elementor-section-height-default elementor-section-height-default\" data-id=\"8815d52\" data-element_type=\"section\" data-e-type=\"section\">\n\t\t\t\t\t\t<div class=\"elementor-container elementor-column-gap-default\">\n\t\t\t\t\t<div class=\"elementor-column elementor-col-33 elementor-top-column elementor-element elementor-element-af37f3d\" data-id=\"af37f3d\" data-element_type=\"column\" data-e-type=\"column\">\n\t\t\t<div class=\"elementor-widget-wrap elementor-element-populated\">\n\t\t\t\t\t\t<div class=\"elementor-element elementor-element-e07acd8 elementor-widget elementor-widget-heading\" data-id=\"e07acd8\" data-element_type=\"widget\" data-e-type=\"widget\" data-widget_type=\"heading.default\">\n\t\t\t\t<div class=\"elementor-widget-container\">\n\t\t\t\t\t<h5 class=\"elementor-heading-title elementor-size-medium\">Annen informasjon<\/h5>\t\t\t\t<\/div>\n\t\t\t\t<\/div>\n\t\t\t\t\t<\/div>\n\t\t<\/div>\n\t\t\t\t<div class=\"elementor-column elementor-col-66 elementor-top-column elementor-element elementor-element-e2aa455\" data-id=\"e2aa455\" data-element_type=\"column\" data-e-type=\"column\">\n\t\t\t<div class=\"elementor-widget-wrap elementor-element-populated\">\n\t\t\t\t\t\t<div class=\"elementor-element elementor-element-0edfc41 elementor-widget elementor-widget-text-editor\" data-id=\"0edfc41\" data-element_type=\"widget\" data-e-type=\"widget\" data-widget_type=\"text-editor.default\">\n\t\t\t\t<div class=\"elementor-widget-container\">\n\t\t\t\t\t\t\t\t\t<p>\u00d8kologisk, fri for GMO, plantevernmidler og giftige kjemikalier.<br \/>Testet av et uavhengig laboratorium (tredjepart) for renhet, styrke og effekt.<br \/>CO<sub>2<\/sub>-ekstrahert for \u00e5 bevare alle egenskapene.<\/p><p>Kjennetegn: M\u00f8rk farge med naturlig smak av hamp, tilsatt peppermynte.<\/p><p>Kan brukes av veganere.<\/p><p>Oppbevaring: Under 25 grader Celsius. Unng\u00e5 direkte sollys.<\/p><p>Bruk: Vennligst g\u00e5 til siden <a href=\"https:\/\/melseurope.com\/no\/hvordan-ta-vare-oljer\">Hvordan ta v\u00e5re oljer<\/a> for \u00e5 se instruksjonsvideoene.<\/p>\t\t\t\t\t\t\t\t<\/div>\n\t\t\t\t<\/div>\n\t\t\t\t\t<\/div>\n\t\t<\/div>\n\t\t\t\t\t<\/div>\n\t\t<\/section>\n\t\t\t\t<section class=\"elementor-section elementor-top-section elementor-element elementor-element-58aebdb elementor-section-boxed elementor-section-height-default elementor-section-height-default\" data-id=\"58aebdb\" data-element_type=\"section\" data-e-type=\"section\">\n\t\t\t\t\t\t<div class=\"elementor-container elementor-column-gap-default\">\n\t\t\t\t\t<div class=\"elementor-column elementor-col-100 elementor-top-column elementor-element elementor-element-7c44389\" data-id=\"7c44389\" data-element_type=\"column\" data-e-type=\"column\">\n\t\t\t<div class=\"elementor-widget-wrap elementor-element-populated\">\n\t\t\t\t\t\t<div class=\"elementor-element elementor-element-fcb12db elementor-widget-divider--view-line elementor-widget elementor-widget-divider\" data-id=\"fcb12db\" data-element_type=\"widget\" data-e-type=\"widget\" data-widget_type=\"divider.default\">\n\t\t\t\t<div class=\"elementor-widget-container\">\n\t\t\t\t\t\t\t<div class=\"elementor-divider\">\n\t\t\t<span class=\"elementor-divider-separator\">\n\t\t\t\t\t\t<\/span>\n\t\t<\/div>\n\t\t\t\t\t\t<\/div>\n\t\t\t\t<\/div>\n\t\t\t\t\t<\/div>\n\t\t<\/div>\n\t\t\t\t\t<\/div>\n\t\t<\/section>\n\t\t\t\t<section class=\"elementor-section elementor-top-section elementor-element elementor-element-d0b98b2 elementor-section-boxed elementor-section-height-default elementor-section-height-default\" data-id=\"d0b98b2\" data-element_type=\"section\" data-e-type=\"section\">\n\t\t\t\t\t\t<div class=\"elementor-container elementor-column-gap-default\">\n\t\t\t\t\t<div class=\"elementor-column elementor-col-33 elementor-top-column elementor-element elementor-element-986cbdc\" data-id=\"986cbdc\" data-element_type=\"column\" data-e-type=\"column\">\n\t\t\t<div class=\"elementor-widget-wrap elementor-element-populated\">\n\t\t\t\t\t\t<div class=\"elementor-element elementor-element-84f2a99 elementor-widget elementor-widget-heading\" data-id=\"84f2a99\" data-element_type=\"widget\" data-e-type=\"widget\" data-widget_type=\"heading.default\">\n\t\t\t\t<div class=\"elementor-widget-container\">\n\t\t\t\t\t<h5 class=\"elementor-heading-title elementor-size-medium\">Ansvarfraskrivelse<\/h5>\t\t\t\t<\/div>\n\t\t\t\t<\/div>\n\t\t\t\t\t<\/div>\n\t\t<\/div>\n\t\t\t\t<div class=\"elementor-column elementor-col-66 elementor-top-column elementor-element elementor-element-e7b8c7f\" data-id=\"e7b8c7f\" data-element_type=\"column\" data-e-type=\"column\">\n\t\t\t<div class=\"elementor-widget-wrap elementor-element-populated\">\n\t\t\t\t\t\t<div class=\"elementor-element elementor-element-c2f89d4 elementor-widget elementor-widget-text-editor\" data-id=\"c2f89d4\" data-element_type=\"widget\" data-e-type=\"widget\" data-widget_type=\"text-editor.default\">\n\t\t\t\t<div class=\"elementor-widget-container\">\n\t\t\t\t\t\t\t\t\t<p>CBD kan ikke brukes som erstatning for et variert kosthold. For \u00e5 opprettholde en god helse, b\u00f8r du f\u00f8lge et variert kosthold og lede en sunn livsstil.<\/p><p>Skal ikke gis til barn under 12 \u00e5r, til gravide eller ammende m\u00f8dre. CBD b\u00f8r ikke brukes samtidig med antidepressiva [SSRI, SNRIer, MAO-hemmere], antivirale legemidler ved HIV\/AIDS-infeksjon eller som en del av behandlingen etter organtransplantasjon.<\/p>\t\t\t\t\t\t\t\t<\/div>\n\t\t\t\t<\/div>\n\t\t\t\t\t<\/div>\n\t\t<\/div>\n\t\t\t\t\t<\/div>\n\t\t<\/section>\n\t\t\t\t<section class=\"elementor-section elementor-top-section elementor-element elementor-element-df554d8 elementor-section-boxed elementor-section-height-default elementor-section-height-default\" data-id=\"df554d8\" data-element_type=\"section\" data-e-type=\"section\">\n\t\t\t\t\t\t<div class=\"elementor-container elementor-column-gap-default\">\n\t\t\t\t\t<div class=\"elementor-column elementor-col-100 elementor-top-column elementor-element elementor-element-947cfd3\" data-id=\"947cfd3\" data-element_type=\"column\" data-e-type=\"column\">\n\t\t\t<div class=\"elementor-widget-wrap elementor-element-populated\">\n\t\t\t\t\t\t<div class=\"elementor-element elementor-element-7f46e66 elementor-widget-divider--view-line elementor-widget elementor-widget-divider\" data-id=\"7f46e66\" data-element_type=\"widget\" data-e-type=\"widget\" data-widget_type=\"divider.default\">\n\t\t\t\t<div class=\"elementor-widget-container\">\n\t\t\t\t\t\t\t<div class=\"elementor-divider\">\n\t\t\t<span class=\"elementor-divider-separator\">\n\t\t\t\t\t\t<\/span>\n\t\t<\/div>\n\t\t\t\t\t\t<\/div>\n\t\t\t\t<\/div>\n\t\t\t\t\t<\/div>\n\t\t<\/div>\n\t\t\t\t\t<\/div>\n\t\t<\/section>\n\t\t\t\t<\/div>\n\t\t","protected":false},"excerpt":{"rendered":"<p><strong>Fullspektret 15% CBG+CBC+CBD-olje\u00a0<\/strong><strong>med \u00f8kologisk MCT og peppermynte framstilt av \u00f8kologisk dyrket hamp i Europa, CO<sub>2<\/sub>-utvunnet.<\/strong><\/p>\n<p><strong>1 dr\u00e5pe inneholder 4.5mg CBG, 0.5mg CBC og 2.5mg CBD.<\/strong><\/p>\n","protected":false},"featured_media":28804,"comment_status":"open","ping_status":"closed","template":"elementor_theme","meta":{"_kad_blocks_custom_css":"","_kad_blocks_head_custom_js":"","_kad_blocks_body_custom_js":"","_kad_blocks_footer_custom_js":"","_kad_post_transparent":"default","_kad_post_title":"","_kad_post_layout":"default","_kad_post_sidebar_id":"","_kad_post_content_style":"default","_kad_post_vertical_padding":"default","_kad_post_feature":"","_kad_post_feature_position":"","_kad_post_header":false,"_kad_post_footer":false,"_kad_post_classname":""},"product_brand":[],"product_cat":[30],"product_tag":[293,304,370,628,371],"class_list":{"0":"post-17171","1":"product","2":"type-product","3":"status-publish","4":"has-post-thumbnail","6":"product_cat-four-strain","7":"product_tag-cbd","8":"product_tag-cbd-olje","9":"product_tag-kjaeledyr","10":"product_tag-norsk","11":"product_tag-pets","12":"product_shipping_class-light","14":"first","15":"instock","16":"shipping-taxable","17":"purchasable","18":"product-type-simple","19":"entry","20":"content-bg","21":"loop-entry"},"taxonomy_info":{"product_cat":[{"value":30,"label":"FOUR STRAIN CBD-olje"}],"product_tag":[{"value":293,"label":"cbd"},{"value":304,"label":"cbd-olje"},{"value":370,"label":"kj\u00e6ledyr"},{"value":628,"label":"norsk"},{"value":371,"label":"pets"}]},"featured_image_src_large":["https:\/\/melseurope.com\/wp-content\/uploads\/2022\/04\/FOUR-STRAIN-box-and-Bottle-1024x1024.png",1024,1024,true],"author_info":[],"comment_info":8,"_links":{"self":[{"href":"https:\/\/melseurope.com\/no\/wp-json\/wp\/v2\/product\/17171","targetHints":{"allow":["GET"]}}],"collection":[{"href":"https:\/\/melseurope.com\/no\/wp-json\/wp\/v2\/product"}],"about":[{"href":"https:\/\/melseurope.com\/no\/wp-json\/wp\/v2\/types\/product"}],"replies":[{"embeddable":true,"href":"https:\/\/melseurope.com\/no\/wp-json\/wp\/v2\/comments?post=17171"}],"version-history":[{"count":1,"href":"https:\/\/melseurope.com\/no\/wp-json\/wp\/v2\/product\/17171\/revisions"}],"predecessor-version":[{"id":35195,"href":"https:\/\/melseurope.com\/no\/wp-json\/wp\/v2\/product\/17171\/revisions\/35195"}],"wp:featuredmedia":[{"embeddable":true,"href":"https:\/\/melseurope.com\/no\/wp-json\/wp\/v2\/media\/28804"}],"wp:attachment":[{"href":"https:\/\/melseurope.com\/no\/wp-json\/wp\/v2\/media?parent=17171"}],"wp:term":[{"taxonomy":"product_brand","embeddable":true,"href":"https:\/\/melseurope.com\/no\/wp-json\/wp\/v2\/product_brand?post=17171"},{"taxonomy":"product_cat","embeddable":true,"href":"https:\/\/melseurope.com\/no\/wp-json\/wp\/v2\/product_cat?post=17171"},{"taxonomy":"product_tag","embeddable":true,"href":"https:\/\/melseurope.com\/no\/wp-json\/wp\/v2\/product_tag?post=17171"}],"curies":[{"name":"wp","href":"https:\/\/api.w.org\/{rel}","templated":true}]}}