{"id":17471,"date":"2022-04-08T13:46:15","date_gmt":"2022-04-08T11:46:15","guid":{"rendered":"http:\/\/melsbymelissa.com\/?post_type=product&#038;p=17471"},"modified":"2026-03-18T17:04:08","modified_gmt":"2026-03-18T16:04:08","slug":"pets-cbd-drops-10","status":"publish","type":"product","link":"https:\/\/melseurope.com\/no\/produkt\/pets-cbd-drops-10","title":{"rendered":"PETS CBD Drops 10%"},"content":{"rendered":"\t\t<div data-elementor-type=\"wp-post\" data-elementor-id=\"17471\" class=\"elementor elementor-17471\" data-elementor-post-type=\"product\">\n\t\t\t\t\t\t<section class=\"elementor-section elementor-top-section elementor-element elementor-element-3b2d7cb elementor-section-full_width elementor-section-stretched elementor-section-height-default elementor-section-height-default\" data-id=\"3b2d7cb\" data-element_type=\"section\" data-e-type=\"section\" data-settings=\"{&quot;stretch_section&quot;:&quot;section-stretched&quot;,&quot;background_background&quot;:&quot;classic&quot;}\">\n\t\t\t\t\t\t<div class=\"elementor-container elementor-column-gap-default\">\n\t\t\t\t\t<div class=\"elementor-column elementor-col-100 elementor-top-column elementor-element elementor-element-ce8b516\" data-id=\"ce8b516\" data-element_type=\"column\" data-e-type=\"column\">\n\t\t\t<div class=\"elementor-widget-wrap elementor-element-populated\">\n\t\t\t\t\t\t<div class=\"elementor-element elementor-element-ece9eb6 elementor-icon-list--layout-inline elementor-align-center elementor-mobile-align-start elementor-list-item-link-full_width elementor-widget elementor-widget-icon-list\" data-id=\"ece9eb6\" data-element_type=\"widget\" data-e-type=\"widget\" data-widget_type=\"icon-list.default\">\n\t\t\t\t<div class=\"elementor-widget-container\">\n\t\t\t\t\t\t\t<ul class=\"elementor-icon-list-items elementor-inline-items\">\n\t\t\t\t\t\t\t<li class=\"elementor-icon-list-item elementor-inline-item\">\n\t\t\t\t\t\t\t\t\t\t\t<span class=\"elementor-icon-list-icon\">\n\t\t\t\t\t\t\t<i aria-hidden=\"true\" class=\"scie_icons scie_icons-dropper\"><\/i>\t\t\t\t\t\t<\/span>\n\t\t\t\t\t\t\t\t\t\t<span class=\"elementor-icon-list-text\">10g \/ \u00b1200 dr\u00e5per per flaske<\/span>\n\t\t\t\t\t\t\t\t\t<\/li>\n\t\t\t\t\t\t\t\t<li class=\"elementor-icon-list-item elementor-inline-item\">\n\t\t\t\t\t\t\t\t\t\t\t<span class=\"elementor-icon-list-icon\">\n\t\t\t\t\t\t\t<i aria-hidden=\"true\" class=\"science_solid science_solid-cbd-molecule-2\"><\/i>\t\t\t\t\t\t<\/span>\n\t\t\t\t\t\t\t\t\t\t<span class=\"elementor-icon-list-text\">1 dr\u00e5pe inneholder 5mg CBD<\/span>\n\t\t\t\t\t\t\t\t\t<\/li>\n\t\t\t\t\t\t\t\t<li class=\"elementor-icon-list-item elementor-inline-item\">\n\t\t\t\t\t\t\t\t\t\t\t<span class=\"elementor-icon-list-icon\">\n\t\t\t\t\t\t\t<i aria-hidden=\"true\" class=\"spec_icons spec_icons-broad-spectrum\"><\/i>\t\t\t\t\t\t<\/span>\n\t\t\t\t\t\t\t\t\t\t<span class=\"elementor-icon-list-text\">Bredspektret, 0% THC<\/span>\n\t\t\t\t\t\t\t\t\t<\/li>\n\t\t\t\t\t\t\t\t<li class=\"elementor-icon-list-item elementor-inline-item\">\n\t\t\t\t\t\t\t\t\t\t\t<span class=\"elementor-icon-list-icon\">\n\t\t\t\t\t\t\t<svg aria-hidden=\"true\" class=\"e-font-icon-svg e-fas-fish\" viewBox=\"0 0 576 512\" xmlns=\"http:\/\/www.w3.org\/2000\/svg\"><path d=\"M327.1 96c-89.97 0-168.54 54.77-212.27 101.63L27.5 131.58c-12.13-9.18-30.24.6-27.14 14.66L24.54 256 .35 365.77c-3.1 14.06 15.01 23.83 27.14 14.66l87.33-66.05C158.55 361.23 237.13 416 327.1 416 464.56 416 576 288 576 256S464.56 96 327.1 96zm87.43 184c-13.25 0-24-10.75-24-24 0-13.26 10.75-24 24-24 13.26 0 24 10.74 24 24 0 13.25-10.75 24-24 24z\"><\/path><\/svg>\t\t\t\t\t\t<\/span>\n\t\t\t\t\t\t\t\t\t\t<span class=\"elementor-icon-list-text\">Med fiskeolje<\/span>\n\t\t\t\t\t\t\t\t\t<\/li>\n\t\t\t\t\t\t<\/ul>\n\t\t\t\t\t\t<\/div>\n\t\t\t\t<\/div>\n\t\t\t\t\t<\/div>\n\t\t<\/div>\n\t\t\t\t\t<\/div>\n\t\t<\/section>\n\t\t\t\t<section class=\"elementor-section elementor-top-section elementor-element elementor-element-3c21cb5 elementor-section-boxed elementor-section-height-default elementor-section-height-default\" data-id=\"3c21cb5\" data-element_type=\"section\" data-e-type=\"section\">\n\t\t\t\t\t\t<div class=\"elementor-container elementor-column-gap-default\">\n\t\t\t\t\t<div class=\"elementor-column elementor-col-100 elementor-top-column elementor-element elementor-element-e5b3e62\" data-id=\"e5b3e62\" data-element_type=\"column\" data-e-type=\"column\">\n\t\t\t<div class=\"elementor-widget-wrap elementor-element-populated\">\n\t\t\t\t\t\t<div class=\"elementor-element elementor-element-81070ef elementor-widget elementor-widget-spacer\" data-id=\"81070ef\" data-element_type=\"widget\" data-e-type=\"widget\" data-widget_type=\"spacer.default\">\n\t\t\t\t<div class=\"elementor-widget-container\">\n\t\t\t\t\t\t\t<div class=\"elementor-spacer\">\n\t\t\t<div class=\"elementor-spacer-inner\"><\/div>\n\t\t<\/div>\n\t\t\t\t\t\t<\/div>\n\t\t\t\t<\/div>\n\t\t\t\t<div class=\"elementor-element elementor-element-af87a76 elementor-widget elementor-widget-text-editor\" data-id=\"af87a76\" data-element_type=\"widget\" data-e-type=\"widget\" data-widget_type=\"text-editor.default\">\n\t\t\t\t<div class=\"elementor-widget-container\">\n\t\t\t\t\t\t\t\t\t<h4>CBD for katter, hunder og v\u00e5re andre firbente venner<\/h4><p>Mels PETS CBD Drops har blitt vitenskapelig utviklet og spesialformulert med to forskjellige typer cannabis, for \u00e5 lette smerter og lidelser, fremme helse, gjenopprette vitalitet og\/eller hjelpe dyr med \u00e5 komme seg etter traumer eller operasjoner (CBD-dr\u00e5pene v\u00e5re kan ogs\u00e5 gis som et hjelpemiddel i behandlingen av atferdsproblemer).<\/p><p>Dr\u00e5pene inneholder CBD\/CBDa, men 0% THC\u00a0og er ikke-psykoaktive. Vi har blandet de med fiskeolje som er en velsmakende og n\u00e6ringsrik kilde til Omega 3 som kj\u00e6ledyrene dine vil elske.<\/p><p>Mels PETS CBD Drops er utvunnet fra 100% \u00f8kologisk dyrkede og h\u00f8stede hampplanter, og er fri for GMO, plantevernmidler og giftige kjemikalier. Testet av et uavhengig laboratorium (tredjepart) for renhet, styrke og effekt.<\/p>\t\t\t\t\t\t\t\t<\/div>\n\t\t\t\t<\/div>\n\t\t\t\t\t<\/div>\n\t\t<\/div>\n\t\t\t\t\t<\/div>\n\t\t<\/section>\n\t\t\t\t<section class=\"elementor-section elementor-top-section elementor-element elementor-element-98add33 elementor-section-boxed elementor-section-height-default elementor-section-height-default\" data-id=\"98add33\" data-element_type=\"section\" data-e-type=\"section\">\n\t\t\t\t\t\t<div class=\"elementor-container elementor-column-gap-default\">\n\t\t\t\t\t<div class=\"elementor-column elementor-col-100 elementor-top-column elementor-element elementor-element-c7d046f\" data-id=\"c7d046f\" data-element_type=\"column\" data-e-type=\"column\">\n\t\t\t<div class=\"elementor-widget-wrap elementor-element-populated\">\n\t\t\t\t\t\t<div class=\"elementor-element elementor-element-a392d3f elementor-widget-divider--view-line elementor-widget elementor-widget-divider\" data-id=\"a392d3f\" data-element_type=\"widget\" data-e-type=\"widget\" data-widget_type=\"divider.default\">\n\t\t\t\t<div class=\"elementor-widget-container\">\n\t\t\t\t\t\t\t<div class=\"elementor-divider\">\n\t\t\t<span class=\"elementor-divider-separator\">\n\t\t\t\t\t\t<\/span>\n\t\t<\/div>\n\t\t\t\t\t\t<\/div>\n\t\t\t\t<\/div>\n\t\t\t\t\t<\/div>\n\t\t<\/div>\n\t\t\t\t\t<\/div>\n\t\t<\/section>\n\t\t\t\t<section class=\"elementor-section elementor-top-section elementor-element elementor-element-3eb7b32 elementor-section-boxed elementor-section-height-default elementor-section-height-default\" data-id=\"3eb7b32\" data-element_type=\"section\" data-e-type=\"section\">\n\t\t\t\t\t\t<div class=\"elementor-container elementor-column-gap-default\">\n\t\t\t\t\t<div class=\"elementor-column elementor-col-33 elementor-top-column elementor-element elementor-element-9db7ca8\" data-id=\"9db7ca8\" data-element_type=\"column\" data-e-type=\"column\">\n\t\t\t<div class=\"elementor-widget-wrap elementor-element-populated\">\n\t\t\t\t\t\t<div class=\"elementor-element elementor-element-ec08020 elementor-widget elementor-widget-heading\" data-id=\"ec08020\" data-element_type=\"widget\" data-e-type=\"widget\" data-widget_type=\"heading.default\">\n\t\t\t\t<div class=\"elementor-widget-container\">\n\t\t\t\t\t<h5 class=\"elementor-heading-title elementor-size-medium\">Ingredienser<\/h5>\t\t\t\t<\/div>\n\t\t\t\t<\/div>\n\t\t\t\t\t<\/div>\n\t\t<\/div>\n\t\t\t\t<div class=\"elementor-column elementor-col-66 elementor-top-column elementor-element elementor-element-ce9b48d\" data-id=\"ce9b48d\" data-element_type=\"column\" data-e-type=\"column\">\n\t\t\t<div class=\"elementor-widget-wrap elementor-element-populated\">\n\t\t\t\t\t\t<div class=\"elementor-element elementor-element-f78e41d elementor-widget elementor-widget-text-editor\" data-id=\"f78e41d\" data-element_type=\"widget\" data-e-type=\"widget\" data-widget_type=\"text-editor.default\">\n\t\t\t\t<div class=\"elementor-widget-container\">\n\t\t\t\t\t\t\t\t\t<p>1000mg CBD, bredspektrede cannabinoider<\/p><p>\u00d8kologisk hampekstrakt 30%<\/p><p>Fiskeolje 70%<\/p><p>THC 0%<\/p><p><a href=\"https:\/\/melseurope.com\/wp-content\/uploads\/2022\/11\/pets_10.pdf\" target=\"_blank\" rel=\"noopener\">Klikk for \u00e5 laste ned testresultater fra uavhengig laboratorium<\/a><\/p>\t\t\t\t\t\t\t\t<\/div>\n\t\t\t\t<\/div>\n\t\t\t\t\t<\/div>\n\t\t<\/div>\n\t\t\t\t\t<\/div>\n\t\t<\/section>\n\t\t\t\t<section class=\"elementor-section elementor-top-section elementor-element elementor-element-4081a6a elementor-section-boxed elementor-section-height-default elementor-section-height-default\" data-id=\"4081a6a\" data-element_type=\"section\" data-e-type=\"section\">\n\t\t\t\t\t\t<div class=\"elementor-container elementor-column-gap-default\">\n\t\t\t\t\t<div class=\"elementor-column elementor-col-100 elementor-top-column elementor-element elementor-element-5fb6164\" data-id=\"5fb6164\" data-element_type=\"column\" data-e-type=\"column\">\n\t\t\t<div class=\"elementor-widget-wrap elementor-element-populated\">\n\t\t\t\t\t\t<div class=\"elementor-element elementor-element-8a11c6c elementor-widget-divider--view-line elementor-widget elementor-widget-divider\" data-id=\"8a11c6c\" data-element_type=\"widget\" data-e-type=\"widget\" data-widget_type=\"divider.default\">\n\t\t\t\t<div class=\"elementor-widget-container\">\n\t\t\t\t\t\t\t<div class=\"elementor-divider\">\n\t\t\t<span class=\"elementor-divider-separator\">\n\t\t\t\t\t\t<\/span>\n\t\t<\/div>\n\t\t\t\t\t\t<\/div>\n\t\t\t\t<\/div>\n\t\t\t\t\t<\/div>\n\t\t<\/div>\n\t\t\t\t\t<\/div>\n\t\t<\/section>\n\t\t\t\t<section class=\"elementor-section elementor-top-section elementor-element elementor-element-834f82e elementor-section-boxed elementor-section-height-default elementor-section-height-default\" data-id=\"834f82e\" data-element_type=\"section\" data-e-type=\"section\">\n\t\t\t\t\t\t<div class=\"elementor-container elementor-column-gap-default\">\n\t\t\t\t\t<div class=\"elementor-column elementor-col-33 elementor-top-column elementor-element elementor-element-a5570d3\" data-id=\"a5570d3\" data-element_type=\"column\" data-e-type=\"column\">\n\t\t\t<div class=\"elementor-widget-wrap elementor-element-populated\">\n\t\t\t\t\t\t<div class=\"elementor-element elementor-element-eaa0b19 elementor-widget elementor-widget-heading\" data-id=\"eaa0b19\" data-element_type=\"widget\" data-e-type=\"widget\" data-widget_type=\"heading.default\">\n\t\t\t\t<div class=\"elementor-widget-container\">\n\t\t\t\t\t<h5 class=\"elementor-heading-title elementor-size-medium\">Beskrivelse<\/h5>\t\t\t\t<\/div>\n\t\t\t\t<\/div>\n\t\t\t\t\t<\/div>\n\t\t<\/div>\n\t\t\t\t<div class=\"elementor-column elementor-col-66 elementor-top-column elementor-element elementor-element-2004d6d\" data-id=\"2004d6d\" data-element_type=\"column\" data-e-type=\"column\">\n\t\t\t<div class=\"elementor-widget-wrap elementor-element-populated\">\n\t\t\t\t\t\t<div class=\"elementor-element elementor-element-56c2ff3 elementor-widget elementor-widget-text-editor\" data-id=\"56c2ff3\" data-element_type=\"widget\" data-e-type=\"widget\" data-widget_type=\"text-editor.default\">\n\t\t\t\t<div class=\"elementor-widget-container\">\n\t\t\t\t\t\t\t\t\t<p>Mels PETS 10% bredspektrede CBD-olje for hunder og katter har blitt vitenskapelig utviklet og spesielt formulert for kj\u00e6ledyret ditt for \u00e5 lindre smerte og lidelse, fremme god generell helse, gjenopprette vitalitet, hjelpe med leddsmerter, leddgikt, angst, stress, s\u00f8vn, stimulere appetitt og ford\u00f8yelse, styrke bein, \u00f8ke immunforsvaret og hjelpe dyr \u00e5 komme seg etter traumer eller kirurgi. (V\u00e5re CBD-dr\u00e5per kan ogs\u00e5 brukes som et hjelpemiddel i behandlingen av atferdsproblemer).<\/p>\n<p>Mels PETS CBD-dr\u00e5per er utvunnet fra 100%&nbsp;dyrkede og h\u00f8stede hampplanter dyrket naturlig utend\u00f8rs i det vakre franske landskapet. V\u00e5re CBD-oljer produseres uten plantevernmidler og l\u00f8sningsmidler, og ekstraheres ved hjelp av toppmoderne CO<sub>2<\/sub>-ekstraksjonsmetoder for \u00e5 sikre den beste og reneste oljen.<\/p>\n<p>V\u00e5r CBD-olje for kj\u00e6ledyr er laget fra hampdestillat og dekarboksylert i produksjonsprosessen. Som et resultat inneholder den ingen former for syre, men leverer&nbsp; &nbsp;likevel en synergisk effekt ved \u00e5 kombinere hele spekteret av cannabinoider som en bredspektret CBD-olje.<\/p>\n<p>Vi overv\u00e5ker kvaliteten p\u00e5 produktene ved hjelp av High Performance Liquid Chromatography, HPLC-metoden. Vi analyserer tilstedev\u00e6relsen av cannabinoider, tungmetaller, plantevernmidler og aflatoksin.<\/p>\n<p>\u00c5 gi kj\u00e6ledyret ditt sin daglige dose kunne ikke v\u00e6rt enklere: bruk pipetten til \u00e5 gi oljen direkte i dyrets munn eller drypp den p\u00e5 mat eller godbiter og la dyrets ford\u00f8yelse ta seg av resten!<\/p>\n<p>Kvalitetssikring og kundetillit er en grunnleggende del av v\u00e5r filosofi, og Mels PETS CBD Drops blir regelmessig testet av uavhengige tredjepartslaboratorier.<\/p>\n<p>Vitenskapelige studier gjort de siste \u00e5rene har sammen den stadig \u00f8kende mengden av anekdotiske bevis gitt av dyreeiere, veterin\u00e6rer og andre dyrehelsespesialister, avsl\u00f8rt at CBD har antiinflammatoriske egenskaper som er effektive i behandlingen av en rekke plager, inkludert smerte (spesielt nevropatisk smerte), anfall, angst og tap av appetitt.<\/p>\n<p>I tillegg fant en studie gjort av Verdens helseorganisasjon publisert i 2018 at naturlig forekommende CBD er trygt, giftfritt og godt tolerert hos dyr. Studier p\u00e5g\u00e5r ved Colorado State University i USA for \u00e5 teste effekten av CBD som behandling for epilepsi hos hunder, ettersom farmas\u00f8ytiske l\u00f8sninger har vist seg ineffektive eller skadelige.<\/p>\n<h5>Hvordan fungerer det?<\/h5>\n<p>Anatomisk sett er hunder, katter og de fleste andre pattedyr \u2013 inkludert mennesker \u2013 like (vitenskapelig sett). Som hos oss, har endocannabinoid-systemet blitt identifisert hos v\u00e5re kj\u00e6ledyr. CBD trekkes til reseptorer, samhandler med nerve\/endocannabinoid-systemet og gir positive resultater for kj\u00e6ledyr i h\u00e5ndtering og reduksjon av smerte og symptomer knyttet til flere plager. CBD kan blant annet hjelpe med:<\/p>\n<ul>\n<li>Allergier<\/li>\n<li><span style=\"color: var(--global-palette4); font-family: var(--global-body-font-family);\">Angst<\/span><\/li>\n<li>Appetitt og ford\u00f8yelse<\/li>\n<li>Lindre \u00f8mme ledd \/ ved leddgikt<\/li>\n<li>Redusere angst, stress og atferdsmessige utfordringer<\/li>\n<li>Bedre s\u00f8vn<\/li>\n<li>Smertelindring etter traumer eller operasjoner<\/li>\n<li>Stimulere apetitten og bedre ford\u00f8yelsen<\/li>\n<li>\u00c5 styrke bein og fremskynde heling av beinbrudd<\/li>\n<li>\u00c5 styrke immunforsvaret for \u00e5 bedre generell helse<\/li>\n<li>Restitusjon fra sykdom eller kirurgi<\/li>\n<li>Bedre generell helse og velv\u00e6re<\/li>\n<\/ul>\t\t\t\t\t\t\t\t<\/div>\n\t\t\t\t<\/div>\n\t\t\t\t\t<\/div>\n\t\t<\/div>\n\t\t\t\t\t<\/div>\n\t\t<\/section>\n\t\t\t\t<section class=\"elementor-section elementor-top-section elementor-element elementor-element-0d679a3 elementor-section-boxed elementor-section-height-default elementor-section-height-default\" data-id=\"0d679a3\" data-element_type=\"section\" data-e-type=\"section\">\n\t\t\t\t\t\t<div class=\"elementor-container elementor-column-gap-default\">\n\t\t\t\t\t<div class=\"elementor-column elementor-col-100 elementor-top-column elementor-element elementor-element-ffbb5a4\" data-id=\"ffbb5a4\" data-element_type=\"column\" data-e-type=\"column\">\n\t\t\t<div class=\"elementor-widget-wrap elementor-element-populated\">\n\t\t\t\t\t\t<div class=\"elementor-element elementor-element-d212124 elementor-widget-divider--view-line elementor-widget elementor-widget-divider\" data-id=\"d212124\" data-element_type=\"widget\" data-e-type=\"widget\" data-widget_type=\"divider.default\">\n\t\t\t\t<div class=\"elementor-widget-container\">\n\t\t\t\t\t\t\t<div class=\"elementor-divider\">\n\t\t\t<span class=\"elementor-divider-separator\">\n\t\t\t\t\t\t<\/span>\n\t\t<\/div>\n\t\t\t\t\t\t<\/div>\n\t\t\t\t<\/div>\n\t\t\t\t\t<\/div>\n\t\t<\/div>\n\t\t\t\t\t<\/div>\n\t\t<\/section>\n\t\t\t\t<section class=\"elementor-section elementor-top-section elementor-element elementor-element-8815d52 elementor-section-boxed elementor-section-height-default elementor-section-height-default\" data-id=\"8815d52\" data-element_type=\"section\" data-e-type=\"section\">\n\t\t\t\t\t\t<div class=\"elementor-container elementor-column-gap-default\">\n\t\t\t\t\t<div class=\"elementor-column elementor-col-33 elementor-top-column elementor-element elementor-element-af37f3d\" data-id=\"af37f3d\" data-element_type=\"column\" data-e-type=\"column\">\n\t\t\t<div class=\"elementor-widget-wrap elementor-element-populated\">\n\t\t\t\t\t\t<div class=\"elementor-element elementor-element-e07acd8 elementor-widget elementor-widget-heading\" data-id=\"e07acd8\" data-element_type=\"widget\" data-e-type=\"widget\" data-widget_type=\"heading.default\">\n\t\t\t\t<div class=\"elementor-widget-container\">\n\t\t\t\t\t<h5 class=\"elementor-heading-title elementor-size-medium\">Annen informasjon<\/h5>\t\t\t\t<\/div>\n\t\t\t\t<\/div>\n\t\t\t\t\t<\/div>\n\t\t<\/div>\n\t\t\t\t<div class=\"elementor-column elementor-col-66 elementor-top-column elementor-element elementor-element-e2aa455\" data-id=\"e2aa455\" data-element_type=\"column\" data-e-type=\"column\">\n\t\t\t<div class=\"elementor-widget-wrap elementor-element-populated\">\n\t\t\t\t\t\t<div class=\"elementor-element elementor-element-0edfc41 elementor-widget elementor-widget-text-editor\" data-id=\"0edfc41\" data-element_type=\"widget\" data-e-type=\"widget\" data-widget_type=\"text-editor.default\">\n\t\t\t\t<div class=\"elementor-widget-container\">\n\t\t\t\t\t\t\t\t\t<p>\u00d8kologisk, fri for GMO, plantevernmidler og giftige kjemikalier.<br \/>Testet av et uavhengig laboratorium (tredjepart) for renhet, styrke og effekt.<br \/>CO<sub>2<\/sub>-ekstrahert for \u00e5 bevare alle egenskapene.<\/p><p>Kjennetegn: Blekgul farge med fiskesmak.<\/p><p>Oppbevaring: Under 25 grader Celsius. Unng\u00e5 direkte sollys.<\/p>\t\t\t\t\t\t\t\t<\/div>\n\t\t\t\t<\/div>\n\t\t\t\t\t<\/div>\n\t\t<\/div>\n\t\t\t\t\t<\/div>\n\t\t<\/section>\n\t\t\t\t<section class=\"elementor-section elementor-top-section elementor-element elementor-element-58aebdb elementor-section-boxed elementor-section-height-default elementor-section-height-default\" data-id=\"58aebdb\" data-element_type=\"section\" data-e-type=\"section\">\n\t\t\t\t\t\t<div class=\"elementor-container elementor-column-gap-default\">\n\t\t\t\t\t<div class=\"elementor-column elementor-col-100 elementor-top-column elementor-element elementor-element-7c44389\" data-id=\"7c44389\" data-element_type=\"column\" data-e-type=\"column\">\n\t\t\t<div class=\"elementor-widget-wrap elementor-element-populated\">\n\t\t\t\t\t\t<div class=\"elementor-element elementor-element-fcb12db elementor-widget-divider--view-line elementor-widget elementor-widget-divider\" data-id=\"fcb12db\" data-element_type=\"widget\" data-e-type=\"widget\" data-widget_type=\"divider.default\">\n\t\t\t\t<div class=\"elementor-widget-container\">\n\t\t\t\t\t\t\t<div class=\"elementor-divider\">\n\t\t\t<span class=\"elementor-divider-separator\">\n\t\t\t\t\t\t<\/span>\n\t\t<\/div>\n\t\t\t\t\t\t<\/div>\n\t\t\t\t<\/div>\n\t\t\t\t\t<\/div>\n\t\t<\/div>\n\t\t\t\t\t<\/div>\n\t\t<\/section>\n\t\t\t\t<section class=\"elementor-section elementor-top-section elementor-element elementor-element-d0b98b2 elementor-section-boxed elementor-section-height-default elementor-section-height-default\" data-id=\"d0b98b2\" data-element_type=\"section\" data-e-type=\"section\">\n\t\t\t\t\t\t<div class=\"elementor-container elementor-column-gap-default\">\n\t\t\t\t\t<div class=\"elementor-column elementor-col-33 elementor-top-column elementor-element elementor-element-986cbdc\" data-id=\"986cbdc\" data-element_type=\"column\" data-e-type=\"column\">\n\t\t\t<div class=\"elementor-widget-wrap elementor-element-populated\">\n\t\t\t\t\t\t<div class=\"elementor-element elementor-element-84f2a99 elementor-widget elementor-widget-heading\" data-id=\"84f2a99\" data-element_type=\"widget\" data-e-type=\"widget\" data-widget_type=\"heading.default\">\n\t\t\t\t<div class=\"elementor-widget-container\">\n\t\t\t\t\t<h5 class=\"elementor-heading-title elementor-size-medium\">Ansvarfraskrivelse<\/h5>\t\t\t\t<\/div>\n\t\t\t\t<\/div>\n\t\t\t\t\t<\/div>\n\t\t<\/div>\n\t\t\t\t<div class=\"elementor-column elementor-col-66 elementor-top-column elementor-element elementor-element-e7b8c7f\" data-id=\"e7b8c7f\" data-element_type=\"column\" data-e-type=\"column\">\n\t\t\t<div class=\"elementor-widget-wrap elementor-element-populated\">\n\t\t\t\t\t\t<div class=\"elementor-element elementor-element-c2f89d4 elementor-widget elementor-widget-text-editor\" data-id=\"c2f89d4\" data-element_type=\"widget\" data-e-type=\"widget\" data-widget_type=\"text-editor.default\">\n\t\t\t\t<div class=\"elementor-widget-container\">\n\t\t\t\t\t\t\t\t\t<p>Mels PETS CBD Drops er spesielt utviklet og kun ment for kj\u00e6ledyr. CBD kan ikke brukes som erstatning for et sundt og variert kosthold.<br><\/p>\t\t\t\t\t\t\t\t<\/div>\n\t\t\t\t<\/div>\n\t\t\t\t\t<\/div>\n\t\t<\/div>\n\t\t\t\t\t<\/div>\n\t\t<\/section>\n\t\t\t\t<section class=\"elementor-section elementor-top-section elementor-element elementor-element-a0efc8e elementor-section-boxed elementor-section-height-default elementor-section-height-default\" data-id=\"a0efc8e\" data-element_type=\"section\" data-e-type=\"section\">\n\t\t\t\t\t\t<div class=\"elementor-container elementor-column-gap-default\">\n\t\t\t\t\t<div class=\"elementor-column elementor-col-100 elementor-top-column elementor-element elementor-element-9b3172c\" data-id=\"9b3172c\" data-element_type=\"column\" data-e-type=\"column\">\n\t\t\t<div class=\"elementor-widget-wrap elementor-element-populated\">\n\t\t\t\t\t\t<div class=\"elementor-element elementor-element-e2d593b elementor-widget-divider--view-line elementor-widget elementor-widget-divider\" data-id=\"e2d593b\" data-element_type=\"widget\" data-e-type=\"widget\" data-widget_type=\"divider.default\">\n\t\t\t\t<div class=\"elementor-widget-container\">\n\t\t\t\t\t\t\t<div class=\"elementor-divider\">\n\t\t\t<span class=\"elementor-divider-separator\">\n\t\t\t\t\t\t<\/span>\n\t\t<\/div>\n\t\t\t\t\t\t<\/div>\n\t\t\t\t<\/div>\n\t\t\t\t\t<\/div>\n\t\t<\/div>\n\t\t\t\t\t<\/div>\n\t\t<\/section>\n\t\t\t\t<\/div>\n\t\t","protected":false},"excerpt":{"rendered":"<p><strong>Bredspektret 10% CBD-olje med fiskeolje for kj\u00e6ledyr. Framstilt av \u00f8kologisk dyrket hamp i Europa, CO<sub>2<\/sub>-utvunnet. UTEN THC.<\/strong><\/p>\n<p><strong>Anbefalt for kj\u00e6ledyr som veier 20-40 Kg.<\/strong><\/p>\n<ul>\n<li><span class=\"\"><strong>Opp til 10Kg:<\/strong>\u00a0MELS PETS 2% CBD Drops<\/span><\/li>\n<li><strong>10Kg\u00a0<span class=\"\">til<\/span>\u00a020Kg:<\/strong>\u00a0MELS PETS 5% CBD Drops<\/li>\n<li><strong>20Kg\u00a0<span class=\"\">til<\/span>\u00a040Kg:<\/strong>\u00a0MELS PETS 10% CBD Drops<\/li>\n<li><strong>Over 40Kg:<\/strong>\u00a0MELS PETS 20% CBD Drops<\/li>\n<\/ul>\n<p><em>Dette produktet er vitenskapelig utviklet og spesielt laget kun for kj\u00e6ledyr.<\/em><\/p>\n","protected":false},"featured_media":22821,"comment_status":"open","ping_status":"closed","template":"elementor_theme","meta":{"_kad_blocks_custom_css":"","_kad_blocks_head_custom_js":"","_kad_blocks_body_custom_js":"","_kad_blocks_footer_custom_js":"","_kad_post_transparent":"default","_kad_post_title":"","_kad_post_layout":"default","_kad_post_sidebar_id":"","_kad_post_content_style":"default","_kad_post_vertical_padding":"default","_kad_post_feature":"","_kad_post_feature_position":"","_kad_post_header":false,"_kad_post_footer":false,"_kad_post_classname":""},"product_brand":[],"product_cat":[841],"product_tag":[293,304,370,628,371],"class_list":{"0":"post-17471","1":"product","2":"type-product","3":"status-publish","4":"has-post-thumbnail","6":"product_cat-dyr-no","7":"product_tag-cbd","8":"product_tag-cbd-olje","9":"product_tag-kjaeledyr","10":"product_tag-norsk","11":"product_tag-pets","12":"product_shipping_class-light","14":"first","15":"instock","16":"shipping-taxable","17":"purchasable","18":"product-type-simple","19":"entry","20":"content-bg","21":"loop-entry"},"taxonomy_info":{"product_cat":[{"value":841,"label":"Dyr"}],"product_tag":[{"value":293,"label":"cbd"},{"value":304,"label":"cbd-olje"},{"value":370,"label":"kj\u00e6ledyr"},{"value":628,"label":"norsk"},{"value":371,"label":"pets"}]},"featured_image_src_large":["https:\/\/melseurope.com\/wp-content\/uploads\/2022\/04\/PETS-10-product-1-1024x1024.png",1024,1024,true],"author_info":[],"comment_info":6,"_links":{"self":[{"href":"https:\/\/melseurope.com\/no\/wp-json\/wp\/v2\/product\/17471","targetHints":{"allow":["GET"]}}],"collection":[{"href":"https:\/\/melseurope.com\/no\/wp-json\/wp\/v2\/product"}],"about":[{"href":"https:\/\/melseurope.com\/no\/wp-json\/wp\/v2\/types\/product"}],"replies":[{"embeddable":true,"href":"https:\/\/melseurope.com\/no\/wp-json\/wp\/v2\/comments?post=17471"}],"version-history":[{"count":1,"href":"https:\/\/melseurope.com\/no\/wp-json\/wp\/v2\/product\/17471\/revisions"}],"predecessor-version":[{"id":35242,"href":"https:\/\/melseurope.com\/no\/wp-json\/wp\/v2\/product\/17471\/revisions\/35242"}],"wp:featuredmedia":[{"embeddable":true,"href":"https:\/\/melseurope.com\/no\/wp-json\/wp\/v2\/media\/22821"}],"wp:attachment":[{"href":"https:\/\/melseurope.com\/no\/wp-json\/wp\/v2\/media?parent=17471"}],"wp:term":[{"taxonomy":"product_brand","embeddable":true,"href":"https:\/\/melseurope.com\/no\/wp-json\/wp\/v2\/product_brand?post=17471"},{"taxonomy":"product_cat","embeddable":true,"href":"https:\/\/melseurope.com\/no\/wp-json\/wp\/v2\/product_cat?post=17471"},{"taxonomy":"product_tag","embeddable":true,"href":"https:\/\/melseurope.com\/no\/wp-json\/wp\/v2\/product_tag?post=17471"}],"curies":[{"name":"wp","href":"https:\/\/api.w.org\/{rel}","templated":true}]}}