{"id":18535,"date":"2022-04-19T15:51:29","date_gmt":"2022-04-19T13:51:29","guid":{"rendered":"https:\/\/melsbymelissa.com\/?post_type=product&#038;p=18535"},"modified":"2026-02-20T19:04:51","modified_gmt":"2026-02-20T18:04:51","slug":"cbd-capsules","status":"publish","type":"product","link":"https:\/\/melseurope.com\/no\/produkt\/cbd-capsules","title":{"rendered":"CBD CAPSULES"},"content":{"rendered":"\t\t<div data-elementor-type=\"wp-post\" data-elementor-id=\"18535\" class=\"elementor elementor-18535\" data-elementor-post-type=\"product\">\n\t\t\t\t\t\t<section class=\"elementor-section elementor-top-section elementor-element elementor-element-1c0906a elementor-section-full_width elementor-section-stretched elementor-section-height-default elementor-section-height-default\" data-id=\"1c0906a\" data-element_type=\"section\" data-e-type=\"section\" data-settings=\"{&quot;stretch_section&quot;:&quot;section-stretched&quot;,&quot;background_background&quot;:&quot;classic&quot;}\">\n\t\t\t\t\t\t<div class=\"elementor-container elementor-column-gap-default\">\n\t\t\t\t\t<div class=\"elementor-column elementor-col-100 elementor-top-column elementor-element elementor-element-85754c6\" data-id=\"85754c6\" data-element_type=\"column\" data-e-type=\"column\">\n\t\t\t<div class=\"elementor-widget-wrap elementor-element-populated\">\n\t\t\t\t\t\t<div class=\"elementor-element elementor-element-629dc9f elementor-icon-list--layout-inline elementor-align-center elementor-mobile-align-start elementor-list-item-link-full_width elementor-widget elementor-widget-icon-list\" data-id=\"629dc9f\" data-element_type=\"widget\" data-e-type=\"widget\" data-widget_type=\"icon-list.default\">\n\t\t\t\t<div class=\"elementor-widget-container\">\n\t\t\t\t\t\t\t<ul class=\"elementor-icon-list-items elementor-inline-items\">\n\t\t\t\t\t\t\t<li class=\"elementor-icon-list-item elementor-inline-item\">\n\t\t\t\t\t\t\t\t\t\t\t<span class=\"elementor-icon-list-icon\">\n\t\t\t\t\t\t\t<svg aria-hidden=\"true\" class=\"e-font-icon-svg e-fas-capsules\" viewBox=\"0 0 576 512\" xmlns=\"http:\/\/www.w3.org\/2000\/svg\"><path d=\"M555.3 300.1L424.2 112.8C401.9 81 366.4 64 330.4 64c-22.6 0-45.5 6.7-65.5 20.7-19.7 13.8-33.7 32.8-41.5 53.8C220.5 79.2 172 32 112 32 50.1 32 0 82.1 0 144v224c0 61.9 50.1 112 112 112s112-50.1 112-112V218.9c3.3 8.6 7.3 17.1 12.8 25L368 431.2c22.2 31.8 57.7 48.8 93.8 48.8 22.7 0 45.5-6.7 65.5-20.7 51.7-36.2 64.2-107.5 28-159.2zM160 256H64V144c0-26.5 21.5-48 48-48s48 21.5 48 48v112zm194.8 44.9l-65.6-93.7c-7.7-11-10.7-24.4-8.3-37.6 2.3-13.2 9.7-24.8 20.7-32.5 8.5-6 18.5-9.1 28.8-9.1 16.5 0 31.9 8 41.3 21.5l65.6 93.7-82.5 57.7z\"><\/path><\/svg>\t\t\t\t\t\t<\/span>\n\t\t\t\t\t\t\t\t\t\t<span class=\"elementor-icon-list-text\">30 kapsler<\/span>\n\t\t\t\t\t\t\t\t\t<\/li>\n\t\t\t\t\t\t\t\t<li class=\"elementor-icon-list-item elementor-inline-item\">\n\t\t\t\t\t\t\t\t\t\t\t<span class=\"elementor-icon-list-icon\">\n\t\t\t\t\t\t\t<i aria-hidden=\"true\" class=\"science_solid science_solid-cbd-molecule-2\"><\/i>\t\t\t\t\t\t<\/span>\n\t\t\t\t\t\t\t\t\t\t<span class=\"elementor-icon-list-text\">15mg CBD per kapsel<\/span>\n\t\t\t\t\t\t\t\t\t<\/li>\n\t\t\t\t\t\t\t\t<li class=\"elementor-icon-list-item elementor-inline-item\">\n\t\t\t\t\t\t\t\t\t\t\t<span class=\"elementor-icon-list-icon\">\n\t\t\t\t\t\t\t<svg aria-hidden=\"true\" class=\"e-font-icon-svg e-fas-cannabis\" viewBox=\"0 0 512 512\" xmlns=\"http:\/\/www.w3.org\/2000\/svg\"><path d=\"M503.47 360.25c-1.56-.82-32.39-16.89-76.78-25.81 64.25-75.12 84.05-161.67 84.93-165.64 1.18-5.33-.44-10.9-4.3-14.77-3.03-3.04-7.12-4.7-11.32-4.7-1.14 0-2.29.12-3.44.38-3.88.85-86.54 19.59-160.58 79.76.01-1.46.01-2.93.01-4.4 0-118.79-59.98-213.72-62.53-217.7A15.973 15.973 0 0 0 256 0c-5.45 0-10.53 2.78-13.47 7.37-2.55 3.98-62.53 98.91-62.53 217.7 0 1.47.01 2.94.01 4.4-74.03-60.16-156.69-78.9-160.58-79.76-1.14-.25-2.29-.38-3.44-.38-4.2 0-8.29 1.66-11.32 4.7A15.986 15.986 0 0 0 .38 168.8c.88 3.97 20.68 90.52 84.93 165.64-44.39 8.92-75.21 24.99-76.78 25.81a16.003 16.003 0 0 0-.02 28.29c2.45 1.29 60.76 31.72 133.49 31.72 6.14 0 11.96-.1 17.5-.31-11.37 22.23-16.52 38.31-16.81 39.22-1.8 5.68-.29 11.89 3.91 16.11a16.019 16.019 0 0 0 16.1 3.99c1.83-.57 37.72-11.99 77.3-39.29V504c0 4.42 3.58 8 8 8h16c4.42 0 8-3.58 8-8v-64.01c39.58 27.3 75.47 38.71 77.3 39.29a16.019 16.019 0 0 0 16.1-3.99c4.2-4.22 5.71-10.43 3.91-16.11-.29-.91-5.45-16.99-16.81-39.22 5.54.21 11.37.31 17.5.31 72.72 0 131.04-30.43 133.49-31.72 5.24-2.78 8.52-8.22 8.51-14.15-.01-5.94-3.29-11.39-8.53-14.15z\"><\/path><\/svg>\t\t\t\t\t\t<\/span>\n\t\t\t\t\t\t\t\t\t\t<span class=\"elementor-icon-list-text\">Fullspektret<\/span>\n\t\t\t\t\t\t\t\t\t<\/li>\n\t\t\t\t\t\t<\/ul>\n\t\t\t\t\t\t<\/div>\n\t\t\t\t<\/div>\n\t\t\t\t\t<\/div>\n\t\t<\/div>\n\t\t\t\t\t<\/div>\n\t\t<\/section>\n\t\t\t\t<section class=\"elementor-section elementor-top-section elementor-element elementor-element-8c45b7e elementor-section-boxed elementor-section-height-default elementor-section-height-default\" data-id=\"8c45b7e\" data-element_type=\"section\" data-e-type=\"section\">\n\t\t\t\t\t\t<div class=\"elementor-container elementor-column-gap-default\">\n\t\t\t\t\t<div class=\"elementor-column elementor-col-100 elementor-top-column elementor-element elementor-element-8205d5f\" data-id=\"8205d5f\" data-element_type=\"column\" data-e-type=\"column\">\n\t\t\t<div class=\"elementor-widget-wrap elementor-element-populated\">\n\t\t\t\t\t\t<div class=\"elementor-element elementor-element-e91eaa2 elementor-widget elementor-widget-spacer\" data-id=\"e91eaa2\" data-element_type=\"widget\" data-e-type=\"widget\" data-widget_type=\"spacer.default\">\n\t\t\t\t<div class=\"elementor-widget-container\">\n\t\t\t\t\t\t\t<div class=\"elementor-spacer\">\n\t\t\t<div class=\"elementor-spacer-inner\"><\/div>\n\t\t<\/div>\n\t\t\t\t\t\t<\/div>\n\t\t\t\t<\/div>\n\t\t\t\t<div class=\"elementor-element elementor-element-65d6b26 elementor-widget elementor-widget-text-editor\" data-id=\"65d6b26\" data-element_type=\"widget\" data-e-type=\"widget\" data-widget_type=\"text-editor.default\">\n\t\t\t\t<div class=\"elementor-widget-container\">\n\t\t\t\t\t\t\t\t\t<p>MELS CBD-kapsler inneholder kun 100% fullspektret, kvalitetssikret, \u00f8kologisk CBD og hamppollen (ogs\u00e5 kalt kief).\u00a0De er luktfrie, smakl\u00f8se, gelatinfrie og ikke-GMO.<\/p><p>Hver pakke inneholder 30 kapsler \u00e1 15mg per kapsel, noe som gj\u00f8r dette til det perfekte produktet for v\u00e5re kunder som foretrekker \u00e5 ta deres daglige CBD i en rask m\u00e5lt dose. Kapslene kan \u00e5pnes og has i smoothies, drikke, yoghurt o.l. Praktisk \u00e5 ha med p\u00e5 reise og for deg som ikke liker smaken av oljen.<\/p>\t\t\t\t\t\t\t\t<\/div>\n\t\t\t\t<\/div>\n\t\t\t\t\t<\/div>\n\t\t<\/div>\n\t\t\t\t\t<\/div>\n\t\t<\/section>\n\t\t\t\t<section class=\"elementor-section elementor-top-section elementor-element elementor-element-3eb7b32 elementor-section-boxed elementor-section-height-default elementor-section-height-default\" data-id=\"3eb7b32\" data-element_type=\"section\" data-e-type=\"section\">\n\t\t\t\t\t\t<div class=\"elementor-container elementor-column-gap-default\">\n\t\t\t\t\t<div class=\"elementor-column elementor-col-33 elementor-top-column elementor-element elementor-element-9db7ca8\" data-id=\"9db7ca8\" data-element_type=\"column\" data-e-type=\"column\">\n\t\t\t<div class=\"elementor-widget-wrap elementor-element-populated\">\n\t\t\t\t\t\t<div class=\"elementor-element elementor-element-ec08020 elementor-widget elementor-widget-heading\" data-id=\"ec08020\" data-element_type=\"widget\" data-e-type=\"widget\" data-widget_type=\"heading.default\">\n\t\t\t\t<div class=\"elementor-widget-container\">\n\t\t\t\t\t<h5 class=\"elementor-heading-title elementor-size-medium\">Ingredienser<\/h5>\t\t\t\t<\/div>\n\t\t\t\t<\/div>\n\t\t\t\t\t<\/div>\n\t\t<\/div>\n\t\t\t\t<div class=\"elementor-column elementor-col-66 elementor-top-column elementor-element elementor-element-ce9b48d\" data-id=\"ce9b48d\" data-element_type=\"column\" data-e-type=\"column\">\n\t\t\t<div class=\"elementor-widget-wrap elementor-element-populated\">\n\t\t\t\t\t\t<div class=\"elementor-element elementor-element-f78e41d elementor-widget elementor-widget-text-editor\" data-id=\"f78e41d\" data-element_type=\"widget\" data-e-type=\"widget\" data-widget_type=\"text-editor.default\">\n\t\t\t\t<div class=\"elementor-widget-container\">\n\t\t\t\t\t\t\t\t\t<p>1 kapsel:\u00a0350mg hamppollen, 15mg CBD (kief)<\/p><p>Mindre enn 0.2% THC<\/p><p>Vegetabilsk kapsel<\/p>\t\t\t\t\t\t\t\t<\/div>\n\t\t\t\t<\/div>\n\t\t\t\t\t<\/div>\n\t\t<\/div>\n\t\t\t\t\t<\/div>\n\t\t<\/section>\n\t\t\t\t<section class=\"elementor-section elementor-top-section elementor-element elementor-element-98add33 elementor-section-boxed elementor-section-height-default elementor-section-height-default\" data-id=\"98add33\" data-element_type=\"section\" data-e-type=\"section\">\n\t\t\t\t\t\t<div class=\"elementor-container elementor-column-gap-default\">\n\t\t\t\t\t<div class=\"elementor-column elementor-col-100 elementor-top-column elementor-element elementor-element-c7d046f\" data-id=\"c7d046f\" data-element_type=\"column\" data-e-type=\"column\">\n\t\t\t<div class=\"elementor-widget-wrap elementor-element-populated\">\n\t\t\t\t\t\t<div class=\"elementor-element elementor-element-a392d3f elementor-widget-divider--view-line elementor-widget elementor-widget-divider\" data-id=\"a392d3f\" data-element_type=\"widget\" data-e-type=\"widget\" data-widget_type=\"divider.default\">\n\t\t\t\t<div class=\"elementor-widget-container\">\n\t\t\t\t\t\t\t<div class=\"elementor-divider\">\n\t\t\t<span class=\"elementor-divider-separator\">\n\t\t\t\t\t\t<\/span>\n\t\t<\/div>\n\t\t\t\t\t\t<\/div>\n\t\t\t\t<\/div>\n\t\t\t\t\t<\/div>\n\t\t<\/div>\n\t\t\t\t\t<\/div>\n\t\t<\/section>\n\t\t\t\t<section class=\"elementor-section elementor-top-section elementor-element elementor-element-834f82e elementor-section-boxed elementor-section-height-default elementor-section-height-default\" data-id=\"834f82e\" data-element_type=\"section\" data-e-type=\"section\">\n\t\t\t\t\t\t<div class=\"elementor-container elementor-column-gap-default\">\n\t\t\t\t\t<div class=\"elementor-column elementor-col-33 elementor-top-column elementor-element elementor-element-a5570d3\" data-id=\"a5570d3\" data-element_type=\"column\" data-e-type=\"column\">\n\t\t\t<div class=\"elementor-widget-wrap elementor-element-populated\">\n\t\t\t\t\t\t<div class=\"elementor-element elementor-element-eaa0b19 elementor-widget elementor-widget-heading\" data-id=\"eaa0b19\" data-element_type=\"widget\" data-e-type=\"widget\" data-widget_type=\"heading.default\">\n\t\t\t\t<div class=\"elementor-widget-container\">\n\t\t\t\t\t<h5 class=\"elementor-heading-title elementor-size-medium\">Beskrivelse<\/h5>\t\t\t\t<\/div>\n\t\t\t\t<\/div>\n\t\t\t\t\t<\/div>\n\t\t<\/div>\n\t\t\t\t<div class=\"elementor-column elementor-col-66 elementor-top-column elementor-element elementor-element-2004d6d\" data-id=\"2004d6d\" data-element_type=\"column\" data-e-type=\"column\">\n\t\t\t<div class=\"elementor-widget-wrap elementor-element-populated\">\n\t\t\t\t\t\t<div class=\"elementor-element elementor-element-56c2ff3 elementor-widget elementor-widget-text-editor\" data-id=\"56c2ff3\" data-element_type=\"widget\" data-e-type=\"widget\" data-widget_type=\"text-editor.default\">\n\t\t\t\t<div class=\"elementor-widget-container\">\n\t\t\t\t\t\t\t\t\t<p>MELS CBD CAPSULES er vitenskapelig utviklet fra industriell hamp.<\/p><p>Kapslene er produsert fra avlinger h\u00f8stet i samsvar med tradisjonell urtepraksis p\u00e5 sertifiserte \u00f8kologiske g\u00e5rder.<\/p><p><span style=\"font-family: var(--global-body-font-family);\"><span style=\"color: var(--global-palette4);\">Plantene v\u00e5re blir dyrket utend\u00f8rs i naturlig lys og pleiet p\u00e5 en b\u00e6rekraftig m\u00e5te uten bruk av plantevernmidler, ugressmidler eller kjemisk gj\u00f8dsel p\u00e5 v\u00e5r bortgjemte g\u00e5rd i det vakre\u00a0europeiske landskapet.<\/span><\/span><\/p><p>Det er et prinsipp i v\u00e5r grunnleggende filosofi \u00e5 beskytte milj\u00f8et og ikke tilf\u00f8re noe annet enn den naturlige kraften som ligger i selve planten.<\/p><p>V\u00e5re pleiede avlinger av fullt modne planter h\u00f8stes bare en gang i \u00e5ret for \u00e5 tillate at hele dybden og kompleksiteten til de gunstige medisinske forbindelsene f\u00e5r utviklet seg fullstendig. Vi benytter de samme gamle prinsippene som har blitt brukt av tradisjonelle urtemedisinere gjennom \u00e5rhundrer, og h\u00f8ster v\u00e5re planter de tre dagene umiddelbart f\u00f8r og under en fullm\u00e5ne. P\u00e5 denne m\u00e5ten oppn\u00e5r vi den idelle sammensetningen av de helsebringende bestanddelene i denne fantastiske planten.<\/p>\t\t\t\t\t\t\t\t<\/div>\n\t\t\t\t<\/div>\n\t\t\t\t\t<\/div>\n\t\t<\/div>\n\t\t\t\t\t<\/div>\n\t\t<\/section>\n\t\t\t\t<section class=\"elementor-section elementor-top-section elementor-element elementor-element-0d679a3 elementor-section-boxed elementor-section-height-default elementor-section-height-default\" data-id=\"0d679a3\" data-element_type=\"section\" data-e-type=\"section\">\n\t\t\t\t\t\t<div class=\"elementor-container elementor-column-gap-default\">\n\t\t\t\t\t<div class=\"elementor-column elementor-col-100 elementor-top-column elementor-element elementor-element-ffbb5a4\" data-id=\"ffbb5a4\" data-element_type=\"column\" data-e-type=\"column\">\n\t\t\t<div class=\"elementor-widget-wrap elementor-element-populated\">\n\t\t\t\t\t\t<div class=\"elementor-element elementor-element-d212124 elementor-widget-divider--view-line elementor-widget elementor-widget-divider\" data-id=\"d212124\" data-element_type=\"widget\" data-e-type=\"widget\" data-widget_type=\"divider.default\">\n\t\t\t\t<div class=\"elementor-widget-container\">\n\t\t\t\t\t\t\t<div class=\"elementor-divider\">\n\t\t\t<span class=\"elementor-divider-separator\">\n\t\t\t\t\t\t<\/span>\n\t\t<\/div>\n\t\t\t\t\t\t<\/div>\n\t\t\t\t<\/div>\n\t\t\t\t\t<\/div>\n\t\t<\/div>\n\t\t\t\t\t<\/div>\n\t\t<\/section>\n\t\t\t\t<section class=\"elementor-section elementor-top-section elementor-element elementor-element-8815d52 elementor-section-boxed elementor-section-height-default elementor-section-height-default\" data-id=\"8815d52\" data-element_type=\"section\" data-e-type=\"section\">\n\t\t\t\t\t\t<div class=\"elementor-container elementor-column-gap-default\">\n\t\t\t\t\t<div class=\"elementor-column elementor-col-33 elementor-top-column elementor-element elementor-element-af37f3d\" data-id=\"af37f3d\" data-element_type=\"column\" data-e-type=\"column\">\n\t\t\t<div class=\"elementor-widget-wrap elementor-element-populated\">\n\t\t\t\t\t\t<div class=\"elementor-element elementor-element-e07acd8 elementor-widget elementor-widget-heading\" data-id=\"e07acd8\" data-element_type=\"widget\" data-e-type=\"widget\" data-widget_type=\"heading.default\">\n\t\t\t\t<div class=\"elementor-widget-container\">\n\t\t\t\t\t<h5 class=\"elementor-heading-title elementor-size-medium\">Annen informasjon<\/h5>\t\t\t\t<\/div>\n\t\t\t\t<\/div>\n\t\t\t\t\t<\/div>\n\t\t<\/div>\n\t\t\t\t<div class=\"elementor-column elementor-col-66 elementor-top-column elementor-element elementor-element-e2aa455\" data-id=\"e2aa455\" data-element_type=\"column\" data-e-type=\"column\">\n\t\t\t<div class=\"elementor-widget-wrap elementor-element-populated\">\n\t\t\t\t\t\t<div class=\"elementor-element elementor-element-0edfc41 elementor-widget elementor-widget-text-editor\" data-id=\"0edfc41\" data-element_type=\"widget\" data-e-type=\"widget\" data-widget_type=\"text-editor.default\">\n\t\t\t\t<div class=\"elementor-widget-container\">\n\t\t\t\t\t\t\t\t\t<p>Testet av et uavhengig laboratorium for styrke, renhet og effekt.<\/p><p>Kan brukes av veganere.<\/p><p>Oppbevares best under 25 grader. Unng\u00e5 direkte sollys.<\/p><p>Luktfrie.<\/p><p><em style=\"background-color: transparent; color: var(--global-palette4); font-family: var(--global-body-font-family);\">Oppbevares utilgjengelig for barn. Det anbefales ikke \u00e5 bruke salven p\u00e5 barn under 15 \u00e5r.<\/em><\/p>\t\t\t\t\t\t\t\t<\/div>\n\t\t\t\t<\/div>\n\t\t\t\t\t<\/div>\n\t\t<\/div>\n\t\t\t\t\t<\/div>\n\t\t<\/section>\n\t\t\t\t<section class=\"elementor-section elementor-top-section elementor-element elementor-element-b6aaf39 elementor-section-boxed elementor-section-height-default elementor-section-height-default\" data-id=\"b6aaf39\" data-element_type=\"section\" data-e-type=\"section\">\n\t\t\t\t\t\t<div class=\"elementor-container elementor-column-gap-default\">\n\t\t\t\t\t<div class=\"elementor-column elementor-col-100 elementor-top-column elementor-element elementor-element-3d70443\" data-id=\"3d70443\" data-element_type=\"column\" data-e-type=\"column\">\n\t\t\t<div class=\"elementor-widget-wrap elementor-element-populated\">\n\t\t\t\t\t\t<div class=\"elementor-element elementor-element-fd62bae elementor-widget-divider--view-line elementor-widget elementor-widget-divider\" data-id=\"fd62bae\" data-element_type=\"widget\" data-e-type=\"widget\" data-widget_type=\"divider.default\">\n\t\t\t\t<div class=\"elementor-widget-container\">\n\t\t\t\t\t\t\t<div class=\"elementor-divider\">\n\t\t\t<span class=\"elementor-divider-separator\">\n\t\t\t\t\t\t<\/span>\n\t\t<\/div>\n\t\t\t\t\t\t<\/div>\n\t\t\t\t<\/div>\n\t\t\t\t\t<\/div>\n\t\t<\/div>\n\t\t\t\t\t<\/div>\n\t\t<\/section>\n\t\t\t\t<section class=\"elementor-section elementor-top-section elementor-element elementor-element-fcf060e elementor-section-boxed elementor-section-height-default elementor-section-height-default\" data-id=\"fcf060e\" data-element_type=\"section\" data-e-type=\"section\">\n\t\t\t\t\t\t<div class=\"elementor-container elementor-column-gap-default\">\n\t\t\t\t\t<div class=\"elementor-column elementor-col-33 elementor-top-column elementor-element elementor-element-a37dda8\" data-id=\"a37dda8\" data-element_type=\"column\" data-e-type=\"column\">\n\t\t\t<div class=\"elementor-widget-wrap elementor-element-populated\">\n\t\t\t\t\t\t<div class=\"elementor-element elementor-element-355fe6d elementor-widget elementor-widget-heading\" data-id=\"355fe6d\" data-element_type=\"widget\" data-e-type=\"widget\" data-widget_type=\"heading.default\">\n\t\t\t\t<div class=\"elementor-widget-container\">\n\t\t\t\t\t<h5 class=\"elementor-heading-title elementor-size-medium\">Ansvarfraskrivelse<\/h5>\t\t\t\t<\/div>\n\t\t\t\t<\/div>\n\t\t\t\t\t<\/div>\n\t\t<\/div>\n\t\t\t\t<div class=\"elementor-column elementor-col-66 elementor-top-column elementor-element elementor-element-3d0c4ce\" data-id=\"3d0c4ce\" data-element_type=\"column\" data-e-type=\"column\">\n\t\t\t<div class=\"elementor-widget-wrap elementor-element-populated\">\n\t\t\t\t\t\t<div class=\"elementor-element elementor-element-77f382d elementor-widget elementor-widget-text-editor\" data-id=\"77f382d\" data-element_type=\"widget\" data-e-type=\"widget\" data-widget_type=\"text-editor.default\">\n\t\t\t\t<div class=\"elementor-widget-container\">\n\t\t\t\t\t\t\t\t\t<p>CBD kan ikke brukes som erstatning for et variert kosthold. For \u00e5 opprettholde en god helse, b\u00f8r du f\u00f8lge et variert kosthold og lede en sunn livsstil.<\/p><p>Skal ikke gis til barn, til gravide eller ammende m\u00f8dre. CBD b\u00f8r ikke brukes samtidig med antidepressiva [SSRI, SNRIer, MAO-hemmere], antivirale legemidler ved HIV\/AIDS-infeksjon eller som en del av behandlingen etter organtransplantasjon.<\/p>\t\t\t\t\t\t\t\t<\/div>\n\t\t\t\t<\/div>\n\t\t\t\t\t<\/div>\n\t\t<\/div>\n\t\t\t\t\t<\/div>\n\t\t<\/section>\n\t\t\t\t<section class=\"elementor-section elementor-top-section elementor-element elementor-element-1cf80cf elementor-section-boxed elementor-section-height-default elementor-section-height-default\" data-id=\"1cf80cf\" data-element_type=\"section\" data-e-type=\"section\">\n\t\t\t\t\t\t<div class=\"elementor-container elementor-column-gap-default\">\n\t\t\t\t\t<div class=\"elementor-column elementor-col-100 elementor-top-column elementor-element elementor-element-837af08\" data-id=\"837af08\" data-element_type=\"column\" data-e-type=\"column\">\n\t\t\t<div class=\"elementor-widget-wrap elementor-element-populated\">\n\t\t\t\t\t\t<div class=\"elementor-element elementor-element-efc412e elementor-widget-divider--view-line elementor-widget elementor-widget-divider\" data-id=\"efc412e\" data-element_type=\"widget\" data-e-type=\"widget\" data-widget_type=\"divider.default\">\n\t\t\t\t<div class=\"elementor-widget-container\">\n\t\t\t\t\t\t\t<div class=\"elementor-divider\">\n\t\t\t<span class=\"elementor-divider-separator\">\n\t\t\t\t\t\t<\/span>\n\t\t<\/div>\n\t\t\t\t\t\t<\/div>\n\t\t\t\t<\/div>\n\t\t\t\t\t<\/div>\n\t\t<\/div>\n\t\t\t\t\t<\/div>\n\t\t<\/section>\n\t\t\t\t<\/div>\n\t\t","protected":false},"excerpt":{"rendered":"<p><strong>Fullspektrede og\u00a0100% \u00f8kologiske CBD-kapsler som er luktfrie, smakl\u00f8se, gelatinfrie\u00a0og ikke-GMO<\/strong><strong>. Framstilt av\u00a0\u00f8kologisk dyrket hamp i Europa.<\/strong><\/p>\n<p><strong>1 kapsel inneholder 15mg CBD.<\/strong><\/p>\n","protected":false},"featured_media":30225,"comment_status":"open","ping_status":"closed","template":"elementor_theme","meta":{"_kad_blocks_custom_css":"","_kad_blocks_head_custom_js":"","_kad_blocks_body_custom_js":"","_kad_blocks_footer_custom_js":"","_kad_post_transparent":"default","_kad_post_title":"","_kad_post_layout":"default","_kad_post_sidebar_id":"","_kad_post_content_style":"default","_kad_post_vertical_padding":"default","_kad_post_feature":"","_kad_post_feature_position":"","_kad_post_header":false,"_kad_post_footer":false,"_kad_post_classname":""},"product_brand":[],"product_cat":[105],"product_tag":[293,508,509,507,297,628],"class_list":{"0":"post-18535","1":"product","2":"type-product","3":"status-publish","4":"has-post-thumbnail","6":"product_cat-kapsler","7":"product_tag-cbd","8":"product_tag-hamp","9":"product_tag-hamp-kapsler","10":"product_tag-kapsler","11":"product_tag-mels","12":"product_tag-norsk","13":"product_shipping_class-light","15":"first","16":"instock","17":"shipping-taxable","18":"purchasable","19":"product-type-simple","20":"entry","21":"content-bg","22":"loop-entry"},"taxonomy_info":{"product_cat":[{"value":105,"label":"Kapsler"}],"product_tag":[{"value":293,"label":"cbd"},{"value":508,"label":"hamp"},{"value":509,"label":"hamp kapsler"},{"value":507,"label":"kapsler"},{"value":297,"label":"mels"},{"value":628,"label":"norsk"}]},"featured_image_src_large":["https:\/\/melseurope.com\/wp-content\/uploads\/2022\/04\/mels_cbd_capsules-new-1024x1024.png",1024,1024,true],"author_info":[],"comment_info":5,"_links":{"self":[{"href":"https:\/\/melseurope.com\/no\/wp-json\/wp\/v2\/product\/18535","targetHints":{"allow":["GET"]}}],"collection":[{"href":"https:\/\/melseurope.com\/no\/wp-json\/wp\/v2\/product"}],"about":[{"href":"https:\/\/melseurope.com\/no\/wp-json\/wp\/v2\/types\/product"}],"replies":[{"embeddable":true,"href":"https:\/\/melseurope.com\/no\/wp-json\/wp\/v2\/comments?post=18535"}],"version-history":[{"count":1,"href":"https:\/\/melseurope.com\/no\/wp-json\/wp\/v2\/product\/18535\/revisions"}],"predecessor-version":[{"id":35157,"href":"https:\/\/melseurope.com\/no\/wp-json\/wp\/v2\/product\/18535\/revisions\/35157"}],"wp:featuredmedia":[{"embeddable":true,"href":"https:\/\/melseurope.com\/no\/wp-json\/wp\/v2\/media\/30225"}],"wp:attachment":[{"href":"https:\/\/melseurope.com\/no\/wp-json\/wp\/v2\/media?parent=18535"}],"wp:term":[{"taxonomy":"product_brand","embeddable":true,"href":"https:\/\/melseurope.com\/no\/wp-json\/wp\/v2\/product_brand?post=18535"},{"taxonomy":"product_cat","embeddable":true,"href":"https:\/\/melseurope.com\/no\/wp-json\/wp\/v2\/product_cat?post=18535"},{"taxonomy":"product_tag","embeddable":true,"href":"https:\/\/melseurope.com\/no\/wp-json\/wp\/v2\/product_tag?post=18535"}],"curies":[{"name":"wp","href":"https:\/\/api.w.org\/{rel}","templated":true}]}}