{"id":27505,"date":"2023-06-05T19:45:27","date_gmt":"2023-06-05T17:45:27","guid":{"rendered":"https:\/\/melsbymelissa.com\/?post_type=product&#038;p=27505"},"modified":"2025-06-19T19:05:28","modified_gmt":"2025-06-19T17:05:28","slug":"mels-sovnguide","status":"publish","type":"product","link":"https:\/\/melseurope.com\/no\/produkt\/mels-sovnguide","title":{"rendered":"MELS S\u00f8vnguide"},"content":{"rendered":"<h3>Alt du trenger <strong>a\u030a<\/strong> vite om s\u00f8vn<\/h3>\n<p>F\u00e5 en rask innf\u00f8ring i hvordan du med enkle midler kan oppn\u00e5 bedre s\u00f8vn.<\/p>\n<h5>INNHOLD<\/h5>\n<ul>\n<li>Hva er s\u00f8vn?<\/li>\n<li>S\u00f8vnstadier<\/li>\n<li>D\u00f8gnrytme<\/li>\n<li>Hva forega\u030ar i hjernen na\u030ar vi sover?<\/li>\n<li>Jording, mat og s\u00f8vn<\/li>\n<li>Gode s\u00f8vnvaner<\/li>\n<li>Kan CBD fremme s\u00f8vn?<\/li>\n<li>Hvor mye CBD skal jeg ta?<\/li>\n<li>Ofte stilte sp\u00f8rsma\u030al<\/li>\n<\/ul>\n<p>&nbsp;<\/p>\n<hr \/>\n","protected":false},"excerpt":{"rendered":"<h3>Alt du trenger <strong>a\u030a<\/strong> vite om s\u00f8vn<\/h3>\n<p>F\u00e5 en rask innf\u00f8ring i hvordan du med enkle midler kan oppn\u00e5 bedre s\u00f8vn.<\/p>\n","protected":false},"featured_media":27510,"comment_status":"open","ping_status":"closed","template":"","meta":{"_kad_blocks_custom_css":"","_kad_blocks_head_custom_js":"","_kad_blocks_body_custom_js":"","_kad_blocks_footer_custom_js":"","_kad_post_transparent":"default","_kad_post_title":"","_kad_post_layout":"default","_kad_post_sidebar_id":"","_kad_post_content_style":"default","_kad_post_vertical_padding":"default","_kad_post_feature":"","_kad_post_feature_position":"","_kad_post_header":false,"_kad_post_footer":false,"_kad_post_classname":""},"product_brand":[],"product_cat":[300],"product_tag":[293,304,301,297,628,302,303],"class_list":{"0":"post-27505","1":"product","2":"type-product","3":"status-publish","4":"has-post-thumbnail","6":"product_cat-eboker","7":"product_tag-cbd","8":"product_tag-cbd-olje","9":"product_tag-ebok","10":"product_tag-mels","11":"product_tag-norsk","12":"product_tag-sovn","13":"product_tag-sovnguide","15":"first","16":"instock","17":"downloadable","18":"virtual","19":"purchasable","20":"product-type-simple","21":"entry","22":"content-bg","23":"loop-entry"},"taxonomy_info":{"product_cat":[{"value":300,"label":"eB\u00f8ker"}],"product_tag":[{"value":293,"label":"cbd"},{"value":304,"label":"cbd-olje"},{"value":301,"label":"ebok"},{"value":297,"label":"mels"},{"value":628,"label":"norsk"},{"value":302,"label":"s\u00f8vn"},{"value":303,"label":"s\u00f8vnguide"}]},"featured_image_src_large":["https:\/\/melseurope.com\/wp-content\/uploads\/2023\/06\/MELS-sovnguide-fullversjon-forside-656x1024.jpg",656,1024,true],"author_info":[],"comment_info":0,"_links":{"self":[{"href":"https:\/\/melseurope.com\/no\/wp-json\/wp\/v2\/product\/27505","targetHints":{"allow":["GET"]}}],"collection":[{"href":"https:\/\/melseurope.com\/no\/wp-json\/wp\/v2\/product"}],"about":[{"href":"https:\/\/melseurope.com\/no\/wp-json\/wp\/v2\/types\/product"}],"replies":[{"embeddable":true,"href":"https:\/\/melseurope.com\/no\/wp-json\/wp\/v2\/comments?post=27505"}],"version-history":[{"count":0,"href":"https:\/\/melseurope.com\/no\/wp-json\/wp\/v2\/product\/27505\/revisions"}],"wp:featuredmedia":[{"embeddable":true,"href":"https:\/\/melseurope.com\/no\/wp-json\/wp\/v2\/media\/27510"}],"wp:attachment":[{"href":"https:\/\/melseurope.com\/no\/wp-json\/wp\/v2\/media?parent=27505"}],"wp:term":[{"taxonomy":"product_brand","embeddable":true,"href":"https:\/\/melseurope.com\/no\/wp-json\/wp\/v2\/product_brand?post=27505"},{"taxonomy":"product_cat","embeddable":true,"href":"https:\/\/melseurope.com\/no\/wp-json\/wp\/v2\/product_cat?post=27505"},{"taxonomy":"product_tag","embeddable":true,"href":"https:\/\/melseurope.com\/no\/wp-json\/wp\/v2\/product_tag?post=27505"}],"curies":[{"name":"wp","href":"https:\/\/api.w.org\/{rel}","templated":true}]}}