{"id":29667,"date":"2023-11-17T12:53:49","date_gmt":"2023-11-17T11:53:49","guid":{"rendered":"https:\/\/melsbymelissa.com\/?post_type=product&#038;p=29667"},"modified":"2026-02-16T14:36:06","modified_gmt":"2026-02-16T13:36:06","slug":"cbd-hud-salve","status":"publish","type":"product","link":"https:\/\/melseurope.com\/no\/produkt\/cbd-hud-salve","title":{"rendered":"CBD SKIN BALM"},"content":{"rendered":"\t\t<div data-elementor-type=\"wp-post\" data-elementor-id=\"29667\" class=\"elementor elementor-29667\" data-elementor-post-type=\"product\">\n\t\t\t\t\t\t<section class=\"elementor-section elementor-top-section elementor-element elementor-element-1c0906a elementor-section-full_width elementor-section-stretched elementor-section-height-default elementor-section-height-default\" data-id=\"1c0906a\" data-element_type=\"section\" data-e-type=\"section\" data-settings=\"{&quot;stretch_section&quot;:&quot;section-stretched&quot;,&quot;background_background&quot;:&quot;classic&quot;}\">\n\t\t\t\t\t\t<div class=\"elementor-container elementor-column-gap-default\">\n\t\t\t\t\t<div class=\"elementor-column elementor-col-100 elementor-top-column elementor-element elementor-element-85754c6\" data-id=\"85754c6\" data-element_type=\"column\" data-e-type=\"column\">\n\t\t\t<div class=\"elementor-widget-wrap elementor-element-populated\">\n\t\t\t\t\t\t<div class=\"elementor-element elementor-element-629dc9f elementor-icon-list--layout-inline elementor-align-center elementor-mobile-align-start elementor-list-item-link-full_width elementor-widget elementor-widget-icon-list\" data-id=\"629dc9f\" data-element_type=\"widget\" data-e-type=\"widget\" data-widget_type=\"icon-list.default\">\n\t\t\t\t<div class=\"elementor-widget-container\">\n\t\t\t\t\t\t\t<ul class=\"elementor-icon-list-items elementor-inline-items\">\n\t\t\t\t\t\t\t<li class=\"elementor-icon-list-item elementor-inline-item\">\n\t\t\t\t\t\t\t\t\t\t\t<span class=\"elementor-icon-list-icon\">\n\t\t\t\t\t\t\t<i aria-hidden=\"true\" class=\"cosmetic_solid cosmetic_solid-cosmetics-cream-c\"><\/i>\t\t\t\t\t\t<\/span>\n\t\t\t\t\t\t\t\t\t\t<span class=\"elementor-icon-list-text\">30g<\/span>\n\t\t\t\t\t\t\t\t\t<\/li>\n\t\t\t\t\t\t\t\t<li class=\"elementor-icon-list-item elementor-inline-item\">\n\t\t\t\t\t\t\t\t\t\t\t<span class=\"elementor-icon-list-icon\">\n\t\t\t\t\t\t\t<i aria-hidden=\"true\" class=\"science_solid science_solid-cbd-molecule-2\"><\/i>\t\t\t\t\t\t<\/span>\n\t\t\t\t\t\t\t\t\t\t<span class=\"elementor-icon-list-text\">280mg CBD<\/span>\n\t\t\t\t\t\t\t\t\t<\/li>\n\t\t\t\t\t\t\t\t<li class=\"elementor-icon-list-item elementor-inline-item\">\n\t\t\t\t\t\t\t\t\t\t\t<span class=\"elementor-icon-list-icon\">\n\t\t\t\t\t\t\t<i aria-hidden=\"true\" class=\"spec_icons spec_icons-broad-spectrum\"><\/i>\t\t\t\t\t\t<\/span>\n\t\t\t\t\t\t\t\t\t\t<span class=\"elementor-icon-list-text\">Bredspektret<\/span>\n\t\t\t\t\t\t\t\t\t<\/li>\n\t\t\t\t\t\t\t\t<li class=\"elementor-icon-list-item elementor-inline-item\">\n\t\t\t\t\t\t\t\t\t\t\t<span class=\"elementor-icon-list-icon\">\n\t\t\t\t\t\t\t<i aria-hidden=\"true\" class=\"icon icon-co2-gauge\"><\/i>\t\t\t\t\t\t<\/span>\n\t\t\t\t\t\t\t\t\t\t<span class=\"elementor-icon-list-text\">CO\u2082-ekstrahert<\/span>\n\t\t\t\t\t\t\t\t\t<\/li>\n\t\t\t\t\t\t<\/ul>\n\t\t\t\t\t\t<\/div>\n\t\t\t\t<\/div>\n\t\t\t\t\t<\/div>\n\t\t<\/div>\n\t\t\t\t\t<\/div>\n\t\t<\/section>\n\t\t\t\t<section class=\"elementor-section elementor-top-section elementor-element elementor-element-97d4b9e elementor-section-boxed elementor-section-height-default elementor-section-height-default\" data-id=\"97d4b9e\" data-element_type=\"section\" data-e-type=\"section\">\n\t\t\t\t\t\t<div class=\"elementor-container elementor-column-gap-default\">\n\t\t\t\t\t<div class=\"elementor-column elementor-col-100 elementor-top-column elementor-element elementor-element-e3deea7\" data-id=\"e3deea7\" data-element_type=\"column\" data-e-type=\"column\">\n\t\t\t<div class=\"elementor-widget-wrap elementor-element-populated\">\n\t\t\t\t\t\t<div class=\"elementor-element elementor-element-dddc235 elementor-widget elementor-widget-spacer\" data-id=\"dddc235\" data-element_type=\"widget\" data-e-type=\"widget\" data-widget_type=\"spacer.default\">\n\t\t\t\t<div class=\"elementor-widget-container\">\n\t\t\t\t\t\t\t<div class=\"elementor-spacer\">\n\t\t\t<div class=\"elementor-spacer-inner\"><\/div>\n\t\t<\/div>\n\t\t\t\t\t\t<\/div>\n\t\t\t\t<\/div>\n\t\t\t\t\t<\/div>\n\t\t<\/div>\n\t\t\t\t\t<\/div>\n\t\t<\/section>\n\t\t\t\t<section class=\"elementor-section elementor-top-section elementor-element elementor-element-3eb7b32 elementor-section-boxed elementor-section-height-default elementor-section-height-default\" data-id=\"3eb7b32\" data-element_type=\"section\" data-e-type=\"section\">\n\t\t\t\t\t\t<div class=\"elementor-container elementor-column-gap-default\">\n\t\t\t\t\t<div class=\"elementor-column elementor-col-33 elementor-top-column elementor-element elementor-element-9db7ca8\" data-id=\"9db7ca8\" data-element_type=\"column\" data-e-type=\"column\">\n\t\t\t<div class=\"elementor-widget-wrap elementor-element-populated\">\n\t\t\t\t\t\t<div class=\"elementor-element elementor-element-ec08020 elementor-widget elementor-widget-heading\" data-id=\"ec08020\" data-element_type=\"widget\" data-e-type=\"widget\" data-widget_type=\"heading.default\">\n\t\t\t\t<div class=\"elementor-widget-container\">\n\t\t\t\t\t<h5 class=\"elementor-heading-title elementor-size-medium\">Ingredienser<\/h5>\t\t\t\t<\/div>\n\t\t\t\t<\/div>\n\t\t\t\t\t<\/div>\n\t\t<\/div>\n\t\t\t\t<div class=\"elementor-column elementor-col-66 elementor-top-column elementor-element elementor-element-ce9b48d\" data-id=\"ce9b48d\" data-element_type=\"column\" data-e-type=\"column\">\n\t\t\t<div class=\"elementor-widget-wrap elementor-element-populated\">\n\t\t\t\t\t\t<div class=\"elementor-element elementor-element-f78e41d elementor-widget elementor-widget-text-editor\" data-id=\"f78e41d\" data-element_type=\"widget\" data-e-type=\"widget\" data-widget_type=\"text-editor.default\">\n\t\t\t\t<div class=\"elementor-widget-container\">\n\t\t\t\t\t\t\t\t\t<p>Sheasm\u00f8r, mandelolje, hampfr\u00f8olje, kokosolje, kandelillavoks, jojoba, olivenolje,\u00a0<\/p><p>e-vitamin, 280mg cannabidiol.<\/p><p>280mg bredspektret CBD<\/p>\t\t\t\t\t\t\t\t<\/div>\n\t\t\t\t<\/div>\n\t\t\t\t\t<\/div>\n\t\t<\/div>\n\t\t\t\t\t<\/div>\n\t\t<\/section>\n\t\t\t\t<section class=\"elementor-section elementor-top-section elementor-element elementor-element-98add33 elementor-section-boxed elementor-section-height-default elementor-section-height-default\" data-id=\"98add33\" data-element_type=\"section\" data-e-type=\"section\">\n\t\t\t\t\t\t<div class=\"elementor-container elementor-column-gap-default\">\n\t\t\t\t\t<div class=\"elementor-column elementor-col-100 elementor-top-column elementor-element elementor-element-c7d046f\" data-id=\"c7d046f\" data-element_type=\"column\" data-e-type=\"column\">\n\t\t\t<div class=\"elementor-widget-wrap elementor-element-populated\">\n\t\t\t\t\t\t<div class=\"elementor-element elementor-element-a392d3f elementor-widget-divider--view-line elementor-widget elementor-widget-divider\" data-id=\"a392d3f\" data-element_type=\"widget\" data-e-type=\"widget\" data-widget_type=\"divider.default\">\n\t\t\t\t<div class=\"elementor-widget-container\">\n\t\t\t\t\t\t\t<div class=\"elementor-divider\">\n\t\t\t<span class=\"elementor-divider-separator\">\n\t\t\t\t\t\t<\/span>\n\t\t<\/div>\n\t\t\t\t\t\t<\/div>\n\t\t\t\t<\/div>\n\t\t\t\t\t<\/div>\n\t\t<\/div>\n\t\t\t\t\t<\/div>\n\t\t<\/section>\n\t\t\t\t<section class=\"elementor-section elementor-top-section elementor-element elementor-element-834f82e elementor-section-boxed elementor-section-height-default elementor-section-height-default\" data-id=\"834f82e\" data-element_type=\"section\" data-e-type=\"section\">\n\t\t\t\t\t\t<div class=\"elementor-container elementor-column-gap-default\">\n\t\t\t\t\t<div class=\"elementor-column elementor-col-33 elementor-top-column elementor-element elementor-element-a5570d3\" data-id=\"a5570d3\" data-element_type=\"column\" data-e-type=\"column\">\n\t\t\t<div class=\"elementor-widget-wrap elementor-element-populated\">\n\t\t\t\t\t\t<div class=\"elementor-element elementor-element-eaa0b19 elementor-widget elementor-widget-heading\" data-id=\"eaa0b19\" data-element_type=\"widget\" data-e-type=\"widget\" data-widget_type=\"heading.default\">\n\t\t\t\t<div class=\"elementor-widget-container\">\n\t\t\t\t\t<h5 class=\"elementor-heading-title elementor-size-medium\">Beskrivelse<\/h5>\t\t\t\t<\/div>\n\t\t\t\t<\/div>\n\t\t\t\t\t<\/div>\n\t\t<\/div>\n\t\t\t\t<div class=\"elementor-column elementor-col-66 elementor-top-column elementor-element elementor-element-2004d6d\" data-id=\"2004d6d\" data-element_type=\"column\" data-e-type=\"column\">\n\t\t\t<div class=\"elementor-widget-wrap elementor-element-populated\">\n\t\t\t\t\t\t<div class=\"elementor-element elementor-element-56c2ff3 elementor-widget elementor-widget-text-editor\" data-id=\"56c2ff3\" data-element_type=\"widget\" data-e-type=\"widget\" data-widget_type=\"text-editor.default\">\n\t\t\t\t<div class=\"elementor-widget-container\">\n\t\t\t\t\t\t\t\t\t<p>MELS CBD SKIN BALM er den perfekte f\u00f8lgesvennen for hele familien. Salven inneholder kun naturlige ingredienser, slik at du kan bruke den med god samvittighet s\u00e5 ofte du vil for \u00e5 gi fukt og n\u00e6ring til huden.<\/p><p>Den kan p\u00e5f\u00f8res omr\u00e5der med t\u00f8rr hud og ellers steder hvor huden trenger litt ekstra n\u00e6ring.\u00a0<\/p><p>Huden v\u00e5r er det st\u00f8rste organet i menneskekroppen. Derfor, n\u00e5r du sm\u00f8rer salven p\u00e5 for eksempel t\u00f8rre lepper eller et t\u00f8rt omr\u00e5de, absorberes planteforbindelsene fra hampplanten direkte inn i huden.\u00a0<\/p><p>Salven p\u00e5virkes av temperatur og vil v\u00e6re fast n\u00e5r det er kaldt og myk n\u00e5r det er varmt. Dette p\u00e5virker ikke kvaliteten, og vi anbefaler at den er i romtemperatur.<\/p>\t\t\t\t\t\t\t\t<\/div>\n\t\t\t\t<\/div>\n\t\t\t\t\t<\/div>\n\t\t<\/div>\n\t\t\t\t\t<\/div>\n\t\t<\/section>\n\t\t\t\t<section class=\"elementor-section elementor-top-section elementor-element elementor-element-0d679a3 elementor-section-boxed elementor-section-height-default elementor-section-height-default\" data-id=\"0d679a3\" data-element_type=\"section\" data-e-type=\"section\">\n\t\t\t\t\t\t<div class=\"elementor-container elementor-column-gap-default\">\n\t\t\t\t\t<div class=\"elementor-column elementor-col-100 elementor-top-column elementor-element elementor-element-ffbb5a4\" data-id=\"ffbb5a4\" data-element_type=\"column\" data-e-type=\"column\">\n\t\t\t<div class=\"elementor-widget-wrap elementor-element-populated\">\n\t\t\t\t\t\t<div class=\"elementor-element elementor-element-d212124 elementor-widget-divider--view-line elementor-widget elementor-widget-divider\" data-id=\"d212124\" data-element_type=\"widget\" data-e-type=\"widget\" data-widget_type=\"divider.default\">\n\t\t\t\t<div class=\"elementor-widget-container\">\n\t\t\t\t\t\t\t<div class=\"elementor-divider\">\n\t\t\t<span class=\"elementor-divider-separator\">\n\t\t\t\t\t\t<\/span>\n\t\t<\/div>\n\t\t\t\t\t\t<\/div>\n\t\t\t\t<\/div>\n\t\t\t\t\t<\/div>\n\t\t<\/div>\n\t\t\t\t\t<\/div>\n\t\t<\/section>\n\t\t\t\t<section class=\"elementor-section elementor-top-section elementor-element elementor-element-8815d52 elementor-section-boxed elementor-section-height-default elementor-section-height-default\" data-id=\"8815d52\" data-element_type=\"section\" data-e-type=\"section\">\n\t\t\t\t\t\t<div class=\"elementor-container elementor-column-gap-default\">\n\t\t\t\t\t<div class=\"elementor-column elementor-col-33 elementor-top-column elementor-element elementor-element-af37f3d\" data-id=\"af37f3d\" data-element_type=\"column\" data-e-type=\"column\">\n\t\t\t<div class=\"elementor-widget-wrap elementor-element-populated\">\n\t\t\t\t\t\t<div class=\"elementor-element elementor-element-e07acd8 elementor-widget elementor-widget-heading\" data-id=\"e07acd8\" data-element_type=\"widget\" data-e-type=\"widget\" data-widget_type=\"heading.default\">\n\t\t\t\t<div class=\"elementor-widget-container\">\n\t\t\t\t\t<h5 class=\"elementor-heading-title elementor-size-medium\">Annen informasjon<\/h5>\t\t\t\t<\/div>\n\t\t\t\t<\/div>\n\t\t\t\t\t<\/div>\n\t\t<\/div>\n\t\t\t\t<div class=\"elementor-column elementor-col-66 elementor-top-column elementor-element elementor-element-e2aa455\" data-id=\"e2aa455\" data-element_type=\"column\" data-e-type=\"column\">\n\t\t\t<div class=\"elementor-widget-wrap elementor-element-populated\">\n\t\t\t\t\t\t<div class=\"elementor-element elementor-element-0edfc41 elementor-widget__width-initial elementor-widget elementor-widget-text-editor\" data-id=\"0edfc41\" data-element_type=\"widget\" data-e-type=\"widget\" data-widget_type=\"text-editor.default\">\n\t\t\t\t<div class=\"elementor-widget-container\">\n\t\t\t\t\t\t\t\t\t<p>Naturlig, fri for GMO, plantevernmidler og giftige kjemikalier.<\/p><p>Inneholder et bredt spekter av naturlige plantestoffer, slik som cannabinoider og terpener.<\/p><p>Testet av et uavhengig laboratorium (tredjepart).<\/p><p>CO\u2082-ekstrahert.<\/p><p>Fargen er lys og lukten mild.<\/p><p>Kan brukes av veganere.<\/p><p>Oppbevaring: Romtemperatur. Unng\u00e5 direkte sollys.<\/p><p>R\u00e5df\u00f8r deg med din lege f\u00f8r bruk hvis du har medisinske tilstander og\/eller g\u00e5r p\u00e5 reseptbelagte medikamenter.<\/p><p>Oppbevares utilgjengelig for barn.<\/p>\t\t\t\t\t\t\t\t<\/div>\n\t\t\t\t<\/div>\n\t\t\t\t\t<\/div>\n\t\t<\/div>\n\t\t\t\t\t<\/div>\n\t\t<\/section>\n\t\t\t\t<section class=\"elementor-section elementor-top-section elementor-element elementor-element-b5ab32e elementor-section-boxed elementor-section-height-default elementor-section-height-default\" data-id=\"b5ab32e\" data-element_type=\"section\" data-e-type=\"section\">\n\t\t\t\t\t\t<div class=\"elementor-container elementor-column-gap-default\">\n\t\t\t\t\t<div class=\"elementor-column elementor-col-100 elementor-top-column elementor-element elementor-element-54be5d3\" data-id=\"54be5d3\" data-element_type=\"column\" data-e-type=\"column\">\n\t\t\t<div class=\"elementor-widget-wrap elementor-element-populated\">\n\t\t\t\t\t\t<div class=\"elementor-element elementor-element-297e5ab elementor-widget-divider--view-line elementor-widget elementor-widget-divider\" data-id=\"297e5ab\" data-element_type=\"widget\" data-e-type=\"widget\" data-widget_type=\"divider.default\">\n\t\t\t\t<div class=\"elementor-widget-container\">\n\t\t\t\t\t\t\t<div class=\"elementor-divider\">\n\t\t\t<span class=\"elementor-divider-separator\">\n\t\t\t\t\t\t<\/span>\n\t\t<\/div>\n\t\t\t\t\t\t<\/div>\n\t\t\t\t<\/div>\n\t\t\t\t\t<\/div>\n\t\t<\/div>\n\t\t\t\t\t<\/div>\n\t\t<\/section>\n\t\t\t\t<section class=\"elementor-section elementor-top-section elementor-element elementor-element-8f42202 elementor-section-boxed elementor-section-height-default elementor-section-height-default\" data-id=\"8f42202\" data-element_type=\"section\" data-e-type=\"section\">\n\t\t\t\t\t\t<div class=\"elementor-container elementor-column-gap-default\">\n\t\t\t\t\t<div class=\"elementor-column elementor-col-33 elementor-top-column elementor-element elementor-element-ac28e5c\" data-id=\"ac28e5c\" data-element_type=\"column\" data-e-type=\"column\">\n\t\t\t<div class=\"elementor-widget-wrap elementor-element-populated\">\n\t\t\t\t\t\t<div class=\"elementor-element elementor-element-5b02967 elementor-widget elementor-widget-heading\" data-id=\"5b02967\" data-element_type=\"widget\" data-e-type=\"widget\" data-widget_type=\"heading.default\">\n\t\t\t\t<div class=\"elementor-widget-container\">\n\t\t\t\t\t<h5 class=\"elementor-heading-title elementor-size-medium\">Ansvarsfraskrivelse<\/h5>\t\t\t\t<\/div>\n\t\t\t\t<\/div>\n\t\t\t\t\t<\/div>\n\t\t<\/div>\n\t\t\t\t<div class=\"elementor-column elementor-col-66 elementor-top-column elementor-element elementor-element-c68deef\" data-id=\"c68deef\" data-element_type=\"column\" data-e-type=\"column\">\n\t\t\t<div class=\"elementor-widget-wrap elementor-element-populated\">\n\t\t\t\t\t\t<div class=\"elementor-element elementor-element-a9d1baf elementor-widget__width-initial elementor-widget elementor-widget-text-editor\" data-id=\"a9d1baf\" data-element_type=\"widget\" data-e-type=\"widget\" data-widget_type=\"text-editor.default\">\n\t\t\t\t<div class=\"elementor-widget-container\">\n\t\t\t\t\t\t\t\t\t<p>CBD kan ikke brukes som erstatning for et variert kosthold. For \u00e5 opprettholde en god helse, b\u00f8r du f\u00f8lge et variert kosthold og lede en sunn livsstil.<\/p><p>Skal ikke gis til barn under 12 \u00e5r, til gravide eller ammende m\u00f8dre.<\/p><p>CBD b\u00f8r ikke brukes samtidig med antidepressiva [SSRI, SNRIer, MAO-hemmere], antivirale legemidler ved HIV\/AIDS-infeksjon eller som en del av behandlingen etter organtransplantasjon.<\/p>\t\t\t\t\t\t\t\t<\/div>\n\t\t\t\t<\/div>\n\t\t\t\t\t<\/div>\n\t\t<\/div>\n\t\t\t\t\t<\/div>\n\t\t<\/section>\n\t\t\t\t<section class=\"elementor-section elementor-top-section elementor-element elementor-element-1cf80cf elementor-section-boxed elementor-section-height-default elementor-section-height-default\" data-id=\"1cf80cf\" data-element_type=\"section\" data-e-type=\"section\">\n\t\t\t\t\t\t<div class=\"elementor-container elementor-column-gap-default\">\n\t\t\t\t\t<div class=\"elementor-column elementor-col-100 elementor-top-column elementor-element elementor-element-837af08\" data-id=\"837af08\" data-element_type=\"column\" data-e-type=\"column\">\n\t\t\t<div class=\"elementor-widget-wrap elementor-element-populated\">\n\t\t\t\t\t\t<div class=\"elementor-element elementor-element-efc412e elementor-widget-divider--view-line elementor-widget elementor-widget-divider\" data-id=\"efc412e\" data-element_type=\"widget\" data-e-type=\"widget\" data-widget_type=\"divider.default\">\n\t\t\t\t<div class=\"elementor-widget-container\">\n\t\t\t\t\t\t\t<div class=\"elementor-divider\">\n\t\t\t<span class=\"elementor-divider-separator\">\n\t\t\t\t\t\t<\/span>\n\t\t<\/div>\n\t\t\t\t\t\t<\/div>\n\t\t\t\t<\/div>\n\t\t\t\t\t<\/div>\n\t\t<\/div>\n\t\t\t\t\t<\/div>\n\t\t<\/section>\n\t\t\t\t<\/div>\n\t\t","protected":false},"excerpt":{"rendered":"<h5><strong>Naturlig salve med CBD for t\u00f8rr og s\u00e5r hud.<\/strong><\/h5>\n<p><strong>Inneholder 280mg bredspektret CBD<\/strong><\/p>\n","protected":false},"featured_media":29672,"comment_status":"open","ping_status":"closed","template":"elementor_theme","meta":{"_kad_blocks_custom_css":"","_kad_blocks_head_custom_js":"","_kad_blocks_body_custom_js":"","_kad_blocks_footer_custom_js":"","_kad_post_transparent":"default","_kad_post_title":"","_kad_post_layout":"default","_kad_post_sidebar_id":"","_kad_post_content_style":"default","_kad_post_vertical_padding":"default","_kad_post_feature":"","_kad_post_feature_position":"","_kad_post_header":false,"_kad_post_footer":false,"_kad_post_classname":""},"product_brand":[],"product_cat":[97],"product_tag":[293,326,328,816,297,327,812,628,325,815],"class_list":{"0":"post-29667","1":"product","2":"type-product","3":"status-publish","4":"has-post-thumbnail","6":"product_cat-hud","7":"product_tag-cbd","8":"product_tag-hud","9":"product_tag-hudsalve","10":"product_tag-lepper","11":"product_tag-mels","12":"product_tag-muskelsalve","13":"product_tag-naturlig","14":"product_tag-norsk","15":"product_tag-salve","16":"product_tag-torr-hud","17":"product_shipping_class-heavy","19":"first","20":"instock","21":"sale","22":"shipping-taxable","23":"purchasable","24":"product-type-simple","25":"entry","26":"content-bg","27":"loop-entry"},"taxonomy_info":{"product_cat":[{"value":97,"label":"Hud"}],"product_tag":[{"value":293,"label":"cbd"},{"value":326,"label":"hud"},{"value":328,"label":"hudsalve"},{"value":816,"label":"lepper"},{"value":297,"label":"mels"},{"value":327,"label":"muskelsalve"},{"value":812,"label":"naturlig"},{"value":628,"label":"norsk"},{"value":325,"label":"salve"},{"value":815,"label":"t\u00f8rr hud"}]},"featured_image_src_large":["https:\/\/melseurope.com\/wp-content\/uploads\/2023\/11\/CBD_SKIN_BALM-Product-1024x1024.png",1024,1024,true],"author_info":[],"comment_info":0,"_links":{"self":[{"href":"https:\/\/melseurope.com\/no\/wp-json\/wp\/v2\/product\/29667","targetHints":{"allow":["GET"]}}],"collection":[{"href":"https:\/\/melseurope.com\/no\/wp-json\/wp\/v2\/product"}],"about":[{"href":"https:\/\/melseurope.com\/no\/wp-json\/wp\/v2\/types\/product"}],"replies":[{"embeddable":true,"href":"https:\/\/melseurope.com\/no\/wp-json\/wp\/v2\/comments?post=29667"}],"version-history":[{"count":0,"href":"https:\/\/melseurope.com\/no\/wp-json\/wp\/v2\/product\/29667\/revisions"}],"wp:featuredmedia":[{"embeddable":true,"href":"https:\/\/melseurope.com\/no\/wp-json\/wp\/v2\/media\/29672"}],"wp:attachment":[{"href":"https:\/\/melseurope.com\/no\/wp-json\/wp\/v2\/media?parent=29667"}],"wp:term":[{"taxonomy":"product_brand","embeddable":true,"href":"https:\/\/melseurope.com\/no\/wp-json\/wp\/v2\/product_brand?post=29667"},{"taxonomy":"product_cat","embeddable":true,"href":"https:\/\/melseurope.com\/no\/wp-json\/wp\/v2\/product_cat?post=29667"},{"taxonomy":"product_tag","embeddable":true,"href":"https:\/\/melseurope.com\/no\/wp-json\/wp\/v2\/product_tag?post=29667"}],"curies":[{"name":"wp","href":"https:\/\/api.w.org\/{rel}","templated":true}]}}