{"id":29857,"date":"2023-12-19T14:14:10","date_gmt":"2023-12-19T13:14:10","guid":{"rendered":"https:\/\/melsbymelissa.com\/?post_type=product&#038;p=29857"},"modified":"2026-01-14T20:03:15","modified_gmt":"2026-01-14T19:03:15","slug":"hush-tape","status":"publish","type":"product","link":"https:\/\/melseurope.com\/no\/produkt\/hush-tape","title":{"rendered":"HUSH TAPE"},"content":{"rendered":"\t\t<div data-elementor-type=\"wp-post\" data-elementor-id=\"29857\" class=\"elementor elementor-29857\" data-elementor-post-type=\"product\">\n\t\t\t\t\t\t<section class=\"elementor-section elementor-top-section elementor-element elementor-element-1c0906a elementor-section-full_width elementor-section-stretched elementor-section-height-default elementor-section-height-default\" data-id=\"1c0906a\" data-element_type=\"section\" data-e-type=\"section\" data-settings=\"{&quot;stretch_section&quot;:&quot;section-stretched&quot;,&quot;background_background&quot;:&quot;classic&quot;}\">\n\t\t\t\t\t\t<div class=\"elementor-container elementor-column-gap-default\">\n\t\t\t\t\t<div class=\"elementor-column elementor-col-100 elementor-top-column elementor-element elementor-element-85754c6\" data-id=\"85754c6\" data-element_type=\"column\" data-e-type=\"column\">\n\t\t\t<div class=\"elementor-widget-wrap elementor-element-populated\">\n\t\t\t\t\t\t<div class=\"elementor-element elementor-element-629dc9f elementor-icon-list--layout-inline elementor-align-center elementor-mobile-align-start elementor-list-item-link-full_width elementor-widget elementor-widget-icon-list\" data-id=\"629dc9f\" data-element_type=\"widget\" data-e-type=\"widget\" data-widget_type=\"icon-list.default\">\n\t\t\t\t<div class=\"elementor-widget-container\">\n\t\t\t\t\t\t\t<ul class=\"elementor-icon-list-items elementor-inline-items\">\n\t\t\t\t\t\t\t<li class=\"elementor-icon-list-item elementor-inline-item\">\n\t\t\t\t\t\t\t\t\t\t\t<span class=\"elementor-icon-list-icon\">\n\t\t\t\t\t\t\t<svg aria-hidden=\"true\" class=\"e-font-icon-svg e-fas-tape\" viewBox=\"0 0 640 512\" xmlns=\"http:\/\/www.w3.org\/2000\/svg\"><path d=\"M224 192c-35.3 0-64 28.7-64 64s28.7 64 64 64 64-28.7 64-64-28.7-64-64-64zm400 224H380.6c41.5-40.7 67.4-97.3 67.4-160 0-123.7-100.3-224-224-224S0 132.3 0 256s100.3 224 224 224h400c8.8 0 16-7.2 16-16v-32c0-8.8-7.2-16-16-16zm-400-64c-53 0-96-43-96-96s43-96 96-96 96 43 96 96-43 96-96 96z\"><\/path><\/svg>\t\t\t\t\t\t<\/span>\n\t\t\t\t\t\t\t\t\t\t<span class=\"elementor-icon-list-text\">32 tapestrimler<\/span>\n\t\t\t\t\t\t\t\t\t<\/li>\n\t\t\t\t\t\t<\/ul>\n\t\t\t\t\t\t<\/div>\n\t\t\t\t<\/div>\n\t\t\t\t\t<\/div>\n\t\t<\/div>\n\t\t\t\t\t<\/div>\n\t\t<\/section>\n\t\t\t\t<section class=\"elementor-section elementor-top-section elementor-element elementor-element-97d4b9e elementor-section-boxed elementor-section-height-default elementor-section-height-default\" data-id=\"97d4b9e\" data-element_type=\"section\" data-e-type=\"section\">\n\t\t\t\t\t\t<div class=\"elementor-container elementor-column-gap-default\">\n\t\t\t\t\t<div class=\"elementor-column elementor-col-100 elementor-top-column elementor-element elementor-element-e3deea7\" data-id=\"e3deea7\" data-element_type=\"column\" data-e-type=\"column\">\n\t\t\t<div class=\"elementor-widget-wrap elementor-element-populated\">\n\t\t\t\t\t\t<div class=\"elementor-element elementor-element-dddc235 elementor-widget elementor-widget-spacer\" data-id=\"dddc235\" data-element_type=\"widget\" data-e-type=\"widget\" data-widget_type=\"spacer.default\">\n\t\t\t\t<div class=\"elementor-widget-container\">\n\t\t\t\t\t\t\t<div class=\"elementor-spacer\">\n\t\t\t<div class=\"elementor-spacer-inner\"><\/div>\n\t\t<\/div>\n\t\t\t\t\t\t<\/div>\n\t\t\t\t<\/div>\n\t\t\t\t\t<\/div>\n\t\t<\/div>\n\t\t\t\t\t<\/div>\n\t\t<\/section>\n\t\t\t\t<section class=\"elementor-section elementor-top-section elementor-element elementor-element-834f82e elementor-section-boxed elementor-section-height-default elementor-section-height-default\" data-id=\"834f82e\" data-element_type=\"section\" data-e-type=\"section\">\n\t\t\t\t\t\t<div class=\"elementor-container elementor-column-gap-default\">\n\t\t\t\t\t<div class=\"elementor-column elementor-col-33 elementor-top-column elementor-element elementor-element-a5570d3\" data-id=\"a5570d3\" data-element_type=\"column\" data-e-type=\"column\">\n\t\t\t<div class=\"elementor-widget-wrap elementor-element-populated\">\n\t\t\t\t\t\t<div class=\"elementor-element elementor-element-eaa0b19 elementor-widget elementor-widget-heading\" data-id=\"eaa0b19\" data-element_type=\"widget\" data-e-type=\"widget\" data-widget_type=\"heading.default\">\n\t\t\t\t<div class=\"elementor-widget-container\">\n\t\t\t\t\t<h5 class=\"elementor-heading-title elementor-size-medium\">Beskrivelse<\/h5>\t\t\t\t<\/div>\n\t\t\t\t<\/div>\n\t\t\t\t\t<\/div>\n\t\t<\/div>\n\t\t\t\t<div class=\"elementor-column elementor-col-66 elementor-top-column elementor-element elementor-element-2004d6d\" data-id=\"2004d6d\" data-element_type=\"column\" data-e-type=\"column\">\n\t\t\t<div class=\"elementor-widget-wrap elementor-element-populated\">\n\t\t\t\t\t\t<div class=\"elementor-element elementor-element-56c2ff3 elementor-widget elementor-widget-text-editor\" data-id=\"56c2ff3\" data-element_type=\"widget\" data-e-type=\"widget\" data-widget_type=\"text-editor.default\">\n\t\t\t\t<div class=\"elementor-widget-container\">\n\t\t\t\t\t\t\t\t\t<p>Hush Tape gir deg en bedre s\u00f8vnopplevelse ved \u00e5 redusere eller eliminere snorking gjennom oppmuntret nesepusting. Dette resulterer i dypere og mer forfriskende s\u00f8vn.<\/p><p>Du kan ogs\u00e5 bruke den p\u00e5 dagtid for \u00e5 puste bedre p\u00e5 din trenings\u00f8kt eller arbeidsdag.<\/p><p>V\u00e5r tape forstyrrer ikke din komfort og gir deg en uforstyrret natts s\u00f8vn.<\/p><p>Tapen er laget av bomull og spandex for \u00e5 gi deg en kombinasjon av komfort og effektivitet. Materialet er sk\u00e5nsomt mot huden og gir en behagelig opplevelse gjennom hele natten.<\/p><p>Pakken inneholder 32 stk. Hush Tape som gir tape for en hel m\u00e5neds bruk, slik at du kan nyte en uforstyrret s\u00f8vn over lengre tid.<\/p>\t\t\t\t\t\t\t\t<\/div>\n\t\t\t\t<\/div>\n\t\t\t\t\t<\/div>\n\t\t<\/div>\n\t\t\t\t\t<\/div>\n\t\t<\/section>\n\t\t\t\t<section class=\"elementor-section elementor-top-section elementor-element elementor-element-b5ab32e elementor-section-boxed elementor-section-height-default elementor-section-height-default\" data-id=\"b5ab32e\" data-element_type=\"section\" data-e-type=\"section\">\n\t\t\t\t\t\t<div class=\"elementor-container elementor-column-gap-default\">\n\t\t\t\t\t<div class=\"elementor-column elementor-col-100 elementor-top-column elementor-element elementor-element-54be5d3\" data-id=\"54be5d3\" data-element_type=\"column\" data-e-type=\"column\">\n\t\t\t<div class=\"elementor-widget-wrap elementor-element-populated\">\n\t\t\t\t\t\t<div class=\"elementor-element elementor-element-297e5ab elementor-widget-divider--view-line elementor-widget elementor-widget-divider\" data-id=\"297e5ab\" data-element_type=\"widget\" data-e-type=\"widget\" data-widget_type=\"divider.default\">\n\t\t\t\t<div class=\"elementor-widget-container\">\n\t\t\t\t\t\t\t<div class=\"elementor-divider\">\n\t\t\t<span class=\"elementor-divider-separator\">\n\t\t\t\t\t\t<\/span>\n\t\t<\/div>\n\t\t\t\t\t\t<\/div>\n\t\t\t\t<\/div>\n\t\t\t\t\t<\/div>\n\t\t<\/div>\n\t\t\t\t\t<\/div>\n\t\t<\/section>\n\t\t\t\t<section class=\"elementor-section elementor-top-section elementor-element elementor-element-8f42202 elementor-section-boxed elementor-section-height-default elementor-section-height-default\" data-id=\"8f42202\" data-element_type=\"section\" data-e-type=\"section\">\n\t\t\t\t\t\t<div class=\"elementor-container elementor-column-gap-default\">\n\t\t\t\t\t<div class=\"elementor-column elementor-col-33 elementor-top-column elementor-element elementor-element-ac28e5c\" data-id=\"ac28e5c\" data-element_type=\"column\" data-e-type=\"column\">\n\t\t\t<div class=\"elementor-widget-wrap elementor-element-populated\">\n\t\t\t\t\t\t<div class=\"elementor-element elementor-element-5b02967 elementor-widget elementor-widget-heading\" data-id=\"5b02967\" data-element_type=\"widget\" data-e-type=\"widget\" data-widget_type=\"heading.default\">\n\t\t\t\t<div class=\"elementor-widget-container\">\n\t\t\t\t\t<h5 class=\"elementor-heading-title elementor-size-medium\">Ansvarsfraskrivelse<\/h5>\t\t\t\t<\/div>\n\t\t\t\t<\/div>\n\t\t\t\t\t<\/div>\n\t\t<\/div>\n\t\t\t\t<div class=\"elementor-column elementor-col-66 elementor-top-column elementor-element elementor-element-c68deef\" data-id=\"c68deef\" data-element_type=\"column\" data-e-type=\"column\">\n\t\t\t<div class=\"elementor-widget-wrap elementor-element-populated\">\n\t\t\t\t\t\t<div class=\"elementor-element elementor-element-a9d1baf elementor-widget__width-initial elementor-widget elementor-widget-text-editor\" data-id=\"a9d1baf\" data-element_type=\"widget\" data-e-type=\"widget\" data-widget_type=\"text-editor.default\">\n\t\t\t\t<div class=\"elementor-widget-container\">\n\t\t\t\t\t\t\t\t\t<p>Informasjonen du finner p\u00e5 denne siden er kun ment som informasjon og skal ikke tolkes som medisinske r\u00e5d eller veiledning. Produktene som selges er ikke ment \u00e5 erstatte bruk av reseptbelagte medisiner.<\/p><p>MELS p\u00e5st\u00e5r IKKE at MELS-produkter hverken behandler eller forhindrer sykdom, eller har helsemessige effekter. Forh\u00f8r deg med medisinsk fagperson om du usikker, har en diagnose og\/eller er under 18 \u00e5r eller gravid\/ammer f\u00f8r bruk av CBD.\u00a0<\/p><p>MELS p\u00e5tar seg ingen ansvar ved bruk av MELS-produkter.<\/p>\t\t\t\t\t\t\t\t<\/div>\n\t\t\t\t<\/div>\n\t\t\t\t\t<\/div>\n\t\t<\/div>\n\t\t\t\t\t<\/div>\n\t\t<\/section>\n\t\t\t\t<section class=\"elementor-section elementor-top-section elementor-element elementor-element-1cf80cf elementor-section-boxed elementor-section-height-default elementor-section-height-default\" data-id=\"1cf80cf\" data-element_type=\"section\" data-e-type=\"section\">\n\t\t\t\t\t\t<div class=\"elementor-container elementor-column-gap-default\">\n\t\t\t\t\t<div class=\"elementor-column elementor-col-100 elementor-top-column elementor-element elementor-element-837af08\" data-id=\"837af08\" data-element_type=\"column\" data-e-type=\"column\">\n\t\t\t<div class=\"elementor-widget-wrap elementor-element-populated\">\n\t\t\t\t\t\t<div class=\"elementor-element elementor-element-efc412e elementor-widget-divider--view-line elementor-widget elementor-widget-divider\" data-id=\"efc412e\" data-element_type=\"widget\" data-e-type=\"widget\" data-widget_type=\"divider.default\">\n\t\t\t\t<div class=\"elementor-widget-container\">\n\t\t\t\t\t\t\t<div class=\"elementor-divider\">\n\t\t\t<span class=\"elementor-divider-separator\">\n\t\t\t\t\t\t<\/span>\n\t\t<\/div>\n\t\t\t\t\t\t<\/div>\n\t\t\t\t<\/div>\n\t\t\t\t\t<\/div>\n\t\t<\/div>\n\t\t\t\t\t<\/div>\n\t\t<\/section>\n\t\t\t\t<\/div>\n\t\t","protected":false},"excerpt":{"rendered":"<h5><span class=\"\">Tape munnen og pust med nesa!<\/span><\/h5>\n<div>\n<ul class=\"\">\n<li class=\"\"><span class=\"\">32 tapestrimler for 1 m\u00e5neds forbruk<\/span><\/li>\n<li class=\"\"><span class=\"\">Fleksibel, fast hold, enkelt \u00e5 bruke<\/span><\/li>\n<\/ul>\n<\/div>\n","protected":false},"featured_media":29861,"comment_status":"open","ping_status":"closed","template":"elementor_theme","meta":{"_kad_blocks_custom_css":"","_kad_blocks_head_custom_js":"","_kad_blocks_body_custom_js":"","_kad_blocks_footer_custom_js":"","_kad_post_transparent":"default","_kad_post_title":"","_kad_post_layout":"default","_kad_post_sidebar_id":"","_kad_post_content_style":"default","_kad_post_vertical_padding":"default","_kad_post_feature":"","_kad_post_feature_position":"","_kad_post_header":false,"_kad_post_footer":false,"_kad_post_classname":""},"product_brand":[],"product_cat":[365],"product_tag":[345,347,628,302,346],"class_list":{"0":"post-29857","1":"product","2":"type-product","3":"status-publish","4":"has-post-thumbnail","6":"product_cat-annet","7":"product_tag-bedre-sovn","8":"product_tag-hush-tape","9":"product_tag-norsk","10":"product_tag-sovn","11":"product_tag-sovnkvalitet","12":"product_shipping_class-heavy","14":"first","15":"outofstock","16":"shipping-taxable","17":"purchasable","18":"product-type-simple","19":"entry","20":"content-bg","21":"loop-entry"},"taxonomy_info":{"product_cat":[{"value":365,"label":"Annet"}],"product_tag":[{"value":345,"label":"bedre s\u00f8vn"},{"value":347,"label":"hush tape"},{"value":628,"label":"norsk"},{"value":302,"label":"s\u00f8vn"},{"value":346,"label":"s\u00f8vnkvalitet"}]},"featured_image_src_large":["https:\/\/melseurope.com\/wp-content\/uploads\/2023\/12\/HUSH-TAPE-1024x1024.png",1024,1024,true],"author_info":[],"comment_info":0,"_links":{"self":[{"href":"https:\/\/melseurope.com\/no\/wp-json\/wp\/v2\/product\/29857","targetHints":{"allow":["GET"]}}],"collection":[{"href":"https:\/\/melseurope.com\/no\/wp-json\/wp\/v2\/product"}],"about":[{"href":"https:\/\/melseurope.com\/no\/wp-json\/wp\/v2\/types\/product"}],"replies":[{"embeddable":true,"href":"https:\/\/melseurope.com\/no\/wp-json\/wp\/v2\/comments?post=29857"}],"version-history":[{"count":0,"href":"https:\/\/melseurope.com\/no\/wp-json\/wp\/v2\/product\/29857\/revisions"}],"wp:featuredmedia":[{"embeddable":true,"href":"https:\/\/melseurope.com\/no\/wp-json\/wp\/v2\/media\/29861"}],"wp:attachment":[{"href":"https:\/\/melseurope.com\/no\/wp-json\/wp\/v2\/media?parent=29857"}],"wp:term":[{"taxonomy":"product_brand","embeddable":true,"href":"https:\/\/melseurope.com\/no\/wp-json\/wp\/v2\/product_brand?post=29857"},{"taxonomy":"product_cat","embeddable":true,"href":"https:\/\/melseurope.com\/no\/wp-json\/wp\/v2\/product_cat?post=29857"},{"taxonomy":"product_tag","embeddable":true,"href":"https:\/\/melseurope.com\/no\/wp-json\/wp\/v2\/product_tag?post=29857"}],"curies":[{"name":"wp","href":"https:\/\/api.w.org\/{rel}","templated":true}]}}