{"id":34268,"date":"2025-12-03T12:42:52","date_gmt":"2025-12-03T11:42:52","guid":{"rendered":"https:\/\/melsbymelissa.com\/?post_type=product&#038;p=34268"},"modified":"2026-03-18T17:18:56","modified_gmt":"2026-03-18T16:18:56","slug":"mels-cacao-ceremony-blend","status":"publish","type":"product","link":"https:\/\/melseurope.com\/no\/produkt\/mels-cacao-ceremony-blend","title":{"rendered":"CACAO Ceremony Blend 200g"},"content":{"rendered":"\t\t<div data-elementor-type=\"product-post\" data-elementor-id=\"34268\" class=\"elementor elementor-34268\" data-elementor-post-type=\"product\">\n\t\t\t\t<div class=\"elementor-element elementor-element-6fac782 full-width e-flex e-con-boxed e-con e-parent\" data-id=\"6fac782\" data-element_type=\"container\" data-e-type=\"container\" data-settings=\"{&quot;background_background&quot;:&quot;classic&quot;}\">\n\t\t\t\t\t<div class=\"e-con-inner\">\n\t\t\t\t<div class=\"elementor-element elementor-element-98027f6 elementor-icon-list--layout-inline elementor-align-center elementor-list-item-link-full_width elementor-widget elementor-widget-icon-list\" data-id=\"98027f6\" data-element_type=\"widget\" data-e-type=\"widget\" data-widget_type=\"icon-list.default\">\n\t\t\t\t<div class=\"elementor-widget-container\">\n\t\t\t\t\t\t\t<ul class=\"elementor-icon-list-items elementor-inline-items\">\n\t\t\t\t\t\t\t<li class=\"elementor-icon-list-item elementor-inline-item\">\n\t\t\t\t\t\t\t\t\t\t\t<span class=\"elementor-icon-list-icon\">\n\t\t\t\t\t\t\t<i aria-hidden=\"true\" class=\"shop_icon shop_icon-bag-2\"><\/i>\t\t\t\t\t\t<\/span>\n\t\t\t\t\t\t\t\t\t\t<span class=\"elementor-icon-list-text\">200 g<\/span>\n\t\t\t\t\t\t\t\t\t<\/li>\n\t\t\t\t\t\t<\/ul>\n\t\t\t\t\t\t<\/div>\n\t\t\t\t<\/div>\n\t\t\t\t\t<\/div>\n\t\t\t\t<\/div>\n\t\t<div class=\"elementor-element elementor-element-296cdbb e-flex e-con-boxed e-con e-parent\" data-id=\"296cdbb\" data-element_type=\"container\" data-e-type=\"container\">\n\t\t\t\t\t<div class=\"e-con-inner\">\n\t\t<div class=\"elementor-element elementor-element-9239d0a e-con-full e-flex e-con e-child\" data-id=\"9239d0a\" data-element_type=\"container\" data-e-type=\"container\">\n\t\t\t\t<div class=\"elementor-element elementor-element-56c5fb9 elementor-widget elementor-widget-heading\" data-id=\"56c5fb9\" data-element_type=\"widget\" data-e-type=\"widget\" data-widget_type=\"heading.default\">\n\t\t\t\t<div class=\"elementor-widget-container\">\n\t\t\t\t\t<h5 class=\"elementor-heading-title elementor-size-default\">Beskrivelse<\/h5>\t\t\t\t<\/div>\n\t\t\t\t<\/div>\n\t\t\t\t<\/div>\n\t\t<div class=\"elementor-element elementor-element-9a02604 e-con-full e-flex e-con e-child\" data-id=\"9a02604\" data-element_type=\"container\" data-e-type=\"container\">\n\t\t\t\t<div class=\"elementor-element elementor-element-1e7d492 elementor-widget elementor-widget-text-editor\" data-id=\"1e7d492\" data-element_type=\"widget\" data-e-type=\"widget\" data-widget_type=\"text-editor.default\">\n\t\t\t\t<div class=\"elementor-widget-container\">\n\t\t\t\t\t\t\t\t\t<p>MELS seremonielle kakao kommer fra de fineste kakaob\u00f8nnene i S\u00f8r-Amerika, dyrket av en liten familie som har bevart tradisjonene gjennom generasjoner. B\u00f8nnene h\u00e5ndplukkes og bearbeides sk\u00e5nsomt for \u00e5 bevare de naturlige n\u00e6ringsstoffene, smaken og den unike energien i kakaoen.<\/p><p>N\u00e5r du nyter denne blandingen, vil du merke hvordan kroppen lander, sinnet roer seg og hjertet \u00e5pner seg. Dette er en kakao du b\u00e5de kjenner og f\u00f8ler.<\/p><p>Kakaoen er beriket med tre kraftfulle planteekstrakter som forsterker b\u00e5de effekten og opplevelsen:<\/p><h3>Blue Lotus (Nymphaea caerulea)<\/h3><p>Ogs\u00e5 kjent som den egyptiske hellige blomsten. Blue Lotus er kjent for \u00e5 skape en f\u00f8lelse av ro, dr\u00f8mmetilstand og mild eufori. Den \u00e5pner hjertet og st\u00f8tter en dypere kontakt med intuisjon og tilstedev\u00e6relse.<\/p><h3>Damiana (Turnera diffusa)<\/h3><p>En urt kjent for sine balanserende og afrodiserende egenskaper. Damiana st\u00f8tter nervesystemet, fremmer god sirkulasjon og hjelper deg \u00e5 lande i kroppen. Den har v\u00e6rt brukt i urtemedisin i \u00e5rhundrer for \u00e5 l\u00f8fte hum\u00f8r og styrke energiflyten.<\/p><h3>Maca (Lepidium meyenii)<\/h3><p>Rik p\u00e5 naturlige mineraler og adaptogener. Maca bidrar til hormonell balanse, \u00f8kt energi og utholdenhet. Den st\u00f8tter ogs\u00e5 nervesystemet og stabiliserer blodsukkeret, en ideell plante for vitalitet og jordet energi.<\/p>\t\t\t\t\t\t\t\t<\/div>\n\t\t\t\t<\/div>\n\t\t\t\t<\/div>\n\t\t\t\t\t<\/div>\n\t\t\t\t<\/div>\n\t\t<div class=\"elementor-element elementor-element-8a4c3af e-flex e-con-boxed e-con e-parent\" data-id=\"8a4c3af\" data-element_type=\"container\" data-e-type=\"container\">\n\t\t\t\t\t<div class=\"e-con-inner\">\n\t\t\t\t<div class=\"elementor-element elementor-element-43403ff elementor-widget-divider--view-line elementor-widget elementor-widget-divider\" data-id=\"43403ff\" data-element_type=\"widget\" data-e-type=\"widget\" data-widget_type=\"divider.default\">\n\t\t\t\t<div class=\"elementor-widget-container\">\n\t\t\t\t\t\t\t<div class=\"elementor-divider\">\n\t\t\t<span class=\"elementor-divider-separator\">\n\t\t\t\t\t\t<\/span>\n\t\t<\/div>\n\t\t\t\t\t\t<\/div>\n\t\t\t\t<\/div>\n\t\t\t\t\t<\/div>\n\t\t\t\t<\/div>\n\t\t<div class=\"elementor-element elementor-element-39a90ce e-flex e-con-boxed e-con e-parent\" data-id=\"39a90ce\" data-element_type=\"container\" data-e-type=\"container\">\n\t\t\t\t\t<div class=\"e-con-inner\">\n\t\t<div class=\"elementor-element elementor-element-220984b e-con-full e-flex e-con e-child\" data-id=\"220984b\" data-element_type=\"container\" data-e-type=\"container\">\n\t\t\t\t<div class=\"elementor-element elementor-element-b214d35 elementor-widget elementor-widget-heading\" data-id=\"b214d35\" data-element_type=\"widget\" data-e-type=\"widget\" data-widget_type=\"heading.default\">\n\t\t\t\t<div class=\"elementor-widget-container\">\n\t\t\t\t\t<h5 class=\"elementor-heading-title elementor-size-default\">Ingredienser<\/h5>\t\t\t\t<\/div>\n\t\t\t\t<\/div>\n\t\t\t\t<\/div>\n\t\t<div class=\"elementor-element elementor-element-fbe8142 e-con-full e-flex e-con e-child\" data-id=\"fbe8142\" data-element_type=\"container\" data-e-type=\"container\">\n\t\t\t\t<div class=\"elementor-element elementor-element-4cabe96 elementor-widget elementor-widget-text-editor\" data-id=\"4cabe96\" data-element_type=\"widget\" data-e-type=\"widget\" data-widget_type=\"text-editor.default\">\n\t\t\t\t<div class=\"elementor-widget-container\">\n\t\t\t\t\t\t\t\t\t<p>Seremoniell kakao (Theobroma cacao)<br \/>Blue Lotus (Nymphaea caerulea)<br \/>Damiana (Turnera diffusa)<br \/>Maca (Lepidium meyenii)<\/p>\t\t\t\t\t\t\t\t<\/div>\n\t\t\t\t<\/div>\n\t\t\t\t<\/div>\n\t\t\t\t\t<\/div>\n\t\t\t\t<\/div>\n\t\t<div class=\"elementor-element elementor-element-24d2520 e-flex e-con-boxed e-con e-parent\" data-id=\"24d2520\" data-element_type=\"container\" data-e-type=\"container\">\n\t\t\t\t\t<div class=\"e-con-inner\">\n\t\t\t\t<div class=\"elementor-element elementor-element-d302619 elementor-widget-divider--view-line elementor-widget elementor-widget-divider\" data-id=\"d302619\" data-element_type=\"widget\" data-e-type=\"widget\" data-widget_type=\"divider.default\">\n\t\t\t\t<div class=\"elementor-widget-container\">\n\t\t\t\t\t\t\t<div class=\"elementor-divider\">\n\t\t\t<span class=\"elementor-divider-separator\">\n\t\t\t\t\t\t<\/span>\n\t\t<\/div>\n\t\t\t\t\t\t<\/div>\n\t\t\t\t<\/div>\n\t\t\t\t\t<\/div>\n\t\t\t\t<\/div>\n\t\t<div class=\"elementor-element elementor-element-f0d4544 e-flex e-con-boxed e-con e-parent\" data-id=\"f0d4544\" data-element_type=\"container\" data-e-type=\"container\">\n\t\t\t\t\t<div class=\"e-con-inner\">\n\t\t<div class=\"elementor-element elementor-element-a33ba42 e-con-full e-flex e-con e-child\" data-id=\"a33ba42\" data-element_type=\"container\" data-e-type=\"container\">\n\t\t\t\t<div class=\"elementor-element elementor-element-d3b2710 elementor-widget elementor-widget-heading\" data-id=\"d3b2710\" data-element_type=\"widget\" data-e-type=\"widget\" data-widget_type=\"heading.default\">\n\t\t\t\t<div class=\"elementor-widget-container\">\n\t\t\t\t\t<h5 class=\"elementor-heading-title elementor-size-default\">Bruksanvisning<\/h5>\t\t\t\t<\/div>\n\t\t\t\t<\/div>\n\t\t\t\t<\/div>\n\t\t<div class=\"elementor-element elementor-element-3642e48 e-con-full e-flex e-con e-child\" data-id=\"3642e48\" data-element_type=\"container\" data-e-type=\"container\">\n\t\t\t\t<div class=\"elementor-element elementor-element-baecc4b elementor-widget elementor-widget-text-editor\" data-id=\"baecc4b\" data-element_type=\"widget\" data-e-type=\"widget\" data-widget_type=\"text-editor.default\">\n\t\t\t\t<div class=\"elementor-widget-container\">\n\t\t\t\t\t\t\t\t\t<p><strong>For 1 person\/kopp:<\/strong><\/p><p>Denne kommer i en blokk og m\u00e5 skj\u00e6res med kniv f\u00f8r dosering. Skj\u00e6re tynne strimler slik at den blir lettere \u00e5 dosere.<\/p><p>Bland 1-2 ss kakao per kopp med \u00f8nsket v\u00e6ske (din foretrukne type melk eller vann) for \u00e5 lage din seremoniell kakao i henhold til dine \u00f8nsker.<\/p><p>MELS liker \u00e5 lage kakao p\u00e5 denne m\u00e5ten:<\/p><p>Bruk 2 ss kakao med ca 2 dl kokosmelk (bruk gjerne ogs\u00e5 litt kokosvann i tillegg om kokosmelken er veldig tykk).\u00a0<\/p><p>Varm opp forsiktig, r\u00f8r godt med en visp. Det skal skumme mens den varmer seg.<\/p><p>For ekstra snadder, ha en liten klype havsalt i, og eventuelt s\u00f8t med honning.<\/p><p>Du kan ogs\u00e5 ha et lite str\u00f8ssel med cayennepepper eller muskat.<\/p><p>Hell gjerne i en oppvarmet kopp. MELS seremoniell kakao skal nytes i sm\u00e5 slurker av gangen.<\/p><p><strong>OBS!<\/strong><\/p><p>Seremoniell kakao har h\u00f8yt innhold av teobromin, magnesium, antioksidanter og n\u00e6ringsstoffer som gir energi, klarhet og ro. Den kan \u00f8ke blodstr\u00f8mmen, st\u00f8tte hjertet, balansere hum\u00f8ret og frigj\u00f8re lykkehormoner som serotonin. Kakao p\u00e5virker b\u00e5de kropp og sinn ved \u00e5 \u00e5pne hjertet og skape en f\u00f8lelse av tilstedev\u00e6relse og velv\u00e6re.<\/p><p>Det anbefales \u00e5 begynne med lav dose den f\u00f8rste gangen f\u00f8r du \u00f8ker ved behov. Ved seremonier er 2 ss en fin seremonidose.<\/p>\t\t\t\t\t\t\t\t<\/div>\n\t\t\t\t<\/div>\n\t\t\t\t<\/div>\n\t\t\t\t\t<\/div>\n\t\t\t\t<\/div>\n\t\t<div class=\"elementor-element elementor-element-82c1835 e-flex e-con-boxed e-con e-parent\" data-id=\"82c1835\" data-element_type=\"container\" data-e-type=\"container\">\n\t\t\t\t\t<div class=\"e-con-inner\">\n\t\t\t\t<div class=\"elementor-element elementor-element-9dc9e7d elementor-widget-divider--view-line elementor-widget elementor-widget-divider\" data-id=\"9dc9e7d\" data-element_type=\"widget\" data-e-type=\"widget\" data-widget_type=\"divider.default\">\n\t\t\t\t<div class=\"elementor-widget-container\">\n\t\t\t\t\t\t\t<div class=\"elementor-divider\">\n\t\t\t<span class=\"elementor-divider-separator\">\n\t\t\t\t\t\t<\/span>\n\t\t<\/div>\n\t\t\t\t\t\t<\/div>\n\t\t\t\t<\/div>\n\t\t\t\t\t<\/div>\n\t\t\t\t<\/div>\n\t\t<div class=\"elementor-element elementor-element-4d498d1 e-flex e-con-boxed e-con e-parent\" data-id=\"4d498d1\" data-element_type=\"container\" data-e-type=\"container\">\n\t\t\t\t\t<div class=\"e-con-inner\">\n\t\t<div class=\"elementor-element elementor-element-f086de6 e-con-full e-flex e-con e-child\" data-id=\"f086de6\" data-element_type=\"container\" data-e-type=\"container\">\n\t\t\t\t<div class=\"elementor-element elementor-element-1140895 elementor-widget elementor-widget-heading\" data-id=\"1140895\" data-element_type=\"widget\" data-e-type=\"widget\" data-widget_type=\"heading.default\">\n\t\t\t\t<div class=\"elementor-widget-container\">\n\t\t\t\t\t<h5 class=\"elementor-heading-title elementor-size-default\">Annen informasjon<\/h5>\t\t\t\t<\/div>\n\t\t\t\t<\/div>\n\t\t\t\t<\/div>\n\t\t<div class=\"elementor-element elementor-element-832f3cc e-con-full e-flex e-con e-child\" data-id=\"832f3cc\" data-element_type=\"container\" data-e-type=\"container\">\n\t\t\t\t<div class=\"elementor-element elementor-element-9543a60 elementor-widget elementor-widget-text-editor\" data-id=\"9543a60\" data-element_type=\"widget\" data-e-type=\"widget\" data-widget_type=\"text-editor.default\">\n\t\t\t\t<div class=\"elementor-widget-container\">\n\t\t\t\t\t\t\t\t\t<p>Naturlig, fri for GMO, plantevernmidler og giftige kjemikalier.<\/p><p>R\u00e5kakao lukter sjokolade og smaker bittert.<\/p><p>Oppbevaring: Revet kakao trives best i kj\u00f8lig temperatur, under 25 grader Celsius. Unng\u00e5 direkte sollys. Om sommeren anbefales det \u00e5 ha r\u00e5kakao i kj\u00f8leskapet.<\/p>\t\t\t\t\t\t\t\t<\/div>\n\t\t\t\t<\/div>\n\t\t\t\t<\/div>\n\t\t\t\t\t<\/div>\n\t\t\t\t<\/div>\n\t\t<div class=\"elementor-element elementor-element-de9c540 e-flex e-con-boxed e-con e-parent\" data-id=\"de9c540\" data-element_type=\"container\" data-e-type=\"container\">\n\t\t\t\t\t<div class=\"e-con-inner\">\n\t\t\t\t<div class=\"elementor-element elementor-element-39ab34c elementor-widget-divider--view-line elementor-widget elementor-widget-divider\" data-id=\"39ab34c\" data-element_type=\"widget\" data-e-type=\"widget\" data-widget_type=\"divider.default\">\n\t\t\t\t<div class=\"elementor-widget-container\">\n\t\t\t\t\t\t\t<div class=\"elementor-divider\">\n\t\t\t<span class=\"elementor-divider-separator\">\n\t\t\t\t\t\t<\/span>\n\t\t<\/div>\n\t\t\t\t\t\t<\/div>\n\t\t\t\t<\/div>\n\t\t\t\t\t<\/div>\n\t\t\t\t<\/div>\n\t\t<div class=\"elementor-element elementor-element-2a89dc7 e-flex e-con-boxed e-con e-parent\" data-id=\"2a89dc7\" data-element_type=\"container\" data-e-type=\"container\">\n\t\t\t\t\t<div class=\"e-con-inner\">\n\t\t<div class=\"elementor-element elementor-element-d1344ca e-con-full e-flex e-con e-child\" data-id=\"d1344ca\" data-element_type=\"container\" data-e-type=\"container\">\n\t\t\t\t<div class=\"elementor-element elementor-element-0d99ebe elementor-widget elementor-widget-heading\" data-id=\"0d99ebe\" data-element_type=\"widget\" data-e-type=\"widget\" data-widget_type=\"heading.default\">\n\t\t\t\t<div class=\"elementor-widget-container\">\n\t\t\t\t\t<h5 class=\"elementor-heading-title elementor-size-default\">Ansvarsfraskrivelse<\/h5>\t\t\t\t<\/div>\n\t\t\t\t<\/div>\n\t\t\t\t<\/div>\n\t\t<div class=\"elementor-element elementor-element-bbfba2c e-con-full e-flex e-con e-child\" data-id=\"bbfba2c\" data-element_type=\"container\" data-e-type=\"container\">\n\t\t\t\t<div class=\"elementor-element elementor-element-a0f8c42 elementor-widget elementor-widget-text-editor\" data-id=\"a0f8c42\" data-element_type=\"widget\" data-e-type=\"widget\" data-widget_type=\"text-editor.default\">\n\t\t\t\t<div class=\"elementor-widget-container\">\n\t\t\t\t\t\t\t\t\t<p>Informasjonen du finner p\u00e5 denne siden er kun ment som informasjon og skal ikke tolkes som medisinske r\u00e5d eller veiledning. Produktene som selges er ikke ment \u00e5 erstatte bruk av reseptbelagte medisiner.<\/p><p>MELS p\u00e5st\u00e5r IKKE at MELS-produkter hverken behandler eller forhindrer sykdom, eller har helsemessige effekter. Forh\u00f8r deg med medisinsk fagperson om du usikker, har en diagnose og\/eller er under 18 \u00e5r eller gravid\/ammer f\u00f8r bruk av sopp.\u00a0<\/p><p>MELS p\u00e5tar seg ingen ansvar ved bruk av MELS-produkter.<\/p>\t\t\t\t\t\t\t\t<\/div>\n\t\t\t\t<\/div>\n\t\t\t\t<\/div>\n\t\t\t\t\t<\/div>\n\t\t\t\t<\/div>\n\t\t\t\t<\/div>\n\t\t","protected":false},"excerpt":{"rendered":"<h3>Seremoniell kakaoblanding fra S\u00f8r-Amerika. Produsert for MELS.<\/h3>\n<p>200 gram r\u00e5kakao beriket med planteekstrakter, til \u00e5 lage en kopp kakao eller spises som den er.<\/p>\n<p><strong>MELS CACAO Ceremony Blend<\/strong> er laget for \u00e5 gi deg en balansert opplevelse av ro, varme og tilstedev\u00e6relse.<br data-start=\"1994\" data-end=\"1997\" \/>Et perfekt valg for morgenritualer, kakaosirkler, meditasjon eller n\u00e5r du \u00f8nsker \u00e5 \u00e5pne hjertet og lande i kroppen. Passer veldig bra sammen med mikrodosering.<\/p>\n","protected":false},"featured_media":34273,"comment_status":"open","ping_status":"closed","template":"elementor_theme","meta":{"_kad_blocks_custom_css":"","_kad_blocks_head_custom_js":"","_kad_blocks_body_custom_js":"","_kad_blocks_footer_custom_js":"","_kad_post_transparent":"default","_kad_post_title":"hide","_kad_post_layout":"default","_kad_post_sidebar_id":"","_kad_post_content_style":"default","_kad_post_vertical_padding":"default","_kad_post_feature":"hide","_kad_post_feature_position":"","_kad_post_header":false,"_kad_post_footer":false,"_kad_post_classname":""},"product_brand":[],"product_cat":[845,619],"product_tag":[564,669,670,563,570,671,297,628,673,562,672],"class_list":{"0":"post-34268","1":"product","2":"type-product","3":"status-publish","4":"has-post-thumbnail","6":"product_cat-drikke-no","7":"product_cat-kakao","8":"product_tag-antioksidanter","9":"product_tag-blue-lotus","10":"product_tag-damiana","11":"product_tag-kakao","12":"product_tag-konsentrasjon","13":"product_tag-maca","14":"product_tag-mels","15":"product_tag-norsk","16":"product_tag-rituale","17":"product_tag-seremoniell-kakao","18":"product_tag-seremonier","19":"product_shipping_class-heavy","21":"first","22":"instock","23":"shipping-taxable","24":"purchasable","25":"product-type-simple","26":"entry","27":"content-bg","28":"loop-entry"},"taxonomy_info":{"product_cat":[{"value":845,"label":"Drikke"},{"value":619,"label":"Kakao"}],"product_tag":[{"value":564,"label":"antioksidanter"},{"value":669,"label":"blue lotus"},{"value":670,"label":"damiana"},{"value":563,"label":"kakao"},{"value":570,"label":"konsentrasjon"},{"value":671,"label":"maca"},{"value":297,"label":"mels"},{"value":628,"label":"norsk"},{"value":673,"label":"rituale"},{"value":562,"label":"seremoniell kakao"},{"value":672,"label":"seremonier"}]},"featured_image_src_large":["https:\/\/melseurope.com\/wp-content\/uploads\/2025\/12\/Cacao_Ceremony-Blend-product-1024x1024.png",1024,1024,true],"author_info":[],"comment_info":0,"_links":{"self":[{"href":"https:\/\/melseurope.com\/no\/wp-json\/wp\/v2\/product\/34268","targetHints":{"allow":["GET"]}}],"collection":[{"href":"https:\/\/melseurope.com\/no\/wp-json\/wp\/v2\/product"}],"about":[{"href":"https:\/\/melseurope.com\/no\/wp-json\/wp\/v2\/types\/product"}],"replies":[{"embeddable":true,"href":"https:\/\/melseurope.com\/no\/wp-json\/wp\/v2\/comments?post=34268"}],"version-history":[{"count":1,"href":"https:\/\/melseurope.com\/no\/wp-json\/wp\/v2\/product\/34268\/revisions"}],"predecessor-version":[{"id":35158,"href":"https:\/\/melseurope.com\/no\/wp-json\/wp\/v2\/product\/34268\/revisions\/35158"}],"wp:featuredmedia":[{"embeddable":true,"href":"https:\/\/melseurope.com\/no\/wp-json\/wp\/v2\/media\/34273"}],"wp:attachment":[{"href":"https:\/\/melseurope.com\/no\/wp-json\/wp\/v2\/media?parent=34268"}],"wp:term":[{"taxonomy":"product_brand","embeddable":true,"href":"https:\/\/melseurope.com\/no\/wp-json\/wp\/v2\/product_brand?post=34268"},{"taxonomy":"product_cat","embeddable":true,"href":"https:\/\/melseurope.com\/no\/wp-json\/wp\/v2\/product_cat?post=34268"},{"taxonomy":"product_tag","embeddable":true,"href":"https:\/\/melseurope.com\/no\/wp-json\/wp\/v2\/product_tag?post=34268"}],"curies":[{"name":"wp","href":"https:\/\/api.w.org\/{rel}","templated":true}]}}